{"id":6218,"date":"2024-10-30T06:35:18","date_gmt":"2024-10-30T06:35:18","guid":{"rendered":"https:\/\/agricultural-gear-boxes.com\/product\/pto-shaft-for-agricultural-machinery-t32-620mm-rotary-tillers-pto-shafts\/"},"modified":"2024-10-30T06:35:18","modified_gmt":"2024-10-30T06:35:18","slug":"pto-shaft-for-agricultural-machinery-t32-620mm-rotary-tillers-pto-shafts","status":"publish","type":"product","link":"https:\/\/agricultural-gear-boxes.com\/pt\/product\/pto-shaft-for-agricultural-machinery-t32-620mm-rotary-tillers-pto-shafts\/","title":{"rendered":"eixo pto para m\u00e1quinas agr\u00edcolas T32 620mm eixos pto para cultivadores rotativos"},"content":{"rendered":"<h2>Eixo de tomada de for\u00e7a para m\u00e1quinas agr\u00edcolas T32 620mm Eixos de tomada de for\u00e7a de cultivadores rotativos<\/h2>\n<p>O eixo PTO para m\u00e1quinas agr\u00edcolas T32 620mm Rotary Tillers PTO Shafts \u00e9 um produto novo que vem com garantia de 1 ano. Ele \u00e9 projetado para uso em v\u00e1rios setores, como hot\u00e9is, lojas de roupas, lojas de materiais de constru\u00e7\u00e3o, f\u00e1bricas, oficinas de conserto de m\u00e1quinas, f\u00e1bricas de alimentos e bebidas, fazendas, restaurantes, uso dom\u00e9stico, varejo, loja de alimentos, gr\u00e1ficas, obras de constru\u00e7\u00e3o, energia e minera\u00e7\u00e3o, lojas de alimentos e bebidas e outros. Este produto pesa 10 KG e est\u00e1 dispon\u00edvel na cor preta.<\/p>\n<h3>Cen\u00e1rios de uso<\/h3>\n<p>O eixo PTO para m\u00e1quinas agr\u00edcolas T32 620mm Rotary Tillers PTO Shafts \u00e9 usado em tratores e implementos agr\u00edcolas para colheita. \u00c9 uma parte essencial da m\u00e1quina agr\u00edcola, fornecendo transmiss\u00e3o de energia do trator para o implemento. Este produto \u00e9 comumente usado em v\u00e1rias aplica\u00e7\u00f5es agr\u00edcolas, incluindo lavoura de solo, ara\u00e7\u00e3o, plantio e colheita. Tamb\u00e9m \u00e9 usado em cortadores de grama e outros equipamentos relacionados. <\/p>\n<p><img decoding=\"async\" src=\"https:\/\/images.hzpt.com\/2023\/06\/xe4ye4bO-PTO-Shaft-Common-Applications.webp\" alt=\"Aplica\u00e7\u00f5es comuns do eixo de tomada de for\u00e7a\" \/><\/p>\n<h3>Vantagens<\/h3>\n<ul>\n<li>O eixo \u00e9 feito de materiais de alta qualidade, o que o torna dur\u00e1vel e duradouro.<\/li>\n<li>O jugo \u00e9 forjado e processado, garantindo resist\u00eancia e estabilidade.<\/li>\n<li>Os tubos s\u00e3o personalizados e trefilados a frio, proporcionando precis\u00e3o e qualidade.<\/li>\n<li>O eixo \u00e9 f\u00e1cil de instalar, manter e reparar.<\/li>\n<li>O produto est\u00e1 dispon\u00edvel em v\u00e1rios tamanhos e tipos, o que o torna vers\u00e1til e adapt\u00e1vel a diferentes necessidades.<\/li>\n<\/ul>\n<h3>Classifica\u00e7\u00e3o do produto<\/h3>\n<p>The PTO Shaft for Agricultural Machinery T32 620mm Rotary Tillers PTO Shafts is classified based on its size, type, and usage. It comes in various sizes such as T1-T10, L1-L6, S6-S10, and 10HP-150HP, with different types such as SA, RA, SB, SFF, WA, and CV. This product has different spline types such as 1 1\/8&#8243; Z6, 1 3\/8&#8243; Z6, 1 3\/8&#8243; Z21, 1 3\/4&#8243; Z20, 1 3\/4&#8243; Z6, and 8-38*32*6 8-42*36*7; 8-48*42*8. The PTO Shaft for Agricultural Machinery T32 620mm Rotary Tillers PTO Shafts is mainly designed for use in tractors and farm implements for harvesting.<\/p>\n<h3>Materiais usados<\/h3>\n<p>O eixo \u00e9 feito de materiais de alta qualidade, como a\u00e7o, alum\u00ednio e fibra de carbono. O jugo \u00e9 forjado e processado, proporcionando resist\u00eancia e estabilidade. Os tubos s\u00e3o personalizados e trefilados a frio, garantindo precis\u00e3o e qualidade.<\/p>\n<h3>Instala\u00e7\u00e3o, Manuten\u00e7\u00e3o e Reparo<\/h3>\n<p>O eixo PTO para m\u00e1quinas agr\u00edcolas T32 620mm Rotary Tillers PTO Shafts \u00e9 f\u00e1cil de instalar, manter e reparar. Ele vem com um manual abrangente que fornece instru\u00e7\u00f5es passo a passo sobre como instalar e manter o produto. A manuten\u00e7\u00e3o envolve limpeza e lubrifica\u00e7\u00e3o regulares do eixo e do garfo. O reparo envolve a substitui\u00e7\u00e3o de tubos, garfos e outros componentes danificados. <\/p>\n<h2>Outros produtos<\/h2>\n<p>Tamb\u00e9m fornecemos v\u00e1rias engrenagens pl\u00e1sticas industriais, como caixas de engrenagens agr\u00edcolas, eixos de sa\u00edda de pot\u00eancia, rodas dentadas, acoplamentos hidr\u00e1ulicos, redutores de engrenagem sem-fim, cremalheiras de engrenagens, correntes remov\u00edveis, polias e polias, caixas de engrenagens planet\u00e1rias, polias de sincroniza\u00e7\u00e3o, buchas, etc. Nossos produtos s\u00e3o de alta qualidade, oferecidos a pre\u00e7os preferenciais e v\u00eam com servi\u00e7os atenciosos. Damos as boas-vindas aos clientes para personalizar com fotos e amostras.<\/p>\n<p><img decoding=\"async\" src=\"https:\/\/images.ever-power.net\/2019\/07\/ep_ep_pto-shaft-4.webp\" alt=\"Eixo de tomada de for\u00e7a\" \/><\/p>\n<h2>Perguntas e respostas<\/h2>\n<h3>1. Para que \u00e9 usado o eixo de tomada de for\u00e7a para m\u00e1quinas agr\u00edcolas T32 620 mm Rotary Tillers PTO Shafts?<\/h3>\n<p>O eixo PTO para m\u00e1quinas agr\u00edcolas T32 620mm Rotary Tillers PTO Shafts \u00e9 usado em tratores e implementos agr\u00edcolas para colheita. Ele fornece transmiss\u00e3o de pot\u00eancia do trator para o implemento.<\/p>\n<h3>2. Quais s\u00e3o as vantagens do eixo de tomada de for\u00e7a para m\u00e1quinas agr\u00edcolas T32 620mm Rotary Tillers PTO Shafts?<\/h3>\n<p>As vantagens do eixo de tomada de for\u00e7a para m\u00e1quinas agr\u00edcolas T32 620 mm Rotary Tillers incluem sua durabilidade, resist\u00eancia, estabilidade, precis\u00e3o, versatilidade e adaptabilidade a diferentes necessidades.<\/p>\n<h3>3. Como \u00e9 classificado o eixo de tomada de for\u00e7a para m\u00e1quinas agr\u00edcolas T32 620 mm Rotary Tillers PTO Shafts?<\/h3>\n<p>O eixo de tomada de for\u00e7a para m\u00e1quinas agr\u00edcolas T32 620 mm Rotary Tillers \u00e9 classificado com base em seu tamanho, tipo e uso.<\/p>\n<h3>4. Quais materiais s\u00e3o usados na fabrica\u00e7\u00e3o do eixo de tomada de for\u00e7a para m\u00e1quinas agr\u00edcolas T32 620 mm Rotary Tillers PTO Shafts?<\/h3>\n<p>O eixo de tomada de for\u00e7a para m\u00e1quinas agr\u00edcolas T32 620 mm Rotary Tillers \u00e9 feito de materiais de alta qualidade, como a\u00e7o, alum\u00ednio e fibra de carbono.<\/p>\n<h3>5. Como instalar, manter e reparar o eixo de tomada de for\u00e7a para m\u00e1quinas agr\u00edcolas T32 620 mm Rotary Tillers?<\/h3>\n<p>O eixo PTO para m\u00e1quinas agr\u00edcolas T32 620mm Rotary Tillers PTO Shafts \u00e9 f\u00e1cil de instalar, manter e reparar. Ele vem com um manual abrangente que fornece instru\u00e7\u00f5es passo a passo sobre como instalar e manter o produto. A manuten\u00e7\u00e3o envolve limpeza e lubrifica\u00e7\u00e3o regulares do eixo e do garfo. O reparo envolve a substitui\u00e7\u00e3o de tubos, garfos e outros componentes danificados.<\/p>\n<p style=\"color:red;\">Todo o conte\u00fado da p\u00e1gina vem da Internet, e o conte\u00fado \u00e9 usado apenas como refer\u00eancia para sele\u00e7\u00e3o de produtos. Nossos produtos s\u00e3o acess\u00f3rios e n\u00e3o pe\u00e7as de reposi\u00e7\u00e3o originais; n\u00e3o somos detentores da marca registrada original do conte\u00fado. Nossos produtos s\u00e3o adequados apenas para acess\u00f3rios de reposi\u00e7\u00e3o e n\u00e3o para pe\u00e7as de reposi\u00e7\u00e3o originais. Nossos acess\u00f3rios podem se encaixar perfeitamente nas pe\u00e7as de reposi\u00e7\u00e3o originais; se voc\u00ea precisar comprar pe\u00e7as de reposi\u00e7\u00e3o originais, entre em contato com a f\u00e1brica original para comprar.<\/p>\n<p>Autor: lmc<\/p>","protected":false},"excerpt":{"rendered":"<p>PTO Shaft for Agricultural Machinery T32 620mm Rotary Tillers PTO Shafts The PTO Shaft for Agricultural Machinery T32 620mm Rotary Tillers PTO Shafts is a new product that comes with a 1-year warranty. It is designed for use in various industries such as hotels, garment shops, building material shops, manufacturing plants, machinery repair shops, food [&hellip;]<\/p>","protected":false},"featured_media":6217,"template":"","meta":{"_et_pb_use_builder":"","_et_pb_old_content":"","_et_gb_content_width":""},"product_brand":[],"product_cat":[11315],"product_tag":[],"class_list":{"0":"post-6218","1":"product","2":"type-product","3":"status-publish","4":"has-post-thumbnail","6":"product_cat-pto-shaft","8":"first","9":"instock","10":"shipping-taxable","11":"product-type-simple"},"_links":{"self":[{"href":"https:\/\/agricultural-gear-boxes.com\/pt\/wp-json\/wp\/v2\/product\/6218","targetHints":{"allow":["GET"]}}],"collection":[{"href":"https:\/\/agricultural-gear-boxes.com\/pt\/wp-json\/wp\/v2\/product"}],"about":[{"href":"https:\/\/agricultural-gear-boxes.com\/pt\/wp-json\/wp\/v2\/types\/product"}],"wp:featuredmedia":[{"embeddable":true,"href":"https:\/\/agricultural-gear-boxes.com\/pt\/wp-json\/wp\/v2\/media\/6217"}],"wp:attachment":[{"href":"https:\/\/agricultural-gear-boxes.com\/pt\/wp-json\/wp\/v2\/media?parent=6218"}],"wp:term":[{"taxonomy":"product_brand","embeddable":true,"href":"https:\/\/agricultural-gear-boxes.com\/pt\/wp-json\/wp\/v2\/product_brand?post=6218"},{"taxonomy":"product_cat","embeddable":true,"href":"https:\/\/agricultural-gear-boxes.com\/pt\/wp-json\/wp\/v2\/product_cat?post=6218"},{"taxonomy":"product_tag","embeddable":true,"href":"https:\/\/agricultural-gear-boxes.com\/pt\/wp-json\/wp\/v2\/product_tag?post=6218"}],"curies":[{"name":"wp","href":"https:\/\/api.w.org\/{rel}","templated":true}]}}