{"id":6220,"date":"2024-10-30T06:35:26","date_gmt":"2024-10-30T06:35:26","guid":{"rendered":"https:\/\/agricultural-gear-boxes.com\/product\/hot-sale-pto-shafts-for-agricultural-tractors-cross-universal-joint-drive-shaft\/"},"modified":"2024-10-30T06:35:27","modified_gmt":"2024-10-30T06:35:27","slug":"hot-sale-pto-shafts-for-agricultural-tractors-cross-universal-joint-drive-shaft","status":"publish","type":"product","link":"https:\/\/agricultural-gear-boxes.com\/pt\/product\/hot-sale-pto-shafts-for-agricultural-tractors-cross-universal-joint-drive-shaft\/","title":{"rendered":"Venda quente eixos de tomada de for\u00e7a para tratores agr\u00edcolas cruzam eixo de transmiss\u00e3o de junta universal"},"content":{"rendered":"<h2>Eixo de tomada de for\u00e7a para tratores agr\u00edcolas Eixo de transmiss\u00e3o de junta universal cruzada<\/h2>\n<p>O eixo de tomada de for\u00e7a para tratores agr\u00edcolas cruza o eixo de transmiss\u00e3o da junta universal \u00e9 um novo produto em 2020. \u00c9 um tipo de eixo usado em tratores e implementos agr\u00edcolas. O eixo \u00e9 feito de a\u00e7o e os tubos s\u00e3o triangulares. Est\u00e1 dispon\u00edvel em preto e o tamanho \u00e9 personaliz\u00e1vel. O eixo de tomada de for\u00e7a tem garantia de 1 ano e \u00e9 adequado para v\u00e1rios setores, como hot\u00e9is, lojas de roupas, f\u00e1bricas e muito mais.<\/p>\n<p><img decoding=\"async\" src=\"https:\/\/images.hzpt.com\/2023\/06\/xe4ye4bO-PTO-Shaft-Common-Applications.webp\" alt=\"Aplica\u00e7\u00f5es comuns do eixo de tomada de for\u00e7a\"><\/p>\n<h3>Cen\u00e1rios de uso<\/h3>\n<p>O eixo PTO \u00e9 comumente usado em tratores e implementos agr\u00edcolas. Ele \u00e9 usado para transferir pot\u00eancia do motor para outras partes da m\u00e1quina. O eixo PTO \u00e9 essencial para operar v\u00e1rios implementos, como cortadores de grama, enfardadeiras e cultivadores. Ele tamb\u00e9m \u00e9 usado em outras aplica\u00e7\u00f5es de m\u00e1quinas que exigem uma fonte de energia rotativa. <\/p>\n<h3>Vantagens do eixo de tomada de for\u00e7a<\/h3>\n<ul>\n<li>Material de a\u00e7o de alta qualidade para durabilidade e longa vida \u00fatil<\/li>\n<li>Tamanho personaliz\u00e1vel para v\u00e1rias aplica\u00e7\u00f5es<\/li>\n<li>Tubos triangulares para alta resist\u00eancia e estabilidade<\/li>\n<li>F\u00e1cil de instalar e manter<\/li>\n<li>Jugo forjado e tubo trefilado a frio para alta precis\u00e3o e exatid\u00e3o<\/li>\n<\/ul>\n<h3>Classifica\u00e7\u00e3o<\/h3>\n<p>O eixo da tomada de for\u00e7a pode ser classificado com base em v\u00e1rios fatores, como tipo de estria, tipo de tubo e tipo de garfo. Existem v\u00e1rios tipos de estrias dispon\u00edveis, como 1 1\/8&quot;-Z6, 1 3\/8&quot;-Z6, 1 3\/4&quot;-Z6, 1 3\/8&quot;- Z21, 1 3\/4&quot;-Z20, 8X42X48X8 e 8X32X38X6 estrias. O tubo pode ser classificado em lim\u00e3o, triangular, estrela, quadrado, hexagonal, estriado e especial. O tipo de garfo pode ser classificado em pino de press\u00e3o duplo, pinos de parafuso, pinos de divis\u00e3o, pino de press\u00e3o, libera\u00e7\u00e3o r\u00e1pida, fixa\u00e7\u00e3o de esfera, colar e muito mais.<\/p>\n<h3>Materiais de produtos dispon\u00edveis<\/h3>\n<p>O eixo da tomada de for\u00e7a \u00e9 feito de material de a\u00e7o de alta qualidade. O jugo \u00e9 forjado e o tubo \u00e9 trefilado a frio para alta precis\u00e3o e exatid\u00e3o. Os tubos triangulares fornecem alta estabilidade e resist\u00eancia ao eixo.<\/p>\n<h3>Instala\u00e7\u00e3o, Manuten\u00e7\u00e3o e Reparo<\/h3>\n<p>O eixo da tomada de for\u00e7a \u00e9 f\u00e1cil de instalar e manter. \u00c9 importante verificar e lubrificar o eixo regularmente para garantir uma opera\u00e7\u00e3o suave. Se ocorrer algum dano ao eixo, ele deve ser reparado ou substitu\u00eddo imediatamente para evitar mais danos.<\/p>\n<h3>Perguntas frequentes<\/h3>\n<ol>\n<li>P: Os produtos s\u00e3o forjados ou fundidos?<br \/>\nR: Todos os produtos s\u00e3o falsificados.<\/li>\n<li>P: Voc\u00eas t\u00eam certifica\u00e7\u00e3o CE?<br \/>\nR: Sim, temos certificados CE, TS\/16949 e ISO9001.<\/li>\n<li>P: Qual \u00e9 a capacidade de pot\u00eancia do eixo da tomada de for\u00e7a?<br \/>\nR: Fornecemos uma gama completa de eixos de tomada de for\u00e7a, variando de 16 HP a 200 HP.<\/li>\n<li>P: Quantas especifica\u00e7\u00f5es splined voc\u00ea tem?<br \/>\nR: Produzimos estrias de 1 1\/8&quot;-Z6, 1 3\/8&quot;-Z6, 1 3\/4&quot;-Z6, 1 3\/8&quot;- Z21, 1 3\/4&quot;-Z20, 8X42X48X8 e 8X32X38X6.<\/li>\n<li>P: Quais s\u00e3o as suas condi\u00e7\u00f5es de pagamento?<br \/>\nR: Aceitamos T\/T, L\/C, D\/A e D\/P.<\/li>\n<\/ol>\n<p>N\u00f3s fornecemos principalmente v\u00e1rias engrenagens pl\u00e1sticas industriais, como caixas de engrenagens agr\u00edcolas, eixos de sa\u00edda de pot\u00eancia, rodas dentadas, acoplamentos hidr\u00e1ulicos, redutores de engrenagem sem-fim, cremalheiras de engrenagens, correntes remov\u00edveis, polias e polias, caixas de engrenagens planet\u00e1rias, polias de sincroniza\u00e7\u00e3o, buchas, etc. Nossos produtos s\u00e3o de alta qualidade e t\u00eam um pre\u00e7o preferencial. Tamb\u00e9m oferecemos servi\u00e7os atenciosos e damos as boas-vindas aos clientes para personalizar os produtos com fotos e amostras.<\/p>\n<p><img decoding=\"async\" src=\"https:\/\/images.ever-power.net\/2019\/07\/ep_ep_pto-shaft-4.webp\" alt=\"Eixo de tomada de for\u00e7a\"><\/p>\n<p><font color=\"red\">Aviso Legal: O conte\u00fado desta p\u00e1gina vem da Internet e \u00e9 usado apenas como refer\u00eancia para sele\u00e7\u00e3o de produtos. Nossos produtos s\u00e3o acess\u00f3rios e n\u00e3o pe\u00e7as de reposi\u00e7\u00e3o originais; n\u00e3o somos detentores da marca registrada original do conte\u00fado. Nossos produtos s\u00e3o adequados apenas para acess\u00f3rios de reposi\u00e7\u00e3o e n\u00e3o para pe\u00e7as de reposi\u00e7\u00e3o originais. Nossos acess\u00f3rios podem se encaixar perfeitamente nas pe\u00e7as de reposi\u00e7\u00e3o originais; se voc\u00ea precisar comprar pe\u00e7as de reposi\u00e7\u00e3o originais, entre em contato com a f\u00e1brica original para comprar.<\/font><\/p>\n<p>Autor: lmc<\/p>","protected":false},"excerpt":{"rendered":"<p>PTO Shaft for Agricultural Tractors Cross Universal Joint Drive Shaft The PTO shaft for agricultural tractors cross universal joint drive shaft is a new product in 2020. It is a type of shaft that is used in tractors and farm implements. The shaft is made of steel and the tubes are triangular tubes. It is [&hellip;]<\/p>","protected":false},"featured_media":6219,"template":"","meta":{"_et_pb_use_builder":"","_et_pb_old_content":"","_et_gb_content_width":""},"product_brand":[],"product_cat":[11315],"product_tag":[],"class_list":{"0":"post-6220","1":"product","2":"type-product","3":"status-publish","4":"has-post-thumbnail","6":"product_cat-pto-shaft","8":"first","9":"instock","10":"shipping-taxable","11":"product-type-simple"},"_links":{"self":[{"href":"https:\/\/agricultural-gear-boxes.com\/pt\/wp-json\/wp\/v2\/product\/6220","targetHints":{"allow":["GET"]}}],"collection":[{"href":"https:\/\/agricultural-gear-boxes.com\/pt\/wp-json\/wp\/v2\/product"}],"about":[{"href":"https:\/\/agricultural-gear-boxes.com\/pt\/wp-json\/wp\/v2\/types\/product"}],"wp:featuredmedia":[{"embeddable":true,"href":"https:\/\/agricultural-gear-boxes.com\/pt\/wp-json\/wp\/v2\/media\/6219"}],"wp:attachment":[{"href":"https:\/\/agricultural-gear-boxes.com\/pt\/wp-json\/wp\/v2\/media?parent=6220"}],"wp:term":[{"taxonomy":"product_brand","embeddable":true,"href":"https:\/\/agricultural-gear-boxes.com\/pt\/wp-json\/wp\/v2\/product_brand?post=6220"},{"taxonomy":"product_cat","embeddable":true,"href":"https:\/\/agricultural-gear-boxes.com\/pt\/wp-json\/wp\/v2\/product_cat?post=6220"},{"taxonomy":"product_tag","embeddable":true,"href":"https:\/\/agricultural-gear-boxes.com\/pt\/wp-json\/wp\/v2\/product_tag?post=6220"}],"curies":[{"name":"wp","href":"https:\/\/api.w.org\/{rel}","templated":true}]}}