{"id":6469,"date":"2024-11-08T06:35:10","date_gmt":"2024-11-08T06:35:10","guid":{"rendered":"https:\/\/agricultural-gear-boxes.com\/product\/finished-bore-roller-chain-sprocket-2\/"},"modified":"2024-11-08T06:35:11","modified_gmt":"2024-11-08T06:35:11","slug":"finished-bore-roller-chain-sprocket-2","status":"publish","type":"product","link":"https:\/\/agricultural-gear-boxes.com\/pt\/product\/finished-bore-roller-chain-sprocket-2\/","title":{"rendered":"Roda dentada de corrente de rolo de furo acabado"},"content":{"rendered":"<h2>Apresentando a roda dentada de corrente de rolo de furo finalizada<\/h2>\n<p>A roda dentada de corrente de rolo de furo acabado \u00e9 uma pe\u00e7a industrial amplamente usada para transmitir movimento rotativo entre dois eixos onde as engrenagens n\u00e3o s\u00e3o adequadas. Ela vem com um furo acabado e uma ranhura para encaixar diretamente em um eixo sem a necessidade de usinagem adicional. A roda dentada tem uma s\u00e9rie de dentes que engatam com o passo de uma corrente de rolo, proporcionando um acionamento positivo. O produto \u00e9 comumente usado em v\u00e1rios setores, incluindo minera\u00e7\u00e3o, agricultura, constru\u00e7\u00e3o e manufatura, onde cargas pesadas e transmiss\u00e3o de alta velocidade s\u00e3o necess\u00e1rias. <\/p>\n<p><img decoding=\"async\" src=\"https:\/\/images.hzpt.com\/2023\/01\/Applications-for-Roller-Chain-Sprockets-1.webp\" alt=\"Cen\u00e1rios de uso de roda dentada de corrente de rolo de furo acabado\" \/><\/p>\n<h3>Hist\u00f3ria e Classifica\u00e7\u00e3o<\/h3>\n<p>A roda dentada de corrente de rolo foi inventada no in\u00edcio dos anos 1900 e desde ent\u00e3o se tornou um dos componentes de transmiss\u00e3o de energia mais vers\u00e1teis e amplamente usados. A roda dentada de corrente de rolo de furo final \u00e9 classificada com base no n\u00famero de dentes, passo, tamanho do furo e material usado para fabric\u00e1-la. <\/p>\n<h3>Vantagens<\/h3>\n<ul>\n<li>F\u00e1cil de instalar e manter<\/li>\n<li>Pode transmitir altas cargas e altas velocidades<\/li>\n<li>Pode ser usado em ambientes hostis<\/li>\n<li>Dur\u00e1vel e duradouro<\/li>\n<\/ul>\n<h3>Materiais dispon\u00edveis<\/h3>\n<p>A roda dentada da corrente do rolo de furo finalizada pode ser feita de v\u00e1rios materiais, incluindo a\u00e7o, a\u00e7o inoxid\u00e1vel e pl\u00e1stico. A escolha do material depende dos requisitos da aplica\u00e7\u00e3o, como resist\u00eancia \u00e0 corros\u00e3o, for\u00e7a e durabilidade.<\/p>\n<h3>Instala\u00e7\u00e3o, Manuten\u00e7\u00e3o e Reparo<\/h3>\n<p>A instala\u00e7\u00e3o da roda dentada da corrente do rolo de furo finalizada \u00e9 simples e n\u00e3o requer ferramentas especiais ou treinamento. A roda dentada deve ser verificada periodicamente quanto a desgaste, e quaisquer rodas dentadas danificadas ou desgastadas devem ser substitu\u00eddas imediatamente para evitar falhas e tempo de inatividade. Para consertar uma roda dentada, os dentes danificados podem ser soldados ou substitu\u00eddos por pe\u00e7as novas.<\/p>\n<h2>Outros produtos que oferecemos<\/h2>\n<p>Somos um fornecedor l\u00edder de v\u00e1rias engrenagens pl\u00e1sticas industriais, incluindo caixas de engrenagens agr\u00edcolas, eixos de sa\u00edda de pot\u00eancia, acoplamentos hidr\u00e1ulicos, redutores de engrenagem sem-fim, cremalheiras de engrenagens, correntes remov\u00edveis, polias e polias, caixas de engrenagens planet\u00e1rias, polias de sincroniza\u00e7\u00e3o, buchas, etc. Nossos produtos s\u00e3o de alta qualidade, com pre\u00e7os competitivos e v\u00eam com servi\u00e7os atenciosos. Damos as boas-vindas aos clientes para personalizar com fotos e amostras.<\/p>\n<p><img decoding=\"async\" src=\"https:\/\/images.hzpt.com\/2022\/12\/sprocket-suppliers.webp\" alt=\"Fornecedores de rodas dentadas\" \/><\/p>\n<h2>Perguntas Frequentes (FAQs)<\/h2>\n<h3>Q1. O que \u00e9 uma roda dentada de corrente de rolos com furo finalizado?<\/h3>\n<p>A1. Uma roda dentada de corrente de rolo de furo acabado \u00e9 uma pe\u00e7a industrial usada para transmitir movimento rotativo entre dois eixos onde engrenagens n\u00e3o s\u00e3o adequadas. Ela vem com um furo acabado e uma chaveta para encaixar diretamente em um eixo sem a necessidade de qualquer usinagem adicional.<\/p>\n<h3>Q2. Quais s\u00e3o as vantagens de usar uma roda dentada de corrente de rolos com furo acabado?<\/h3>\n<p>A2. As vantagens de usar uma roda dentada de corrente de rolos com furo finalizado incluem f\u00e1cil instala\u00e7\u00e3o e manuten\u00e7\u00e3o, capacidade de transmitir altas cargas e altas velocidades, pode ser usada em ambientes severos e \u00e9 dur\u00e1vel e duradoura.<\/p>\n<h3>Q3. De quais materiais s\u00e3o feitas as rodas dentadas de corrente de rolos com furo final?<\/h3>\n<p>A3. As rodas dentadas de corrente de rolos com furo final podem ser feitas de v\u00e1rios materiais, incluindo a\u00e7o, a\u00e7o inoxid\u00e1vel e pl\u00e1stico.<\/p>\n<h3>Q4. Como fa\u00e7o para instalar uma roda dentada de corrente de rolos com furo finalizado?<\/h3>\n<p>A4. A instala\u00e7\u00e3o da roda dentada da corrente do rolo de furo finalizada \u00e9 simples e n\u00e3o requer ferramentas especiais ou treinamento. A roda dentada deve ser verificada periodicamente quanto a desgaste, e quaisquer rodas dentadas danificadas ou desgastadas devem ser substitu\u00eddas imediatamente para evitar falhas e tempo de inatividade.<\/p>\n<h3>Q5. Como fa\u00e7o para consertar uma roda dentada de corrente de rolos com furo final danificada?<\/h3>\n<p>A5. Para reparar uma roda dentada de corrente de rolos com furo finalizado, os dentes danificados podem ser soldados ou substitu\u00eddos por pe\u00e7as novas.<\/p>\n<p><em>Autor: lmc<\/em><\/p>\n<p style=\"color:red;\">Nota: Todo o conte\u00fado desta p\u00e1gina vem da Internet e \u00e9 usado apenas como refer\u00eancia para sele\u00e7\u00e3o de produtos. Nossos produtos s\u00e3o acess\u00f3rios e n\u00e3o pe\u00e7as de reposi\u00e7\u00e3o originais. N\u00e3o somos detentores da marca registrada original do conte\u00fado. Nossos acess\u00f3rios podem se encaixar perfeitamente nas pe\u00e7as de reposi\u00e7\u00e3o originais. Se voc\u00ea precisar comprar pe\u00e7as de reposi\u00e7\u00e3o originais, entre em contato com a f\u00e1brica original para comprar.<\/p>","protected":false},"excerpt":{"rendered":"<p>Introducing Finished Bore Roller Chain Sprocket Finished Bore Roller Chain Sprocket is a widely used industrial part that is used to transmit rotary motion between two shafts where gears are not suitable. It comes with a finished bore and a keyway to fit directly onto a shaft without the need for any additional machining. The [&hellip;]<\/p>","protected":false},"featured_media":3583,"template":"","meta":{"_et_pb_use_builder":"","_et_pb_old_content":"","_et_gb_content_width":""},"product_brand":[],"product_cat":[11346],"product_tag":[],"class_list":{"0":"post-6469","1":"product","2":"type-product","3":"status-publish","4":"has-post-thumbnail","6":"product_cat-chain-sprocket","8":"first","9":"instock","10":"shipping-taxable","11":"product-type-simple"},"_links":{"self":[{"href":"https:\/\/agricultural-gear-boxes.com\/pt\/wp-json\/wp\/v2\/product\/6469","targetHints":{"allow":["GET"]}}],"collection":[{"href":"https:\/\/agricultural-gear-boxes.com\/pt\/wp-json\/wp\/v2\/product"}],"about":[{"href":"https:\/\/agricultural-gear-boxes.com\/pt\/wp-json\/wp\/v2\/types\/product"}],"wp:featuredmedia":[{"embeddable":true,"href":"https:\/\/agricultural-gear-boxes.com\/pt\/wp-json\/wp\/v2\/media\/3583"}],"wp:attachment":[{"href":"https:\/\/agricultural-gear-boxes.com\/pt\/wp-json\/wp\/v2\/media?parent=6469"}],"wp:term":[{"taxonomy":"product_brand","embeddable":true,"href":"https:\/\/agricultural-gear-boxes.com\/pt\/wp-json\/wp\/v2\/product_brand?post=6469"},{"taxonomy":"product_cat","embeddable":true,"href":"https:\/\/agricultural-gear-boxes.com\/pt\/wp-json\/wp\/v2\/product_cat?post=6469"},{"taxonomy":"product_tag","embeddable":true,"href":"https:\/\/agricultural-gear-boxes.com\/pt\/wp-json\/wp\/v2\/product_tag?post=6469"}],"curies":[{"name":"wp","href":"https:\/\/api.w.org\/{rel}","templated":true}]}}