{"id":6471,"date":"2024-11-08T06:35:11","date_gmt":"2024-11-08T06:35:11","guid":{"rendered":"https:\/\/agricultural-gear-boxes.com\/product\/scraper-chain-sprocket-2\/"},"modified":"2024-11-08T06:35:12","modified_gmt":"2024-11-08T06:35:12","slug":"scraper-chain-sprocket-2","status":"publish","type":"product","link":"https:\/\/agricultural-gear-boxes.com\/pt\/product\/scraper-chain-sprocket-2\/","title":{"rendered":"Roda dentada da corrente do raspador"},"content":{"rendered":"<h2 class=\"secondary-title\">Aplica\u00e7\u00f5es e vantagens das rodas dentadas de corrente raspadora<\/h2>\n<p>Rodas dentadas para correntes raspadoras s\u00e3o um componente essencial utilizado em diversas aplica\u00e7\u00f5es industriais. S\u00e3o utilizadas em sistemas transportadores, elevadores e outros equipamentos pesados para transferir pot\u00eancia ou movimento entre dois eixos paralelos. Essas rodas dentadas s\u00e3o utilizadas principalmente em aplica\u00e7\u00f5es onde cargas pesadas precisam ser transferidas com suavidade e precis\u00e3o.<\/p>\n<p><img decoding=\"async\" src=\"https:\/\/images.hzpt.com\/2023\/01\/Applications-for-Roller-Chain-Sprockets-1.webp\" alt=\"Rodas dentadas de corrente raspadora em uso\" \/><\/p>\n<p>Estas rodas dentadas s\u00e3o constru\u00eddas com mat\u00e9ria-prima de alta qualidade, sob a supervis\u00e3o criteriosa de nossa equipe especializada, em conformidade com os par\u00e2metros estabelecidos pela ind\u00fastria. S\u00e3o fabricadas com mat\u00e9ria-prima de alta qualidade para garantir sua aus\u00eancia de erros. Estas rodas dentadas s\u00e3o robustas e t\u00eam acabamento liso, o que garante uma vida \u00fatil mais longa com manuten\u00e7\u00e3o m\u00ednima.<\/p>\n<h3 class=\"tertiary-title\">Hist\u00f3ria e classifica\u00e7\u00e3o das rodas dentadas de corrente raspadora<\/h3>\n<p>A hist\u00f3ria das rodas dentadas remonta ao in\u00edcio dos anos 1900, quando a Revolu\u00e7\u00e3o Industrial estava em pleno andamento. As rodas dentadas foram inventadas em fun\u00e7\u00e3o da necessidade de uma transmiss\u00e3o de pot\u00eancia mais precisa e suave. Desde ent\u00e3o, passaram por in\u00fameras mudan\u00e7as e avan\u00e7os para atender \u00e0s crescentes demandas de diversos setores.<\/p>\n<p>As rodas dentadas de corrente raspadora s\u00e3o classificadas em v\u00e1rios tipos com base em seu design, passo e material utilizado. Os tipos mais utilizados s\u00e3o rodas dentadas simplex, duplex e triplex. Elas tamb\u00e9m s\u00e3o classificadas com base no n\u00famero de dentes, di\u00e2metro interno e di\u00e2metro do passo.<\/p>\n<h3 class=\"tertiary-title\">Vantagens das rodas dentadas da corrente do raspador<\/h3>\n<p>As rodas dentadas de corrente raspadora t\u00eam in\u00fameras vantagens, como:<\/p>\n<ul>\n<li>Alta capacidade de carga<\/li>\n<li>Transmiss\u00e3o de pot\u00eancia precisa e suave<\/li>\n<li>Longa vida \u00fatil com baixa manuten\u00e7\u00e3o<\/li>\n<li>Resist\u00eancia \u00e0 corros\u00e3o e ao desgaste<\/li>\n<li>Sem escorregar durante a opera\u00e7\u00e3o<\/li>\n<\/ul>\n<h3 class=\"tertiary-title\">Materiais dispon\u00edveis e instala\u00e7\u00e3o<\/h3>\n<p>As rodas dentadas da corrente raspadora s\u00e3o fabricadas com diferentes tipos de materiais, como a\u00e7o, ferro fundido e pl\u00e1stico. O material utilizado depende da aplica\u00e7\u00e3o e da capacidade de carga necess\u00e1ria.<\/p>\n<p>A instala\u00e7\u00e3o dessas rodas dentadas \u00e9 relativamente simples e pode ser feita com ferramentas b\u00e1sicas. \u00c9 essencial mant\u00ea-las limpas e livres de detritos, pois qualquer ac\u00famulo pode causar mau funcionamento.<\/p>\n<h3 class=\"tertiary-title\">Manuten\u00e7\u00e3o e Reparo<\/h3>\n<p>A manuten\u00e7\u00e3o adequada das rodas dentadas da corrente do raspador \u00e9 crucial para garantir sua longevidade e bom funcionamento. Limpeza e lubrifica\u00e7\u00e3o regulares devem ser realizadas para evitar desgaste ou corros\u00e3o. Em caso de danos ou mau funcionamento, recomenda-se a substitui\u00e7\u00e3o imediata da roda dentada para evitar maiores danos ao equipamento.<\/p>\n<h2 class=\"secondary-title\">Outros produtos oferecidos pela nossa empresa<\/h2>\n<p>Em nossa empresa, oferecemos uma ampla gama de engrenagens pl\u00e1sticas industriais, como caixas de engrenagens agr\u00edcolas, eixos de sa\u00edda de pot\u00eancia, acoplamentos hidr\u00e1ulicos, redutores de engrenagem helicoidal, cremalheiras, correntes remov\u00edveis, polias e polias, caixas de engrenagens planet\u00e1rias, polias sincronizadoras e buchas. Nossos produtos s\u00e3o de alta qualidade e oferecemos pre\u00e7os competitivos para atender \u00e0s necessidades de nossos clientes. Convidamos nossos clientes a personalizar seus produtos com fotos e amostras.<\/p>\n<p><img decoding=\"async\" src=\"https:\/\/images.hzpt.com\/2022\/12\/sprocket-suppliers.webp\" alt=\"Fornecedores de rodas dentadas\" \/><\/p>\n<h2 class=\"secondary-title\">Perguntas Frequentes (FAQs)<\/h2>\n<h3 class=\"tertiary-title\">P1. O que s\u00e3o rodas dentadas de corrente raspadora?<\/h3>\n<p>Rodas dentadas de corrente raspadora s\u00e3o um componente essencial utilizado em diversas aplica\u00e7\u00f5es industriais. S\u00e3o utilizadas principalmente em sistemas transportadores, elevadores e outros equipamentos pesados para transferir pot\u00eancia ou movimento entre dois eixos paralelos.<\/p>\n<h3 class=\"tertiary-title\">Q2. Quais s\u00e3o as vantagens de usar rodas dentadas de corrente raspadora?<\/h3>\n<p>As rodas dentadas de corrente raspadora t\u00eam in\u00fameras vantagens, como alta capacidade de carga, precis\u00e3o e transmiss\u00e3o de pot\u00eancia suave, longa vida \u00fatil com baixa manuten\u00e7\u00e3o, resist\u00eancia \u00e0 corros\u00e3o e ao desgaste e aus\u00eancia de deslizamento durante a opera\u00e7\u00e3o.<\/p>\n<h3 class=\"tertiary-title\">Q3. Quais materiais s\u00e3o usados para fabricar as rodas dentadas da corrente do raspador?<\/h3>\n<p>As rodas dentadas da corrente raspadora s\u00e3o fabricadas com diferentes tipos de materiais, como a\u00e7o, ferro fundido e pl\u00e1stico. O material utilizado depende da aplica\u00e7\u00e3o e da capacidade de carga necess\u00e1ria.<\/p>\n<h3 class=\"tertiary-title\">Q4. Como deve ser feita a manuten\u00e7\u00e3o das rodas dentadas da corrente do raspador?<\/h3>\n<p>A manuten\u00e7\u00e3o adequada das rodas dentadas da corrente do raspador \u00e9 crucial para garantir sua longevidade e bom funcionamento. Limpeza e lubrifica\u00e7\u00e3o regulares devem ser realizadas para evitar desgaste ou corros\u00e3o.<\/p>\n<h3 class=\"tertiary-title\">Q5. Quais outros produtos s\u00e3o oferecidos pela sua empresa?<\/h3>\n<p>Em nossa empresa, oferecemos uma ampla gama de engrenagens pl\u00e1sticas industriais, como caixas de engrenagens agr\u00edcolas, eixos de sa\u00edda de pot\u00eancia, acoplamentos hidr\u00e1ulicos, redutores de engrenagem helicoidal, cremalheiras, correntes remov\u00edveis, polias e polias, caixas de engrenagens planet\u00e1rias, polias sincronizadoras e buchas.<\/p>","protected":false},"excerpt":{"rendered":"<p>Applications and Advantages of Scraper Chain Sprockets Scraper Chain Sprockets are an essential component used in various industrial applications. They are used in conveyor systems, elevators, and other heavy-duty equipment to transfer power or motion between two parallel shafts. These sprockets are mainly used in applications where heavy loads need to be transferred smoothly and [&hellip;]<\/p>","protected":false},"featured_media":3597,"template":"","meta":{"_et_pb_use_builder":"","_et_pb_old_content":"","_et_gb_content_width":""},"product_brand":[],"product_cat":[11346],"product_tag":[],"class_list":{"0":"post-6471","1":"product","2":"type-product","3":"status-publish","4":"has-post-thumbnail","6":"product_cat-chain-sprocket","8":"first","9":"instock","10":"shipping-taxable","11":"product-type-simple"},"_links":{"self":[{"href":"https:\/\/agricultural-gear-boxes.com\/pt\/wp-json\/wp\/v2\/product\/6471","targetHints":{"allow":["GET"]}}],"collection":[{"href":"https:\/\/agricultural-gear-boxes.com\/pt\/wp-json\/wp\/v2\/product"}],"about":[{"href":"https:\/\/agricultural-gear-boxes.com\/pt\/wp-json\/wp\/v2\/types\/product"}],"wp:featuredmedia":[{"embeddable":true,"href":"https:\/\/agricultural-gear-boxes.com\/pt\/wp-json\/wp\/v2\/media\/3597"}],"wp:attachment":[{"href":"https:\/\/agricultural-gear-boxes.com\/pt\/wp-json\/wp\/v2\/media?parent=6471"}],"wp:term":[{"taxonomy":"product_brand","embeddable":true,"href":"https:\/\/agricultural-gear-boxes.com\/pt\/wp-json\/wp\/v2\/product_brand?post=6471"},{"taxonomy":"product_cat","embeddable":true,"href":"https:\/\/agricultural-gear-boxes.com\/pt\/wp-json\/wp\/v2\/product_cat?post=6471"},{"taxonomy":"product_tag","embeddable":true,"href":"https:\/\/agricultural-gear-boxes.com\/pt\/wp-json\/wp\/v2\/product_tag?post=6471"}],"curies":[{"name":"wp","href":"https:\/\/api.w.org\/{rel}","templated":true}]}}