{"id":6477,"date":"2024-11-08T07:36:52","date_gmt":"2024-11-08T07:36:52","guid":{"rendered":"https:\/\/agricultural-gear-boxes.com\/product\/weld-conveyor-sprocket-2\/"},"modified":"2024-11-08T07:36:53","modified_gmt":"2024-11-08T07:36:53","slug":"weld-conveyor-sprocket-2","status":"publish","type":"product","link":"https:\/\/agricultural-gear-boxes.com\/pt\/product\/weld-conveyor-sprocket-2\/","title":{"rendered":"Roda dentada de transportador de solda"},"content":{"rendered":"<h2>Roda dentada de transporte de solda de alta qualidade para suas necessidades industriais<\/h2>\n<p>As rodas dentadas do transportador de solda s\u00e3o rodas dentadas de a\u00e7o de placa plana que s\u00e3o soldadas a um cubo. Elas s\u00e3o usadas em v\u00e1rias aplica\u00e7\u00f5es industriais que exigem um sistema de transmiss\u00e3o de energia confi\u00e1vel e dur\u00e1vel. Essas rodas dentadas t\u00eam um di\u00e2metro de passo de 2,609 polegadas e s\u00e3o projetadas para se adaptarem \u00e0s correntes de moinho H78, WR78, 81X, 88K, 88C, C118.<\/p>\n<h3>Cen\u00e1rios de uso<\/h3>\n<p>Rodas dentadas de transporte de solda s\u00e3o comumente usadas em aplica\u00e7\u00f5es industriais pesadas, como minera\u00e7\u00e3o, madeira e ind\u00fastrias de celulose e papel. Elas tamb\u00e9m s\u00e3o usadas em sistemas de transporte para manuseio de materiais em f\u00e1bricas e armaz\u00e9ns. Essas rodas dentadas fornecem um sistema de transmiss\u00e3o de energia confi\u00e1vel e eficiente que pode lidar com altas cargas e velocidades. <\/p>\n<p><img decoding=\"async\" src=\"https:\/\/images.hzpt.com\/2023\/01\/Applications-for-Roller-Chain-Sprockets-1.webp\" alt=\"Cen\u00e1rios de uso de roda dentada de transportador de solda\" \/><\/p>\n<h3>Hist\u00f3rico e classifica\u00e7\u00e3o do produto<\/h3>\n<p>As rodas dentadas de transportadores de solda existem h\u00e1 d\u00e9cadas e evolu\u00edram ao longo do tempo para atender \u00e0s demandas em constante mudan\u00e7a de v\u00e1rias ind\u00fastrias. Elas s\u00e3o classificadas com base no di\u00e2metro do passo da corrente, no n\u00famero de dentes e no di\u00e2metro do cubo. Essas rodas dentadas est\u00e3o dispon\u00edveis em uma ampla variedade de tamanhos e configura\u00e7\u00f5es para se ajustar a diferentes tamanhos e aplica\u00e7\u00f5es de corrente.<\/p>\n<h3>Vantagens das rodas dentadas de transporte de solda<\/h3>\n<p>&#8211; High Strength: Weld conveyor sprockets are made from high-quality steel that provides exceptional strength and durability.<br \/>\n&#8211; Easy Installation: These sprockets are easy to install and can be welded to a hub to fit different shaft sizes.<br \/>\n&#8211; Low Maintenance: Weld conveyor sprockets require minimal maintenance and can provide reliable performance for years.<br \/>\n&#8211; Cost-Effective: These sprockets are cost-effective and can help reduce downtime and maintenance costs.<\/p>\n<h3>Materiais dispon\u00edveis<\/h3>\n<p>Rodas dentadas de transportadores de solda s\u00e3o tipicamente feitas de a\u00e7o carbono ou a\u00e7o inoxid\u00e1vel. Rodas dentadas de a\u00e7o carbono s\u00e3o adequadas para a maioria das aplica\u00e7\u00f5es industriais, enquanto rodas dentadas de a\u00e7o inoxid\u00e1vel s\u00e3o usadas em ambientes corrosivos.<\/p>\n<h3>Instala\u00e7\u00e3o, Manuten\u00e7\u00e3o e Reparo<\/h3>\n<p>As rodas dentadas do transportador de solda s\u00e3o f\u00e1ceis de instalar e podem ser soldadas a um cubo para se ajustar a diferentes tamanhos de eixo. A manuten\u00e7\u00e3o regular \u00e9 essencial para garantir que as rodas dentadas operem de forma suave e eficiente. Isso inclui lubrifica\u00e7\u00e3o regular, verifica\u00e7\u00e3o de desgaste e danos e substitui\u00e7\u00e3o de rodas dentadas gastas ou danificadas. Se uma roda dentada precisar ser substitu\u00edda, ela pode ser cortada do cubo e uma nova roda dentada pode ser soldada em seu lugar.<\/p>\n<h2>Outros produtos de engrenagens pl\u00e1sticas industriais<\/h2>\n<p>Al\u00e9m de rodas dentadas de transporte de solda, oferecemos uma ampla gama de produtos de engrenagens pl\u00e1sticas industriais, como caixas de engrenagens agr\u00edcolas, eixos de sa\u00edda de pot\u00eancia, acoplamentos hidr\u00e1ulicos, redutores de engrenagem sem-fim, cremalheiras de engrenagens, correntes remov\u00edveis, polias, polias, caixas de engrenagens planet\u00e1rias, polias de sincroniza\u00e7\u00e3o e buchas. Nossos produtos s\u00e3o de alta qualidade e os oferecemos a pre\u00e7os competitivos. Tamb\u00e9m oferecemos excelente atendimento ao cliente e damos as boas-vindas aos clientes para personalizar seus produtos com fotos e amostras.<\/p>\n<p><img decoding=\"async\" src=\"https:\/\/images.hzpt.com\/2022\/12\/sprocket-suppliers.webp\" alt=\"Outros produtos de engrenagens pl\u00e1sticas industriais\" \/><\/p>\n<h2>Perguntas e Respostas<\/h2>\n<h3>P: O que s\u00e3o rodas dentadas de transporte de solda?<\/h3>\n<p>A: As rodas dentadas de transporte soldadas s\u00e3o rodas dentadas de a\u00e7o de placa plana que s\u00e3o soldadas a um cubo. Elas s\u00e3o usadas em v\u00e1rias aplica\u00e7\u00f5es industriais que exigem um sistema de transmiss\u00e3o de energia confi\u00e1vel e dur\u00e1vel.<\/p>\n<h3>P: Quais s\u00e3o as vantagens das rodas dentadas transportadoras de solda?<\/h3>\n<p>R: As rodas dentadas dos transportadores soldados s\u00e3o conhecidas por sua alta resist\u00eancia, facilidade de instala\u00e7\u00e3o, baixa manuten\u00e7\u00e3o e custo-benef\u00edcio.<\/p>\n<h3>P: De quais materiais s\u00e3o feitas as rodas dentadas do transportador de solda?<\/h3>\n<p>R: As rodas dentadas do transportador de solda s\u00e3o normalmente feitas de a\u00e7o carbono ou a\u00e7o inoxid\u00e1vel.<\/p>\n<h3>P: Como fa\u00e7o para instalar e manter rodas dentadas de transportadores de solda?<\/h3>\n<p>R: As rodas dentadas do transportador de solda s\u00e3o f\u00e1ceis de instalar e podem ser soldadas a um cubo para se ajustar a diferentes tamanhos de eixo. A manuten\u00e7\u00e3o regular \u00e9 essencial para garantir que as rodas dentadas operem de forma suave e eficiente. Isso inclui lubrifica\u00e7\u00e3o regular, verifica\u00e7\u00e3o de desgaste e danos e substitui\u00e7\u00e3o de rodas dentadas gastas ou danificadas.<\/p>\n<h3>P: Quais outros produtos de engrenagens pl\u00e1sticas industriais voc\u00eas oferecem?<\/h3>\n<p>R: Al\u00e9m de rodas dentadas para transportadores soldados, oferecemos uma ampla gama de produtos de engrenagens pl\u00e1sticas industriais, como caixas de engrenagens agr\u00edcolas, eixos de sa\u00edda de pot\u00eancia, acoplamentos hidr\u00e1ulicos, redutores de engrenagem sem-fim, cremalheiras, correntes remov\u00edveis, polias, polias, caixas de engrenagens planet\u00e1rias, polias de sincroniza\u00e7\u00e3o e buchas.<\/p>\n<h2>Autor: lmc<\/h2>\n<p style=\"color:red;\">Todo o conte\u00fado desta p\u00e1gina vem da Internet e \u00e9 usado apenas como refer\u00eancia para sele\u00e7\u00e3o de produtos. Nossos produtos s\u00e3o acess\u00f3rios e n\u00e3o pe\u00e7as de reposi\u00e7\u00e3o originais; n\u00e3o somos detentores da marca registrada original do conte\u00fado. Nossos acess\u00f3rios podem se encaixar perfeitamente nas pe\u00e7as de reposi\u00e7\u00e3o originais; se voc\u00ea precisar comprar pe\u00e7as de reposi\u00e7\u00e3o originais, entre em contato com a f\u00e1brica original para comprar.<\/p>","protected":false},"excerpt":{"rendered":"<p>High-Quality Weld Conveyor Sprocket for Your Industrial Needs Weld conveyor sprockets are flat plate steel sprockets that are welded to a hub. They are used in various industrial applications that require a reliable and durable power transmission system. These sprockets have a pitch diameter of 2.609 inches and are designed to fit mill chains H78, [&hellip;]<\/p>","protected":false},"featured_media":3617,"template":"","meta":{"_et_pb_use_builder":"","_et_pb_old_content":"","_et_gb_content_width":""},"product_brand":[],"product_cat":[11347],"product_tag":[],"class_list":{"0":"post-6477","1":"product","2":"type-product","3":"status-publish","4":"has-post-thumbnail","6":"product_cat-conveyor-sprocket","8":"first","9":"instock","10":"shipping-taxable","11":"product-type-simple"},"_links":{"self":[{"href":"https:\/\/agricultural-gear-boxes.com\/pt\/wp-json\/wp\/v2\/product\/6477","targetHints":{"allow":["GET"]}}],"collection":[{"href":"https:\/\/agricultural-gear-boxes.com\/pt\/wp-json\/wp\/v2\/product"}],"about":[{"href":"https:\/\/agricultural-gear-boxes.com\/pt\/wp-json\/wp\/v2\/types\/product"}],"wp:featuredmedia":[{"embeddable":true,"href":"https:\/\/agricultural-gear-boxes.com\/pt\/wp-json\/wp\/v2\/media\/3617"}],"wp:attachment":[{"href":"https:\/\/agricultural-gear-boxes.com\/pt\/wp-json\/wp\/v2\/media?parent=6477"}],"wp:term":[{"taxonomy":"product_brand","embeddable":true,"href":"https:\/\/agricultural-gear-boxes.com\/pt\/wp-json\/wp\/v2\/product_brand?post=6477"},{"taxonomy":"product_cat","embeddable":true,"href":"https:\/\/agricultural-gear-boxes.com\/pt\/wp-json\/wp\/v2\/product_cat?post=6477"},{"taxonomy":"product_tag","embeddable":true,"href":"https:\/\/agricultural-gear-boxes.com\/pt\/wp-json\/wp\/v2\/product_tag?post=6477"}],"curies":[{"name":"wp","href":"https:\/\/api.w.org\/{rel}","templated":true}]}}