{"id":6480,"date":"2024-11-08T07:36:55","date_gmt":"2024-11-08T07:36:55","guid":{"rendered":"https:\/\/agricultural-gear-boxes.com\/product\/sprockets-for-conveyor-roller-chains-2\/"},"modified":"2024-11-08T07:36:55","modified_gmt":"2024-11-08T07:36:55","slug":"sprockets-for-conveyor-roller-chains-2","status":"publish","type":"product","link":"https:\/\/agricultural-gear-boxes.com\/pt\/product\/sprockets-for-conveyor-roller-chains-2\/","title":{"rendered":"Rodas dentadas para correntes de rolos transportadores"},"content":{"rendered":"<h2>Rodas dentadas para correntes de rolos transportadores<\/h2>\n<p>Correntes de rolos s\u00e3o comumente usadas em sistemas de transporte para facilitar o movimento de cargas pesadas. As rodas dentadas s\u00e3o um componente essencial dessas correntes, pois transmitem pot\u00eancia do motor para a corrente, que ent\u00e3o move a carga. Essas rodas dentadas s\u00e3o feitas usando m\u00e1quinas de ranhurar e s\u00e3o flangeadas para garantir um movimento suave e preciso da corrente. <\/p>\n<p>Our company is a leading supplier of sprockets for conveyor roller chains, including those used by major roller producers such as Interroll. While we do not produce the rollers themselves, we offer high-quality sprockets that are designed to fit perfectly with Interroll&#8217;s roller chains.<\/p>\n<p>Rodas dentadas de corrente de rolos s\u00e3o usadas em uma ampla gama de aplica\u00e7\u00f5es, incluindo em plantas de fabrica\u00e7\u00e3o, linhas de montagem e instala\u00e7\u00f5es de embalagem. Elas s\u00e3o especialmente \u00fateis ao transportar itens pesados, como paletes, caixas e cont\u00eaineres.<\/p>\n<p><img decoding=\"async\" src=\"https:\/\/images.hzpt.com\/2023\/01\/Applications-for-Roller-Chain-Sprockets-1.webp\" alt=\"Aplica\u00e7\u00f5es de roda dentada de corrente de rolo\"><\/p>\n<h3>Vantagens das rodas dentadas de corrente de rolos<\/h3>\n<ul>\n<li>Altamente dur\u00e1veis, pois s\u00e3o feitos de materiais de alta qualidade, como a\u00e7o, a\u00e7o inoxid\u00e1vel e pl\u00e1stico.<\/li>\n<li>Pode ser personalizado para se adaptar a correntes e cargas espec\u00edficas, garantindo desempenho e efici\u00eancia ideais.<\/li>\n<li>F\u00e1cil de instalar e manter, com tempo de inatividade m\u00ednimo necess\u00e1rio para reparos e substitui\u00e7\u00f5es.<\/li>\n<li>Dispon\u00edvel em v\u00e1rios tamanhos e designs para atender a requisitos espec\u00edficos de aplica\u00e7\u00e3o.<\/li>\n<\/ul>\n<h3>Tipos de rodas dentadas de corrente de rolos<\/h3>\n<p>As rodas dentadas de corrente de rolos podem ser classificadas de acordo com seu formato, tamanho, perfil de dente e materiais usados. Alguns dos tipos comuns de rodas dentadas de corrente de rolos incluem:<\/p>\n<ul>\n<li>Rodas dentadas padr\u00e3o<\/li>\n<li>Rodas dentadas de furo c\u00f4nico<\/li>\n<li>Rodas dentadas de dupla fun\u00e7\u00e3o<\/li>\n<li>Rodas dentadas endurecidas<\/li>\n<li>Rodas dentadas intermedi\u00e1rias<\/li>\n<\/ul>\n<h3>Como instalar e manter rodas dentadas de corrente de rolos<\/h3>\n<p>Instalar e manter rodas dentadas de corrente de rolos \u00e9 relativamente f\u00e1cil e direto. Aqui est\u00e3o algumas dicas para manter em mente:<\/p>\n<ul>\n<li>Certifique-se de que a roda dentada esteja devidamente alinhada com a corrente, sem movimento lateral.<\/li>\n<li>Mantenha a tens\u00e3o adequada na corrente para evitar deslizamentos e desgaste prematuro.<\/li>\n<li>Verifique periodicamente se h\u00e1 sinais de desgaste e danos, como dentes desgastados ou rachaduras.<\/li>\n<li>Mantenha a roda dentada limpa e livre de detritos que possam interferir em seu movimento.<\/li>\n<li>Substitua imediatamente as rodas dentadas gastas ou danificadas para evitar maiores danos \u00e0 corrente e a outros componentes.<\/li>\n<\/ul>\n<p><img decoding=\"async\" src=\"https:\/\/images.hzpt.com\/2022\/12\/sprocket-suppliers.webp\" alt=\"Fornecedores de rodas dentadas\"><\/p>\n<h2>Outros produtos oferecidos pela nossa empresa<\/h2>\n<p>Al\u00e9m de rodas dentadas de corrente de rolos, nossa empresa tamb\u00e9m fornece uma ampla gama de engrenagens pl\u00e1sticas industriais, incluindo caixas de engrenagens agr\u00edcolas, eixos de sa\u00edda de pot\u00eancia, acoplamentos hidr\u00e1ulicos, redutores de engrenagem sem-fim, cremalheiras de engrenagens, correntes remov\u00edveis, polias e polias, caixas de engrenagens planet\u00e1rias, polias de sincroniza\u00e7\u00e3o e buchas. Estamos comprometidos em fornecer produtos de alta qualidade a pre\u00e7os competitivos, apoiados por um servi\u00e7o e suporte ao cliente excepcionais.<\/p>\n<h2>Perguntas e Respostas<\/h2>\n<h3>P: O que s\u00e3o rodas dentadas de corrente de rolos?<\/h3>\n<p>R: As rodas dentadas da corrente de rolos s\u00e3o componentes usados em sistemas transportadores para transmitir energia do motor para a corrente, que ent\u00e3o move a carga.<\/p>\n<h3>P: Quais s\u00e3o as vantagens das rodas dentadas de corrente de rolos?<\/h3>\n<p>R: As rodas dentadas de corrente de rolos s\u00e3o altamente dur\u00e1veis, personaliz\u00e1veis e f\u00e1ceis de instalar e manter. Elas est\u00e3o dispon\u00edveis em uma variedade de tamanhos e designs para atender a requisitos espec\u00edficos de aplica\u00e7\u00e3o.<\/p>\n<h3>P: Quais s\u00e3o os tipos comuns de rodas dentadas de corrente de rolos?<\/h3>\n<p>R: Os tipos comuns de rodas dentadas de corrente de rolos incluem rodas dentadas padr\u00e3o, rodas dentadas de furo c\u00f4nico, rodas dentadas de dupla fun\u00e7\u00e3o, rodas dentadas temperadas e rodas dentadas intermedi\u00e1rias.<\/p>\n<h3>P: Como voc\u00ea instala e faz a manuten\u00e7\u00e3o de rodas dentadas de corrente de rolos?<\/h3>\n<p>R: O alinhamento adequado com a corrente, a manuten\u00e7\u00e3o da tens\u00e3o adequada, verifica\u00e7\u00f5es peri\u00f3dicas de desgaste e danos e a manuten\u00e7\u00e3o da roda dentada limpa s\u00e3o considera\u00e7\u00f5es importantes para a instala\u00e7\u00e3o e manuten\u00e7\u00e3o de rodas dentadas de corrente de rolos.<\/p>\n<h3>P: Que outros produtos sua empresa oferece?<\/h3>\n<p>R: Nossa empresa oferece uma ampla gama de engrenagens pl\u00e1sticas industriais, incluindo caixas de engrenagens agr\u00edcolas, eixos de sa\u00edda de pot\u00eancia, acoplamentos hidr\u00e1ulicos, redutores de engrenagem sem-fim, cremalheiras, correntes remov\u00edveis, polias e polias, caixas de engrenagens planet\u00e1rias, polias de sincroniza\u00e7\u00e3o e buchas.<\/p>\n<h3>P: Como sua empresa garante a qualidade do produto e a satisfa\u00e7\u00e3o do cliente?<\/h3>\n<p>R: Estamos comprometidos em fornecer produtos de alta qualidade a pre\u00e7os competitivos, apoiados por um servi\u00e7o e suporte ao cliente excepcionais. Trabalhamos em estreita colabora\u00e7\u00e3o com nossos clientes para entender suas necessidades e requisitos, e nos esfor\u00e7amos para exceder suas expectativas em cada etapa do processo.<\/p>\n<p style=\"color:red;\">Todo o conte\u00fado desta p\u00e1gina \u00e9 da Internet e \u00e9 usado apenas como refer\u00eancia para sele\u00e7\u00e3o de produtos. Nossos produtos s\u00e3o acess\u00f3rios e n\u00e3o pe\u00e7as de reposi\u00e7\u00e3o originais, e n\u00e3o somos detentores da marca registrada original do conte\u00fado. Nossos acess\u00f3rios podem se encaixar perfeitamente nas pe\u00e7as de reposi\u00e7\u00e3o originais; se voc\u00ea precisar comprar pe\u00e7as de reposi\u00e7\u00e3o originais, entre em contato com a f\u00e1brica original para comprar.<\/p>\n<p>Autor: lmc<\/p>","protected":false},"excerpt":{"rendered":"<p>Sprockets for Conveyor Roller Chains Roller chains are commonly used in conveyor systems to facilitate the movement of heavy loads. Sprockets are an essential component of these chains, as they transmit power from the motor to the chain, which then moves the load. These sprockets are made using slotting machines and are flanged to ensure [&hellip;]<\/p>","protected":false},"featured_media":3627,"template":"","meta":{"_et_pb_use_builder":"","_et_pb_old_content":"","_et_gb_content_width":""},"product_brand":[],"product_cat":[11347],"product_tag":[],"class_list":{"0":"post-6480","1":"product","2":"type-product","3":"status-publish","4":"has-post-thumbnail","6":"product_cat-conveyor-sprocket","8":"first","9":"instock","10":"shipping-taxable","11":"product-type-simple"},"_links":{"self":[{"href":"https:\/\/agricultural-gear-boxes.com\/pt\/wp-json\/wp\/v2\/product\/6480","targetHints":{"allow":["GET"]}}],"collection":[{"href":"https:\/\/agricultural-gear-boxes.com\/pt\/wp-json\/wp\/v2\/product"}],"about":[{"href":"https:\/\/agricultural-gear-boxes.com\/pt\/wp-json\/wp\/v2\/types\/product"}],"wp:featuredmedia":[{"embeddable":true,"href":"https:\/\/agricultural-gear-boxes.com\/pt\/wp-json\/wp\/v2\/media\/3627"}],"wp:attachment":[{"href":"https:\/\/agricultural-gear-boxes.com\/pt\/wp-json\/wp\/v2\/media?parent=6480"}],"wp:term":[{"taxonomy":"product_brand","embeddable":true,"href":"https:\/\/agricultural-gear-boxes.com\/pt\/wp-json\/wp\/v2\/product_brand?post=6480"},{"taxonomy":"product_cat","embeddable":true,"href":"https:\/\/agricultural-gear-boxes.com\/pt\/wp-json\/wp\/v2\/product_cat?post=6480"},{"taxonomy":"product_tag","embeddable":true,"href":"https:\/\/agricultural-gear-boxes.com\/pt\/wp-json\/wp\/v2\/product_tag?post=6480"}],"curies":[{"name":"wp","href":"https:\/\/api.w.org\/{rel}","templated":true}]}}