{"id":6605,"date":"2024-11-14T05:42:54","date_gmt":"2024-11-14T05:42:54","guid":{"rendered":"https:\/\/agricultural-gear-boxes.com\/product\/idler-sprockets-with-ball-bearing\/"},"modified":"2024-11-14T05:42:55","modified_gmt":"2024-11-14T05:42:55","slug":"idler-sprockets-with-ball-bearing","status":"publish","type":"product","link":"https:\/\/agricultural-gear-boxes.com\/pt\/product\/idler-sprockets-with-ball-bearing\/","title":{"rendered":"Rodas dentadas intermedi\u00e1rias com rolamento de esferas"},"content":{"rendered":"<h2>Rodas dentadas intermedi\u00e1rias com rolamento de esferas<\/h2>\n<p>Atualize seu sistema de transporte com rodas dentadas intermedi\u00e1rias da Roller Chain. Nossas rodas dentadas intermedi\u00e1rias apresentam um design exclusivo que as diferencia das rodas dentadas em formato de estrela padr\u00e3o encontradas em v\u00e1rios setores. Com uma pe\u00e7a central de rolamento de esferas, essas rodas dentadas oferecem resist\u00eancia e durabilidade superiores. O rolamento de esferas selado protege a lubrifica\u00e7\u00e3o permanente, garantindo que poeira e sujeira sejam mantidas fora para desempenho ideal. A longevidade \u00e9 essencial para manter um sistema de transporte confi\u00e1vel e eficiente, e nossas rodas dentadas intermedi\u00e1rias fornecem exatamente isso. Elas controlam efetivamente as vibra\u00e7\u00f5es e minimizam o desgaste, ao mesmo tempo em que fornecem a tens\u00e3o necess\u00e1ria para uma opera\u00e7\u00e3o suave.<\/p>\n<p>Escolha entre nossa ampla gama de estoque pr\u00e9-fabricado ou deixe-nos personalizar uma roda dentada intermedi\u00e1ria com um rolamento para atender \u00e0s suas necessidades espec\u00edficas. A Roller Chain tem orgulho em fornecer produtos de qualidade de precis\u00e3o que d\u00e3o suporte a v\u00e1rios setores.<\/p>\n<h3>Rodas dentadas intermedi\u00e1rias de rolamento de esferas padr\u00e3o em estoque<\/h3>\n<p><img loading=\"lazy\" decoding=\"async\" class=\"alignnone wp-image-264386\" src=\"https:\/\/hzpt.com\/wp-content\/uploads\/2022\/06\/Ball-Bearing-Idler-Sprockets.jpg\" alt=\"\" width=\"441\" height=\"466\" \/><\/p>\n<div class=\"scroll-table-wrapper\">\n<table class=\"scrollable\" style=\"width: 97.9413%; height: 399px;\" border=\"1\">\n<tbody>\n<tr style=\"height: 23px;\">\n<th style=\"width: 132px; height: 23px;\">\n<div>#25<\/div>\n<\/th>\n<th style=\"width: 127px; height: 23px;\">\n<div>#35<\/div>\n<\/th>\n<th style=\"width: 71px; height: 23px;\">\n<div>#40<\/div>\n<\/th>\n<th style=\"width: 109px; height: 23px;\">\n<div>#41<\/div>\n<\/th>\n<th style=\"width: 61px; height: 23px;\">\n<div>#50<\/div>\n<\/th>\n<th style=\"width: 77px; height: 23px;\">\n<div>#60<\/div>\n<\/th>\n<th style=\"width: 47px; height: 23px;\">\n<div>#80<\/div>\n<\/th>\n<th style=\"width: 147px; height: 23px;\">\n<div>#100<\/div>\n<\/th>\n<th style=\"width: 133px; height: 23px;\">\n<div>#120<\/div>\n<\/th>\n<th style=\"width: 35px; height: 23px;\">\n<div>#140<\/div>\n<\/th>\n<\/tr>\n<tr style=\"height: 47px;\">\n<th style=\"width: 132px; height: 47px;\">\n<div>25BB20-3\/8&#8243;<\/div>\n<\/th>\n<td style=\"width: 127px; height: 47px;\">35BB18-1\/2&#8243;<\/td>\n<td style=\"width: 71px; height: 47px;\">40BB17-1\/2&#8243;<\/td>\n<td","protected":false},"excerpt":{"rendered":"<p>Idler Sprockets With Ball Bearing Upgrade your conveyor system with idler sprockets from Roller Chain. Our idler sprockets feature a unique design that sets them apart from standard star-shaped sprockets found in various industries. With a ball-bearing centerpiece, these sprockets offer superior strength and durability. The sealed ball bearing protects the permanent lubrication, ensuring that [&hellip;]<\/p>","protected":false},"featured_media":6600,"template":"","meta":{"_et_pb_use_builder":"","_et_pb_old_content":"","_et_gb_content_width":""},"product_brand":[],"product_cat":[11366],"product_tag":[],"class_list":{"0":"post-6605","1":"product","2":"type-product","3":"status-publish","4":"has-post-thumbnail","6":"product_cat-idler-sprockets","8":"first","9":"instock","10":"shipping-taxable","11":"product-type-simple"},"_links":{"self":[{"href":"https:\/\/agricultural-gear-boxes.com\/pt\/wp-json\/wp\/v2\/product\/6605","targetHints":{"allow":["GET"]}}],"collection":[{"href":"https:\/\/agricultural-gear-boxes.com\/pt\/wp-json\/wp\/v2\/product"}],"about":[{"href":"https:\/\/agricultural-gear-boxes.com\/pt\/wp-json\/wp\/v2\/types\/product"}],"wp:featuredmedia":[{"embeddable":true,"href":"https:\/\/agricultural-gear-boxes.com\/pt\/wp-json\/wp\/v2\/media\/6600"}],"wp:attachment":[{"href":"https:\/\/agricultural-gear-boxes.com\/pt\/wp-json\/wp\/v2\/media?parent=6605"}],"wp:term":[{"taxonomy":"product_brand","embeddable":true,"href":"https:\/\/agricultural-gear-boxes.com\/pt\/wp-json\/wp\/v2\/product_brand?post=6605"},{"taxonomy":"product_cat","embeddable":true,"href":"https:\/\/agricultural-gear-boxes.com\/pt\/wp-json\/wp\/v2\/product_cat?post=6605"},{"taxonomy":"product_tag","embeddable":true,"href":"https:\/\/agricultural-gear-boxes.com\/pt\/wp-json\/wp\/v2\/product_tag?post=6605"}],"curies":[{"name":"wp","href":"https:\/\/api.w.org\/{rel}","templated":true}]}}