{"id":6607,"date":"2024-11-14T05:42:56","date_gmt":"2024-11-14T05:42:56","guid":{"rendered":"https:\/\/agricultural-gear-boxes.com\/product\/bronze-bushed-idler-sprockets\/"},"modified":"2024-11-14T05:42:56","modified_gmt":"2024-11-14T05:42:56","slug":"bronze-bushed-idler-sprockets","status":"publish","type":"product","link":"https:\/\/agricultural-gear-boxes.com\/pt\/product\/bronze-bushed-idler-sprockets\/","title":{"rendered":"Rodas dentadas intermedi\u00e1rias com bucha de bronze"},"content":{"rendered":"<h2>Rodas dentadas intermedi\u00e1rias com bucha de bronze: dur\u00e1veis e de alto desempenho<\/h2>\n<p>As rodas dentadas intermedi\u00e1rias com bucha de bronze s\u00e3o algumas das rodas dentadas mais dur\u00e1veis e confi\u00e1veis do mercado. Elas s\u00e3o feitas usando bronze de alta qualidade, que tem excelentes propriedades autolubrificantes, \u00e9 econ\u00f4mico e f\u00e1cil de pressionar nas rodas dentadas. As rodas dentadas de alta resist\u00eancia tratadas termicamente d\u00e3o a elas um n\u00edvel adicional de resist\u00eancia e durabilidade. A roda dentada \u00e9 categorizada como uma roda dentada intermedi\u00e1ria de rolamento de agulha devido ao rolamento de agulha que \u00e9 inserido na roda dentada, o que aumenta sua resili\u00eancia j\u00e1 impressionante.<\/p>\n<p>Essas rodas dentadas s\u00e3o projetadas para serem extremamente dur\u00e1veis e de alto desempenho, feitas de a\u00e7o de alta qualidade e componentes para criar uma roda dentada intermedi\u00e1ria com \u00f3timo desempenho e longa vida \u00fatil. Elas atendem totalmente a todos os padr\u00f5es ANSI, para que voc\u00ea tenha certeza de que est\u00e1 adquirindo um produto da mais alta qualidade.<\/p>\n<h3>Cen\u00e1rios de uso<\/h3>\n<p>Essas rodas dentadas s\u00e3o projetadas para uso em uma ampla gama de aplica\u00e7\u00f5es, de m\u00e1quinas agr\u00edcolas a equipamentos industriais. Elas s\u00e3o comumente usadas em sistemas de transporte, sistemas de transmiss\u00e3o de energia e outras m\u00e1quinas onde uma roda dentada confi\u00e1vel e dur\u00e1vel \u00e9 necess\u00e1ria. Com sua longa vida \u00fatil e desempenho excepcional, essas rodas dentadas s\u00e3o um excelente investimento para qualquer pessoa que precise de rodas dentadas de alta qualidade.<\/p>\n<p><img decoding=\"async\" src=\"https:\/\/images.hzpt.com\/2023\/01\/Applications-for-Roller-Chain-Sprockets-1.webp\" alt=\"Roda dentada de corrente de rolo\" \/><\/p>\n<h3>Hist\u00f3ria e Classifica\u00e7\u00e3o<\/h3>\n<p>As rodas dentadas intermedi\u00e1rias com bucha de bronze est\u00e3o em uso h\u00e1 muitos anos e t\u00eam uma longa hist\u00f3ria de confiabilidade e desempenho comprovados. Elas v\u00eam em uma variedade de tamanhos e tipos, ent\u00e3o voc\u00ea pode ter certeza de encontrar a roda dentada que melhor se adapta \u00e0s suas necessidades. Elas est\u00e3o dispon\u00edveis com diferentes n\u00fameros de dentes, tamanhos de furo e tamanhos de corrente, ent\u00e3o voc\u00ea pode obter a roda dentada exata que precisa para sua aplica\u00e7\u00e3o.<\/p>\n<h3>Vantagens<\/h3>\n<ul>\n<li>Dur\u00e1vel e confi\u00e1vel<\/li>\n<li>Alto desempenho, mesmo em aplica\u00e7\u00f5es exigentes<\/li>\n<li>Propriedades autolubrificantes<\/li>\n<li>F\u00e1cil de pressionar nas rodas dentadas<\/li>\n<li>Dispon\u00edvel em uma ampla variedade de tamanhos e tipos<\/li>\n<\/ul>\n<h3>Materiais<\/h3>\n<p>As rodas dentadas intermedi\u00e1rias com bucha de bronze s\u00e3o feitas usando bronze de alta qualidade e rodas dentadas de alta resist\u00eancia tratadas termicamente. Essa combina\u00e7\u00e3o de materiais lhes d\u00e1 durabilidade e desempenho excepcionais, mesmo nas aplica\u00e7\u00f5es mais exigentes.<\/p>\n<h3>Instala\u00e7\u00e3o, Manuten\u00e7\u00e3o e Reparo<\/h3>\n<p>Essas rodas dentadas s\u00e3o relativamente f\u00e1ceis de instalar e, com a manuten\u00e7\u00e3o adequada, podem durar muitos anos. \u00c9 importante mant\u00ea-las adequadamente lubrificadas para garantir que continuem a ter o melhor desempenho. Se uma roda dentada precisar ser substitu\u00edda, \u00e9 essencial escolher o tamanho e o tipo corretos para sua aplica\u00e7\u00e3o para garantir uma opera\u00e7\u00e3o sem problemas.<\/p>\n<h2>Outros produtos de engrenagens pl\u00e1sticas industriais<\/h2>\n<p>Nossa empresa tamb\u00e9m fornece uma ampla gama de outros produtos de engrenagens pl\u00e1sticas industriais para atender \u00e0s suas necessidades. Nossos produtos incluem caixas de engrenagens agr\u00edcolas, eixos de sa\u00edda de pot\u00eancia, acoplamentos hidr\u00e1ulicos, redutores de engrenagem sem-fim, cremalheiras de engrenagens, correntes remov\u00edveis, polias e polias, caixas de engrenagens planet\u00e1rias, polias de sincroniza\u00e7\u00e3o, buchas, etc. Estamos comprometidos em fornecer produtos de alta qualidade, a pre\u00e7os preferenciais e com servi\u00e7os atenciosos. Damos as boas-vindas aos clientes para personalizar seus pedidos com fotos e amostras.<\/p>\n<p><img decoding=\"async\" src=\"https:\/\/images.hzpt.com\/2022\/12\/sprocket-suppliers.webp\" alt=\"Fornecedores de rodas dentadas\" \/><\/p>\n<h2>Perguntas e Respostas<\/h2>\n<h3>P1: Do que s\u00e3o feitas as rodas dentadas intermedi\u00e1rias com bucha de bronze?<\/h3>\n<p>A1: As rodas dentadas intermedi\u00e1rias com bucha de bronze s\u00e3o feitas de bronze de alta qualidade e rodas dentadas tratadas termicamente de alta resist\u00eancia.<\/p>\n<h3>P2: Quais s\u00e3o alguns cen\u00e1rios de uso comuns para rodas dentadas intermedi\u00e1rias com bucha de bronze?<\/h3>\n<p>A2: Rodas dentadas intermedi\u00e1rias com bucha de bronze s\u00e3o comumente usadas em sistemas transportadores, sistemas de transmiss\u00e3o de energia e outras m\u00e1quinas que exigem uma roda dentada confi\u00e1vel e dur\u00e1vel.<\/p>\n<h3>Q3: As rodas dentadas intermedi\u00e1rias com bucha de bronze s\u00e3o f\u00e1ceis de instalar?<\/h3>\n<p>R3: Sim, as rodas dentadas intermedi\u00e1rias com bucha de bronze s\u00e3o relativamente f\u00e1ceis de instalar e, com a manuten\u00e7\u00e3o adequada, podem durar muitos anos.<\/p>\n<h3>Q4: Quais s\u00e3o as vantagens de usar rodas dentadas intermedi\u00e1rias com bucha de bronze?<\/h3>\n<p>A4: As rodas dentadas intermedi\u00e1rias com bucha de bronze s\u00e3o dur\u00e1veis, confi\u00e1veis e t\u00eam alto desempenho, mesmo em aplica\u00e7\u00f5es exigentes. Elas tamb\u00e9m t\u00eam propriedades autolubrificantes e s\u00e3o f\u00e1ceis de pressionar nas rodas dentadas.<\/p>\n<h3>Q5: Quais outros produtos de engrenagens pl\u00e1sticas industriais sua empresa fornece?<\/h3>\n<p>A5: Nossa empresa fornece uma ampla gama de outros produtos de engrenagens pl\u00e1sticas industriais, incluindo caixas de engrenagens agr\u00edcolas, eixos de sa\u00edda de pot\u00eancia, acoplamentos hidr\u00e1ulicos, redutores de engrenagem sem-fim, cremalheiras de engrenagens, correntes remov\u00edveis, polias e polias, caixas de engrenagens planet\u00e1rias, polias de sincroniza\u00e7\u00e3o, buchas e muito mais.<\/p>\n<p style=\"color:red;\">Aviso Legal: Todo o conte\u00fado desta p\u00e1gina \u00e9 da internet e usado apenas como refer\u00eancia para sele\u00e7\u00e3o de produtos. Nossos produtos s\u00e3o acess\u00f3rios e n\u00e3o pe\u00e7as de reposi\u00e7\u00e3o originais. N\u00e3o somos detentores da marca registrada original do conte\u00fado. Nossos acess\u00f3rios podem se encaixar perfeitamente nas pe\u00e7as de reposi\u00e7\u00e3o originais. Se voc\u00ea precisar comprar pe\u00e7as de reposi\u00e7\u00e3o originais, entre em contato com a f\u00e1brica original para comprar.<\/p>\n<p>Autor: lmc<\/p>","protected":false},"excerpt":{"rendered":"<p>Bronze Bushed Idler Sprockets: Durable and High Performance Bronze bushed idler sprockets are some of the most durable and reliable sprockets on the market. They are made using high-quality bronze, which has excellent self-lubricating properties, is economical, and easy to press into sprockets. The high-strength heat-treated sprockets give them an added level of strength and [&hellip;]<\/p>","protected":false},"featured_media":6598,"template":"","meta":{"_et_pb_use_builder":"","_et_pb_old_content":"","_et_gb_content_width":""},"product_brand":[],"product_cat":[11366],"product_tag":[],"class_list":{"0":"post-6607","1":"product","2":"type-product","3":"status-publish","4":"has-post-thumbnail","6":"product_cat-idler-sprockets","8":"first","9":"instock","10":"shipping-taxable","11":"product-type-simple"},"_links":{"self":[{"href":"https:\/\/agricultural-gear-boxes.com\/pt\/wp-json\/wp\/v2\/product\/6607","targetHints":{"allow":["GET"]}}],"collection":[{"href":"https:\/\/agricultural-gear-boxes.com\/pt\/wp-json\/wp\/v2\/product"}],"about":[{"href":"https:\/\/agricultural-gear-boxes.com\/pt\/wp-json\/wp\/v2\/types\/product"}],"wp:featuredmedia":[{"embeddable":true,"href":"https:\/\/agricultural-gear-boxes.com\/pt\/wp-json\/wp\/v2\/media\/6598"}],"wp:attachment":[{"href":"https:\/\/agricultural-gear-boxes.com\/pt\/wp-json\/wp\/v2\/media?parent=6607"}],"wp:term":[{"taxonomy":"product_brand","embeddable":true,"href":"https:\/\/agricultural-gear-boxes.com\/pt\/wp-json\/wp\/v2\/product_brand?post=6607"},{"taxonomy":"product_cat","embeddable":true,"href":"https:\/\/agricultural-gear-boxes.com\/pt\/wp-json\/wp\/v2\/product_cat?post=6607"},{"taxonomy":"product_tag","embeddable":true,"href":"https:\/\/agricultural-gear-boxes.com\/pt\/wp-json\/wp\/v2\/product_tag?post=6607"}],"curies":[{"name":"wp","href":"https:\/\/api.w.org\/{rel}","templated":true}]}}