{"id":6616,"date":"2024-11-14T05:51:03","date_gmt":"2024-11-14T05:51:03","guid":{"rendered":"https:\/\/agricultural-gear-boxes.com\/product\/plastic-nylon-roller-chain-sprockets\/"},"modified":"2024-11-14T05:51:03","modified_gmt":"2024-11-14T05:51:03","slug":"plastic-nylon-roller-chain-sprockets","status":"publish","type":"product","link":"https:\/\/agricultural-gear-boxes.com\/pt\/product\/plastic-nylon-roller-chain-sprockets\/","title":{"rendered":"Rodas dentadas de corrente de rolo de nylon de pl\u00e1stico"},"content":{"rendered":"<h2>Rodas dentadas de corrente de rolo de nylon de pl\u00e1stico<\/h2>\n<p>As rodas dentadas de corrente de rolo de nylon de pl\u00e1stico s\u00e3o um componente de transmiss\u00e3o de energia de primeira linha, amplamente utilizado em v\u00e1rios setores. Elas s\u00e3o projetadas especificamente para funcionar de forma mais silenciosa, produzir uma vida \u00fatil mais longa em correntes de rolo e s\u00e3o altamente anticorrosivas. Al\u00e9m disso, s\u00e3o extremamente leves, altamente resistentes a impactos e aprovadas pela FDA.<\/p>\n<h3>Cen\u00e1rios de uso<\/h3>\n<p>As rodas dentadas de corrente de rolo de nylon pl\u00e1stico s\u00e3o amplamente utilizadas em v\u00e1rias aplica\u00e7\u00f5es de servi\u00e7o pesado, incluindo equipamentos de processamento de alimentos, m\u00e1quinas de embalagem e sistemas de transporte. Elas tamb\u00e9m s\u00e3o utilizadas nas ind\u00fastrias t\u00eaxtil, de impress\u00e3o e tingimento, bem como nas ind\u00fastrias agr\u00edcola, qu\u00edmica e de minera\u00e7\u00e3o.<\/p>\n<p><img decoding=\"async\" src=\"https:\/\/images.hzpt.com\/2023\/01\/Applications-for-Roller-Chain-Sprockets-1.webp\" alt=\"Aplica\u00e7\u00f5es de rodas dentadas de corrente de rolo\" \/><\/p>\n<h3>Classifica\u00e7\u00e3o<\/h3>\n<p>Rodas dentadas de corrente de rolo de nylon pl\u00e1stico podem ser classificadas em diferentes categorias com base em seu passo, material e tamanho. Elas est\u00e3o dispon\u00edveis em tamanhos ANSI variando de #25 a #80, e em materiais como UHMW, Nylatron ou Nylon. Outros materiais como Repro e Acetal tamb\u00e9m podem ser usados.<\/p>\n<h3>Vantagens<\/h3>\n<p>As rodas dentadas de corrente de rolo de nylon pl\u00e1stico t\u00eam in\u00fameras vantagens sobre suas contrapartes de metal. Elas t\u00eam alta resist\u00eancia ao desgaste e ao impacto, o que as torna dur\u00e1veis e duradouras. Elas tamb\u00e9m s\u00e3o autoalisadoras, o que reduz o atrito e estende sua vida \u00fatil. Al\u00e9m disso, elas t\u00eam um baixo coeficiente de conflito que permite sua ampla aplica\u00e7\u00e3o em casos de conflito.<\/p>\n<h3>Materiais dispon\u00edveis<\/h3>\n<p>As rodas dentadas de corrente de rolo de nylon pl\u00e1stico est\u00e3o dispon\u00edveis em uma variedade de materiais, incluindo UHMW, Nylatron ou Nylon. Esses materiais s\u00e3o aprovados pela FDA, altamente anticorrosivos e leves, tornando-os ideais para uso em v\u00e1rios setores.<\/p>\n<h3>Instala\u00e7\u00e3o, Manuten\u00e7\u00e3o e Reparo<\/h3>\n<p>Ao instalar rodas dentadas de nylon pl\u00e1stico, \u00e9 importante seguir atentamente as instru\u00e7\u00f5es do fabricante. A instala\u00e7\u00e3o correta garantir\u00e1 o desempenho ideal e a m\u00e1xima vida \u00fatil. A manuten\u00e7\u00e3o tamb\u00e9m \u00e9 essencial para manter as rodas dentadas em boas condi\u00e7\u00f5es. A limpeza e a lubrifica\u00e7\u00e3o regulares ajudam a prevenir o desgaste. Se uma roda dentada precisar ser reparada ou substitu\u00edda, \u00e9 melhor consultar um profissional.<\/p>\n<h2>Outros tipos de rodas dentadas de pl\u00e1stico<\/h2>\n<p>As rodas dentadas de pl\u00e1stico v\u00eam em diferentes tipos, incluindo rodas dentadas de corrente de rolo de pl\u00e1stico, rodas dentadas de corrente de rolo m\u00e9trico de pl\u00e1stico, rodas dentadas intermedi\u00e1rias, rodas dentadas de classe de engenharia de pl\u00e1stico, rodas dentadas de passo duplo de pl\u00e1stico e rodas dentadas de transportador de topo plano de pl\u00e1stico. Cada tipo \u00e9 projetado para aplica\u00e7\u00f5es espec\u00edficas, e todos eles oferecem vantagens semelhantes \u00e0s rodas dentadas de corrente de rolo de nylon de pl\u00e1stico.<\/p>\n<p><img decoding=\"async\" src=\"https:\/\/images.hzpt.com\/2022\/12\/sprocket-suppliers.webp\" alt=\"Fornecedores de rodas dentadas\" \/><\/p>\n<h2>Perguntas e Respostas<\/h2>\n<h3>P: O que s\u00e3o rodas dentadas de corrente de rolo de nylon pl\u00e1stico?<\/h3>\n<p>A: Rodas dentadas de corrente de rolo de nylon pl\u00e1stico s\u00e3o componentes de transmiss\u00e3o de energia usados em v\u00e1rias ind\u00fastrias. Elas s\u00e3o projetadas para funcionar mais silenciosamente, produzir uma vida \u00fatil mais longa em correntes de rolo e s\u00e3o altamente anticorrosivas.<\/p>\n<h3>P: Quais s\u00e3o as vantagens das rodas dentadas de corrente de rolo de nylon pl\u00e1stico em rela\u00e7\u00e3o \u00e0s rodas dentadas de metal?<\/h3>\n<p>A: As rodas dentadas de corrente de rolo de nylon pl\u00e1stico t\u00eam alta resist\u00eancia ao desgaste e ao impacto, s\u00e3o autoalisadoras, t\u00eam baixo coeficiente de conflito e s\u00e3o altamente anticorrosivas e leves. Al\u00e9m disso, elas funcionam mais silenciosamente e produzem uma vida \u00fatil mais longa nas correntes de rolo.<\/p>\n<h3>P: Em quais materiais as rodas dentadas de corrente de rolo de pl\u00e1stico e n\u00e1ilon est\u00e3o dispon\u00edveis?<\/h3>\n<p>A: As rodas dentadas de corrente de rolo de nylon pl\u00e1stico est\u00e3o dispon\u00edveis em UHMW, Nylatron ou Nylon. Outros materiais como Repro e Acetal tamb\u00e9m podem ser usados.<\/p>\n<h3>P: Em quais ind\u00fastrias as rodas dentadas de corrente de rolo de pl\u00e1stico e n\u00e1ilon s\u00e3o usadas?<\/h3>\n<p>A: As rodas dentadas de corrente de rolo de nylon pl\u00e1stico s\u00e3o amplamente utilizadas em v\u00e1rias aplica\u00e7\u00f5es de servi\u00e7o pesado, incluindo equipamentos de processamento de alimentos, m\u00e1quinas de embalagem e sistemas de transporte. Elas tamb\u00e9m s\u00e3o utilizadas nas ind\u00fastrias t\u00eaxtil, de impress\u00e3o e tingimento, bem como nas ind\u00fastrias agr\u00edcola, qu\u00edmica e de minera\u00e7\u00e3o.<\/p>\n<h3>P: Como fa\u00e7o para instalar, manter e reparar rodas dentadas de corrente de rolo de n\u00e1ilon de pl\u00e1stico?<\/h3>\n<p>R: A instala\u00e7\u00e3o adequada \u00e9 essencial para desempenho ideal e vida \u00fatil m\u00e1xima. Limpeza e lubrifica\u00e7\u00e3o regulares tamb\u00e9m s\u00e3o importantes para manuten\u00e7\u00e3o. Se uma roda dentada precisar ser reparada ou substitu\u00edda, \u00e9 melhor consultar um profissional.<\/p>\n<p style=\"color:red;\">Aviso Legal: Todo o conte\u00fado da p\u00e1gina vem da Internet, e o conte\u00fado \u00e9 usado apenas como refer\u00eancia para sele\u00e7\u00e3o de produtos. Nossos produtos s\u00e3o acess\u00f3rios e n\u00e3o pe\u00e7as de reposi\u00e7\u00e3o originais; n\u00e3o somos detentores da marca registrada original do conte\u00fado. Nossos produtos s\u00e3o adequados apenas para acess\u00f3rios de reposi\u00e7\u00e3o e n\u00e3o para pe\u00e7as de reposi\u00e7\u00e3o originais. Nossos acess\u00f3rios podem se encaixar perfeitamente nas pe\u00e7as de reposi\u00e7\u00e3o originais; se voc\u00ea precisar comprar pe\u00e7as de reposi\u00e7\u00e3o originais, entre em contato com a f\u00e1brica original para comprar.<\/p>\n<p>Autor: lmc<\/p>","protected":false},"excerpt":{"rendered":"<p>Plastic Nylon Roller Chain Sprockets Plastic Nylon Roller Chain Sprockets are a premier power transmission component that is widely used in various industries. They are specifically designed to run quieter, produce a longer wear life on roller chains, and are highly anti-corrosive. In addition, they are extremely lightweight, highly impact-resistant, and FDA approved. Usage Scenarios [&hellip;]<\/p>","protected":false},"featured_media":6613,"template":"","meta":{"_et_pb_use_builder":"","_et_pb_old_content":"","_et_gb_content_width":""},"product_brand":[],"product_cat":[11348],"product_tag":[],"class_list":{"0":"post-6616","1":"product","2":"type-product","3":"status-publish","4":"has-post-thumbnail","6":"product_cat-plastic-sprocket","8":"first","9":"instock","10":"shipping-taxable","11":"product-type-simple"},"_links":{"self":[{"href":"https:\/\/agricultural-gear-boxes.com\/pt\/wp-json\/wp\/v2\/product\/6616","targetHints":{"allow":["GET"]}}],"collection":[{"href":"https:\/\/agricultural-gear-boxes.com\/pt\/wp-json\/wp\/v2\/product"}],"about":[{"href":"https:\/\/agricultural-gear-boxes.com\/pt\/wp-json\/wp\/v2\/types\/product"}],"wp:featuredmedia":[{"embeddable":true,"href":"https:\/\/agricultural-gear-boxes.com\/pt\/wp-json\/wp\/v2\/media\/6613"}],"wp:attachment":[{"href":"https:\/\/agricultural-gear-boxes.com\/pt\/wp-json\/wp\/v2\/media?parent=6616"}],"wp:term":[{"taxonomy":"product_brand","embeddable":true,"href":"https:\/\/agricultural-gear-boxes.com\/pt\/wp-json\/wp\/v2\/product_brand?post=6616"},{"taxonomy":"product_cat","embeddable":true,"href":"https:\/\/agricultural-gear-boxes.com\/pt\/wp-json\/wp\/v2\/product_cat?post=6616"},{"taxonomy":"product_tag","embeddable":true,"href":"https:\/\/agricultural-gear-boxes.com\/pt\/wp-json\/wp\/v2\/product_tag?post=6616"}],"curies":[{"name":"wp","href":"https:\/\/api.w.org\/{rel}","templated":true}]}}