{"id":6617,"date":"2024-11-14T05:51:03","date_gmt":"2024-11-14T05:51:03","guid":{"rendered":"https:\/\/agricultural-gear-boxes.com\/product\/plastic-sprockets\/"},"modified":"2024-11-14T05:51:04","modified_gmt":"2024-11-14T05:51:04","slug":"plastic-sprockets","status":"publish","type":"product","link":"https:\/\/agricultural-gear-boxes.com\/pt\/product\/plastic-sprockets\/","title":{"rendered":"Rodas dentadas de pl\u00e1stico"},"content":{"rendered":"<h2>Rodas dentadas de pl\u00e1stico para uso industrial<\/h2>\n<p>As rodas dentadas de pl\u00e1stico ganharam muita popularidade devido \u00e0s suas propriedades leves e dur\u00e1veis. Essas rodas dentadas n\u00e3o s\u00e3o apenas fortes, mas tamb\u00e9m oferecem melhor resist\u00eancia \u00e0 corros\u00e3o, desgaste e rasgos. Elas t\u00eam uma vida \u00fatil mais longa e exigem menos manuten\u00e7\u00e3o do que as rodas dentadas de metal.<\/p>\n<h3>Aplica\u00e7\u00f5es de rodas dentadas de pl\u00e1stico<\/h3>\n<p>Rodas dentadas de pl\u00e1stico s\u00e3o comumente usadas em v\u00e1rias aplica\u00e7\u00f5es industriais, como sistemas de transporte, m\u00e1quinas de embalagem e impressoras. Elas tamb\u00e9m s\u00e3o usadas na ind\u00fastria de alimentos e bebidas, onde a higiene \u00e9 uma prioridade m\u00e1xima. Rodas dentadas de pl\u00e1stico s\u00e3o uma excelente escolha para aplica\u00e7\u00f5es onde a exposi\u00e7\u00e3o \u00e0 umidade e produtos qu\u00edmicos \u00e9 alta.<\/p>\n<p><img decoding=\"async\" src=\"https:\/\/images.hzpt.com\/2023\/01\/Applications-for-Roller-Chain-Sprockets-1.webp\" alt=\"Rodas dentadas de pl\u00e1stico em uso industrial\"><\/p>\n<h3>Vantagens das rodas dentadas de pl\u00e1stico<\/h3>\n<ul>\n<li>Leve<\/li>\n<li>Resistente \u00e0 corros\u00e3o<\/li>\n<li>Resistente ao desgaste<\/li>\n<li>Baixa manuten\u00e7\u00e3o<\/li>\n<li>Alta resist\u00eancia<\/li>\n<\/ul>\n<h3>Materiais usados para rodas dentadas de pl\u00e1stico<\/h3>\n<p>Rodas dentadas de pl\u00e1stico s\u00e3o geralmente feitas de pl\u00e1sticos de engenharia de alta qualidade, como nylon, acetal e polietileno. Esses materiais oferecem excelentes propriedades mec\u00e2nicas, tornando-os ideais para uso em aplica\u00e7\u00f5es industriais.<\/p>\n<h3>Instala\u00e7\u00e3o, manuten\u00e7\u00e3o e reparo de rodas dentadas de pl\u00e1stico<\/h3>\n<ul>\n<li>Instala\u00e7\u00e3o: Rodas dentadas de pl\u00e1stico podem ser facilmente instaladas usando fixadores padr\u00e3o. \u00c9 essencial garantir que os dentes da roda dentada se encaixem corretamente na corrente.<\/li>\n<li>Manuten\u00e7\u00e3o: Rodas dentadas de pl\u00e1stico exigem manuten\u00e7\u00e3o m\u00ednima. Limpeza e inspe\u00e7\u00e3o regulares s\u00e3o recomendadas para garantir seu desempenho ideal.<\/li>\n<li>Reparo: Em caso de danos, as rodas dentadas de pl\u00e1stico podem ser reparadas por soldagem ou colagem adesiva. No entanto, \u00e9 aconselh\u00e1vel substitu\u00ed-las se o dano for grave.<\/li>\n<li>Substitui\u00e7\u00e3o: Para substituir uma roda dentada de pl\u00e1stico, solte os fixadores e remova a roda dentada antiga do eixo. Em seguida, coloque a nova roda dentada no eixo e prenda-a firmemente.<\/li>\n<\/ul>\n<h2>Outras engrenagens pl\u00e1sticas industriais oferecidas por nossa empresa<\/h2>\n<p>Nossa empresa oferece uma ampla gama de engrenagens pl\u00e1sticas industriais, incluindo caixas de engrenagens agr\u00edcolas, eixos de sa\u00edda de pot\u00eancia, rodas dentadas, acoplamentos hidr\u00e1ulicos, redutores de engrenagem sem-fim, cremalheiras, correntes remov\u00edveis, polias e polias, caixas de engrenagens planet\u00e1rias, polias de sincroniza\u00e7\u00e3o, buchas e muito mais.<\/p>\n<p><img decoding=\"async\" src=\"https:\/\/images.hzpt.com\/2022\/12\/sprocket-suppliers.webp\" alt=\"Engrenagens Industriais de Pl\u00e1stico\"><\/p>\n<p>Temos orgulho em fornecer produtos de alta qualidade, pre\u00e7os preferenciais e excelente atendimento ao cliente. Os clientes s\u00e3o bem-vindos para personalizar seus pedidos com fotos e amostras.<\/p>\n<h2>Perguntas frequentes<\/h2>\n<h3>P1: Quais s\u00e3o as vantagens das rodas dentadas de pl\u00e1stico em rela\u00e7\u00e3o \u00e0s de metal?<\/h3>\n<p>A1: As rodas dentadas de pl\u00e1stico s\u00e3o leves, resistentes \u00e0 corros\u00e3o, ao desgaste e exigem manuten\u00e7\u00e3o m\u00ednima. Elas tamb\u00e9m oferecem melhor resist\u00eancia a produtos qu\u00edmicos e umidade do que as rodas dentadas de metal.<\/p>\n<h3>P2: Quais s\u00e3o as aplica\u00e7\u00f5es comuns de rodas dentadas de pl\u00e1stico?<\/h3>\n<p>A2: Rodas dentadas de pl\u00e1stico s\u00e3o comumente usadas em sistemas de transporte, m\u00e1quinas de embalagem, impressoras e na ind\u00fastria de alimentos e bebidas.<\/p>\n<h3>Q3: Quais materiais s\u00e3o usados para fazer rodas dentadas de pl\u00e1stico?<\/h3>\n<p>A3: As rodas dentadas de pl\u00e1stico geralmente s\u00e3o feitas de pl\u00e1sticos de engenharia de alta qualidade, como n\u00e1ilon, acetal e polietileno.<\/p>\n<h3>P4: Como posso instalar rodas dentadas de pl\u00e1stico?<\/h3>\n<p>A4: Rodas dentadas de pl\u00e1stico podem ser facilmente instaladas usando fixadores padr\u00e3o. Certifique-se de que os dentes da roda dentada se encaixem corretamente na corrente.<\/p>\n<h3>P5: As rodas dentadas de pl\u00e1stico podem ser reparadas?<\/h3>\n<p>A5: Sim, rodas dentadas de pl\u00e1stico podem ser reparadas por soldagem ou colagem adesiva. No entanto, \u00e9 aconselh\u00e1vel substitu\u00ed-las se o dano for grave.<\/p>\n<p style=\"color:red\">Aviso Legal: Todo o conte\u00fado desta p\u00e1gina \u00e9 apenas para refer\u00eancia. Nossos produtos s\u00e3o acess\u00f3rios e n\u00e3o pe\u00e7as de reposi\u00e7\u00e3o originais. N\u00e3o somos detentores da marca registrada original do conte\u00fado. Nossos acess\u00f3rios s\u00e3o adequados para acess\u00f3rios de reposi\u00e7\u00e3o e podem se encaixar perfeitamente nas pe\u00e7as de reposi\u00e7\u00e3o originais. Se voc\u00ea precisar comprar pe\u00e7as de reposi\u00e7\u00e3o originais, entre em contato com a f\u00e1brica original para comprar.<\/p>\n<p>Autor: lmc<\/p>","protected":false},"excerpt":{"rendered":"<p>Plastic Sprockets for Industrial Use Plastic sprockets have gained a lot of popularity due to their lightweight and durable properties. These sprockets are not only strong but also offer better resistance to corrosion, wear, and tear. They have a longer service life and require less maintenance than metal sprockets. Applications of Plastic Sprockets Plastic sprockets [&hellip;]<\/p>","protected":false},"featured_media":6612,"template":"","meta":{"_et_pb_use_builder":"","_et_pb_old_content":"","_et_gb_content_width":""},"product_brand":[],"product_cat":[11348],"product_tag":[],"class_list":{"0":"post-6617","1":"product","2":"type-product","3":"status-publish","4":"has-post-thumbnail","6":"product_cat-plastic-sprocket","8":"first","9":"instock","10":"shipping-taxable","11":"product-type-simple"},"_links":{"self":[{"href":"https:\/\/agricultural-gear-boxes.com\/pt\/wp-json\/wp\/v2\/product\/6617","targetHints":{"allow":["GET"]}}],"collection":[{"href":"https:\/\/agricultural-gear-boxes.com\/pt\/wp-json\/wp\/v2\/product"}],"about":[{"href":"https:\/\/agricultural-gear-boxes.com\/pt\/wp-json\/wp\/v2\/types\/product"}],"wp:featuredmedia":[{"embeddable":true,"href":"https:\/\/agricultural-gear-boxes.com\/pt\/wp-json\/wp\/v2\/media\/6612"}],"wp:attachment":[{"href":"https:\/\/agricultural-gear-boxes.com\/pt\/wp-json\/wp\/v2\/media?parent=6617"}],"wp:term":[{"taxonomy":"product_brand","embeddable":true,"href":"https:\/\/agricultural-gear-boxes.com\/pt\/wp-json\/wp\/v2\/product_brand?post=6617"},{"taxonomy":"product_cat","embeddable":true,"href":"https:\/\/agricultural-gear-boxes.com\/pt\/wp-json\/wp\/v2\/product_cat?post=6617"},{"taxonomy":"product_tag","embeddable":true,"href":"https:\/\/agricultural-gear-boxes.com\/pt\/wp-json\/wp\/v2\/product_tag?post=6617"}],"curies":[{"name":"wp","href":"https:\/\/api.w.org\/{rel}","templated":true}]}}