{"id":6619,"date":"2024-11-14T05:51:04","date_gmt":"2024-11-14T05:51:04","guid":{"rendered":"https:\/\/agricultural-gear-boxes.com\/product\/35-plastic-sprockets\/"},"modified":"2024-11-14T05:51:04","modified_gmt":"2024-11-14T05:51:04","slug":"35-plastic-sprockets","status":"publish","type":"product","link":"https:\/\/agricultural-gear-boxes.com\/pt\/product\/35-plastic-sprockets\/","title":{"rendered":"#35 Rodas dentadas de pl\u00e1stico"},"content":{"rendered":"<h2>Rodas dentadas de pl\u00e1stico para componentes de transmiss\u00e3o de pot\u00eancia<\/h2>\n<p>Rodas dentadas de pl\u00e1stico s\u00e3o um componente essencial de sistemas de transmiss\u00e3o de energia usados em v\u00e1rias ind\u00fastrias. Elas s\u00e3o usadas para transferir movimento rotativo de um eixo para outro usando uma corrente de rolos. Rodas dentadas de pl\u00e1stico s\u00e3o amplamente usadas em ind\u00fastrias como processamento de alimentos, bebidas, embalagens e fabrica\u00e7\u00e3o de papel por causa de seus benef\u00edcios. Elas fornecem opera\u00e7\u00e3o mais silenciosa, melhor vida \u00fatil, alta resist\u00eancia ao impacto e s\u00e3o altamente anticorrosivas. Ao contr\u00e1rio das rodas dentadas de a\u00e7o, as rodas dentadas de pl\u00e1stico t\u00eam uma deflex\u00e3o de dente muito maior, o que significa que v\u00e1rios dentes suportar\u00e3o a carga da corrente de rolos. Com v\u00e1rios dentes em contato, a capacidade de carga da roda dentada corresponde aproximadamente \u00e0 carga de trabalho total da corrente, tornando-a uma escolha ideal para opera\u00e7\u00f5es pesadas.<\/p>\n<h3>Aplica\u00e7\u00f5es para rodas dentadas de corrente de rolos<\/h3>\n<p>As rodas dentadas de corrente de rolos de pl\u00e1stico s\u00e3o usadas em uma ampla variedade de aplica\u00e7\u00f5es, incluindo:<\/p>\n<ul>\n<li>Sistemas de transporte<\/li>\n<li>Equipamento de embalagem<\/li>\n<li>M\u00e1quinas para fabrica\u00e7\u00e3o de papel<\/li>\n<li>M\u00e1quinas de processamento de alimentos<\/li>\n<li>Equipamento para engarrafamento de bebidas<\/li>\n<li>Equipamento de movimenta\u00e7\u00e3o de materiais<\/li>\n<\/ul>\n<p><img loading=\"lazy\" decoding=\"async\" class=\"alignleft size-full wp-image-381114\" src=\"https:\/\/www.ever-power.net\/wp-content\/uploads\/2022\/06\/Plastic-Roller-Chain-Sprockets-3-1.jpg\" alt=\"Rodas dentadas de corrente de rolo de pl\u00e1stico\" width=\"400\" height=\"400\"\/><\/p>\n<h3>Hist\u00f3rico e classifica\u00e7\u00e3o do produto<\/h3>\n<p>Rodas dentadas de pl\u00e1stico s\u00e3o utilizadas em diversos setores h\u00e1 muitos anos. Elas s\u00e3o classificadas com base em seu tamanho, passo, n\u00famero de dentes e material. Os tipos mais comuns de rodas dentadas de pl\u00e1stico s\u00e3o as de tamanho ANSI #25 \u2013 #80, UHMW, Nylatron e Nylon. Outros materiais, como Repro e Acetal, tamb\u00e9m podem ser utilizados. As rodas dentadas de pl\u00e1stico est\u00e3o dispon\u00edveis em diferentes tipos, incluindo as m\u00e9tricas, de passo duplo, duplex, de engenharia e as personalizadas.<\/p>\n<h3>Vantagens das rodas dentadas de pl\u00e1stico<\/h3>\n<ul>\n<li>Leve<\/li>\n<li>Altamente anticorrosivo<\/li>\n<li>Alta resist\u00eancia ao impacto<\/li>\n<li>Funcionam mais silenciosamente do que as rodas dentadas de a\u00e7o<\/li>\n<li>Produz uma vida \u00fatil muito melhor na corrente de rolos<\/li>\n<li>Aprovado pela FDA<\/li>\n<\/ul>\n<h3>Materiais de produtos dispon\u00edveis<\/h3>\n<ul>\n<li>UHMW<\/li>\n<li>Nilatron<\/li>\n<li>Nylon<\/li>\n<li>Reprodu\u00e7\u00e3o<\/li>\n<li>Acetal<\/li>\n<\/ul>\n<h3>Instala\u00e7\u00e3o, Manuten\u00e7\u00e3o e Reparo<\/h3>\n<p>Para instalar rodas dentadas de pl\u00e1stico, voc\u00ea precisar\u00e1 seguir atentamente as instru\u00e7\u00f5es do fabricante. \u00c9 essencial garantir que a corrente de rolos e as rodas dentadas estejam devidamente alinhadas e lubrificadas para evitar desgaste e danos prematuros. A manuten\u00e7\u00e3o das rodas dentadas de pl\u00e1stico envolve limpeza e inspe\u00e7\u00e3o regulares para verificar se h\u00e1 desgaste e danos. Em caso de danos, recomenda-se a substitui\u00e7\u00e3o imediata da roda dentada para evitar maiores danos \u00e0 corrente. O reparo de rodas dentadas de pl\u00e1stico n\u00e3o \u00e9 recomendado, pois pode comprometer a integridade da roda dentada, levando \u00e0 sua falha.<\/p>\n<h3>Substitui\u00e7\u00e3o<\/h3>\n<p>Ao substituir rodas dentadas de pl\u00e1stico, \u00e9 essencial selecionar o tamanho correto da roda dentada, passo, contagem de dentes e material. Tamb\u00e9m \u00e9 essencial garantir que a nova roda dentada corresponda \u00e0s especifica\u00e7\u00f5es da roda dentada antiga para garantir a opera\u00e7\u00e3o adequada do sistema de transmiss\u00e3o de energia.<\/p>\n<h2>Nossos outros produtos<\/h2>\n<p>Somos um fornecedor premier de v\u00e1rias engrenagens pl\u00e1sticas industriais, incluindo caixas de engrenagens agr\u00edcolas, eixos de sa\u00edda de pot\u00eancia, rodas dentadas, acoplamentos hidr\u00e1ulicos, redutores de engrenagem sem-fim, cremalheiras de engrenagens, correntes remov\u00edveis, polias e polias, caixas de engrenagens planet\u00e1rias, polias de sincroniza\u00e7\u00e3o, buchas, etc. Temos orgulho em fornecer produtos de alta qualidade a um pre\u00e7o razo\u00e1vel com atendimento ao cliente excepcional. Damos as boas-vindas aos clientes para entrar em contato conosco para designs personalizados usando fotos e amostras.<\/p>\n<p><img loading=\"lazy\" decoding=\"async\" class=\"alignleft size-full wp-image-381115\" src=\"https:\/\/images.hzpt.com\/2022\/12\/sprocket-suppliers.webp\" alt=\"Fornecedores de rodas dentadas\" width=\"400\" height=\"400\"\/><\/p>\n<h2>Perguntas e Respostas<\/h2>\n<h3>1. O que s\u00e3o rodas dentadas de pl\u00e1stico?<\/h3>\n<p>Rodas dentadas de pl\u00e1stico s\u00e3o componentes essenciais de sistemas de transmiss\u00e3o de energia que s\u00e3o usados para transferir movimento rotativo de um eixo para outro usando uma corrente de rolos. Elas s\u00e3o feitas de materiais UHMW, Nylatron, Nylon, Repro ou Acetal e s\u00e3o altamente anticorrosivas e t\u00eam alta resist\u00eancia ao impacto.<\/p>\n<h3>2. Quais s\u00e3o os benef\u00edcios de usar rodas dentadas de pl\u00e1stico?<\/h3>\n<p>Rodas dentadas de pl\u00e1stico proporcionam opera\u00e7\u00e3o mais silenciosa, melhor vida \u00fatil, alta resist\u00eancia a impactos e s\u00e3o altamente anticorrosivas. Elas t\u00eam uma deflex\u00e3o de dentes muito maior do que rodas dentadas de a\u00e7o, o que significa que v\u00e1rios dentes suportar\u00e3o a carga da corrente de rolos.<\/p>\n<h3>3. Quais s\u00e3o os materiais de produtos dispon\u00edveis para rodas dentadas de pl\u00e1stico?<\/h3>\n<p>Os materiais de produtos dispon\u00edveis para rodas dentadas de pl\u00e1stico incluem UHMW, Nylatron, Nylon, Repro e Acetal.<\/p>\n<h3>4. Como voc\u00ea instala e faz a manuten\u00e7\u00e3o das rodas dentadas de pl\u00e1stico?<\/h3>\n<p>Para instalar rodas dentadas de pl\u00e1stico, voc\u00ea precisar\u00e1 seguir atentamente as instru\u00e7\u00f5es do fabricante. \u00c9 essencial garantir que a corrente de rolos e as rodas dentadas estejam devidamente alinhadas e lubrificadas para evitar desgaste e danos prematuros. A manuten\u00e7\u00e3o das rodas dentadas de pl\u00e1stico envolve limpeza e inspe\u00e7\u00e3o regulares para verificar se h\u00e1 desgaste e danos.<\/p>\n<h3>5. Quais outros produtos sua empresa fornece?<\/h3>\n<p>N\u00f3s fornecemos diversas engrenagens pl\u00e1sticas industriais, incluindo caixas de engrenagens agr\u00edcolas, eixos de sa\u00edda de pot\u00eancia, rodas dentadas, acoplamentos hidr\u00e1ulicos, redutores de engrenagem sem-fim, cremalheiras, correntes remov\u00edveis, polias e polias, caixas de engrenagens planet\u00e1rias, polias de sincroniza\u00e7\u00e3o, buchas, etc. Temos orgulho em fornecer produtos de alta qualidade a um pre\u00e7o razo\u00e1vel com atendimento ao cliente excepcional.<\/p>","protected":false},"excerpt":{"rendered":"<p>Plastic Sprockets for Power Transmission Components Plastic sprockets are an essential component of power transmission systems used in various industries. They are used to transfer rotary motion from one shaft to another using a roller chain. Plastic sprockets are widely used in industries such as food processing, beverage, packaging, and paper manufacturing because of their [&hellip;]<\/p>","protected":false},"featured_media":6610,"template":"","meta":{"_et_pb_use_builder":"","_et_pb_old_content":"","_et_gb_content_width":""},"product_brand":[],"product_cat":[11348],"product_tag":[],"class_list":{"0":"post-6619","1":"product","2":"type-product","3":"status-publish","4":"has-post-thumbnail","6":"product_cat-plastic-sprocket","8":"first","9":"instock","10":"shipping-taxable","11":"product-type-simple"},"_links":{"self":[{"href":"https:\/\/agricultural-gear-boxes.com\/pt\/wp-json\/wp\/v2\/product\/6619","targetHints":{"allow":["GET"]}}],"collection":[{"href":"https:\/\/agricultural-gear-boxes.com\/pt\/wp-json\/wp\/v2\/product"}],"about":[{"href":"https:\/\/agricultural-gear-boxes.com\/pt\/wp-json\/wp\/v2\/types\/product"}],"wp:featuredmedia":[{"embeddable":true,"href":"https:\/\/agricultural-gear-boxes.com\/pt\/wp-json\/wp\/v2\/media\/6610"}],"wp:attachment":[{"href":"https:\/\/agricultural-gear-boxes.com\/pt\/wp-json\/wp\/v2\/media?parent=6619"}],"wp:term":[{"taxonomy":"product_brand","embeddable":true,"href":"https:\/\/agricultural-gear-boxes.com\/pt\/wp-json\/wp\/v2\/product_brand?post=6619"},{"taxonomy":"product_cat","embeddable":true,"href":"https:\/\/agricultural-gear-boxes.com\/pt\/wp-json\/wp\/v2\/product_cat?post=6619"},{"taxonomy":"product_tag","embeddable":true,"href":"https:\/\/agricultural-gear-boxes.com\/pt\/wp-json\/wp\/v2\/product_tag?post=6619"}],"curies":[{"name":"wp","href":"https:\/\/api.w.org\/{rel}","templated":true}]}}