{"id":6620,"date":"2024-11-14T05:51:05","date_gmt":"2024-11-14T05:51:05","guid":{"rendered":"https:\/\/agricultural-gear-boxes.com\/product\/40-plastic-sprockets\/"},"modified":"2024-11-14T05:51:05","modified_gmt":"2024-11-14T05:51:05","slug":"40-plastic-sprockets","status":"publish","type":"product","link":"https:\/\/agricultural-gear-boxes.com\/pt\/product\/40-plastic-sprockets\/","title":{"rendered":"#40 Rodas dentadas de pl\u00e1stico"},"content":{"rendered":"<h2>Rodas Dentadas de Pl\u00e1stico \u2013 Melhorando a Efici\u00eancia da Transmiss\u00e3o de Pot\u00eancia<\/h2>\n<p>As rodas dentadas de pl\u00e1stico revolucionaram os sistemas de transmiss\u00e3o de energia com seu desempenho e versatilidade not\u00e1veis. Em nossa empresa, temos orgulho de ser um fornecedor l\u00edder de componentes de transmiss\u00e3o de energia de pl\u00e1stico, incluindo uma ampla gama de rodas dentadas de pl\u00e1stico. Nossas rodas dentadas de pl\u00e1stico est\u00e3o dispon\u00edveis em tamanhos ANSI que variam de #25 a #80, e podem ser fabricadas usando v\u00e1rios materiais como UHMW, Nylatron, Nylon, Repro e Acetal. Al\u00e9m disso, oferecemos rodas dentadas personalizadas para atender \u00e0s suas necessidades exclusivas.<\/p>\n<p>Quando se trata de escolher rodas dentadas de corrente de rolos de pl\u00e1stico, h\u00e1 v\u00e1rias vantagens not\u00e1veis. Primeiro, essas rodas dentadas operam silenciosamente, garantindo um ambiente de trabalho mais silencioso. Al\u00e9m disso, elas oferecem vida \u00fatil excepcional para a corrente de rolos, gra\u00e7as ao seu design que permite que v\u00e1rios dentes compartilhem a carga. Com essa deflex\u00e3o aumentada dos dentes, a capacidade de carga da roda dentada corresponde \u00e0 carga de trabalho total da corrente.<\/p>\n<p>Uma das principais caracter\u00edsticas de nossas rodas dentadas de pl\u00e1stico \u00e9 sua alta resist\u00eancia \u00e0 corros\u00e3o, tornando-as ideais para aplica\u00e7\u00f5es em ambientes severos. Al\u00e9m disso, essas rodas dentadas s\u00e3o incrivelmente leves, permitindo transmiss\u00e3o de pot\u00eancia eficiente sem adicionar peso desnecess\u00e1rio ao sistema. Elas tamb\u00e9m apresentam excelente resist\u00eancia ao impacto e s\u00e3o aprovadas pela FDA para uso em ind\u00fastrias que exigem componentes de grau aliment\u00edcio.<\/p>\n<p>Nosso estoque de rodas dentadas de pl\u00e1stico #40 reflete a qualidade e a variedade que oferecemos. Aqui est\u00e3o as especifica\u00e7\u00f5es:<\/p>\n<table border=\"1\">\n<thead>\n<tr>\n<th>Tamanho da roda dentada<\/th>\n<th>Contagem de dentes<\/th>\n<th>Material<\/th>\n<th>Di\u00e2metro do passo<\/th>\n<th>Furo de estoque<\/th>\n<th>Comprimento atrav\u00e9s do furo<\/th>\n<\/tr>\n<\/thead>\n<tbody>\n<tr>\n<td><b>40B9<\/b><\/td>\n<td>9<\/td>\n<td>Nilatron<\/td>\n<td>1.462&#8243;<\/td>","protected":false},"excerpt":{"rendered":"<p>Plastic Sprockets &#8211; Enhancing Power Transmission Efficiency Plastic sprockets have revolutionized power transmission systems with their remarkable performance and versatility. At our company, we take pride in being a premier supplier of plastic power transmission components, including a wide range of plastic sprockets. Our plastic sprockets are available in ANSI sizes ranging from #25 to [&hellip;]<\/p>","protected":false},"featured_media":6609,"template":"","meta":{"_et_pb_use_builder":"","_et_pb_old_content":"","_et_gb_content_width":""},"product_brand":[],"product_cat":[11348],"product_tag":[],"class_list":{"0":"post-6620","1":"product","2":"type-product","3":"status-publish","4":"has-post-thumbnail","6":"product_cat-plastic-sprocket","8":"first","9":"instock","10":"shipping-taxable","11":"product-type-simple"},"_links":{"self":[{"href":"https:\/\/agricultural-gear-boxes.com\/pt\/wp-json\/wp\/v2\/product\/6620","targetHints":{"allow":["GET"]}}],"collection":[{"href":"https:\/\/agricultural-gear-boxes.com\/pt\/wp-json\/wp\/v2\/product"}],"about":[{"href":"https:\/\/agricultural-gear-boxes.com\/pt\/wp-json\/wp\/v2\/types\/product"}],"wp:featuredmedia":[{"embeddable":true,"href":"https:\/\/agricultural-gear-boxes.com\/pt\/wp-json\/wp\/v2\/media\/6609"}],"wp:attachment":[{"href":"https:\/\/agricultural-gear-boxes.com\/pt\/wp-json\/wp\/v2\/media?parent=6620"}],"wp:term":[{"taxonomy":"product_brand","embeddable":true,"href":"https:\/\/agricultural-gear-boxes.com\/pt\/wp-json\/wp\/v2\/product_brand?post=6620"},{"taxonomy":"product_cat","embeddable":true,"href":"https:\/\/agricultural-gear-boxes.com\/pt\/wp-json\/wp\/v2\/product_cat?post=6620"},{"taxonomy":"product_tag","embeddable":true,"href":"https:\/\/agricultural-gear-boxes.com\/pt\/wp-json\/wp\/v2\/product_tag?post=6620"}],"curies":[{"name":"wp","href":"https:\/\/api.w.org\/{rel}","templated":true}]}}