{"id":6621,"date":"2024-11-14T05:51:05","date_gmt":"2024-11-14T05:51:05","guid":{"rendered":"https:\/\/agricultural-gear-boxes.com\/product\/50-plastic-sprockets\/"},"modified":"2024-11-14T05:51:05","modified_gmt":"2024-11-14T05:51:05","slug":"50-plastic-sprockets","status":"publish","type":"product","link":"https:\/\/agricultural-gear-boxes.com\/pt\/product\/50-plastic-sprockets\/","title":{"rendered":"#50 Rodas dentadas de pl\u00e1stico"},"content":{"rendered":"<h2>Rodas Dentadas de Pl\u00e1stico para Transmiss\u00e3o de Pot\u00eancia<\/h2>\n<p>Rodas dentadas de pl\u00e1stico s\u00e3o componentes essenciais em sistemas de transmiss\u00e3o de energia. Elas oferecem v\u00e1rias vantagens sobre as rodas dentadas de a\u00e7o tradicionais, tornando-as uma escolha popular em v\u00e1rios setores. Em nossa empresa, temos orgulho de ser um fornecedor premier de componentes de transmiss\u00e3o de energia de pl\u00e1stico de alta qualidade, incluindo rodas dentadas de pl\u00e1stico.<\/p>\n<h3>Vis\u00e3o geral<\/h3>\n<p>Nossas rodas dentadas de pl\u00e1stico est\u00e3o dispon\u00edveis em tamanhos ANSI que variam de #25 a #80. Elas s\u00e3o fabricadas usando materiais de alta qualidade, como UHMW, Nylatron, Nylon, Repro e Acetal. Al\u00e9m disso, temos a capacidade de produzir rodas dentadas m\u00e9tricas, de passo duplo, duplex, de classe de engenharia e projetadas sob medida para atender a requisitos espec\u00edficos.<\/p>\n<h3>Benef\u00edcios<\/h3>\n<p>O uso de rodas dentadas de corrente de rolos de pl\u00e1stico oferece v\u00e1rios benef\u00edcios em compara\u00e7\u00e3o \u00e0s rodas dentadas de a\u00e7o:<\/p>\n<ul>\n<li>Opera\u00e7\u00e3o mais silenciosa<\/li>\n<li>Maior vida \u00fatil da corrente de rolos<\/li>\n<li>Altamente anticorrosivo<\/li>\n<li>Extremamente leve<\/li>\n<li>Alta resist\u00eancia ao impacto<\/li>\n<li>Aprovado pela FDA para aplica\u00e7\u00f5es seguras em alimentos<\/li>\n<\/ul>\n<p>Essas vantagens fazem das rodas dentadas de pl\u00e1stico uma excelente escolha para ind\u00fastrias onde a redu\u00e7\u00e3o de ru\u00eddo, a resist\u00eancia \u00e0 corros\u00e3o e os componentes leves s\u00e3o cruciais.<\/p>\n<p><img loading=\"lazy\" decoding=\"async\" class=\"alignleft size-full wp-image-381117\" src=\"https:\/\/www.ever-power.net\/wp-content\/uploads\/2022\/06\/Plastic-Roller-Chain-Sprockets-1-2.jpg\" alt=\"\" width=\"245\" height=\"245\" \/><\/p>\n<h2>Cen\u00e1rios de uso<\/h2>\n<figure>\n  <img decoding=\"async\" src=\"https:\/\/images.hzpt.com\/2023\/01\/Applications-for-Roller-Chain-Sprockets-1.webp\" alt=\"\"><figcaption>Cen\u00e1rios de uso comum de rodas dentadas de pl\u00e1stico<\/figcaption><\/figure>\n<p>Rodas dentadas de pl\u00e1stico encontram aplica\u00e7\u00f5es em v\u00e1rios ambientes industriais. Aqui est\u00e3o alguns cen\u00e1rios de uso comuns:<\/p>\n<ul>\n<li>Sistemas de transporte<\/li>\n<li>Equipamento de movimenta\u00e7\u00e3o de materiais<\/li>\n<li>M\u00e1quinas de processamento de alimentos<\/li>\n<li>Maquinaria agr\u00edcola<\/li>\n<li>M\u00e1quinas de embalagem<\/li>\n<li>Linhas de produ\u00e7\u00e3o automatizadas<\/li>\n<\/ul>\n<p>Com suas excelentes caracter\u00edsticas de desempenho, as rodas dentadas de pl\u00e1stico garantem uma transmiss\u00e3o de pot\u00eancia suave e confi\u00e1vel nesses ambientes exigentes.<\/p>\n<h2>Detalhes do produto<\/h2>\n<h3>Hist\u00f3ria e Classifica\u00e7\u00e3o<\/h3>\n<p>As rodas dentadas de pl\u00e1stico t\u00eam uma longa hist\u00f3ria de uso bem-sucedido em v\u00e1rias ind\u00fastrias. Elas evolu\u00edram para atender aos requisitos espec\u00edficos de diferentes aplica\u00e7\u00f5es. Nossa gama de produtos inclui:<\/p>\n<ul>\n<li>Rodas dentadas de tamanho ANSI padr\u00e3o de #25 a #80<\/li>","protected":false},"excerpt":{"rendered":"<p>Plastic Sprockets for Power Transmission Plastic sprockets are essential components in power transmission systems. They offer several advantages over traditional steel sprockets, making them a popular choice in various industries. At our company, we pride ourselves on being a premier supplier of high-quality plastic power transmission components, including plastic sprockets. Overview Our plastic sprockets are [&hellip;]<\/p>","protected":false},"featured_media":6613,"template":"","meta":{"_et_pb_use_builder":"","_et_pb_old_content":"","_et_gb_content_width":""},"product_brand":[],"product_cat":[11348],"product_tag":[],"class_list":{"0":"post-6621","1":"product","2":"type-product","3":"status-publish","4":"has-post-thumbnail","6":"product_cat-plastic-sprocket","8":"first","9":"instock","10":"shipping-taxable","11":"product-type-simple"},"_links":{"self":[{"href":"https:\/\/agricultural-gear-boxes.com\/pt\/wp-json\/wp\/v2\/product\/6621","targetHints":{"allow":["GET"]}}],"collection":[{"href":"https:\/\/agricultural-gear-boxes.com\/pt\/wp-json\/wp\/v2\/product"}],"about":[{"href":"https:\/\/agricultural-gear-boxes.com\/pt\/wp-json\/wp\/v2\/types\/product"}],"wp:featuredmedia":[{"embeddable":true,"href":"https:\/\/agricultural-gear-boxes.com\/pt\/wp-json\/wp\/v2\/media\/6613"}],"wp:attachment":[{"href":"https:\/\/agricultural-gear-boxes.com\/pt\/wp-json\/wp\/v2\/media?parent=6621"}],"wp:term":[{"taxonomy":"product_brand","embeddable":true,"href":"https:\/\/agricultural-gear-boxes.com\/pt\/wp-json\/wp\/v2\/product_brand?post=6621"},{"taxonomy":"product_cat","embeddable":true,"href":"https:\/\/agricultural-gear-boxes.com\/pt\/wp-json\/wp\/v2\/product_cat?post=6621"},{"taxonomy":"product_tag","embeddable":true,"href":"https:\/\/agricultural-gear-boxes.com\/pt\/wp-json\/wp\/v2\/product_tag?post=6621"}],"curies":[{"name":"wp","href":"https:\/\/api.w.org\/{rel}","templated":true}]}}