{"id":6622,"date":"2024-11-14T05:51:05","date_gmt":"2024-11-14T05:51:05","guid":{"rendered":"https:\/\/agricultural-gear-boxes.com\/product\/60-plastic-sprockets\/"},"modified":"2024-11-14T05:51:06","modified_gmt":"2024-11-14T05:51:06","slug":"60-plastic-sprockets","status":"publish","type":"product","link":"https:\/\/agricultural-gear-boxes.com\/pt\/product\/60-plastic-sprockets\/","title":{"rendered":"#60 Rodas dentadas de pl\u00e1stico"},"content":{"rendered":"<h2>Rodas Dentadas de Pl\u00e1stico \u2013 Componentes de Transmiss\u00e3o de Pot\u00eancia de Alta Qualidade<\/h2>\n<p>Rodas dentadas de pl\u00e1stico s\u00e3o um componente essencial de transmiss\u00e3o de energia que fornece uma opera\u00e7\u00e3o suave e eficiente em diferentes aplica\u00e7\u00f5es industriais. Essas rodas dentadas s\u00e3o amplamente utilizadas em acionamentos de corrente de rolos, sistemas de transporte, m\u00e1quinas de embalagem e outros equipamentos especializados para manuseio de materiais, processamento de alimentos e opera\u00e7\u00f5es de embalagem.<\/p>\n<h3>Cen\u00e1rios de uso<\/h3>\n<p>As rodas dentadas de pl\u00e1stico s\u00e3o amplamente utilizadas em diversas aplica\u00e7\u00f5es, incluindo:<\/p>\n<ul>\n<li>Sistemas de transporte<\/li>\n<li>Maquinaria agr\u00edcola<\/li>\n<li>Equipamentos de processamento de alimentos<\/li>\n<li>Equipamento de movimenta\u00e7\u00e3o de materiais<\/li>\n<li>M\u00e1quinas de embalagem<\/li>\n<li>Ind\u00fastria automotiva<\/li>\n<\/ul>\n<p><img decoding=\"async\" src=\"https:\/\/images.hzpt.com\/2023\/01\/Applications-for-Roller-Chain-Sprockets-1.webp\" alt=\"Rodas dentadas de corrente de rolo em uso\"><\/p>\n<h3>Vantagens das rodas dentadas de pl\u00e1stico<\/h3>\n<ul>\n<li>Opera\u00e7\u00e3o mais silenciosa do que rodas dentadas de metal<\/li>\n<li>Maior vida \u00fatil da corrente de rolos<\/li>\n<li>Resistente \u00e0 corros\u00e3o e leve<\/li>\n<li>Alta resist\u00eancia ao impacto e aprovado pela FDA<\/li>\n<li>Maior deflex\u00e3o dos dentes do que as rodas dentadas de a\u00e7o padr\u00e3o<\/li>\n<li>Dispon\u00edvel em diferentes materiais<\/li>\n<li>Rodas dentadas personalizadas dispon\u00edveis<\/li>\n<\/ul>\n<h3>Materiais<\/h3>\n<p>Nossas rodas dentadas de pl\u00e1stico est\u00e3o dispon\u00edveis em diferentes materiais, incluindo:<\/p>\n<ul>\n<li>UHMW<\/li>\n<li>Nilatron<\/li>\n<li>Nylon<\/li>\n<li>Reprodu\u00e7\u00e3o<\/li>\n<li>Acetal<\/li>\n<\/ul>\n<h3>Instala\u00e7\u00e3o, Manuten\u00e7\u00e3o e Reparo<\/h3>\n<p>Instalar, manter e reparar rodas dentadas de pl\u00e1stico \u00e9 simples e f\u00e1cil. Siga estas etapas:<\/p>\n<ol>\n<li>Limpe a roda dentada e a corrente de rolos antes da instala\u00e7\u00e3o.<\/li>\n<li>Verifique o alinhamento da roda dentada e ajuste-a se necess\u00e1rio.<\/li>\n<li>Fixe a roda dentada firmemente no eixo usando parafusos ou parafusos de fixa\u00e7\u00e3o.<\/li>\n<li>Verifique regularmente se h\u00e1 desgaste, danos e sinais de fadiga.<\/li>\n<li>Substitua a roda dentada se ela apresentar sinais de desgaste ou danos.<\/li>\n<\/ol>\n<h3>Produtos da empresa<\/h3>\n<p>Al\u00e9m de rodas dentadas de pl\u00e1stico, oferecemos uma ampla gama de engrenagens e componentes pl\u00e1sticos industriais, incluindo:<\/p>\n<ul>\n<li>Caixas de engrenagens agr\u00edcolas<\/li>\n<li>Eixos de sa\u00edda de pot\u00eancia<\/li>\n<li>Acoplamentos hidr\u00e1ulicos<\/li>\n<li>Redutores de engrenagem sem-fim<\/li>\n<li>Cremalheiras de engrenagens<\/li>\n<li>Correntes remov\u00edveis<\/li>\n<li>Polias e roldanas<\/li>\n<li>Caixas de engrenagens planet\u00e1rias<\/li>\n<li>Polias de sincroniza\u00e7\u00e3o<\/li>\n<li>Buchas<\/li>\n<\/ul>\n<p><img decoding=\"async\" src=\"https:\/\/images.hzpt.com\/2022\/12\/sprocket-suppliers.webp\" alt=\"Fornecedores de rodas dentadas\"><\/p>\n<h2>Perguntas frequentes<\/h2>\n<h3>P1: Quais s\u00e3o os diferentes materiais dispon\u00edveis para rodas dentadas de pl\u00e1stico?<\/h3>\n<p>R: Nossas rodas dentadas de pl\u00e1stico est\u00e3o dispon\u00edveis em UHMW, Nylatron, Nylon, Repro e Acetal.<\/p>\n<h3>P2: Quais s\u00e3o as vantagens de usar rodas dentadas de pl\u00e1stico?<\/h3>\n<p>R: As rodas dentadas de pl\u00e1stico funcionam de forma mais silenciosa, produzem maior vida \u00fatil na corrente de rolos, s\u00e3o altamente anticorrosivas, leves, t\u00eam alta resist\u00eancia a impactos e s\u00e3o aprovadas pela FDA.<\/p>\n<h3>Q3: Qual \u00e9 a capacidade de carga das rodas dentadas de pl\u00e1stico?<\/h3>\n<p>R: A capacidade de carga das rodas dentadas de pl\u00e1stico corresponde aproximadamente \u00e0 carga total de trabalho da corrente.<\/p>\n<h3>Q4: Como instalo rodas dentadas de pl\u00e1stico?<\/h3>\n<p>R: Para instalar rodas dentadas de pl\u00e1stico, limpe a roda dentada e a corrente de rolos antes da instala\u00e7\u00e3o, verifique o alinhamento da roda dentada e ajuste-a se necess\u00e1rio, prenda-a firmemente no eixo usando parafusos ou parafusos de fixa\u00e7\u00e3o e verifique regularmente se h\u00e1 desgaste, danos e sinais de fadiga.<\/p>\n<h3>Q5: Quais outras engrenagens e componentes pl\u00e1sticos industriais voc\u00eas oferecem?<\/h3>\n<p>R: Oferecemos caixas de engrenagens agr\u00edcolas, eixos de sa\u00edda de pot\u00eancia, acoplamentos hidr\u00e1ulicos, redutores de engrenagem sem-fim, cremalheiras, correntes remov\u00edveis, polias e polias, caixas de engrenagens planet\u00e1rias, polias de sincroniza\u00e7\u00e3o, buchas e muito mais.<\/p>\n<p style=\"color: red;\">Aviso Legal: Todo o conte\u00fado da p\u00e1gina vem da internet, e o conte\u00fado \u00e9 usado apenas como refer\u00eancia para sele\u00e7\u00e3o de produtos. Nossos produtos s\u00e3o acess\u00f3rios e n\u00e3o pe\u00e7as de reposi\u00e7\u00e3o originais. N\u00e3o somos detentores da marca registrada original do conte\u00fado. Nossos acess\u00f3rios podem se encaixar perfeitamente nas pe\u00e7as de reposi\u00e7\u00e3o originais. Se voc\u00ea precisar comprar pe\u00e7as de reposi\u00e7\u00e3o originais, entre em contato com a f\u00e1brica original para comprar.<\/p>\n<p style=\"text-align: right;\">\u2013 lmc<\/p>","protected":false},"excerpt":{"rendered":"<p>Plastic Sprockets &#8211; High-Quality Power Transmission Components Plastic sprockets are an essential power transmission component that provides a smooth and efficient operation in different industrial applications. These sprockets are widely used in roller chain drives, conveying systems, packaging machines, and other specialized equipment for material handling, food processing, and packaging operations. Usage Scenarios Plastic sprockets [&hellip;]<\/p>","protected":false},"featured_media":6610,"template":"","meta":{"_et_pb_use_builder":"","_et_pb_old_content":"","_et_gb_content_width":""},"product_brand":[],"product_cat":[11348],"product_tag":[],"class_list":{"0":"post-6622","1":"product","2":"type-product","3":"status-publish","4":"has-post-thumbnail","6":"product_cat-plastic-sprocket","8":"first","9":"instock","10":"shipping-taxable","11":"product-type-simple"},"_links":{"self":[{"href":"https:\/\/agricultural-gear-boxes.com\/pt\/wp-json\/wp\/v2\/product\/6622","targetHints":{"allow":["GET"]}}],"collection":[{"href":"https:\/\/agricultural-gear-boxes.com\/pt\/wp-json\/wp\/v2\/product"}],"about":[{"href":"https:\/\/agricultural-gear-boxes.com\/pt\/wp-json\/wp\/v2\/types\/product"}],"wp:featuredmedia":[{"embeddable":true,"href":"https:\/\/agricultural-gear-boxes.com\/pt\/wp-json\/wp\/v2\/media\/6610"}],"wp:attachment":[{"href":"https:\/\/agricultural-gear-boxes.com\/pt\/wp-json\/wp\/v2\/media?parent=6622"}],"wp:term":[{"taxonomy":"product_brand","embeddable":true,"href":"https:\/\/agricultural-gear-boxes.com\/pt\/wp-json\/wp\/v2\/product_brand?post=6622"},{"taxonomy":"product_cat","embeddable":true,"href":"https:\/\/agricultural-gear-boxes.com\/pt\/wp-json\/wp\/v2\/product_cat?post=6622"},{"taxonomy":"product_tag","embeddable":true,"href":"https:\/\/agricultural-gear-boxes.com\/pt\/wp-json\/wp\/v2\/product_tag?post=6622"}],"curies":[{"name":"wp","href":"https:\/\/api.w.org\/{rel}","templated":true}]}}