{"id":6637,"date":"2024-11-15T05:21:13","date_gmt":"2024-11-15T05:21:13","guid":{"rendered":"https:\/\/agricultural-gear-boxes.com\/product\/stainless-steel-sprockets-2\/"},"modified":"2024-11-15T05:21:14","modified_gmt":"2024-11-15T05:21:14","slug":"stainless-steel-sprockets-2","status":"publish","type":"product","link":"https:\/\/agricultural-gear-boxes.com\/pt\/product\/stainless-steel-sprockets-2\/","title":{"rendered":"Rodas dentadas de a\u00e7o inoxid\u00e1vel"},"content":{"rendered":"<h2>Rodas dentadas de a\u00e7o inoxid\u00e1vel e seus cen\u00e1rios comuns de uso<\/h2>\n<p>Rodas dentadas de a\u00e7o inoxid\u00e1vel s\u00e3o um componente essencial em uma ampla gama de aplica\u00e7\u00f5es industriais, incluindo transportadores, sistemas de movimenta\u00e7\u00e3o de materiais e equipamentos de transmiss\u00e3o de energia. Essas rodas dentadas s\u00e3o projetadas para suportar condi\u00e7\u00f5es e ambientes adversos, tornando-as ideais para uso em ambientes industriais onde durabilidade e resist\u00eancia \u00e0 corros\u00e3o s\u00e3o essenciais. <\/p>\n<h3>Hist\u00f3ria das rodas dentadas de a\u00e7o inoxid\u00e1vel<\/h3>\n<p>A primeira roda dentada de a\u00e7o inoxid\u00e1vel foi inventada em meados do s\u00e9culo XX para uso na ind\u00fastria de processamento de alimentos. Desde ent\u00e3o, o uso de rodas dentadas de a\u00e7o inoxid\u00e1vel se expandiu para muitas outras ind\u00fastrias, incluindo automotiva, aeroespacial e mar\u00edtima.<\/p>\n<h3>Classifica\u00e7\u00e3o de rodas dentadas de a\u00e7o inoxid\u00e1vel<\/h3>\n<p>As rodas dentadas de a\u00e7o inoxid\u00e1vel podem ser classificadas em duas categorias: estilo A-Plate e estilo B-Hub. As rodas dentadas estilo A-Plate t\u00eam um cubo plano, enquanto as rodas dentadas estilo B-Hub t\u00eam um cubo com extens\u00f5es aparafusadas. <\/p>\n<h3>Vantagens das rodas dentadas de a\u00e7o inoxid\u00e1vel<\/h3>\n<p>Existem v\u00e1rias vantagens em usar rodas dentadas de a\u00e7o inoxid\u00e1vel em compara\u00e7\u00e3o com outros materiais. Elas s\u00e3o resistentes \u00e0 corros\u00e3o, dur\u00e1veis e podem suportar altas temperaturas. Al\u00e9m disso, exigem manuten\u00e7\u00e3o m\u00ednima e podem durar muito tempo com os devidos cuidados.<\/p>\n<h3>Materiais dispon\u00edveis para rodas dentadas de a\u00e7o inoxid\u00e1vel<\/h3>\n<p>As rodas dentadas de a\u00e7o inoxid\u00e1vel s\u00e3o normalmente feitas de a\u00e7o inoxid\u00e1vel 304, mas 316 e outras qualidades est\u00e3o dispon\u00edveis mediante solicita\u00e7\u00e3o. Essas rodas dentadas tamb\u00e9m podem ser fabricadas com furos acabados, gra\u00e7as \u00e0 nossa oficina mec\u00e2nica industrial de rea\u00e7\u00e3o r\u00e1pida.<\/p>\n<h3>Como instalar, manter e reparar rodas dentadas de a\u00e7o inoxid\u00e1vel<\/h3>\n<p>A instala\u00e7\u00e3o, manuten\u00e7\u00e3o e reparo adequados de rodas dentadas de a\u00e7o inoxid\u00e1vel s\u00e3o essenciais para sua longevidade e desempenho. Para instalar uma roda dentada, primeiro selecione o tamanho e o tipo apropriados para a sua aplica\u00e7\u00e3o. Em seguida, deslize a roda dentada no eixo e fixe-a com uma chaveta ou parafusos de fixa\u00e7\u00e3o. <\/p>\n<p>Para manter a roda dentada em bom estado, inspecione-a regularmente para verificar se h\u00e1 desgaste e danos. Limpe-a com um detergente suave e \u00e1gua para remover quaisquer detritos ou res\u00edduos. Lubrifique a roda dentada com um lubrificante de alta qualidade para reduzir o atrito e o desgaste.<\/p>\n<p>Se a roda dentada estiver danificada ou desgastada, pode ser necess\u00e1rio repar\u00e1-la ou substitu\u00ed-la. Para repar\u00e1-la, primeiro identifique o problema, como um dente quebrado. Em seguida, use uma m\u00e1quina de solda para reparar ou substituir a \u00e1rea danificada. <\/p>\n<h3>Imagem da Sprocket Manufacturing<\/h3>\n<p><img decoding=\"async\" src=\"https:\/\/images.hzpt.com\/2024\/10\/0-sprocket-manufacturing-5.webp\" alt=\"Fabrica\u00e7\u00e3o de rodas dentadas\"><\/p>\n<h2>Outras engrenagens pl\u00e1sticas industriais e seus cen\u00e1rios de uso comuns<\/h2>\n<p>Al\u00e9m de rodas dentadas de a\u00e7o inoxid\u00e1vel, tamb\u00e9m fornecemos uma ampla gama de engrenagens pl\u00e1sticas industriais, incluindo caixas de engrenagens agr\u00edcolas, eixos de sa\u00edda de pot\u00eancia, acoplamentos hidr\u00e1ulicos, redutores de engrenagem helicoidal, cremalheiras, correntes remov\u00edveis, polias, caixas de engrenagens planet\u00e1rias, polias sincronizadoras e buchas. <\/p>\n<p>Nossos produtos s\u00e3o de alta qualidade, com pre\u00e7os competitivos e contam com um servi\u00e7o atencioso. Convidamos os clientes a personalizar seus produtos conosco, enviando fotos e amostras para garantir sua satisfa\u00e7\u00e3o.<\/p>\n<h3>Imagem de papel<\/h3>\n<p><img decoding=\"async\" src=\"https:\/\/img.jiansujichilun.com\/img\/sprocket\/re-write\/paper.webp\" alt=\"Papel\"><\/p>\n<h2>Perguntas e Respostas<\/h2>\n<h3>Q1: Para que s\u00e3o usadas as rodas dentadas de a\u00e7o inoxid\u00e1vel?<\/h3>\n<p>A1: Rodas dentadas de a\u00e7o inoxid\u00e1vel s\u00e3o usadas em uma ampla gama de aplica\u00e7\u00f5es industriais, incluindo transportadores, sistemas de manuseio de materiais e equipamentos de transmiss\u00e3o de energia.<\/p>\n<h3>P2: Quais s\u00e3o as vantagens de usar rodas dentadas de a\u00e7o inoxid\u00e1vel?<\/h3>\n<p>R2: As rodas dentadas de a\u00e7o inoxid\u00e1vel s\u00e3o resistentes \u00e0 corros\u00e3o, dur\u00e1veis e suportam altas temperaturas. Al\u00e9m disso, exigem manuten\u00e7\u00e3o m\u00ednima e podem durar muito tempo com os devidos cuidados.<\/p>\n<h3>Q3: Quais materiais est\u00e3o dispon\u00edveis para rodas dentadas de a\u00e7o inoxid\u00e1vel?<\/h3>\n<p>A3: As rodas dentadas de a\u00e7o inoxid\u00e1vel s\u00e3o normalmente feitas de a\u00e7o inoxid\u00e1vel de grau 304, mas 316 e outros graus est\u00e3o dispon\u00edveis mediante solicita\u00e7\u00e3o.<\/p>\n<h3>Q4: Como instalar uma roda dentada de a\u00e7o inoxid\u00e1vel?<\/h3>\n<p>R4: Para instalar uma roda dentada de a\u00e7o inoxid\u00e1vel, selecione o tamanho e o tipo apropriados para a sua aplica\u00e7\u00e3o. Em seguida, deslize a roda dentada no eixo e fixe-a com uma chaveta ou parafusos de fixa\u00e7\u00e3o.<\/p>\n<h3>Q5: Quais outras engrenagens pl\u00e1sticas industriais a empresa fornece?<\/h3>\n<p>A5: A empresa fornece uma ampla gama de engrenagens pl\u00e1sticas industriais, incluindo caixas de engrenagens agr\u00edcolas, eixos de sa\u00edda de pot\u00eancia, acoplamentos hidr\u00e1ulicos, redutores de engrenagem helicoidal, cremalheiras, correntes remov\u00edveis, polias, caixas de engrenagens planet\u00e1rias, polias de sincroniza\u00e7\u00e3o e buchas.<\/p>\n<p>lmc<\/p>\n<p style=\"color:red;\">Aviso Legal: Todo o conte\u00fado desta p\u00e1gina vem da Internet, e o conte\u00fado \u00e9 usado apenas como refer\u00eancia para sele\u00e7\u00e3o de produtos. Nossos produtos s\u00e3o acess\u00f3rios e n\u00e3o pe\u00e7as de reposi\u00e7\u00e3o originais; n\u00e3o somos detentores da marca registrada original do conte\u00fado. Nossos produtos s\u00e3o adequados apenas para acess\u00f3rios de reposi\u00e7\u00e3o e n\u00e3o para pe\u00e7as de reposi\u00e7\u00e3o originais. Nossos acess\u00f3rios podem se encaixar perfeitamente nas pe\u00e7as de reposi\u00e7\u00e3o originais; se voc\u00ea precisar comprar pe\u00e7as de reposi\u00e7\u00e3o originais, entre em contato com a f\u00e1brica original para comprar.<\/p>","protected":false},"excerpt":{"rendered":"<p>Stainless Steel Sprockets and Their Common Usage Scenarios Stainless steel sprockets are an essential component in a wide range of industrial applications, including conveyors, material handling systems, and power transmission equipment. These sprockets are designed to withstand harsh conditions and environments, making them ideal for use in industrial settings where durability and corrosion resistance are [&hellip;]<\/p>","protected":false},"featured_media":6633,"template":"","meta":{"_et_pb_use_builder":"","_et_pb_old_content":"","_et_gb_content_width":""},"product_brand":[],"product_cat":[11367],"product_tag":[],"class_list":{"0":"post-6637","1":"product","2":"type-product","3":"status-publish","4":"has-post-thumbnail","6":"product_cat-stainless-steel-sprocket","8":"first","9":"instock","10":"shipping-taxable","11":"product-type-simple"},"_links":{"self":[{"href":"https:\/\/agricultural-gear-boxes.com\/pt\/wp-json\/wp\/v2\/product\/6637","targetHints":{"allow":["GET"]}}],"collection":[{"href":"https:\/\/agricultural-gear-boxes.com\/pt\/wp-json\/wp\/v2\/product"}],"about":[{"href":"https:\/\/agricultural-gear-boxes.com\/pt\/wp-json\/wp\/v2\/types\/product"}],"wp:featuredmedia":[{"embeddable":true,"href":"https:\/\/agricultural-gear-boxes.com\/pt\/wp-json\/wp\/v2\/media\/6633"}],"wp:attachment":[{"href":"https:\/\/agricultural-gear-boxes.com\/pt\/wp-json\/wp\/v2\/media?parent=6637"}],"wp:term":[{"taxonomy":"product_brand","embeddable":true,"href":"https:\/\/agricultural-gear-boxes.com\/pt\/wp-json\/wp\/v2\/product_brand?post=6637"},{"taxonomy":"product_cat","embeddable":true,"href":"https:\/\/agricultural-gear-boxes.com\/pt\/wp-json\/wp\/v2\/product_cat?post=6637"},{"taxonomy":"product_tag","embeddable":true,"href":"https:\/\/agricultural-gear-boxes.com\/pt\/wp-json\/wp\/v2\/product_tag?post=6637"}],"curies":[{"name":"wp","href":"https:\/\/api.w.org\/{rel}","templated":true}]}}