{"id":6639,"date":"2024-11-15T05:21:14","date_gmt":"2024-11-15T05:21:14","guid":{"rendered":"https:\/\/agricultural-gear-boxes.com\/product\/80-stainless-steel-sprockets\/"},"modified":"2024-11-15T05:21:15","modified_gmt":"2024-11-15T05:21:15","slug":"80-stainless-steel-sprockets","status":"publish","type":"product","link":"https:\/\/agricultural-gear-boxes.com\/pt\/product\/80-stainless-steel-sprockets\/","title":{"rendered":"#80 Rodas dentadas de a\u00e7o inoxid\u00e1vel"},"content":{"rendered":"<h2>#80 Rodas dentadas de a\u00e7o inoxid\u00e1vel<\/h2>\n<p>Esta roda dentada de a\u00e7o inoxid\u00e1vel #80 \u00e9 fabricada de acordo com as especifica\u00e7\u00f5es ANSI e \u00e9 constru\u00edda em a\u00e7o inoxid\u00e1vel grau 304 para resist\u00eancia \u00e0 corros\u00e3o, resist\u00eancia, durabilidade e capacidade de trabalhar em temperaturas baixas a altas. Oferecemos essas rodas dentadas perfuradas sob medida, se necess\u00e1rio, e no estilo A-Plate ou C-Hub (cubo em ambos os lados). Nossos pre\u00e7os s\u00e3o competitivos sem comprometer a qualidade. Para pre\u00e7os e disponibilidade, entre em contato conosco e teremos prazer em ajud\u00e1-lo.<\/p>\n<p><img loading=\"lazy\" decoding=\"async\" class=\"alignleft wp-image-381617\" src=\"https:\/\/www.ever-power.net\/wp-content\/uploads\/2022\/06\/1-14.jpg\" alt=\"\" width=\"241\" height=\"295\" \/><\/p>\n<p>Caracter\u00edsticas das nossas rodas dentadas de a\u00e7o inoxid\u00e1vel #80:<\/p>\n<ul>\n<li>Roda dentada de alta qualidade<\/li>\n<li>Resistente \u00e0 corros\u00e3o e dur\u00e1vel<\/li>\n<li>Constru\u00eddo em a\u00e7o inoxid\u00e1vel de grau 304<\/li>\n<li>Opera em baixas e altas temperaturas<\/li>\n<\/ul>\n<p><img loading=\"lazy\" decoding=\"async\" class=\"alignleft size-full wp-image-381614\" src=\"https:\/\/www.ever-power.net\/wp-content\/uploads\/2022\/06\/5-9.jpg\" alt=\"\" width=\"474\" height=\"474\" \/><\/p>\n<h3>Especifica\u00e7\u00f5es da roda dentada<\/h3>\n<table class=\"scrollable\" border=\"1\">\n<tbody>\n<tr>\n<th>Tamanho da roda dentada<\/th>\n<th>N\u00famero de dentes<\/th>\n<th>Di\u00e2metro externo<\/th>\n<th>Tamanho do furo do estoque<\/th>\n<th>Furo m\u00e1ximo<\/th>\n<th>Di\u00e2metro do cubo<\/th>\n<th>Comprimento atrav\u00e9s do furo<\/th>\n<th>Peso<\/th>\n<\/tr>\n<tr>\n<th>80B10SS<\/th>\n<td>10<\/td>\n<td>3.68&#8243;<\/td>\n<td>1&#8243;<\/td>\n<td>1-1\/2&#8243;<\/td>\n<td>2-9\/16&#8243;<\/td>\n<td>1-5\/8&#8243;<\/td>\n<td>2,14 libras<\/td>\n<\/tr>\n<tr>\n<th>80B11SS<\/th>\n<td>11<\/td>\n<td>4.01&#8243;<\/td>\n<td>1&#8243;<\/td>\n<td>1-5\/8&#8243;<\/td>\n<td>2-13\/16&#8243;<\/td>\n<td>1-5\/8&#8243;<\/td>\n<td>2,72 libras<\/td>\n<\/tr>\n<p>    <!-- Repeat for other sprocket sizes --><br \/>\n  <\/tbody>\n<\/table>\n<p><\/p>\n<p><strong>Cen\u00e1rios de uso:<\/strong><\/p>\n<p>Nossas rodas dentadas de a\u00e7o inoxid\u00e1vel #80 s\u00e3o amplamente utilizadas em v\u00e1rias ind\u00fastrias devido \u00e0 sua durabilidade excepcional e resist\u00eancia \u00e0 corros\u00e3o. Elas s\u00e3o comumente utilizadas em:<\/p>\n<ul>\n<li>M\u00e1quinas industriais<\/li>\n<li>Equipamento agr\u00edcola<\/li>\n<li>Sistemas de transporte<\/li>\n<li>Equipamentos de processamento de alimentos<\/li>\n<li>Sistemas de movimenta\u00e7\u00e3o de materiais<\/li>\n<\/ul>\n<p><img decoding=\"async\" src=\"https:\/\/images.hzpt.com\/2024\/10\/0-sprocket-manufacturing-5.webp\" alt=\"Cen\u00e1rio de uso da roda dentada\" \/><\/p>\n<h3>Hist\u00f3rico e classifica\u00e7\u00e3o do produto<\/h3>\n<p>A hist\u00f3ria das rodas dentadas remonta a s\u00e9culos, quando eram originalmente usadas em sistemas mec\u00e2nicos. Com o tempo, as rodas dentadas evolu\u00edram para atender \u00e0s demandas das ind\u00fastrias modernas. Elas s\u00e3o classificadas com base no passo, n\u00famero de dentes e material usado.<\/p>\n<h3>Vantagens das nossas rodas dentadas de a\u00e7o inoxid\u00e1vel<\/h3>\n<ul>\n<li>Resist\u00eancia excepcional \u00e0 corros\u00e3o<\/li>\n<li>Alta resist\u00eancia e durabilidade<\/li>\n<li>Ampla faixa de temperatura operacional<\/li>\n<li>Usinado com precis\u00e3o para desempenho confi\u00e1vel<\/li>\n<li>Dispon\u00edvel em v\u00e1rios tamanhos para diferentes aplica\u00e7\u00f5es<\/li>\n<\/ul>\n<h3>Materiais de produtos dispon\u00edveis<\/h3>\n<p>Al\u00e9m do a\u00e7o inoxid\u00e1vel 304, tamb\u00e9m oferecemos rodas dentadas em outros materiais, como:<\/p>\n<ul>\n<li>A\u00e7o carbono<\/li>\n<li>Pl\u00e1stico<\/li>\n<li>Ferro fundido<\/li>\n<\/ul>\n<h3>Instala\u00e7\u00e3o, Manuten\u00e7\u00e3o e Reparo<\/h3>\n<p>Instalar e manter nossas rodas dentadas de a\u00e7o inoxid\u00e1vel \u00e9 simples. Siga estas etapas:<\/p>\n<ol>\n<li>Garanta o alinhamento adequado da roda dentada com o eixo ou eixo.<\/li>\n<li>Aperte os parafusos ou porcas para fixar a roda dentada no lugar.<\/li>\n<li>Inspecione regularmente a roda dentada para verificar se h\u00e1 sinais de desgaste ou danos.<\/li>\n<li>Substitua a roda dentada se ela estiver gasta ou danificada al\u00e9m do reparo.<\/li>\n<\/ol>\n<h3>Outros neg\u00f3cios de produtos da empresa<\/h3>\n<p>Em nossa empresa, somos especializados em fornecer v\u00e1rias engrenagens e componentes pl\u00e1sticos industriais. Nossa gama de produtos inclui:<\/p>\n<ul>\n<li>Caixas de engrenagens agr\u00edcolas<\/li>","protected":false},"excerpt":{"rendered":"<p>#80 Stainless Steel Sprockets This #80 stainless steel sprocket is manufactured to ANSI specifications and is constructed out of 304-grade stainless steel for corrosion resistance, strength, durability, and the ability to work in low to high temperatures. We offer these sprockets bored to size if needed and in both A-Plate Style or C-Hub (hub on [&hellip;]<\/p>","protected":false},"featured_media":6631,"template":"","meta":{"_et_pb_use_builder":"","_et_pb_old_content":"","_et_gb_content_width":""},"product_brand":[],"product_cat":[11367],"product_tag":[],"class_list":{"0":"post-6639","1":"product","2":"type-product","3":"status-publish","4":"has-post-thumbnail","6":"product_cat-stainless-steel-sprocket","8":"first","9":"instock","10":"shipping-taxable","11":"product-type-simple"},"_links":{"self":[{"href":"https:\/\/agricultural-gear-boxes.com\/pt\/wp-json\/wp\/v2\/product\/6639","targetHints":{"allow":["GET"]}}],"collection":[{"href":"https:\/\/agricultural-gear-boxes.com\/pt\/wp-json\/wp\/v2\/product"}],"about":[{"href":"https:\/\/agricultural-gear-boxes.com\/pt\/wp-json\/wp\/v2\/types\/product"}],"wp:featuredmedia":[{"embeddable":true,"href":"https:\/\/agricultural-gear-boxes.com\/pt\/wp-json\/wp\/v2\/media\/6631"}],"wp:attachment":[{"href":"https:\/\/agricultural-gear-boxes.com\/pt\/wp-json\/wp\/v2\/media?parent=6639"}],"wp:term":[{"taxonomy":"product_brand","embeddable":true,"href":"https:\/\/agricultural-gear-boxes.com\/pt\/wp-json\/wp\/v2\/product_brand?post=6639"},{"taxonomy":"product_cat","embeddable":true,"href":"https:\/\/agricultural-gear-boxes.com\/pt\/wp-json\/wp\/v2\/product_cat?post=6639"},{"taxonomy":"product_tag","embeddable":true,"href":"https:\/\/agricultural-gear-boxes.com\/pt\/wp-json\/wp\/v2\/product_tag?post=6639"}],"curies":[{"name":"wp","href":"https:\/\/api.w.org\/{rel}","templated":true}]}}