{"id":6652,"date":"2024-11-15T06:02:08","date_gmt":"2024-11-15T06:02:08","guid":{"rendered":"https:\/\/agricultural-gear-boxes.com\/product\/agricultural-sprockets\/"},"modified":"2024-11-15T06:02:09","modified_gmt":"2024-11-15T06:02:09","slug":"agricultural-sprockets","status":"publish","type":"product","link":"https:\/\/agricultural-gear-boxes.com\/pt\/product\/agricultural-sprockets\/","title":{"rendered":"Rodas dentadas agr\u00edcolas"},"content":{"rendered":"<h2>Rodas dentadas agr\u00edcolas e sua utiliza\u00e7\u00e3o em v\u00e1rios cen\u00e1rios<\/h2>\n<p>No campo da agricultura, as rodas dentadas desempenham um papel crucial no bom funcionamento de v\u00e1rias m\u00e1quinas e equipamentos. Oferecemos uma ampla gama de rodas dentadas que s\u00e3o dimensionalmente precisas e fabricadas de acordo com os padr\u00f5es internacionais de qualidade. Essas rodas perfiladas t\u00eam dentes, que permitem engrenar com uma corrente, esteira ou qualquer outro tipo de material perfurado ou id\u00eantico. Nossas rodas dentadas resistentes ao desgaste v\u00eam em especifica\u00e7\u00f5es variadas para atender a diferentes necessidades agr\u00edcolas. <\/p>\n<h3>Hist\u00f3ria das rodas dentadas<\/h3>\n<p>A hist\u00f3ria das rodas dentadas remonta ao s\u00e9culo XIX, quando eram amplamente utilizadas em bicicletas. Com o advento da agricultura moderna, as rodas dentadas encontraram seu caminho na ind\u00fastria agr\u00edcola. <\/p>\n<h3>Classifica\u00e7\u00e3o de rodas dentadas<\/h3>\n<ul>\n<li>Rodas dentadas de corrente de rolo<\/li>\n<li>Rodas dentadas de classe de engenharia<\/li>\n<li>Rodas dentadas duplas simples<\/li>\n<li>Rodas dentadas intermedi\u00e1rias<\/li>\n<li>Rodas dentadas Taper Lock<\/li>\n<\/ul>\n<h3>Vantagens das rodas dentadas<\/h3>\n<ul>\n<li>F\u00e1cil de instalar e manter<\/li>\n<li>Altamente dur\u00e1vel e duradouro<\/li>\n<li>Baixo custo de manuten\u00e7\u00e3o<\/li>\n<li>Opera\u00e7\u00e3o suave e funcionamento silencioso<\/li>\n<li>Flex\u00edvel e personaliz\u00e1vel<\/li>\n<\/ul>\n<h3>Materiais dispon\u00edveis<\/h3>\n<p>As rodas dentadas s\u00e3o normalmente feitas de a\u00e7o, ferro fundido ou a\u00e7o inoxid\u00e1vel. Dependendo da aplica\u00e7\u00e3o, rodas dentadas de pl\u00e1stico tamb\u00e9m podem ser usadas.<\/p>\n<h3>Instala\u00e7\u00e3o, Manuten\u00e7\u00e3o e Reparo<\/h3>\n<p>A instala\u00e7\u00e3o adequada \u00e9 crucial para o funcionamento ideal das rodas dentadas. A manuten\u00e7\u00e3o regular \u00e9 essencial para evitar desgaste e prolongar a vida \u00fatil da roda dentada. Se uma roda dentada estiver danificada, ela pode ser reparada substituindo a parte danificada ou substituindo a roda dentada inteira.<\/p>\n<p><img decoding=\"async\" src=\"https:\/\/images.hzpt.com\/2023\/01\/Applications-for-Roller-Chain-Sprockets-1.webp\" alt=\"aplica\u00e7\u00f5es de roda dentada\"><\/p>\n<h2>Outros produtos de engrenagens pl\u00e1sticas industriais<\/h2>\n<p>Al\u00e9m de rodas dentadas agr\u00edcolas, oferecemos uma ampla gama de produtos de engrenagens pl\u00e1sticas industriais, como caixas de engrenagens agr\u00edcolas, eixos de sa\u00edda de pot\u00eancia, acoplamentos hidr\u00e1ulicos, redutores de engrenagem sem-fim, cremalheiras, correntes remov\u00edveis, polias e polias, caixas de engrenagens planet\u00e1rias, polias de sincroniza\u00e7\u00e3o, buchas e muito mais. <\/p>\n<p>Temos orgulho em fornecer produtos de alta qualidade a pre\u00e7os preferenciais e com servi\u00e7os atenciosos. Damos boas-vindas aos clientes para personalizar seus pedidos com fotos e amostras. <\/p>\n<p><img decoding=\"async\" src=\"https:\/\/images.hzpt.com\/2022\/12\/sprocket-suppliers.webp\" alt=\"fornecedores de rodas dentadas\"><\/p>\n<h2>Perguntas e Respostas<\/h2>\n<h3>P: Para que s\u00e3o usadas as rodas dentadas na agricultura?<\/h3>\n<p>R: As rodas dentadas desempenham um papel crucial no bom funcionamento de diversas m\u00e1quinas e equipamentos agr\u00edcolas.<\/p>\n<h3>P: De que materiais s\u00e3o feitas as rodas dentadas?<\/h3>\n<p>R: As rodas dentadas s\u00e3o normalmente feitas de a\u00e7o, ferro fundido ou a\u00e7o inoxid\u00e1vel. Dependendo da aplica\u00e7\u00e3o, rodas dentadas de pl\u00e1stico tamb\u00e9m podem ser usadas.<\/p>\n<h3>P: Como instalar uma roda dentada?<\/h3>\n<p>A: Proper installation is crucial for the optimal functioning of sprockets. It is recommended to follow the manufacturer&#8217;s instructions for installation.<\/p>\n<h3>P: Como \u00e9 poss\u00edvel fazer a manuten\u00e7\u00e3o de uma roda dentada?<\/h3>\n<p>R: A manuten\u00e7\u00e3o regular \u00e9 essencial para evitar desgaste e prolongar a vida \u00fatil da roda dentada. \u00c9 recomendado limpar a roda dentada regularmente e lubrific\u00e1-la conforme necess\u00e1rio.<\/p>\n<h3>P: O que voc\u00ea deve fazer se sua roda dentada estiver danificada?<\/h3>\n<p>R: Se uma roda dentada estiver danificada, ela pode ser reparada substituindo a parte danificada ou substituindo a roda dentada inteira.<\/p>\n<p>Autor: lmc<\/p>\n<p style=\"color:red\">Aviso Legal: Todo o conte\u00fado desta p\u00e1gina \u00e9 proveniente da internet e se destina apenas como refer\u00eancia para sele\u00e7\u00e3o de produtos. Nossos produtos s\u00e3o acess\u00f3rios e n\u00e3o pe\u00e7as de reposi\u00e7\u00e3o originais, e n\u00e3o somos detentores da marca registrada original do conte\u00fado. Nossos acess\u00f3rios podem se encaixar perfeitamente nas pe\u00e7as de reposi\u00e7\u00e3o originais; se voc\u00ea precisar comprar pe\u00e7as de reposi\u00e7\u00e3o originais, entre em contato com a f\u00e1brica original para comprar.<\/p>","protected":false},"excerpt":{"rendered":"<p>Agricultural Sprockets and their Usage in Various Scenarios In the field of agriculture, sprockets play a crucial role in the smooth functioning of various machinery and equipment. We offer a wide range of sprockets that are dimensionally precise and manufactured as per international quality standards. These profiled wheels have teeth, which allow meshing with a [&hellip;]<\/p>","protected":false},"featured_media":6645,"template":"","meta":{"_et_pb_use_builder":"","_et_pb_old_content":"","_et_gb_content_width":""},"product_brand":[],"product_cat":[11345],"product_tag":[],"class_list":{"0":"post-6652","1":"product","2":"type-product","3":"status-publish","4":"has-post-thumbnail","6":"product_cat-agricultural-sprocket","8":"first","9":"instock","10":"shipping-taxable","11":"product-type-simple"},"_links":{"self":[{"href":"https:\/\/agricultural-gear-boxes.com\/pt\/wp-json\/wp\/v2\/product\/6652","targetHints":{"allow":["GET"]}}],"collection":[{"href":"https:\/\/agricultural-gear-boxes.com\/pt\/wp-json\/wp\/v2\/product"}],"about":[{"href":"https:\/\/agricultural-gear-boxes.com\/pt\/wp-json\/wp\/v2\/types\/product"}],"wp:featuredmedia":[{"embeddable":true,"href":"https:\/\/agricultural-gear-boxes.com\/pt\/wp-json\/wp\/v2\/media\/6645"}],"wp:attachment":[{"href":"https:\/\/agricultural-gear-boxes.com\/pt\/wp-json\/wp\/v2\/media?parent=6652"}],"wp:term":[{"taxonomy":"product_brand","embeddable":true,"href":"https:\/\/agricultural-gear-boxes.com\/pt\/wp-json\/wp\/v2\/product_brand?post=6652"},{"taxonomy":"product_cat","embeddable":true,"href":"https:\/\/agricultural-gear-boxes.com\/pt\/wp-json\/wp\/v2\/product_cat?post=6652"},{"taxonomy":"product_tag","embeddable":true,"href":"https:\/\/agricultural-gear-boxes.com\/pt\/wp-json\/wp\/v2\/product_tag?post=6652"}],"curies":[{"name":"wp","href":"https:\/\/api.w.org\/{rel}","templated":true}]}}