{"id":6926,"date":"2024-12-02T05:21:59","date_gmt":"2024-12-02T05:21:59","guid":{"rendered":"https:\/\/agricultural-gear-boxes.com\/product\/qd-sprocket-no-120-2-double-type\/"},"modified":"2024-12-02T05:21:59","modified_gmt":"2024-12-02T05:21:59","slug":"qd-sprocket-no-120-2-double-type","status":"publish","type":"product","link":"https:\/\/agricultural-gear-boxes.com\/pt\/product\/qd-sprocket-no-120-2-double-type\/","title":{"rendered":"QD Sprocket No.120-2 Tipo Duplo"},"content":{"rendered":"<h2>Introdu\u00e7\u00e3o<\/h2>\n<p>QD Sprocket No.120-2 Double Type \u00e9 um tipo de roda dentada comumente usada em sistemas de transmiss\u00e3o de energia. Uma roda dentada \u00e9 uma roda perfilada com dentes que engrenam com uma corrente, trilho ou outro material perfurado ou indentado. Esta roda dentada \u00e9 amplamente usada em bicicletas, motocicletas e m\u00e1quinas industriais.<\/p>\n<h2>Hist\u00f3rico e classifica\u00e7\u00e3o do produto<\/h2>\n<p>Rodas dentadas t\u00eam sido usadas h\u00e1 s\u00e9culos para transmitir energia de um componente de m\u00e1quina para outro. Com o tempo, v\u00e1rios designs foram desenvolvidos e, hoje, a QD Sprocket No.120-2 Double Type \u00e9 o tipo mais popular de roda dentada usada em sistemas de transmiss\u00e3o de energia. Existem muitos tipos de rodas dentadas dispon\u00edveis, cada uma projetada para aplica\u00e7\u00f5es espec\u00edficas. A QD Sprocket No.120-2 Double Type \u00e9 um exemplo de roda dentada projetada para aplica\u00e7\u00f5es de transmiss\u00e3o de energia de servi\u00e7o pesado.<\/p>\n<h2>Vantagens do produto<\/h2>\n<p>QD Sprocket No.120-2 Double Type tem muitas vantagens sobre outros tipos de rodas dentadas. Algumas dessas vantagens incluem:<\/p>\n<ul>\n<li>F\u00e1cil instala\u00e7\u00e3o e remo\u00e7\u00e3o<\/li>\n<li>Alta capacidade de carga<\/li>\n<li>Design padronizado<\/li>\n<li>Design compacto<\/li>\n<li>Baixo custo de manuten\u00e7\u00e3o<\/li>\n<\/ul>\n<h2>Materiais de produtos dispon\u00edveis<\/h2>\n<p>QD Sprocket No.120-2 Double Type \u00e9 feito de a\u00e7o de alta qualidade que \u00e9 projetado para transmitir pot\u00eancia de um eixo de acionamento para um eixo acionado. A bucha taper-lock \u00e9 feita de a\u00e7o de alta resist\u00eancia e \u00e9 projetada para segurar o eixo firmemente, fornecendo uma conex\u00e3o segura entre a roda dentada e o eixo.<\/p>\n<h2>Cen\u00e1rios de uso<\/h2>\n<p>QD Sprocket No.120-2 Double Type \u00e9 comumente usado em aplica\u00e7\u00f5es de transmiss\u00e3o de energia de servi\u00e7o pesado, como em m\u00e1quinas agr\u00edcolas, equipamentos de constru\u00e7\u00e3o e m\u00e1quinas industriais. Tamb\u00e9m \u00e9 amplamente usado em bicicletas e motocicletas.<\/p>\n<p><img src=\"https:\/\/images.hzpt.com\/2023\/01\/Applications-for-Roller-Chain-Sprockets-1.webp\"><\/p>\n<h2>Instala\u00e7\u00e3o, Manuten\u00e7\u00e3o e Reparo<\/h2>\n<p>A instala\u00e7\u00e3o de uma roda dentada QD n\u00ba 120-2 tipo dupla \u00e9 um processo relativamente simples. Primeiro, limpe o eixo e a superf\u00edcie da roda dentada para garantir uma conex\u00e3o segura entre a bucha e o eixo. Posicione a roda dentada no eixo no local desejado, instale a bucha QD no cubo da roda dentada, aperte os parafusos de fixa\u00e7\u00e3o com o torque recomendado pelo fabricante e fixe a roda dentada no eixo. A manuten\u00e7\u00e3o da roda dentada envolve a lubrifica\u00e7\u00e3o peri\u00f3dica da corrente e a inspe\u00e7\u00e3o da roda dentada quanto a desgaste e danos. Em caso de danos, a roda dentada pode ser facilmente substitu\u00edda usando o mesmo processo de instala\u00e7\u00e3o.<\/p>\n<h2>Processo de fabrica\u00e7\u00e3o de rodas dentadas QD<\/h2>\n<p>O processo de fabrica\u00e7\u00e3o de rodas dentadas QD consiste na prepara\u00e7\u00e3o de mat\u00e9rias-primas, corte de material, forjamento ou fundi\u00e7\u00e3o, usinagem, lamina\u00e7\u00e3o, tratamento t\u00e9rmico, tratamento de superf\u00edcie e controle de qualidade.<\/p>\n<h2>Perguntas frequentes<\/h2>\n<ul>\n<li>P: O que \u00e9 uma roda dentada QD?<\/li>\n<li>R: Uma roda dentada QD \u00e9 um tipo de roda dentada que usa uma bucha de travamento c\u00f4nico para montar a roda dentada no eixo.<\/li>\n<li>P: O que \u00e9 uma bucha taper-lock?<\/li>\n<li>R: Uma bucha taper-lock \u00e9 um tipo de bucha que prende o eixo firmemente, proporcionando uma conex\u00e3o segura entre a roda dentada e o eixo.<\/li>\n<li>P: Quais s\u00e3o as vantagens de usar uma roda dentada QD?<\/li>\n<li>R: As vantagens de usar uma roda dentada QD incluem f\u00e1cil instala\u00e7\u00e3o e remo\u00e7\u00e3o, alta capacidade de carga, design padronizado, design compacto e baixo custo de manuten\u00e7\u00e3o.<\/li>\n<li>P: Como instalo uma bucha QD?<\/li>\n<li>R: Para instalar uma bucha QD, primeiro limpe o eixo e a superf\u00edcie da roda dentada, posicione a roda dentada no eixo, instale a bucha QD no cubo da roda dentada, aperte os parafusos de fixa\u00e7\u00e3o com o torque recomendado pelo fabricante e prenda a roda dentada no eixo.<\/li>\n<li>P: Qual \u00e9 o processo de fabrica\u00e7\u00e3o da roda dentada QD?<\/li>\n<li>R: O processo de fabrica\u00e7\u00e3o de rodas dentadas QD consiste na prepara\u00e7\u00e3o de mat\u00e9rias-primas, corte de material, forjamento ou fundi\u00e7\u00e3o, usinagem, lamina\u00e7\u00e3o, tratamento t\u00e9rmico, tratamento de superf\u00edcie e controle de qualidade.<\/li>\n<\/ul>\n<h2>Outros produtos<\/h2>\n<p>Oferecemos uma ampla gama de engrenagens pl\u00e1sticas industriais, incluindo caixas de engrenagens agr\u00edcolas, eixos de sa\u00edda de pot\u00eancia, acoplamentos hidr\u00e1ulicos, redutores de engrenagem sem-fim, cremalheiras de engrenagens, correntes remov\u00edveis, polias, caixas de engrenagens planet\u00e1rias, polias de sincroniza\u00e7\u00e3o, buchas e muito mais. Nossos produtos de alta qualidade est\u00e3o dispon\u00edveis a pre\u00e7os competitivos e oferecemos um servi\u00e7o de atendimento ao cliente atencioso e abrangente. Os clientes s\u00e3o bem-vindos para personalizar os produtos com fotos e amostras.<\/p>\n<p><img src=\"https:\/\/images.hzpt.com\/2022\/12\/sprocket-suppliers.webp\"><\/p>\n<p><font color=\"red\">Aviso Legal: Todo o conte\u00fado da p\u00e1gina vem da Internet, e o conte\u00fado \u00e9 usado apenas como refer\u00eancia para sele\u00e7\u00e3o de produtos. Nossos produtos s\u00e3o acess\u00f3rios e n\u00e3o pe\u00e7as de reposi\u00e7\u00e3o originais; n\u00e3o somos detentores da marca registrada original do conte\u00fado. Nossos produtos s\u00e3o adequados apenas para acess\u00f3rios de reposi\u00e7\u00e3o e n\u00e3o para pe\u00e7as de reposi\u00e7\u00e3o originais. Nossos acess\u00f3rios podem se encaixar perfeitamente nas pe\u00e7as de reposi\u00e7\u00e3o originais; se voc\u00ea precisar comprar pe\u00e7as de reposi\u00e7\u00e3o originais, entre em contato com a f\u00e1brica original para comprar.<\/font><\/p>","protected":false},"excerpt":{"rendered":"<p>Introduction QD Sprocket No.120-2 Double Type is a type of sprocket commonly used in power transmission systems. A sprocket is a profiled wheel with teeth that mesh with a chain, track, or other perforated or indented material. This sprocket is widely used in bicycles, motorcycles, and industrial machinery. Product History and Classification Sprockets have been [&hellip;]<\/p>","protected":false},"featured_media":6905,"template":"","meta":{"_et_pb_use_builder":"","_et_pb_old_content":"","_et_gb_content_width":""},"product_brand":[],"product_cat":[11369],"product_tag":[],"class_list":{"0":"post-6926","1":"product","2":"type-product","3":"status-publish","4":"has-post-thumbnail","6":"product_cat-qd-sprocket","8":"first","9":"instock","10":"shipping-taxable","11":"product-type-simple"},"_links":{"self":[{"href":"https:\/\/agricultural-gear-boxes.com\/pt\/wp-json\/wp\/v2\/product\/6926","targetHints":{"allow":["GET"]}}],"collection":[{"href":"https:\/\/agricultural-gear-boxes.com\/pt\/wp-json\/wp\/v2\/product"}],"about":[{"href":"https:\/\/agricultural-gear-boxes.com\/pt\/wp-json\/wp\/v2\/types\/product"}],"wp:featuredmedia":[{"embeddable":true,"href":"https:\/\/agricultural-gear-boxes.com\/pt\/wp-json\/wp\/v2\/media\/6905"}],"wp:attachment":[{"href":"https:\/\/agricultural-gear-boxes.com\/pt\/wp-json\/wp\/v2\/media?parent=6926"}],"wp:term":[{"taxonomy":"product_brand","embeddable":true,"href":"https:\/\/agricultural-gear-boxes.com\/pt\/wp-json\/wp\/v2\/product_brand?post=6926"},{"taxonomy":"product_cat","embeddable":true,"href":"https:\/\/agricultural-gear-boxes.com\/pt\/wp-json\/wp\/v2\/product_cat?post=6926"},{"taxonomy":"product_tag","embeddable":true,"href":"https:\/\/agricultural-gear-boxes.com\/pt\/wp-json\/wp\/v2\/product_tag?post=6926"}],"curies":[{"name":"wp","href":"https:\/\/api.w.org\/{rel}","templated":true}]}}