{"id":6934,"date":"2024-12-02T05:53:40","date_gmt":"2024-12-02T05:53:40","guid":{"rendered":"https:\/\/agricultural-gear-boxes.com\/product\/cast-conveyor-chain-102hvy-142std-142hvy-216std-260std\/"},"modified":"2024-12-02T05:53:41","modified_gmt":"2024-12-02T05:53:41","slug":"cast-conveyor-chain-102hvy-142std-142hvy-216std-260std","status":"publish","type":"product","link":"https:\/\/agricultural-gear-boxes.com\/pt\/product\/cast-conveyor-chain-102hvy-142std-142hvy-216std-260std\/","title":{"rendered":"Corrente transportadora fundida 102HVY 142STD 142HVY 216STD 260STD"},"content":{"rendered":"<h1>Corrente transportadora fundida 102HVY 142STD 142HVY 216STD 260STD<\/h1>\n<h2>Aplica\u00e7\u00e3o de corrente fundida forjada sem rebites<\/h2>\n<p>\nCorrente transportadora fundida \u00e9 um tipo de corrente transportadora amplamente usada na ind\u00fastria. Ela \u00e9 comumente usada em aplica\u00e7\u00f5es que exigem transporte pesado, como transporte de materiais a granel ou produtos em uma linha de produ\u00e7\u00e3o. Correntes transportadoras fundidas tamb\u00e9m s\u00e3o usadas no transporte de materiais ou produtos de alta temperatura que s\u00e3o abrasivos ou corrosivos por natureza. Essas correntes s\u00e3o projetadas para suportar condi\u00e7\u00f5es operacionais severas e s\u00e3o altamente dur\u00e1veis.\n<\/p>\n<p><img decoding=\"async\" src=\"https:\/\/images.hzpt.com\/2024\/04\/rivetless-drop-forged-cast-chain-application.webp\" alt=\"Cen\u00e1rio de uso\"><\/p>\n<h3>Hist\u00f3ria da corrente transportadora fundida<\/h3>\n<p>\nA hist\u00f3ria das correntes transportadoras fundidas pode ser rastreada at\u00e9 os primeiros dias da revolu\u00e7\u00e3o industrial. \u00c0 medida que as f\u00e1bricas come\u00e7aram a crescer em tamanho e complexidade, houve uma necessidade de maneiras novas e inovadoras de movimentar produtos e materiais pelo ch\u00e3o de f\u00e1brica. As correntes transportadoras fundidas foram desenvolvidas para atender a essa necessidade e rapidamente se tornaram uma parte importante do cen\u00e1rio industrial.\n<\/p>\n<h3>Classifica\u00e7\u00e3o de correntes transportadoras fundidas<\/h3>\n<ul>\n<li>Corrente transportadora fundida padr\u00e3o<\/li>\n<li>Corrente transportadora fundida para servi\u00e7os pesados<\/li>\n<\/ul>\n<h3>Vantagens da corrente transportadora fundida<\/h3>\n<ul>\n<li>Alta resist\u00eancia<\/li>\n<li>Dur\u00e1vel<\/li>\n<li>Capaz de suportar condi\u00e7\u00f5es operacionais adversas<\/li>\n<li>Resistente \u00e0 corros\u00e3o<\/li>\n<li>Baixa manuten\u00e7\u00e3o<\/li>\n<\/ul>\n<h3>Materiais de produtos dispon\u00edveis<\/h3>\n<p>\nCorrentes transportadoras fundidas s\u00e3o tipicamente feitas de materiais como a\u00e7o carbono, a\u00e7o de liga ou a\u00e7o inoxid\u00e1vel. A escolha do material depender\u00e1 da aplica\u00e7\u00e3o espec\u00edfica e do ambiente operacional.\n<\/p>\n<h3>Instala\u00e7\u00e3o, manuten\u00e7\u00e3o e reparo de corrente transportadora fundida<\/h3>\n<p>\nProper installation, maintenance, and repair of cast conveyor chains are critical to their performance and longevity. It is important to follow the manufacturer&#8217;s instructions when installing, maintaining, and repairing these chains. Regular inspections should be performed to identify any wear or damage to the chain, which should be repaired or replaced as necessary.\n<\/p>\n<h3>Como substituir corrente transportadora fundida<\/h3>\n<p>\nWhen replacing cast conveyor chains, it is important to choose a chain that is compatible with the existing system. The replacement chain should be the same size and pitch as the original chain, and should be installed following the manufacturer&#8217;s instructions. It is also important to properly lubricate the chain to ensure smooth operation.\n<\/p>\n<h2>Outros produtos oferecidos pela nossa empresa<\/h2>\n<p>\nAl\u00e9m de correntes transportadoras fundidas, nossa empresa oferece uma ampla gama de engrenagens pl\u00e1sticas industriais, incluindo caixas de engrenagens agr\u00edcolas, eixos de sa\u00edda de pot\u00eancia, rodas dentadas, acoplamentos hidr\u00e1ulicos, redutores de engrenagem sem-fim, cremalheiras de engrenagens, correntes remov\u00edveis, polias e polias, caixas de engrenagens planet\u00e1rias, polias de sincroniza\u00e7\u00e3o, buchas e muito mais. Nossos produtos s\u00e3o de alta qualidade, oferecidos a pre\u00e7os preferenciais e v\u00eam com servi\u00e7os atenciosos. Damos as boas-vindas aos clientes para personalizar com fotos e amostras.\n<\/p>\n<p><img decoding=\"async\" src=\"https:\/\/images.hzpt.com\/2023\/12\/LQ5JA3Rs-0_pintle-chain-factory-15.webp\" alt=\"Outros produtos\"><\/p>\n<h2>Perguntas e respostas<\/h2>\n<h3>Q1: O que \u00e9 corrente transportadora fundida?<\/h3>\n<p>\nCorrente transportadora fundida \u00e9 um tipo de corrente transportadora amplamente usada na ind\u00fastria. \u00c9 comumente usada em aplica\u00e7\u00f5es que exigem transporte pesado, como transporte de materiais a granel ou produtos em uma linha de produ\u00e7\u00e3o.\n<\/p>\n<h3>Q2: Quais s\u00e3o as vantagens da corrente transportadora fundida?<\/h3>\n<p>\nA corrente transportadora fundida oferece diversas vantagens, incluindo alta resist\u00eancia, durabilidade, capacidade de suportar condi\u00e7\u00f5es operacionais adversas, resist\u00eancia \u00e0 corros\u00e3o e baixa manuten\u00e7\u00e3o.\n<\/p>\n<h3>Q3: De quais materiais as correntes transportadoras fundidas geralmente s\u00e3o feitas?<\/h3>\n<p>\nCorrentes transportadoras fundidas s\u00e3o normalmente feitas de materiais como a\u00e7o carbono, a\u00e7o de liga ou a\u00e7o inoxid\u00e1vel.\n<\/p>\n<h3>Q4: Como as correntes transportadoras fundidas devem ser instaladas, mantidas e reparadas?<\/h3>\n<p>\nCast conveyor chains should be installed, maintained, and repaired following the manufacturer&#8217;s instructions. Regular inspections should be performed to identify any wear or damage to the chain, which should be repaired or replaced as necessary.\n<\/p>\n<h3>Q5: Quais outros produtos sua empresa oferece?<\/h3>\n<p>\nAl\u00e9m de correntes transportadoras fundidas, nossa empresa oferece uma ampla gama de engrenagens pl\u00e1sticas industriais, incluindo caixas de engrenagens agr\u00edcolas, eixos de sa\u00edda de pot\u00eancia, rodas dentadas, acoplamentos hidr\u00e1ulicos, redutores de engrenagem sem-fim, cremalheiras, correntes remov\u00edveis, polias e polias, caixas de engrenagens planet\u00e1rias, polias de sincroniza\u00e7\u00e3o, buchas e muito mais.\n<\/p>\n<p style=\"color:red\">Todo o conte\u00fado desta p\u00e1gina vem da Internet e \u00e9 usado apenas como refer\u00eancia para sele\u00e7\u00e3o de produtos. Nossos produtos s\u00e3o acess\u00f3rios e n\u00e3o pe\u00e7as de reposi\u00e7\u00e3o originais; n\u00e3o somos detentores da marca registrada original do conte\u00fado. Nossos produtos s\u00e3o adequados apenas para acess\u00f3rios de reposi\u00e7\u00e3o e n\u00e3o para pe\u00e7as de reposi\u00e7\u00e3o originais. Nossos acess\u00f3rios podem se encaixar perfeitamente nas pe\u00e7as de reposi\u00e7\u00e3o originais; se voc\u00ea precisar comprar pe\u00e7as de reposi\u00e7\u00e3o originais, entre em contato com a f\u00e1brica original para comprar.<\/p>\n<p>Autor: lmc<\/p>","protected":false},"excerpt":{"rendered":"<p>Cast Conveyor Chain 102HVY 142STD 142HVY 216STD 260STD Rivetless Drop Forged Cast Chain Application Cast conveyor chain is a type of conveyor chain that is widely used in the industry. It is commonly used in applications that require heavy-duty conveying, such as conveying bulk materials or products in a production line. Cast conveyor chains are [&hellip;]<\/p>","protected":false},"featured_media":6933,"template":"","meta":{"_et_pb_use_builder":"","_et_pb_old_content":"","_et_gb_content_width":""},"product_brand":[],"product_cat":[11370],"product_tag":[],"class_list":{"0":"post-6934","1":"product","2":"type-product","3":"status-publish","4":"has-post-thumbnail","6":"product_cat-cast-chain","8":"first","9":"instock","10":"shipping-taxable","11":"product-type-simple"},"_links":{"self":[{"href":"https:\/\/agricultural-gear-boxes.com\/pt\/wp-json\/wp\/v2\/product\/6934","targetHints":{"allow":["GET"]}}],"collection":[{"href":"https:\/\/agricultural-gear-boxes.com\/pt\/wp-json\/wp\/v2\/product"}],"about":[{"href":"https:\/\/agricultural-gear-boxes.com\/pt\/wp-json\/wp\/v2\/types\/product"}],"wp:featuredmedia":[{"embeddable":true,"href":"https:\/\/agricultural-gear-boxes.com\/pt\/wp-json\/wp\/v2\/media\/6933"}],"wp:attachment":[{"href":"https:\/\/agricultural-gear-boxes.com\/pt\/wp-json\/wp\/v2\/media?parent=6934"}],"wp:term":[{"taxonomy":"product_brand","embeddable":true,"href":"https:\/\/agricultural-gear-boxes.com\/pt\/wp-json\/wp\/v2\/product_brand?post=6934"},{"taxonomy":"product_cat","embeddable":true,"href":"https:\/\/agricultural-gear-boxes.com\/pt\/wp-json\/wp\/v2\/product_cat?post=6934"},{"taxonomy":"product_tag","embeddable":true,"href":"https:\/\/agricultural-gear-boxes.com\/pt\/wp-json\/wp\/v2\/product_tag?post=6934"}],"curies":[{"name":"wp","href":"https:\/\/api.w.org\/{rel}","templated":true}]}}