{"id":6940,"date":"2024-12-02T05:53:44","date_gmt":"2024-12-02T05:53:44","guid":{"rendered":"https:\/\/agricultural-gear-boxes.com\/product\/h-class-mill-chain-with-f8-attachment-h78-f8\/"},"modified":"2024-12-02T05:53:45","modified_gmt":"2024-12-02T05:53:45","slug":"h-class-mill-chain-with-f8-attachment-h78-f8","status":"publish","type":"product","link":"https:\/\/agricultural-gear-boxes.com\/pt\/product\/h-class-mill-chain-with-f8-attachment-h78-f8\/","title":{"rendered":"Corrente de moinho classe H com acess\u00f3rio F8 H78-F8"},"content":{"rendered":"<h1>Corrente de moinho classe H com acess\u00f3rio F8 H78-F8<\/h1>\n<p>The H Class Mill Chain with F8 Attachment H78-F8 is designed for heavy-duty drive and transfer conveyors in the pulp and paper industry and similar rich industrial applications. The strengthened cross-section of the sidebars of the &#8220;H&#8221; class links provides an added benefit of a wear surface to prolong chain service life when operated in troughs or over floors and slider beds.<\/p>\n<h2>Cen\u00e1rios de uso<\/h2>\n<p>A corrente H78-F8 \u00e9 comumente usada nas seguintes ind\u00fastrias:<\/p>\n<ul>\n<li>Celulose e papel<\/li>\n<li>Cimento<\/li>\n<li>Minera\u00e7\u00e3o<\/li>\n<li>Metalurgia<\/li>\n<\/ul>\n<p><img decoding=\"async\" src=\"https:\/\/images.hzpt.com\/2024\/04\/rivetless-drop-forged-cast-chain-application.webp\" alt=\"Aplica\u00e7\u00e3o em cadeia\" \/><\/p>\n<h2>Hist\u00f3rico e classifica\u00e7\u00e3o do produto<\/h2>\n<p>A Corrente de Moinho Classe H com Acess\u00f3rio F8 H78-F8 \u00e9 um tipo de corrente de servi\u00e7o de moinho feita de ferro male\u00e1vel perl\u00edtico. \u00c9 classificada como uma corrente de servi\u00e7o pesado devido \u00e0 sua se\u00e7\u00e3o transversal refor\u00e7ada das barras laterais. A corrente H78-F8 \u00e9 um produto do grupo de transmiss\u00e3o Ever-power, que tem uma linha completa de produ\u00e7\u00e3o de corrente, sele\u00e7\u00e3o de equipamentos e design de processo que aderem \u00e0 alta efici\u00eancia, economia de energia e automa\u00e7\u00e3o, com equipamento de teste perfeito, gest\u00e3o empresarial de alta qualidade e pessoal t\u00e9cnico profissional.<\/p>\n<h2>Vantagens<\/h2>\n<ul>\n<li>Se\u00e7\u00e3o transversal refor\u00e7ada para vida \u00fatil prolongada<\/li>\n<li>Resistente e adequado para aplica\u00e7\u00f5es exigentes<\/li>\n<li>Feito de ferro male\u00e1vel perl\u00edtico<\/li>\n<li>Alta efici\u00eancia, economia de energia e automa\u00e7\u00e3o na produ\u00e7\u00e3o<\/li>\n<\/ul>\n<h2>Materiais dispon\u00edveis<\/h2>\n<p>A Corrente de Moinho Classe H com Acess\u00f3rio F8 H78-F8 \u00e9 feita de ferro male\u00e1vel perl\u00edtico. Outros materiais dispon\u00edveis para correntes de moinho incluem ferro fundido, a\u00e7o inoxid\u00e1vel e a\u00e7o carbono.<\/p>\n<h2>Instala\u00e7\u00e3o, Manuten\u00e7\u00e3o e Reparo<\/h2>\n<p>A instala\u00e7\u00e3o, manuten\u00e7\u00e3o e reparo da Corrente de Moinho Classe H com Acess\u00f3rio F8 H78-F8 devem ser feitos por um profissional. A corrente deve ser inspecionada regularmente quanto a desgaste e danos, e quaisquer pe\u00e7as gastas ou danificadas devem ser substitu\u00eddas imediatamente para evitar falhas.<\/p>\n<h2>Como substituir a corrente<\/h2>\n<p>Para substituir a corrente H78-F8, siga estas etapas:<\/p>\n<ol>\n<li>Desconecte a corrente da unidade de transmiss\u00e3o.<\/li>\n<li>Remove any obstructions from the chain&#8217;s path.<\/li>\n<li>Remova a corrente antiga do transportador.<\/li>\n<li>Instale a nova corrente no transportador.<\/li>\n<li>Conecte a corrente \u00e0 unidade de transmiss\u00e3o.<\/li>\n<li>Tension the chain to the manufacturer&#8217;s specifications.<\/li>\n<\/ol>\n<h2>Outros neg\u00f3cios de produtos da empresa<\/h2>\n<p>Nossa empresa fornece principalmente diversas engrenagens pl\u00e1sticas industriais, como caixas de engrenagens agr\u00edcolas, eixos de sa\u00edda de pot\u00eancia, rodas dentadas, acoplamentos hidr\u00e1ulicos, redutores de engrenagem sem-fim, cremalheiras de engrenagens, correntes remov\u00edveis, polias e polias, caixas de engrenagens planet\u00e1rias, polias de sincroniza\u00e7\u00e3o, buchas, etc. Oferecemos produtos de alta qualidade, pre\u00e7os preferenciais e servi\u00e7os atenciosos, e convidamos os clientes a personalizar com fotos e amostras.<\/p>\n<p><img decoding=\"async\" src=\"https:\/\/images.hzpt.com\/2023\/12\/LQ5JA3Rs-0_pintle-chain-factory-15.webp\" alt=\"F\u00e1brica de correntes Pintle\" \/><\/p>\n<h2>Perguntas e Respostas<\/h2>\n<h3>1. O que \u00e9 a corrente de moinho classe H com acess\u00f3rio F8 H78-F8?<\/h3>\n<p>A corrente de moinho classe H com acess\u00f3rio F8 H78-F8 \u00e9 uma corrente de alta resist\u00eancia projetada para aplica\u00e7\u00f5es industriais exigentes.<\/p>\n<h3>2. Quais materiais est\u00e3o dispon\u00edveis para correntes de moinho?<\/h3>\n<p>As correntes do moinho podem ser feitas de ferro fundido, a\u00e7o inoxid\u00e1vel, a\u00e7o carbono ou ferro male\u00e1vel perl\u00edtico.<\/p>\n<h3>3. Quais s\u00e3o alguns cen\u00e1rios de uso comuns para a cadeia H78-F8?<\/h3>\n<p>A corrente H78-F8 \u00e9 comumente usada nas ind\u00fastrias de celulose e papel, cimento, minera\u00e7\u00e3o e metalurgia.<\/p>\n<h3>4. Como a cadeia H78-F8 deve ser mantida?<\/h3>\n<p>A corrente H78-F8 deve ser inspecionada regularmente quanto a desgaste e danos, e quaisquer pe\u00e7as desgastadas ou danificadas devem ser substitu\u00eddas imediatamente para evitar falhas.<\/p>\n<h3>5. Quais outros produtos a empresa oferece?<\/h3>\n<p>A empresa oferece diversas engrenagens pl\u00e1sticas industriais, como caixas de engrenagens agr\u00edcolas, eixos de sa\u00edda de pot\u00eancia, rodas dentadas, acoplamentos hidr\u00e1ulicos, redutores de engrenagem sem-fim, cremalheiras, correntes remov\u00edveis, polias e polias, caixas de engrenagens planet\u00e1rias, polias de sincroniza\u00e7\u00e3o, buchas, etc.<\/p>\n<p><em>Todo o conte\u00fado da p\u00e1gina vem da Internet, e o conte\u00fado \u00e9 usado apenas como refer\u00eancia para sele\u00e7\u00e3o de produtos. Nossos produtos s\u00e3o acess\u00f3rios e n\u00e3o pe\u00e7as de reposi\u00e7\u00e3o originais; n\u00e3o somos detentores da marca registrada original do conte\u00fado. Nossos produtos s\u00e3o adequados apenas para acess\u00f3rios de reposi\u00e7\u00e3o e n\u00e3o para pe\u00e7as de reposi\u00e7\u00e3o originais. Nossos acess\u00f3rios podem se encaixar perfeitamente nas pe\u00e7as de reposi\u00e7\u00e3o originais; se voc\u00ea precisar comprar pe\u00e7as de reposi\u00e7\u00e3o originais, entre em contato com a f\u00e1brica original para comprar.<\/em><\/p>\n<p><em>Autor: lmc<\/em><\/p>","protected":false},"excerpt":{"rendered":"<p>H Class Mill Chain with F8 Attachment H78-F8 The H Class Mill Chain with F8 Attachment H78-F8 is designed for heavy-duty drive and transfer conveyors in the pulp and paper industry and similar rich industrial applications. The strengthened cross-section of the sidebars of the &#8220;H&#8221; class links provides an added benefit of a wear surface [&hellip;]<\/p>","protected":false},"featured_media":6939,"template":"","meta":{"_et_pb_use_builder":"","_et_pb_old_content":"","_et_gb_content_width":""},"product_brand":[],"product_cat":[11370],"product_tag":[],"class_list":{"0":"post-6940","1":"product","2":"type-product","3":"status-publish","4":"has-post-thumbnail","6":"product_cat-cast-chain","8":"first","9":"instock","10":"shipping-taxable","11":"product-type-simple"},"_links":{"self":[{"href":"https:\/\/agricultural-gear-boxes.com\/pt\/wp-json\/wp\/v2\/product\/6940","targetHints":{"allow":["GET"]}}],"collection":[{"href":"https:\/\/agricultural-gear-boxes.com\/pt\/wp-json\/wp\/v2\/product"}],"about":[{"href":"https:\/\/agricultural-gear-boxes.com\/pt\/wp-json\/wp\/v2\/types\/product"}],"wp:featuredmedia":[{"embeddable":true,"href":"https:\/\/agricultural-gear-boxes.com\/pt\/wp-json\/wp\/v2\/media\/6939"}],"wp:attachment":[{"href":"https:\/\/agricultural-gear-boxes.com\/pt\/wp-json\/wp\/v2\/media?parent=6940"}],"wp:term":[{"taxonomy":"product_brand","embeddable":true,"href":"https:\/\/agricultural-gear-boxes.com\/pt\/wp-json\/wp\/v2\/product_brand?post=6940"},{"taxonomy":"product_cat","embeddable":true,"href":"https:\/\/agricultural-gear-boxes.com\/pt\/wp-json\/wp\/v2\/product_cat?post=6940"},{"taxonomy":"product_tag","embeddable":true,"href":"https:\/\/agricultural-gear-boxes.com\/pt\/wp-json\/wp\/v2\/product_tag?post=6940"}],"curies":[{"name":"wp","href":"https:\/\/api.w.org\/{rel}","templated":true}]}}