{"id":6946,"date":"2024-12-02T05:53:48","date_gmt":"2024-12-02T05:53:48","guid":{"rendered":"https:\/\/agricultural-gear-boxes.com\/product\/h-class-mill-chain-with-k2-attachment-h78-k2-h82-k2-h124-k2\/"},"modified":"2024-12-02T05:53:49","modified_gmt":"2024-12-02T05:53:49","slug":"h-class-mill-chain-with-k2-attachment-h78-k2-h82-k2-h124-k2","status":"publish","type":"product","link":"https:\/\/agricultural-gear-boxes.com\/pt\/product\/h-class-mill-chain-with-k2-attachment-h78-k2-h82-k2-h124-k2\/","title":{"rendered":"Corrente de moinho classe H com acess\u00f3rio K2 H78-K2 H82-K2 H124-K2"},"content":{"rendered":"<h1>Corrente de moinho classe H com acess\u00f3rio K2 H78-K2 H82-K2 H124-K2<\/h1>\n<p>A Corrente de Moinho Classe H com Acess\u00f3rio K2 \u00e9 uma corrente fresada de alta qualidade e servi\u00e7o pesado com uma resist\u00eancia \u00e0 tra\u00e7\u00e3o de 27.000 LBS. Fabricadas para executar e suportar acionamentos pesados, transportadores de transfer\u00eancia e ambientes abrasivos, as correntes transportadoras Classe H s\u00e3o correntes transportadoras de ferro fundido male\u00e1veis padr\u00e3o. As barras laterais da corrente transportadora classe H t\u00eam uma se\u00e7\u00e3o transversal refor\u00e7ada que fornece o benef\u00edcio adicional de uma superf\u00edcie resistente ao desgaste para estender a vida \u00fatil da corrente ao operar em calhas ou acima de pisos e leitos deslizantes.<\/p>\n<h2>Cen\u00e1rios de uso<\/h2>\n<p>A Corrente de Moinho Classe H com Acess\u00f3rio K2 \u00e9 ideal para uma variedade de aplica\u00e7\u00f5es, incluindo minera\u00e7\u00e3o, metalurgia, cimento, a\u00e7\u00facar, papel e madeira. Ela \u00e9 projetada para funcionar em calhas ou acima de pisos e leitos deslizantes, tornando-a perfeita para ambientes abrasivos e de servi\u00e7o pesado. <\/p>\n<p><img loading=\"lazy\" decoding=\"async\" src=\"https:\/\/images.hzpt.com\/2024\/04\/rivetless-drop-forged-cast-chain-application.webp\" alt=\"Corrente de moinho classe H com acess\u00f3rio K2\" width=\"800\" height=\"450\" \/><\/p>\n<h2>Vantagens<\/h2>\n<ul>\n<li>Corrente fresada de alta qualidade e alta resist\u00eancia<\/li>\n<li>Resist\u00eancia \u00e0 tra\u00e7\u00e3o de 27.000 LBS<\/li>\n<li>Projetado para funcionar em calhas ou acima de pisos e leitos deslizantes<\/li>\n<li>Superf\u00edcie resistente ao desgaste para prolongar a vida \u00fatil da corrente<\/li>\n<\/ul>\n<h2>Classifica\u00e7\u00e3o<\/h2>\n<p>A Corrente de Moinho Classe H com Acess\u00f3rio K2 \u00e9 classificada como uma corrente transportadora de ferro fundido male\u00e1vel padr\u00e3o. Ela \u00e9 projetada para ambientes abrasivos e de servi\u00e7o pesado e \u00e9 refor\u00e7ada para maior resist\u00eancia e durabilidade.<\/p>\n<h2>Materiais do produto<\/h2>\n<p>A Corrente de Moinho Classe H com Acess\u00f3rio K2 \u00e9 feita de materiais de alta qualidade, incluindo ferro fundido male\u00e1vel. Ela \u00e9 projetada para durar, mesmo nos ambientes mais exigentes.<\/p>\n<h2>Instala\u00e7\u00e3o, Manuten\u00e7\u00e3o e Reparo<\/h2>\n<p>A Corrente de Moinho Classe H com Acess\u00f3rio K2 \u00e9 f\u00e1cil de instalar e manter. A manuten\u00e7\u00e3o regular inclui lubrifica\u00e7\u00e3o, limpeza e inspe\u00e7\u00e3o de desgaste. Se forem necess\u00e1rios reparos, \u00e9 melhor consultar um profissional para garantir um reparo adequado e seguro.<\/p>\n<p>Ao substituir a corrente, \u00e9 importante escolher uma corrente que seja compat\u00edvel com a aplica\u00e7\u00e3o e o ambiente. A Corrente de Moinho Classe H com Acess\u00f3rio K2 \u00e9 uma op\u00e7\u00e3o dur\u00e1vel e de alta qualidade que pode suportar at\u00e9 mesmo os ambientes mais exigentes.<\/p>\n<h2>Outros neg\u00f3cios de produtos da empresa<\/h2>\n<p>Al\u00e9m da Corrente de Moinho Classe H com Acess\u00f3rio K2, tamb\u00e9m fornecemos uma ampla gama de engrenagens pl\u00e1sticas industriais, incluindo caixas de engrenagens agr\u00edcolas, eixos de sa\u00edda de pot\u00eancia, rodas dentadas, acoplamentos hidr\u00e1ulicos, redutores de engrenagem sem-fim, cremalheiras de engrenagens, correntes remov\u00edveis, polias e polias, caixas de engrenagens planet\u00e1rias, polias de sincroniza\u00e7\u00e3o, buchas e muito mais. Nossos produtos s\u00e3o de alta qualidade, com pre\u00e7os competitivos e apoiados por um servi\u00e7o excepcional ao cliente. Aceitamos pedidos personalizados e podemos acomodar pedidos pequenos e grandes.<\/p>\n<p><img loading=\"lazy\" decoding=\"async\" src=\"https:\/\/images.hzpt.com\/2023\/12\/LQ5JA3Rs-0_pintle-chain-factory-15.webp\" alt=\"Engrenagens Industriais de Pl\u00e1stico\" width=\"800\" height=\"450\" \/><\/p>\n<h2>Perguntas e Respostas<\/h2>\n<h3>P: Qual \u00e9 a resist\u00eancia \u00e0 tra\u00e7\u00e3o da corrente de moinho classe H com acess\u00f3rio K2?<\/h3>\n<p>R: A corrente de moinho classe H com acess\u00f3rio K2 tem uma resist\u00eancia \u00e0 tra\u00e7\u00e3o de 27.000 libras.<\/p>\n<h3>P: Do que \u00e9 feita a corrente de moinho classe H com acess\u00f3rio K2?<\/h3>\n<p>R: A corrente de moinho classe H com acess\u00f3rio K2 \u00e9 feita de materiais de alta qualidade, incluindo ferro fundido male\u00e1vel.<\/p>\n<h3>P: Quais s\u00e3o as aplica\u00e7\u00f5es da corrente de moinho classe H com acess\u00f3rio K2?<\/h3>\n<p>R: A corrente de moinho classe H com acess\u00f3rio K2 \u00e9 ideal para uma variedade de aplica\u00e7\u00f5es, incluindo minera\u00e7\u00e3o, metalurgia, cimento, a\u00e7\u00facar, papel e madeira.<\/p>\n<h3>P: Como instalar e manter a corrente de moinho Classe H com acess\u00f3rio K2?<\/h3>\n<p>R: A Corrente de Moinho Classe H com Acess\u00f3rio K2 \u00e9 f\u00e1cil de instalar e manter. A manuten\u00e7\u00e3o regular inclui lubrifica\u00e7\u00e3o, limpeza e inspe\u00e7\u00e3o de desgaste. Se forem necess\u00e1rios reparos, \u00e9 melhor consultar um profissional para garantir um reparo adequado e seguro.<\/p>\n<h3>P: Quais outros produtos a empresa fornece?<\/h3>\n<p>R: Al\u00e9m da corrente de moinho classe H com acess\u00f3rio K2, tamb\u00e9m fornecemos uma ampla variedade de engrenagens pl\u00e1sticas industriais, incluindo caixas de engrenagens agr\u00edcolas, eixos de sa\u00edda de pot\u00eancia, rodas dentadas, acoplamentos hidr\u00e1ulicos, redutores de engrenagem sem-fim, cremalheiras, correntes remov\u00edveis, polias e polias, caixas de engrenagens planet\u00e1rias, polias de sincroniza\u00e7\u00e3o, buchas e muito mais.<\/p>\n<p><strong>Este conte\u00fado \u00e9 proveniente da internet e \u00e9 usado apenas como refer\u00eancia para sele\u00e7\u00e3o de produtos. Nossos produtos s\u00e3o acess\u00f3rios e n\u00e3o pe\u00e7as de reposi\u00e7\u00e3o originais; n\u00e3o somos detentores da marca registrada original do conte\u00fado. Nossos acess\u00f3rios podem se encaixar perfeitamente nas pe\u00e7as de reposi\u00e7\u00e3o originais; se voc\u00ea precisar comprar pe\u00e7as de reposi\u00e7\u00e3o originais, entre em contato com a f\u00e1brica original para comprar.<\/strong><\/p>\n<p><em>Autor: lmc<\/em><\/p>","protected":false},"excerpt":{"rendered":"<p>H Class Mill Chain with K2 Attachment H78-K2 H82-K2 H124-K2 The H Class Mill Chain with K2 Attachment is a heavy-duty, high-quality milled chain with a tensile strength of 27,000 LBS. Manufactured to perform and support heavy drives, transfer conveyors, and abrasive environments, Class H conveyor chains are standard malleable cast iron conveyor chains. The [&hellip;]<\/p>","protected":false},"featured_media":6945,"template":"","meta":{"_et_pb_use_builder":"","_et_pb_old_content":"","_et_gb_content_width":""},"product_brand":[],"product_cat":[11370],"product_tag":[],"class_list":{"0":"post-6946","1":"product","2":"type-product","3":"status-publish","4":"has-post-thumbnail","6":"product_cat-cast-chain","8":"first","9":"instock","10":"shipping-taxable","11":"product-type-simple"},"_links":{"self":[{"href":"https:\/\/agricultural-gear-boxes.com\/pt\/wp-json\/wp\/v2\/product\/6946","targetHints":{"allow":["GET"]}}],"collection":[{"href":"https:\/\/agricultural-gear-boxes.com\/pt\/wp-json\/wp\/v2\/product"}],"about":[{"href":"https:\/\/agricultural-gear-boxes.com\/pt\/wp-json\/wp\/v2\/types\/product"}],"wp:featuredmedia":[{"embeddable":true,"href":"https:\/\/agricultural-gear-boxes.com\/pt\/wp-json\/wp\/v2\/media\/6945"}],"wp:attachment":[{"href":"https:\/\/agricultural-gear-boxes.com\/pt\/wp-json\/wp\/v2\/media?parent=6946"}],"wp:term":[{"taxonomy":"product_brand","embeddable":true,"href":"https:\/\/agricultural-gear-boxes.com\/pt\/wp-json\/wp\/v2\/product_brand?post=6946"},{"taxonomy":"product_cat","embeddable":true,"href":"https:\/\/agricultural-gear-boxes.com\/pt\/wp-json\/wp\/v2\/product_cat?post=6946"},{"taxonomy":"product_tag","embeddable":true,"href":"https:\/\/agricultural-gear-boxes.com\/pt\/wp-json\/wp\/v2\/product_tag?post=6946"}],"curies":[{"name":"wp","href":"https:\/\/api.w.org\/{rel}","templated":true}]}}