{"id":7224,"date":"2025-02-06T05:25:38","date_gmt":"2025-02-06T05:25:38","guid":{"rendered":"https:\/\/agricultural-gear-boxes.com\/product\/sharp-top-chains\/"},"modified":"2025-02-06T05:25:46","modified_gmt":"2025-02-06T05:25:46","slug":"sharp-top-chains","status":"publish","type":"product","link":"https:\/\/agricultural-gear-boxes.com\/pt\/product\/sharp-top-chains\/","title":{"rendered":"Correntes de topo afiado"},"content":{"rendered":"<h2>Correntes de topo afiado<\/h2>\n<p>As correntes de topo afiado s\u00e3o correntes especialmente projetadas, ideais para uso no processamento de madeira devido \u00e0 sua capacidade de causar o m\u00ednimo de danos \u00e0 madeira. Essas correntes s\u00e3o baseadas em uma corrente de rolo padr\u00e3o, mas os elos possuem dentes precisamente afiados e tratados termicamente. Al\u00e9m disso, as correntes de topo afiado s\u00e3o feitas de materiais especialmente selecionados e fabricados. O resultado \u00e9 uma corrente altamente eficaz em aplica\u00e7\u00f5es de processamento de madeira.<\/p>\n<h3>Cen\u00e1rios comuns de uso para correntes de topo afiado<\/h3>\n<p>Correntes de topo afiadas s\u00e3o comumente usadas em aplica\u00e7\u00f5es de processamento de madeira, incluindo, mas n\u00e3o se limitando a:<\/p>\n<ul>\n<li>Serrarias port\u00e1teis<\/li>\n<li>Serras de fita<\/li>\n<li>Serras verticais<\/li>\n<li>Serras horizontais<\/li>\n<li>Afiadores<\/li>\n<\/ul>\n<p><img decoding=\"async\" src=\"https:\/\/images.hzpt.com\/2024\/09\/metric-roller-chain-sprockets-application-5-scaled.webp\" alt=\"Cen\u00e1rio de uso de correntes de topo afiado\" \/><\/p>\n<h3>Vantagens das correntes Sharp Top<\/h3>\n<ul>\n<li>Dentes de alta precis\u00e3o para \u00f3tima ader\u00eancia e penetra\u00e7\u00e3o m\u00ednima<\/li>\n<li>Pinos, buchas, rolos e placas laterais tratados termicamente e jateados para \u00f3tima resist\u00eancia \u00e0 fadiga e vida \u00fatil<\/li>\n<li>Perfil de dente de baixo desenho para distribuir o peso e reduzir danos causados por contus\u00f5es<\/li>\n<li>Rebites de a\u00e7o de liga tripla e rebitagem ideal para longa vida \u00fatil<\/li>\n<li>Revestimentos esferoidizados para tamanhos de furos uniformes<\/li>\n<li>Pr\u00e9-lubrifica\u00e7\u00e3o com lubrificante premium projetado para correntes de topo afiadas<\/li>\n<\/ul>\n<h3>Classifica\u00e7\u00e3o de Correntes de Topo Afiado<\/h3>\n<p>As correntes de topo afiado s\u00e3o classificadas com base em seu tamanho, passo e n\u00famero de dentes. Essas correntes est\u00e3o dispon\u00edveis em uma ampla variedade de tamanhos e podem ser personalizadas para atender a necessidades espec\u00edficas.<\/p>\n<h3>Materiais usados para correntes de topo afiado<\/h3>\n<p>As correntes de ponta afiada s\u00e3o feitas de uma variedade de materiais, incluindo:<\/p>\n<ul>\n<li>A\u00e7o carbono<\/li>\n<li>Liga de a\u00e7o<\/li>\n<li>A\u00e7o inoxid\u00e1vel<\/li>\n<\/ul>\n<h3>Instala\u00e7\u00e3o, manuten\u00e7\u00e3o e reparo de correntes Sharp Top<\/h3>\n<p>Ao instalar, manter ou reparar correntes afiadas, \u00e9 importante seguir os procedimentos adequados para garantir que a corrente permane\u00e7a em boas condi\u00e7\u00f5es de funcionamento. Algumas considera\u00e7\u00f5es importantes incluem:<\/p>\n<ul>\n<li>Tensionar adequadamente a corrente para evitar desgaste excessivo<\/li>\n<li>Lubrificar a corrente regularmente com um lubrificante de alta qualidade<\/li>\n<li>Inspecionar a corrente regularmente para detectar sinais de desgaste<\/li>\n<li>Substituir a corrente quando estiver gasta ou danificada<\/li>\n<\/ul>\n<h2>Correntes e rodas dentadas<\/h2>\n<p><span lang=\"EN-US\">Correntes e rodas dentadas trabalham em conjunto para acionar m\u00e1quinas. Uma roda dentada \u00e9 uma proje\u00e7\u00e3o em forma de roda que se engata em uma corrente para acionamento. Essa proje\u00e7\u00e3o mais tarde ficou conhecida como roda dentada. Correntes e rodas dentadas s\u00e3o usadas em muitos setores, incluindo, entre outros, serrarias, minera\u00e7\u00e3o, constru\u00e7\u00e3o civil e agricultura. Comparadas \u00e0s correias dentadas, as correntes dentadas s\u00e3o mais dur\u00e1veis e confi\u00e1veis.<\/span><\/p>\n<p><img decoding=\"async\" src=\"https:\/\/img.jiansujichilun.com\/img\/chain\/roller%20chain\/roller-chain2.webp\" alt=\"Correntes e rodas dentadas\" \/><\/p>\n<h3>Outras pe\u00e7as de transmiss\u00e3o mec\u00e2nica oferecidas pela HZPT<\/h3>\n<p>A HZPT oferece uma ampla gama de engrenagens pl\u00e1sticas industriais e outras pe\u00e7as de transmiss\u00e3o mec\u00e2nica, incluindo:<\/p>\n<ul>\n<li>Caixas de engrenagens agr\u00edcolas<\/li>\n<li>Eixos de sa\u00edda de pot\u00eancia<\/li>\n<li>Rodas dentadas<\/li>\n<li>Acoplamentos hidr\u00e1ulicos<\/li>\n<li>Redutores de engrenagem sem-fim<\/li>\n<li>Cremalheiras de engrenagens<\/li>\n<li>Correntes remov\u00edveis<\/li>\n<li>Polias e roldanas<\/li>\n<li>Caixas de engrenagens planet\u00e1rias<\/li>\n<li>Polias de sincroniza\u00e7\u00e3o<\/li>\n<li>Buchas<\/li>\n<\/ul>\n<p><span style=\"color:red\">Aviso Legal: Todo o conte\u00fado desta p\u00e1gina \u00e9 proveniente da internet e serve apenas como refer\u00eancia. Nossos produtos s\u00e3o acess\u00f3rios e n\u00e3o pe\u00e7as de reposi\u00e7\u00e3o originais, e n\u00e3o somos detentores da marca registrada original do conte\u00fado. Nossos acess\u00f3rios podem se encaixar perfeitamente nas pe\u00e7as de reposi\u00e7\u00e3o originais. Se precisar comprar pe\u00e7as de reposi\u00e7\u00e3o originais, entre em contato com a f\u00e1brica original para efetuar a compra.<\/span><\/p>\n<h2>Perguntas e Respostas<\/h2>\n<p><strong>Q1: O que s\u00e3o correntes de topo afiadas?<\/strong><br \/>\nR1: As correntes de topo afiado s\u00e3o correntes especialmente projetadas, ideais para uso no processamento de madeira devido \u00e0 sua capacidade de causar o m\u00ednimo de danos \u00e0 madeira. Elas s\u00e3o baseadas em uma corrente de rolo padr\u00e3o, mas os elos t\u00eam dentes precisamente afiados e tratados termicamente.<\/p>\n<p><strong>Q2: Quais s\u00e3o as vantagens das correntes de topo afiadas?<\/strong><br \/>\nR2: Algumas das vantagens das correntes de topo afiado incluem dentes de alta precis\u00e3o para \u00f3tima ader\u00eancia e penetra\u00e7\u00e3o m\u00ednima, pinos, buchas, rolos e placas laterais tratados termicamente e jateados para \u00f3tima resist\u00eancia \u00e0 fadiga e vida \u00fatil, perfil de dente de baixo estiramento para distribuir o peso e reduzir danos causados por contus\u00f5es, rebites de a\u00e7o de liga tripla e rebitagem ideal para longa vida \u00fatil, revestimentos esferoidizados para tamanhos de furos uniformes e pr\u00e9-lubrifica\u00e7\u00e3o com lubrificante premium projetado para correntes de topo afiado.<\/p>\n<p><strong>Q3: Quais s\u00e3o alguns cen\u00e1rios de uso comuns para correntes de topo afiado?<\/strong><br \/>\nA3: Correntes de topo afiadas s\u00e3o comumente usadas em aplica\u00e7\u00f5es de processamento de madeira, incluindo, mas n\u00e3o se limitando a serrarias port\u00e1teis, serras de fita, serras verticais, serras horizontais e cortadoras de bordas.<\/p>\n<p><strong>Q4: Que tipos de materiais s\u00e3o usados para fazer correntes de topo afiadas?<\/strong><br \/>\nR4: Correntes de ponta afiada s\u00e3o normalmente feitas de a\u00e7o carbono, a\u00e7o de liga ou a\u00e7o inoxid\u00e1vel.<\/p>\n<p><strong>Q5: Quais outras pe\u00e7as de transmiss\u00e3o mec\u00e2nica a HZPT oferece?<\/strong><br \/>\nA5: A HZPT oferece uma ampla gama de engrenagens pl\u00e1sticas industriais e outras pe\u00e7as de transmiss\u00e3o mec\u00e2nica, incluindo caixas de engrenagens agr\u00edcolas, eixos de sa\u00edda de pot\u00eancia, rodas dentadas, acoplamentos hidr\u00e1ulicos, redutores de engrenagem helicoidal, cremalheiras, correntes remov\u00edveis, polias e polias, caixas de engrenagens planet\u00e1rias, polias de sincroniza\u00e7\u00e3o, buchas e muito mais.<\/p>","protected":false},"excerpt":{"rendered":"<p>Sharp Top Chains Sharp top chains are specially designed chains that are ideal for use in timber processing due to their ability to cause the least amount of damage to timber. These chains are based on a standard roller chain, but the links have teeth that are precisely sharpened and heat-treated. Moreover, sharp top chains [&hellip;]<\/p>","protected":false},"featured_media":7223,"template":"","meta":{"_et_pb_use_builder":"","_et_pb_old_content":"","_et_gb_content_width":""},"product_brand":[],"product_cat":[11371],"product_tag":[],"class_list":{"0":"post-7224","1":"product","2":"type-product","3":"status-publish","4":"has-post-thumbnail","6":"product_cat-roller-chain","8":"first","9":"instock","10":"shipping-taxable","11":"product-type-simple"},"_links":{"self":[{"href":"https:\/\/agricultural-gear-boxes.com\/pt\/wp-json\/wp\/v2\/product\/7224","targetHints":{"allow":["GET"]}}],"collection":[{"href":"https:\/\/agricultural-gear-boxes.com\/pt\/wp-json\/wp\/v2\/product"}],"about":[{"href":"https:\/\/agricultural-gear-boxes.com\/pt\/wp-json\/wp\/v2\/types\/product"}],"wp:featuredmedia":[{"embeddable":true,"href":"https:\/\/agricultural-gear-boxes.com\/pt\/wp-json\/wp\/v2\/media\/7223"}],"wp:attachment":[{"href":"https:\/\/agricultural-gear-boxes.com\/pt\/wp-json\/wp\/v2\/media?parent=7224"}],"wp:term":[{"taxonomy":"product_brand","embeddable":true,"href":"https:\/\/agricultural-gear-boxes.com\/pt\/wp-json\/wp\/v2\/product_brand?post=7224"},{"taxonomy":"product_cat","embeddable":true,"href":"https:\/\/agricultural-gear-boxes.com\/pt\/wp-json\/wp\/v2\/product_cat?post=7224"},{"taxonomy":"product_tag","embeddable":true,"href":"https:\/\/agricultural-gear-boxes.com\/pt\/wp-json\/wp\/v2\/product_tag?post=7224"}],"curies":[{"name":"wp","href":"https:\/\/api.w.org\/{rel}","templated":true}]}}