{"id":7230,"date":"2025-02-06T05:25:48","date_gmt":"2025-02-06T05:25:48","guid":{"rendered":"https:\/\/agricultural-gear-boxes.com\/product\/anti-sidebow-chains-for-pushing-window-p12-75\/"},"modified":"2025-02-06T05:25:49","modified_gmt":"2025-02-06T05:25:49","slug":"anti-sidebow-chains-for-pushing-window-p12-75","status":"publish","type":"product","link":"https:\/\/agricultural-gear-boxes.com\/pt\/product\/anti-sidebow-chains-for-pushing-window-p12-75\/","title":{"rendered":"Correntes anti-arqueamento lateral para empurrar janela P12,75"},"content":{"rendered":"<h2>Correntes anti-arqueamento lateral para empurrar janela P12,75<\/h2>\n<p>As correntes anti-arqueamento lateral s\u00e3o especialmente projetadas para suportar curvas e flex\u00f5es. Essas correntes s\u00e3o compostas por uma variedade de placas e fixa\u00e7\u00f5es especiais, que lhes conferem a capacidade de girar. Elas t\u00eam uma pequena \u00e1rea de apoio, o que as torna adequadas para cargas mais baixas em compara\u00e7\u00e3o com correntes de rolos compar\u00e1veis. Na Ever-power, oferecemos uma gama de correntes anti-arqueamento lateral que atendem \u00e0s suas necessidades espec\u00edficas.<\/p>\n<p><img loading=\"lazy\" decoding=\"async\" src=\"https:\/\/hzpt.com\/wp-content\/uploads\/2022\/08\/anti-sidebow-chains-for-pushing-window-1.webp\" alt=\"Correntes anti-arqueamento lateral para empurrar janelas\" width=\"350\" height=\"350\"><\/p>\n<h3>Hist\u00f3rico do produto<\/h3>\n<p>As correntes anti-arqueamento lateral foram usadas pela primeira vez na ind\u00fastria a\u00e7ucareira na d\u00e9cada de 1940. No entanto, com os avan\u00e7os tecnol\u00f3gicos, elas agora s\u00e3o amplamente utilizadas em v\u00e1rios setores, como papel, cimento, alimentos, minera\u00e7\u00e3o e metalurgia.<\/p>\n<h3>Classifica\u00e7\u00e3o do produto<\/h3>\n<p>As correntes anti-arco lateral v\u00eam em v\u00e1rios tipos, incluindo correntes anti-arco lateral padr\u00e3o, correntes anti-arco lateral com acess\u00f3rios e correntes anti-arco lateral com rodas dentadas.<\/p>\n<h3>Vantagens do produto<\/h3>\n<ul>\n<li>Pode suportar curvas e flex\u00f5es<\/li>\n<li>Capacidade de pivotar<\/li>\n<li>Folga extra entre pinos e buchas<\/li>\n<li>Pode ser equipado com todos os acess\u00f3rios de corrente de rolos usuais<\/li>\n<\/ul>\n<p>Essas correntes s\u00e3o projetadas especificamente para aplica\u00e7\u00f5es curvas e proporcionam maior flexibilidade para m\u00e1quinas.<\/p>\n<p><img decoding=\"async\" src=\"https:\/\/images.hzpt.com\/2024\/09\/metric-roller-chain-sprockets-application-5-scaled.webp\" alt=\"Cen\u00e1rio de uso de correntes anti-arco lateral\"><\/p>\n<h3>Materiais de produtos dispon\u00edveis<\/h3>\n<p>As correntes anti-arqueamento lateral s\u00e3o feitas de duas partes separadas: a placa de elos interna e os elos externos da corrente. Os elos externos da corrente s\u00e3o feitos de materiais pl\u00e1sticos, enquanto o pino de articula\u00e7\u00e3o 7 e o parafuso 6 s\u00e3o feitos de a\u00e7o.<\/p>\n<h3>Instala\u00e7\u00e3o, Manuten\u00e7\u00e3o e Reparo<\/h3>\n<p>Anti-sidebow chains are easy to install, maintain, and repair. Always follow the manufacturer&#8217;s instructions for installation and maintenance. Regular lubrication is necessary to ensure optimum performance.<\/p>\n<h3>Substitui\u00e7\u00e3o<\/h3>\n<p>Substitua a corrente anti-arqueamento lateral se ela apresentar sinais de desgaste. Ao substituir a corrente, certifique-se de escolher a correta de acordo com suas necessidades.<\/p>\n<h2>Ever-power&#8217;s Other Product Businesses<\/h2>\n<p>At Ever-power, we specialize in providing a range of industrial plastic gears. Our product range includes agricultural gearboxes, power output shafts, sprockets, hydraulic couplings, worm gear reducers, gear racks, removable chains, pulleys and pulleys, planetary gearboxes, timing pulleys, bushings, and more. We provide high-quality products at competitive prices and offer thoughtful services. Our products can be customized based on customers&#8217; requirements.<\/p>\n<p><img decoding=\"async\" src=\"https:\/\/img.jiansujichilun.com\/img\/chain\/roller%20chain\/roller-chain2.webp\" alt=\"Produtos\"><\/p>\n<h2>Perguntas e respostas<\/h2>\n<h3>1. O que s\u00e3o correntes anti-arco lateral?<\/h3>\n<p>Correntes anti-arqueamento lateral s\u00e3o correntes especialmente projetadas para suportar curvas e flex\u00f5es. Essas correntes s\u00e3o compostas por uma variedade de placas e fixa\u00e7\u00f5es especiais, que lhes conferem a capacidade de girar.<\/p>\n<h3>2. Quais s\u00e3o as vantagens das correntes anti-arco lateral?<\/h3>\n<p>As vantagens das correntes anti-arqueamento lateral incluem sua capacidade de suportar curvas e flex\u00f5es, girar, ter folga extra entre pinos e buchas e podem ser equipadas com todos os acess\u00f3rios usuais de corrente de rolo.<\/p>\n<h3>3. Quais s\u00e3o os materiais dispon\u00edveis para correntes anti-arco lateral?<\/h3>\n<p>As correntes anti-arqueamento lateral s\u00e3o feitas de duas partes separadas: a placa de elos interna e os elos externos da corrente. Os elos externos da corrente s\u00e3o feitos de materiais pl\u00e1sticos, enquanto o pino de articula\u00e7\u00e3o 7 e o parafuso 6 s\u00e3o feitos de a\u00e7o.<\/p>\n<h3>4. Como voc\u00ea instala, mant\u00e9m e repara correntes anti-arco lateral?<\/h3>\n<p>Always follow the manufacturer&#8217;s instructions for installation and maintenance. Regular lubrication is necessary to ensure optimum performance. Anti-sidebow chains are easy to maintain and repair.<\/p>\n<h3>5. Quais s\u00e3o os cen\u00e1rios de uso comuns para correntes anti-arco lateral?<\/h3>\n<p>As correntes anti-arqueamento lateral s\u00e3o projetadas especificamente para aplica\u00e7\u00f5es curvas e proporcionam maior flexibilidade \u00e0s m\u00e1quinas. Essas correntes s\u00e3o amplamente utilizadas em diversos setores, como papel, cimento, alimentos, minera\u00e7\u00e3o e metalurgia.<\/p>\n<p style=\"color:red\">Todo o conte\u00fado da p\u00e1gina vem da Internet, e o conte\u00fado \u00e9 usado apenas como refer\u00eancia para sele\u00e7\u00e3o de produtos. Nossos produtos s\u00e3o acess\u00f3rios e n\u00e3o pe\u00e7as de reposi\u00e7\u00e3o originais; n\u00e3o somos detentores da marca registrada original do conte\u00fado. Nossos produtos s\u00e3o adequados apenas para acess\u00f3rios de reposi\u00e7\u00e3o e n\u00e3o para pe\u00e7as de reposi\u00e7\u00e3o originais. Nossos acess\u00f3rios podem se encaixar perfeitamente nas pe\u00e7as de reposi\u00e7\u00e3o originais; se voc\u00ea precisar comprar pe\u00e7as de reposi\u00e7\u00e3o originais, entre em contato com a f\u00e1brica original para comprar.<\/p>\n<p>Autor: lmc<\/p>","protected":false},"excerpt":{"rendered":"<p>Anti-Sidebow Chains for Pushing Window P12.75 Anti-sidebow chains are specially designed to withstand curves and flexures. These chains are made up of a variety of special plates and attachments, which give them the ability to pivot. They have a small bearing area, which makes them suitable for lower loads in comparison to comparable roller chains. [&hellip;]<\/p>","protected":false},"featured_media":7229,"template":"","meta":{"_et_pb_use_builder":"","_et_pb_old_content":"","_et_gb_content_width":""},"product_brand":[],"product_cat":[11371],"product_tag":[],"class_list":{"0":"post-7230","1":"product","2":"type-product","3":"status-publish","4":"has-post-thumbnail","6":"product_cat-roller-chain","8":"first","9":"instock","10":"shipping-taxable","11":"product-type-simple"},"_links":{"self":[{"href":"https:\/\/agricultural-gear-boxes.com\/pt\/wp-json\/wp\/v2\/product\/7230","targetHints":{"allow":["GET"]}}],"collection":[{"href":"https:\/\/agricultural-gear-boxes.com\/pt\/wp-json\/wp\/v2\/product"}],"about":[{"href":"https:\/\/agricultural-gear-boxes.com\/pt\/wp-json\/wp\/v2\/types\/product"}],"wp:featuredmedia":[{"embeddable":true,"href":"https:\/\/agricultural-gear-boxes.com\/pt\/wp-json\/wp\/v2\/media\/7229"}],"wp:attachment":[{"href":"https:\/\/agricultural-gear-boxes.com\/pt\/wp-json\/wp\/v2\/media?parent=7230"}],"wp:term":[{"taxonomy":"product_brand","embeddable":true,"href":"https:\/\/agricultural-gear-boxes.com\/pt\/wp-json\/wp\/v2\/product_brand?post=7230"},{"taxonomy":"product_cat","embeddable":true,"href":"https:\/\/agricultural-gear-boxes.com\/pt\/wp-json\/wp\/v2\/product_cat?post=7230"},{"taxonomy":"product_tag","embeddable":true,"href":"https:\/\/agricultural-gear-boxes.com\/pt\/wp-json\/wp\/v2\/product_tag?post=7230"}],"curies":[{"name":"wp","href":"https:\/\/api.w.org\/{rel}","templated":true}]}}