{"id":7236,"date":"2025-02-06T05:25:51","date_gmt":"2025-02-06T05:25:51","guid":{"rendered":"https:\/\/agricultural-gear-boxes.com\/product\/slr-series-self-lubrication-roller-chains\/"},"modified":"2025-02-06T05:25:51","modified_gmt":"2025-02-06T05:25:51","slug":"slr-series-self-lubrication-roller-chains","status":"publish","type":"product","link":"https:\/\/agricultural-gear-boxes.com\/pt\/product\/slr-series-self-lubrication-roller-chains\/","title":{"rendered":"Correntes de rolos autolubrificadas da s\u00e9rie SLR"},"content":{"rendered":"<h2>Sobre as correntes de rolos autolubrificadas da s\u00e9rie SLR<\/h2>\n<p>As Correntes de Rolos Autolubrificantes da S\u00e9rie SLR apresentam um design altamente avan\u00e7ado que combina os benef\u00edcios das correntes de rolos padr\u00e3o com a vantagem adicional de n\u00e3o exigir lubrifica\u00e7\u00e3o ap\u00f3s a instala\u00e7\u00e3o. Essas correntes possuem uma bucha sinterizada especial impregnada com \u00f3leo, que atua em conjunto com um pino de rolamento com tratamento especial para manter a corrente lubrificada durante a opera\u00e7\u00e3o. Uma das principais vantagens dessas correntes de rolos autolubrificantes \u00e9 que elas podem ser facilmente intercambi\u00e1veis com correntes padr\u00e3o.<\/p>\n<p>Essas correntes est\u00e3o dispon\u00edveis em diferentes materiais, incluindo a\u00e7o carbono, a\u00e7o inoxid\u00e1vel e a\u00e7o niquelado, que podem ser escolhidos de acordo com a aplica\u00e7\u00e3o e as condi\u00e7\u00f5es operacionais espec\u00edficas. Recomenda-se o uso dessas correntes autolubrificantes em ambientes com baixas cargas de choque e temperaturas entre 10\u00b0F e 140\u00b0F. A s\u00e9rie SLR possui roletes, enquanto a s\u00e9rie SL n\u00e3o possui roletes e possui buchas maiores, permitindo maior reten\u00e7\u00e3o de lubrifica\u00e7\u00e3o.<\/p>\n<h3>Vantagens das correntes de rolos autolubrificadas da s\u00e9rie SLR<\/h3>\n<p>Existem in\u00fameras vantagens em usar correntes de rolos autolubrificadas. Uma das principais vantagens \u00e9 que elas eliminam a necessidade de lubrifica\u00e7\u00e3o manual, tornando-as adequadas para aplica\u00e7\u00f5es que n\u00e3o exigem lubrifica\u00e7\u00e3o. Essa solu\u00e7\u00e3o sem necessidade de manuten\u00e7\u00e3o tem se mostrado altamente ben\u00e9fica para diversos setores, reduzindo o tempo de inatividade e aumentando a produ\u00e7\u00e3o. Al\u00e9m disso, essas correntes possuem recursos de prote\u00e7\u00e3o contra corros\u00e3o, o que ajuda a reduzir os custos de manuten\u00e7\u00e3o.<\/p>\n<p>As correntes de rolos autolubrificantes da Ever Power possuem caracter\u00edsticas exclusivas, projetadas para uso prolongado. Essas correntes incorporam uma bucha sinterizada especial impregnada com \u00f3leo que se estende al\u00e9m da placa interna, impedindo a penetra\u00e7\u00e3o de sujeira e detritos. Pinos quimicamente revestidos e temperados oferecem prote\u00e7\u00e3o adicional na \u00e1rea do rolamento. Como resultado, essas correntes podem funcionar mesmo em ambientes onde a lubrifica\u00e7\u00e3o convencional \u00e9 impratic\u00e1vel.<\/p>\n<h3>Cen\u00e1rios de uso<\/h3>\n<p>As Correntes de Rolos Autolubrificantes da S\u00e9rie SLR s\u00e3o adequadas para uma ampla gama de aplica\u00e7\u00f5es. S\u00e3o comumente utilizadas em ind\u00fastrias como t\u00eaxtil, agr\u00edcola e de processamento de alimentos. Essas correntes s\u00e3o mais silenciosas em compara\u00e7\u00e3o com as correntes padr\u00e3o, minimizando os n\u00edveis de ru\u00eddo no ambiente de trabalho. Al\u00e9m disso, s\u00e3o menores e mais leves, tornando-as ideais para m\u00e1quinas que exigem um torque significativo.<\/p>\n<p><img decoding=\"async\" src=\"https:\/\/images.hzpt.com\/2024\/09\/metric-roller-chain-sprockets-application-5-scaled.webp\" alt=\"Cen\u00e1rio de uso\" \/><\/p>\n<h3>Hist\u00f3rico do produto<\/h3>\n<p>The concept of self-lubrication roller chains originated from the need to eliminate the manual lubrication process and reduce maintenance costs. The development of specialized sintered bushings and treated bearing pins revolutionized the design of roller chains, creating the self-lubrication feature and extending the chains&#8217; lifespan.<\/p>\n<h3>Classifica\u00e7\u00e3o do produto<\/h3>\n<p>As Correntes de Rolos Autolubrificantes da S\u00e9rie SLR se enquadram na categoria de correntes de rolos, projetadas especificamente para aplica\u00e7\u00f5es autolubrificantes. Essas correntes fazem parte de uma gama mais ampla de correntes de transmiss\u00e3o utilizadas em diversas m\u00e1quinas industriais.<\/p>\n<h3>Vantagens das correntes de rolos autolubrificadas da s\u00e9rie SLR<\/h3>\n<p>&#8211; Eliminates the need for manual lubrication<br \/>\n&#8211; Suitable for applications that do not require lubrication<br \/>\n&#8211; Reduces downtime and increases production<br \/>\n&#8211; Corrosion-protection features lower maintenance costs<br \/>\n&#8211; Special oil-impregnated sintered bushing prevents dirt and debris penetration<br \/>\n&#8211; Chemically plated and tempered pins for added protection<\/p>\n<h3>Materiais de produtos dispon\u00edveis<\/h3>\n<p>As correntes de rolos autolubrificadas da s\u00e9rie SLR est\u00e3o dispon\u00edveis em diferentes materiais, incluindo:<\/p>\n<p>&#8211; Carbon steel<br \/>\n&#8211; Stainless steel<br \/>\n&#8211; Nickel-plated steel<\/p>\n<p>A escolha do material depende da aplica\u00e7\u00e3o espec\u00edfica e das condi\u00e7\u00f5es operacionais.<\/p>\n<h3>Instala\u00e7\u00e3o, Manuten\u00e7\u00e3o e Reparo<\/h3>\n<p>A instala\u00e7\u00e3o das Correntes de Rolos Autolubrificantes da S\u00e9rie SLR exige muita aten\u00e7\u00e3o para garantir o funcionamento adequado. \u00c9 importante escolher o tamanho correto da roda dentada para a aplica\u00e7\u00e3o espec\u00edfica e considerar a resist\u00eancia ao desgaste e \u00e0 fadiga. A qualidade e a durabilidade da corrente podem ser determinadas pela escolha correta do passo dos dentes.<\/p>\n<p>A manuten\u00e7\u00e3o dessas correntes envolve principalmente inspe\u00e7\u00f5es peri\u00f3dicas para garantir que estejam funcionando corretamente e sem danos. Como s\u00e3o autolubrificantes, n\u00e3o h\u00e1 necessidade de lubrifica\u00e7\u00e3o adicional. Em caso de danos ou desgaste, a corrente deve ser reparada ou substitu\u00edda, conforme necess\u00e1rio.<\/p>\n<h3>Outros neg\u00f3cios de produtos da empresa<\/h3>\n<p>Al\u00e9m das Correntes de Rolos Autolubrificantes da S\u00e9rie SLR, nossa empresa, Ever Power, fornece uma ampla gama de engrenagens pl\u00e1sticas industriais de alta qualidade, incluindo caixas de engrenagens agr\u00edcolas, eixos de sa\u00edda de pot\u00eancia, rodas dentadas, acoplamentos hidr\u00e1ulicos, redutores de engrenagem helicoidal, cremalheiras, correntes remov\u00edveis, polias e polias, caixas de engrenagens planet\u00e1rias, polias sincronizadoras e buchas. Nos orgulhamos de oferecer produtos de alta qualidade, pre\u00e7os competitivos e um atendimento excepcional ao cliente. Aceitamos pedidos personalizados e podemos fornecer produtos sob medida para necessidades espec\u00edficas.<\/p>\n<p><img decoding=\"async\" src=\"https:\/\/img.jiansujichilun.com\/img\/chain\/roller%20chain\/roller-chain2.webp\" alt=\"Imagem do produto\" \/><\/p>\n<h2>Perguntas e Respostas<\/h2>\n<p>P1: As correntes de rolos autolubrificadas da s\u00e9rie SLR s\u00e3o adequadas para ambientes com altas cargas de choque?<\/p>\n<p>R1: Essas correntes s\u00e3o recomendadas para uso em ambientes com baixas cargas de choque.<\/p>\n<p>P2: As correntes de rolos autolubrificadas da s\u00e9rie SLR podem ser relubrificadas?<\/p>\n<p>R2: N\u00e3o, essas correntes n\u00e3o foram projetadas para serem relubrificadas.<\/p>\n<p>Q3: Quais s\u00e3o as principais vantagens de usar correntes de rolos autolubrificadas?<\/p>\n<p>R3: As principais vantagens incluem a elimina\u00e7\u00e3o da necessidade de lubrifica\u00e7\u00e3o manual, a redu\u00e7\u00e3o do tempo de inatividade e o aumento da produ\u00e7\u00e3o.<\/p>\n<p>Q4: As correntes de rolos autolubrificadas da s\u00e9rie SLR podem ser usadas em aplica\u00e7\u00f5es de transporte de alimentos?<\/p>\n<p>R4: N\u00e3o, a S\u00e9rie SLR n\u00e3o \u00e9 adequada para todas as aplica\u00e7\u00f5es de transporte de alimentos.<\/p>\n<p>Q5: Em quais materiais as correntes de rolos autolubrificantes da s\u00e9rie SLR est\u00e3o dispon\u00edveis?<\/p>\n<p>R5: Essas correntes est\u00e3o dispon\u00edveis em a\u00e7o carbono, a\u00e7o inoxid\u00e1vel e a\u00e7o niquelado.<\/p>\n<p>Assinado,<br \/>\nlmc<\/p>\n<p><span style=\"color: red;\">Aviso Legal: Todo o conte\u00fado desta p\u00e1gina \u00e9 proveniente da internet e \u00e9 fornecido apenas como refer\u00eancia para a sele\u00e7\u00e3o de produtos. Nossos produtos s\u00e3o acess\u00f3rios de reposi\u00e7\u00e3o e n\u00e3o pe\u00e7as de reposi\u00e7\u00e3o originais. N\u00e3o somos os detentores da marca registrada original. Embora nossos acess\u00f3rios possam se encaixar perfeitamente nas pe\u00e7as de reposi\u00e7\u00e3o originais, caso voc\u00ea precise adquirir pe\u00e7as de reposi\u00e7\u00e3o originais, entre em contato com a f\u00e1brica original.<\/span><\/p>","protected":false},"excerpt":{"rendered":"<p>About SLR Series Self-lubrication Roller Chains The SLR Series Self-lubrication Roller Chains are a highly advanced design that combines the benefits of standard roller chains with the added advantage of not requiring lubrication after installation. These chains feature a special sintered bushing that is oil-impregnated, working in conjunction with a specially treated bearing pin to [&hellip;]<\/p>","protected":false},"featured_media":7235,"template":"","meta":{"_et_pb_use_builder":"","_et_pb_old_content":"","_et_gb_content_width":""},"product_brand":[],"product_cat":[11371],"product_tag":[],"class_list":{"0":"post-7236","1":"product","2":"type-product","3":"status-publish","4":"has-post-thumbnail","6":"product_cat-roller-chain","8":"first","9":"instock","10":"shipping-taxable","11":"product-type-simple"},"_links":{"self":[{"href":"https:\/\/agricultural-gear-boxes.com\/pt\/wp-json\/wp\/v2\/product\/7236","targetHints":{"allow":["GET"]}}],"collection":[{"href":"https:\/\/agricultural-gear-boxes.com\/pt\/wp-json\/wp\/v2\/product"}],"about":[{"href":"https:\/\/agricultural-gear-boxes.com\/pt\/wp-json\/wp\/v2\/types\/product"}],"wp:featuredmedia":[{"embeddable":true,"href":"https:\/\/agricultural-gear-boxes.com\/pt\/wp-json\/wp\/v2\/media\/7235"}],"wp:attachment":[{"href":"https:\/\/agricultural-gear-boxes.com\/pt\/wp-json\/wp\/v2\/media?parent=7236"}],"wp:term":[{"taxonomy":"product_brand","embeddable":true,"href":"https:\/\/agricultural-gear-boxes.com\/pt\/wp-json\/wp\/v2\/product_brand?post=7236"},{"taxonomy":"product_cat","embeddable":true,"href":"https:\/\/agricultural-gear-boxes.com\/pt\/wp-json\/wp\/v2\/product_cat?post=7236"},{"taxonomy":"product_tag","embeddable":true,"href":"https:\/\/agricultural-gear-boxes.com\/pt\/wp-json\/wp\/v2\/product_tag?post=7236"}],"curies":[{"name":"wp","href":"https:\/\/api.w.org\/{rel}","templated":true}]}}