{"id":7245,"date":"2025-02-06T06:22:43","date_gmt":"2025-02-06T06:22:43","guid":{"rendered":"https:\/\/agricultural-gear-boxes.com\/product\/al67-t-rod-chain-links\/"},"modified":"2025-02-06T06:22:44","modified_gmt":"2025-02-06T06:22:44","slug":"al67-t-rod-chain-links","status":"publish","type":"product","link":"https:\/\/agricultural-gear-boxes.com\/pt\/product\/al67-t-rod-chain-links\/","title":{"rendered":"AL67 T-Rod Chain links"},"content":{"rendered":"<h1>AL67 T-Rod Heavy Duty Agricultural Steel Chain Links<\/h1>\n<p>These heavy duty chain links have a minimum tensile strength of 16,000 pounds. Made of 5\/16\u201d thick, hi-strength steel, they are uniformly heat treated in atmospherically controlled furnaces. Designed to run on their respective standard #67 or #88 sprockets, they help prevent clogging or binding and have a longer wear life than steel detachable or pintle chains. Due to the thickness of material used, they are easy to assemble and disassemble. The design of the unit attachment links are offset at the lug extension, allowing the slat to ride on the surface of the flooring, giving the best possible cleaning action. Developed for use in spreaders, its unique design decreases fatigue and wear and reduces stretching. It runs smoothly and quietly on standard #67 sprockets.<\/p>\n<h2>Cen\u00e1rios de uso comum<\/h2>\n<p>The AL67 T-Rod Chains are commonly used in agricultural and industrial applications where there is a need for heavy duty chain links.<\/p>\n<p><img loading=\"lazy\" decoding=\"async\" src=\"https:\/\/agricultural-gear-boxes.com\/wp-content\/uploads\/2025\/02\/Xa7hVZSp-Stainless-Steel-Link-Chain.webp\" alt=\"AL67 T-Rod Chain Links\" width=\"500\" height=\"500\"><\/p>\n<h2>Vantagens<\/h2>\n<ul>\n<li>Easy to assemble and disassemble<\/li>\n<li>Designed to run on respective standard #67 or #88 sprockets<\/li>\n<li>Longer wear life than steel detachable or pintle chains<\/li>\n<li>Offset unit attachment links that allow the slat to ride on the surface of the flooring for the best possible cleaning action<\/li>\n<li>Decreases fatigue and wear while reducing stretching<\/li>\n<\/ul>\n<h2>Materiais<\/h2>\n<p>The AL67 T-Rod Chains are made of 5\/16\u201d thick hi-strength steel that is uniformly heat treated in atmospherically controlled furnaces.<\/p>\n<h2>Instala\u00e7\u00e3o, Manuten\u00e7\u00e3o e Reparo<\/h2>\n<p>The AL67 T-Rod Chains are easy to assemble and disassemble. Proper maintenance is necessary to ensure maximum performance and longevity. Regular inspection, cleaning, and lubrication are recommended. If replacement is required, follow the manufacturer&#8217;s instructions and specifications.<\/p>\n<h2>Outros neg\u00f3cios de produtos da empresa<\/h2>\n<p>We mainly supply various industrial plastic gears. Our product range includes agricultural gearboxes, power output shafts, sprockets, hydraulic couplings, worm gear reducers, gear racks, removable chains, pulleys and pulleys, planetary gearboxes, timing pulleys, bushings, etc. We offer high-quality products, preferential prices, and thoughtful services. We welcome customers to customize with pictures and samples.<\/p>\n<p><img decoding=\"async\" src=\"https:\/\/agricultural-gear-boxes.com\/wp-content\/uploads\/2025\/02\/ep_chain-manufacturer.webp\" alt=\"Chain Manufacturer\"><\/p>\n<h2>Perguntas e Respostas<\/h2>\n<ol>\n<li>\n<h3>What are the AL67 T-Rod Chains made of?<\/h3>\n<p>The AL67 T-Rod Chains are made of 5\/16\u201d thick hi-strength steel that is uniformly heat treated in atmospherically controlled furnaces.<\/p>\n<\/li>\n<li>\n<h3>What are the advantages of the AL67 T-Rod Chains?<\/h3>\n<p>The advantages of the AL67 T-Rod Chains include easy assembly and disassembly, longer wear life than steel detachable or pintle chains, and offset unit attachment links that allow the slat to ride on the surface of the flooring for the best possible cleaning action. <\/p>\n<\/li>\n<li>\n<h3>What are the common usage scenarios of the AL67 T-Rod Chains?<\/h3>\n<p>The AL67 T-Rod Chains are commonly used in agricultural and industrial applications where there is a need for heavy duty chain links.<\/p>\n<\/li>\n<li>\n<h3>How do I install and maintain the AL67 T-Rod Chains?<\/h3>\n<p>The AL67 T-Rod Chains are easy to assemble and disassemble. Proper maintenance is necessary to ensure maximum performance and longevity. Regular inspection, cleaning, and lubrication are recommended. If replacement is required, follow the manufacturer&#8217;s instructions and specifications.<\/p>\n<\/li>\n<li>\n<h3>What are the available product materials for the AL67 T-Rod Chains?<\/h3>\n<p>The AL67 T-Rod Chains are made of 5\/16\u201d thick hi-strength steel that is uniformly heat treated in atmospherically controlled furnaces.<\/p>\n<\/li>\n<\/ol>\n<p><i><b>Autor: lmc<\/b><\/i><\/p>\n<p><font color=\"red\">Disclaimer: All content on this page is from the Internet and is only used as a reference for product selection. Our products are accessories rather than original spare parts. We are not the holder of the original trademark of the content. Our products are only suitable for aftermarket accessories rather than original spare parts. Our accessories can perfectly fit the original spare parts. If you need to purchase original spare parts, please contact the original factory to purchase.<\/font><\/p>","protected":false},"excerpt":{"rendered":"<p>AL67 T-Rod Heavy Duty Agricultural Steel Chain Links These heavy duty chain links have a minimum tensile strength of 16,000 pounds. Made of 5\/16\u201d thick, hi-strength steel, they are uniformly heat treated in atmospherically controlled furnaces. Designed to run on their respective standard #67 or #88 sprockets, they help prevent clogging or binding and have [&hellip;]<\/p>","protected":false},"featured_media":7244,"template":"","meta":{"_et_pb_use_builder":"","_et_pb_old_content":"","_et_gb_content_width":""},"product_brand":[],"product_cat":[11372],"product_tag":[],"class_list":{"0":"post-7245","1":"product","2":"type-product","3":"status-publish","4":"has-post-thumbnail","6":"product_cat-link-chain","8":"first","9":"instock","10":"shipping-taxable","11":"product-type-simple"},"_links":{"self":[{"href":"https:\/\/agricultural-gear-boxes.com\/pt\/wp-json\/wp\/v2\/product\/7245","targetHints":{"allow":["GET"]}}],"collection":[{"href":"https:\/\/agricultural-gear-boxes.com\/pt\/wp-json\/wp\/v2\/product"}],"about":[{"href":"https:\/\/agricultural-gear-boxes.com\/pt\/wp-json\/wp\/v2\/types\/product"}],"wp:featuredmedia":[{"embeddable":true,"href":"https:\/\/agricultural-gear-boxes.com\/pt\/wp-json\/wp\/v2\/media\/7244"}],"wp:attachment":[{"href":"https:\/\/agricultural-gear-boxes.com\/pt\/wp-json\/wp\/v2\/media?parent=7245"}],"wp:term":[{"taxonomy":"product_brand","embeddable":true,"href":"https:\/\/agricultural-gear-boxes.com\/pt\/wp-json\/wp\/v2\/product_brand?post=7245"},{"taxonomy":"product_cat","embeddable":true,"href":"https:\/\/agricultural-gear-boxes.com\/pt\/wp-json\/wp\/v2\/product_cat?post=7245"},{"taxonomy":"product_tag","embeddable":true,"href":"https:\/\/agricultural-gear-boxes.com\/pt\/wp-json\/wp\/v2\/product_tag?post=7245"}],"curies":[{"name":"wp","href":"https:\/\/api.w.org\/{rel}","templated":true}]}}