{"id":7580,"date":"2025-03-07T06:46:20","date_gmt":"2025-03-07T06:46:20","guid":{"rendered":"https:\/\/agricultural-gear-boxes.com\/?post_type=product&#038;p=7580"},"modified":"2025-04-07T07:52:32","modified_gmt":"2025-04-07T07:52:32","slug":"corn-header-gearbox-replacement-of-comer-code-t-304a","status":"publish","type":"product","link":"https:\/\/agricultural-gear-boxes.com\/pt\/product\/corn-header-gearbox-replacement-of-comer-code-t-304a\/","title":{"rendered":"Caixa de engrenagens do coletor de milho \u2013 Substitui\u00e7\u00e3o do Comer Code T-304A"},"content":{"rendered":"<p style=\"text-align: center;\"><strong><span style=\"font-size: 18pt; color: #000000;\">Caixa de engrenagens do coletor de milho \u2013 Substitui\u00e7\u00e3o do Comer Code T-304A<\/span><\/strong><\/p>\n<p>Quando se trata de colher milho de forma eficiente, a caixa de engrenagens do cabe\u00e7ote de milho \u00e9 a hero\u00edna an\u00f4nima da sua colheitadeira. Este componente vital canaliza a pot\u00eancia do motor diretamente para as l\u00e2minas, cortando os talos de milho com precis\u00e3o e velocidade. Projetada como uma substitui\u00e7\u00e3o direta para o Comer Code T-304A, esta caixa de engrenagens da TEBSA, o bra\u00e7o argentino da HZPT, oferece a durabilidade e o desempenho que os agricultores precisam para enfrentar a colheita em alta velocidade em diversas condi\u00e7\u00f5es. Com rela\u00e7\u00f5es de engrenagem ajust\u00e1veis adaptadas ao motor da sua colheitadeira, ela garante que as l\u00e2minas girem no ritmo certo, mantendo sua colheita no caminho certo, n\u00e3o importa o campo.<\/p>\n<p><img loading=\"lazy\" decoding=\"async\" class=\"aligncenter size-full wp-image-298844\" src=\"https:\/\/images.hzpt.com\/2023\/02\/corn-header-gearbox-t304a.webp\" alt=\"Caixa de engrenagens do coletor de milho da China\" width=\"300\" height=\"300\" \/><\/p>\n<h2><em><strong>Especifica\u00e7\u00f5es da caixa de engrenagens do coletor de milho T-304A<\/strong><\/em><\/h2>\n<p>Entender as especifica\u00e7\u00f5es da caixa de engrenagens do seu coletor de milho \u00e9 essencial para tirar o m\u00e1ximo proveito dela. O T-304A \u00e9 constru\u00eddo para durar, com um design robusto que resiste aos rigores da colheita de milho. Aqui est\u00e1 o que voc\u00ea precisa saber:<\/p>\n<p><img loading=\"lazy\" decoding=\"async\" class=\"aligncenter size-full wp-image-298845\" src=\"https:\/\/images.hzpt.com\/2023\/02\/cRKIY9qG-corn-header-gearbox-specification-t304a.webp\" alt=\"China Corn Header Gearbox T304-A\" width=\"971\" height=\"483\" \/><\/p>\n<table class=\"kh-1xzm1su\" style=\"width: 98%;\" border=\"1\" data-intent=\"lists-product-attributes\" data-test-id=\"attributes-list\">\n<tbody class=\"kh-1ago99h\">\n<tr id=\"attProductDetails\" class=\"kh-bwvum6\" data-test-id=\"attribute-row\">\n<th class=\"kh-10oizfy\" style=\"width: 15.0432%;\">Detalhes do produto<\/th>\n<td class=\"kh-1f5nhat\" style=\"width: 83.6005%;\">\n<ul>\n<li class=\"kh-16zd49f\">Todas as caixas de engrenagens s\u00e3o fornecidas sem \u00f3leo.<\/li>\n<li class=\"kh-16zd49f\">Primeira troca de \u00f3leo ap\u00f3s 50-70 horas de opera\u00e7\u00e3o, depois ap\u00f3s 500-700 horas de opera\u00e7\u00e3o ou pelo menos uma vez por ano.<\/li>\n<li class=\"kh-16zd49f\">Entre em contato conosco para obter pot\u00eancia em RPM diferente.<\/li>\n<\/ul>\n<\/td>\n<\/tr>\n<tr id=\"attApplicationRange\" class=\"kh-bwvum6\" data-test-id=\"attribute-row\">\n<th class=\"kh-10oizfy\" style=\"width: 15.0432%;\">Faixa de aplica\u00e7\u00e3o<\/th>\n<td class=\"kh-1f5nhat\" style=\"width: 83.6005%;\">\n<ul>\n<li class=\"kh-16zd49f\">V\u00e1rias aplica\u00e7\u00f5es (agr\u00edcolas)<\/li>\n<li class=\"kh-16zd49f\">Perfurador de furos<\/li>\n<\/ul>\n<\/td>\n<\/tr>\n<tr id=\"attConsistsOf\" class=\"kh-bwvum6\" data-test-id=\"attribute-row\">\n<th class=\"kh-10oizfy\" style=\"width: 15.0432%;\">Consiste em<\/th>\n<td class=\"kh-1f5nhat\" style=\"width: 83.6005%;\">\n<ul>\n<li class=\"kh-16zd49f\">Caixa de velocidades<\/li>\n<li class=\"kh-16zd49f\">Sem \u00f3leo<\/li>\n<\/ul>\n<\/td>\n<\/tr>\n<\/tbody>\n<\/table>\n<h2><strong>Principais caracter\u00edsticas da caixa de engrenagens do coletor de milho T-304A<\/strong><\/h2>\n<p>O <strong>caixa de engrenagens da plataforma de milho<\/strong> O T-304A n\u00e3o \u00e9 apenas uma pe\u00e7a de reposi\u00e7\u00e3o \u2014 \u00e9 um divisor de \u00e1guas para sua colheita. Seu recurso de destaque? Constru\u00e7\u00e3o s\u00f3lida como uma rocha. Constru\u00edda para suportar as demandas brutais da colheita de milho em alto volume, esta caixa de engrenagens combina materiais premium com engenharia de precis\u00e3o. Isso significa que voc\u00ea obt\u00e9m uma unidade que n\u00e3o \u00e9 apenas resistente, mas tamb\u00e9m confi\u00e1vel, temporada ap\u00f3s temporada. Quer voc\u00ea esteja enfrentando caules grossos ou longas horas, o T-304A resiste onde outros podem vacilar.<\/p>\n<p>Versatilidade \u00e9 outro trunfo na manga. Isso <strong>caixa de engrenagens da plataforma de milho<\/strong> adapta-se como um profissional, permitindo que voc\u00ea o ajuste para diferentes espa\u00e7amentos de fileiras, variedades de milho ou peculiaridades de colheita. Os fazendeiros na Argentina sabem que n\u00e3o h\u00e1 dois campos iguais \u2014 alguns precisam de velocidades de l\u00e2mina mais r\u00e1pidas, outros de cobertura mais ampla. A flexibilidade do T-304A significa que voc\u00ea pode ajust\u00e1-lo para combinar com sua configura\u00e7\u00e3o, aumentando a efici\u00eancia e espremendo at\u00e9 o \u00faltimo gr\u00e3o de lucro de sua colheita.<\/p>\n<p>Por que isso importa? Porque a colheita moderna de milho n\u00e3o se trata apenas de cortar talos \u2014 trata-se de faz\u00ea-lo de forma mais inteligente. Com o T-304A, voc\u00ea n\u00e3o est\u00e1 preso a uma solu\u00e7\u00e3o \u00fanica para todos. Em vez disso, voc\u00ea obt\u00e9m uma caixa de engrenagens do cabe\u00e7ote de milho que se adapta \u00e0s suas necessidades, tornando sua colheitadeira uma m\u00e1quina de colheita enxuta e eficiente. De pequenas parcelas a campos extensos, ela foi projetada para entregar.<\/p>\n<p><img loading=\"lazy\" decoding=\"async\" class=\"aligncenter size-full wp-image-298856\" src=\"https:\/\/images.hzpt.com\/2023\/02\/3ytFtb7X-corn-header-gearbox-t304a-1.webp\" alt=\"Caixa de engrenagens do coletor de milho da China\" width=\"300\" height=\"300\" \/><\/p>\n<h2><strong>Por que escolher a caixa de engrenagens para cabe\u00e7ote de milho da TEBSA?<\/strong><\/h2>\n<p>Na TEBSA, n\u00e3o vendemos apenas um <strong>caixa de engrenagens da plataforma de milho<\/strong>\u2014estamos oferecendo uma t\u00e1bua de salva\u00e7\u00e3o para sua colheita. Como filial argentina da HZPT, trazemos mais de 25 anos de experi\u00eancia para a mesa, criando equipamentos resistentes, eficientes e econ\u00f4micos. O T-304A n\u00e3o \u00e9 uma imita\u00e7\u00e3o fr\u00e1gil; \u00e9 um substituto projetado com precis\u00e3o para o Comer Code T-304A, constru\u00eddo para manter sua colheitadeira funcionando com desempenho m\u00e1ximo. Precisa que ele lide com um RPM diferente? Basta perguntar \u2014 nossa equipe tem o conhecimento para ajust\u00e1-lo corretamente.<\/p>\n<p>A manuten\u00e7\u00e3o tamb\u00e9m \u00e9 moleza. Enviado sem \u00f3leo, ele est\u00e1 pronto para voc\u00ea encher com o grau certo (verifique seu manual \u2014 SAE 80W-90 \u00e9 uma aposta s\u00f3lida). Troque-o ap\u00f3s 50-70 horas para come\u00e7ar, depois a cada 500-700 horas ou anualmente, e voc\u00ea manter\u00e1 esta caixa de engrenagens zumbindo. N\u00e3o se trata apenas de durabilidade \u2014 trata-se de dar a voc\u00ea controle sobre seu equipamento e seus resultados financeiros.<\/p>\n<p>Al\u00e9m das plataformas de milho, esta caixa de engrenagens tem dupla fun\u00e7\u00e3o. Tem uma furadeira ou outra aplica\u00e7\u00e3o agr\u00edcola? O T-304A tem coragem para lidar com isso. Esse \u00e9 o tipo de versatilidade com que os agricultores argentinos podem contar, esteja voc\u00ea colhendo milho ou lidando com outras tarefas de campo.<\/p>\n<h2><em><strong>Emparelhe sua caixa de engrenagens com os eixos de tomada de for\u00e7a da TEBSA<\/strong><\/em><\/h2>\n<p>Uma \u00f3tima caixa de engrenagens para cabe\u00e7ote de milho precisa de um parceiro s\u00f3lido, e \u00e9 a\u00ed que nossos eixos de tomada de for\u00e7a entram. Equipamentos agr\u00edcolas exigem torque s\u00e9rio e pot\u00eancia de perman\u00eancia, e os eixos de tomada de for\u00e7a da TEBSA oferecem. De configura\u00e7\u00f5es de 6 estrias a 21 estrias, temos uma variedade para combinar com sua combina\u00e7\u00e3o de colheitadeira e caixa de engrenagens. Eles n\u00e3o s\u00e3o apenas complementos \u2014 eles s\u00e3o a espinha dorsal da transfer\u00eancia de pot\u00eancia, constru\u00eddos para funcionar muito e intensamente durante a temporada de colheita.<\/p>\n<p>Por que se contentar com menos? Na TEBSA, temos ambos em estoque <a href=\"https:\/\/agricultural-gear-boxes.com\/pt\/product-category\/gearbox\/agricultural-gearbox\/\">caixas de engrenagens agr\u00edcolas<\/a> e <a href=\"https:\/\/agricultural-gear-boxes.com\/pt\/product-category\/pto-shaft\/\">Eixos de tomada de for\u00e7a<\/a>, para que voc\u00ea possa equipar seu equipamento com engrenagens que funcionam perfeitamente juntas. \u00c9 tudo sobre manter sua opera\u00e7\u00e3o suave e o tempo de inatividade no m\u00ednimo.<\/p>\n<p><img loading=\"lazy\" decoding=\"async\" class=\"wp-image-5126 aligncenter\" src=\"https:\/\/agricultural-gear-boxes.com\/wp-content\/uploads\/2024\/09\/pto-shaft-300x194.jpg\" alt=\"\" width=\"390\" height=\"252\" \/><\/p>\n<h2><strong>TEBSA: Seu parceiro de confian\u00e7a para equipamentos agr\u00edcolas<\/strong><\/h2>\n<p>Escolher a caixa de engrenagens correta para o coletor de milho n\u00e3o \u00e9 apenas uma quest\u00e3o de especifica\u00e7\u00f5es, mas sim de quem est\u00e1 por tr\u00e1s dela. A TEBSA, orgulhosamente parte da HZPT desde 1997, traz um legado de fabrica\u00e7\u00e3o profissional para a Argentina. Somos um parceiro confi\u00e1vel e confi\u00e1vel, oferecendo uma garantia de qualidade 100% em cada pedido. De prot\u00f3tipos r\u00e1pidos \u00e0 produ\u00e7\u00e3o em massa, nossa experi\u00eancia mec\u00e2nica cobre tudo. E aqui est\u00e1 o problema: nossos pre\u00e7os competitivos podem cortar custos em 50% em compara\u00e7\u00e3o com os originais de grandes nomes, sem abrir m\u00e3o do desempenho.<\/p>\n<p>Nossa equipe \u00e9 afiada \u2014 entre em contato e voc\u00ea receber\u00e1 um feedback em 24 horas. N\u00e3o estamos aqui para complicar as coisas; tornamos a coopera\u00e7\u00e3o suave e direta. Se voc\u00ea precisa de um T-304A <strong>caixa de engrenagens da plataforma de milho<\/strong>, um eixo de tomada de for\u00e7a personalizado ou conselhos sobre como manter seu equipamento em \u00f3timas condi\u00e7\u00f5es, a TEBSA tem o talento e as ferramentas para entregar.<\/p>\n<p><strong>Pronto para melhorar sua colheita?<\/strong> <a href=\"https:\/\/agricultural-gear-boxes.com\/pt\/contact\/\">Contato TEBSA<\/a> hoje para a caixa de engrenagens do cabe\u00e7ote de milho T-304A ou qualquer equipamento agr\u00edcola que voc\u00ea precise. Com mais de 25 anos de experi\u00eancia, pre\u00e7os que superam a concorr\u00eancia em at\u00e9 metade e uma equipe que responde em um dia, somos a sua escolha para qualidade e valor. Vamos manter sua colheitadeira cortando e seus lucros crescendo \u2014 entre em contato agora!<br \/>\n<img loading=\"lazy\" decoding=\"async\" class=\"alignnone\" src=\"https:\/\/images.hzpt.com\/2022\/12\/Agricultural-Gearbox-Production-Workshop.webp\" alt=\"Oficina de Produ\u00e7\u00e3o de Caixas de Engrenagens Agr\u00edcolas\" width=\"1166\" height=\"756\" \/><\/p>\n<div class=\"wp-block-rank-math-faq-block\">\n<h2>Perguntas frequentes<\/h2>\n<div>\n<p><!-- FAQ 1 --><\/p>\n<div>\n<h3>O que a caixa de engrenagens do coletor de milho T-304A faz?<\/h3>\n<div>\n<p>O T-304A <strong>caixa de engrenagens da plataforma de milho<\/strong> transfere pot\u00eancia do motor da sua colheitadeira para as l\u00e2minas, cortando e separando talos de milho com precis\u00e3o. Constru\u00eddo como um substituto para o Comer Code T-304A, ele se ajusta ao RPM do seu motor, garantindo uma colheita eficiente em qualquer condi\u00e7\u00e3o de campo \u2014 perfeito para fazendeiros argentinos que buscam manter suas colheitadeiras funcionando sem problemas.<\/p>\n<\/div>\n<\/div>\n<p><!-- FAQ 2 --><\/p>\n<div>\n<h3>Qu\u00e3o dur\u00e1vel \u00e9 a caixa de engrenagens do coletor de milho T-304A?<\/h3>\n<div>\n<p>Esse <strong>caixa de engrenagens da plataforma de milho<\/strong> \u00e9 s\u00f3lida como uma rocha, projetada para lidar com os trabalhos de colheita mais dif\u00edceis. Feito com materiais premium e engenharia de precis\u00e3o, o T-304A resiste \u00e0 colheita de milho de alto volume, oferecendo confiabilidade temporada ap\u00f3s temporada. Os mais de 25 anos de experi\u00eancia da TEBSA garantem que ele seja constru\u00eddo para durar.<\/p>\n<\/div>\n<\/div>\n<p><!-- FAQ 3 --><\/p>\n<div>\n<h3>Como fa\u00e7o a manuten\u00e7\u00e3o da caixa de engrenagens do meu coletor de milho T-304A?<\/h3>\n<div>\n<p>Ele \u00e9 enviado sem \u00f3leo, ent\u00e3o encha-o com SAE 80W-90 ou o grau recomendado. Troque o \u00f3leo ap\u00f3s 50-70 horas inicialmente, depois a cada 500-700 horas ou anualmente. A manuten\u00e7\u00e3o regular mant\u00e9m seu <strong>caixa de engrenagens da plataforma de milho<\/strong> zumbido \u2014 entre em contato com a TEBSA se precisar de dicas ou de uma configura\u00e7\u00e3o de RPM diferente.<\/p>\n<\/div>\n<\/div>\n<p><!-- FAQ 4 --><\/p>\n<div>\n<h3>A caixa de engrenagens do coletor de milho T-304A pode funcionar com outros equipamentos?<\/h3>\n<div>\n<p>Sim, \u00e9 vers\u00e1til! Al\u00e9m de cabe\u00e7otes de milho, o T-304A tamb\u00e9m funciona como uma pot\u00eancia para perfuradores de furos e outras aplica\u00e7\u00f5es agr\u00edcolas. Seu design ajust\u00e1vel se adapta a v\u00e1rios espa\u00e7amentos e configura\u00e7\u00f5es de fileiras, tornando-o uma escolha flex\u00edvel para fazendeiros. A TEBSA tem tudo o que voc\u00ea precisa em equipamentos agr\u00edcolas.<\/p>\n<\/div>\n<\/div>\n<p><!-- FAQ 5 --><\/p>\n<div>\n<h3>Por que comprar a caixa de engrenagens do coletor de milho T-304A da TEBSA?<\/h3>\n<div>\n<p>A TEBSA, filial argentina da HZPT desde 1997, oferece o T-304A a pre\u00e7os at\u00e9 50% mais baixos do que as grandes marcas, com uma garantia de qualidade de 100%. Nossa equipe afiada responde em 24 horas e, com mais de 25 anos de experi\u00eancia, entregamos produtos dur\u00e1veis e eficientes. <strong>caixas de engrenagens de cabe\u00e7ote de milho<\/strong> que mant\u00eam sua colheita lucrativa.<\/p>\n<\/div>\n<\/div>\n<\/div>\n<\/div>","protected":false},"excerpt":{"rendered":"<p>Corn Header Gearbox \u2013 Replacement of Comer Code T-304A When it comes to harvesting corn efficiently, the corn header gearbox is the unsung hero of your combine. This vital component channels power from the engine straight to the blades, slicing through corn stalks with precision and speed. Designed as a direct replacement for the Comer [&hellip;]<\/p>","protected":false},"featured_media":7581,"template":"","meta":{"_et_pb_use_builder":"","_et_pb_old_content":"","_et_gb_content_width":""},"product_brand":[],"product_cat":[10402,11400],"product_tag":[11401],"class_list":{"0":"post-7580","1":"product","2":"type-product","3":"status-publish","4":"has-post-thumbnail","6":"product_cat-agricultural-gearbox","7":"product_cat-corn-header-gearbox","8":"product_tag-corn-header-gearbox","10":"first","11":"instock","12":"shipping-taxable","13":"product-type-simple"},"_links":{"self":[{"href":"https:\/\/agricultural-gear-boxes.com\/pt\/wp-json\/wp\/v2\/product\/7580","targetHints":{"allow":["GET"]}}],"collection":[{"href":"https:\/\/agricultural-gear-boxes.com\/pt\/wp-json\/wp\/v2\/product"}],"about":[{"href":"https:\/\/agricultural-gear-boxes.com\/pt\/wp-json\/wp\/v2\/types\/product"}],"wp:featuredmedia":[{"embeddable":true,"href":"https:\/\/agricultural-gear-boxes.com\/pt\/wp-json\/wp\/v2\/media\/7581"}],"wp:attachment":[{"href":"https:\/\/agricultural-gear-boxes.com\/pt\/wp-json\/wp\/v2\/media?parent=7580"}],"wp:term":[{"taxonomy":"product_brand","embeddable":true,"href":"https:\/\/agricultural-gear-boxes.com\/pt\/wp-json\/wp\/v2\/product_brand?post=7580"},{"taxonomy":"product_cat","embeddable":true,"href":"https:\/\/agricultural-gear-boxes.com\/pt\/wp-json\/wp\/v2\/product_cat?post=7580"},{"taxonomy":"product_tag","embeddable":true,"href":"https:\/\/agricultural-gear-boxes.com\/pt\/wp-json\/wp\/v2\/product_tag?post=7580"}],"curies":[{"name":"wp","href":"https:\/\/api.w.org\/{rel}","templated":true}]}}