{"id":7588,"date":"2025-03-07T08:34:11","date_gmt":"2025-03-07T08:34:11","guid":{"rendered":"https:\/\/agricultural-gear-boxes.com\/?post_type=product&#038;p=7588"},"modified":"2025-04-07T07:54:15","modified_gmt":"2025-04-07T07:54:15","slug":"corn-headers-gearbox-replacement-of-comer-code-l170-b","status":"publish","type":"product","link":"https:\/\/agricultural-gear-boxes.com\/pt\/product\/corn-headers-gearbox-replacement-of-comer-code-l170-b\/","title":{"rendered":"Caixa de engrenagens de cabe\u00e7otes de milho - Substitui\u00e7\u00e3o do c\u00f3digo Comer L170-B"},"content":{"rendered":"<p style=\"text-align: center;\"><strong><span style=\"font-size: 18pt; color: #000000;\">Corn Headers Gearbox &#8211; Replacement of Comer Code L170-B<\/span><\/strong><\/p>\n<p>Quando se trata de colher milho de forma eficiente, cada pe\u00e7a do equipamento conta \u2014 e a caixa de engrenagens do cabe\u00e7ote de milho n\u00e3o \u00e9 exce\u00e7\u00e3o. Na TEBSA, o bra\u00e7o argentino da HZPT, temos orgulho de oferecer a <strong>Corn Headers Gearbox &#8211; Replacement of Comer Code L170-B<\/strong>, um componente robusto e confi\u00e1vel projetado para manter sua colheita de milho no caminho certo. Posicionada no cora\u00e7\u00e3o do seu cabe\u00e7ote de milho, esta caixa de engrenagens canaliza a energia da sua m\u00e1quina de colheita para as l\u00e2minas que cortam os talos, garantindo uma opera\u00e7\u00e3o suave mesmo nos campos mais dif\u00edceis.<\/p>\n<h2><em><strong>Par\u00e2metros principais da caixa de engrenagens L170-B<\/strong><\/em><\/h2>\n<p>Projetada para alto desempenho, a caixa de engrenagens L170-B oferece as especifica\u00e7\u00f5es necess\u00e1rias para uma colheita confi\u00e1vel de milho:<\/p>\n<ul>\n<li><strong>Velocidade de entrada (N<sub>1<\/sub>):<\/strong> 580 RPM<\/li>\n<li><strong>Pot\u00eancia de sa\u00edda (N<sub>2<\/sub>):<\/strong> 11,0 kW<\/li>\n<li><strong>Torque (M<sub>2<\/sub>):<\/strong> N\u00e3o especificado (personaliz\u00e1vel de acordo com suas necessidades)<\/li>\n<li><strong>Eixo de entrada:<\/strong> Tipo X<\/li>\n<\/ul>\n<table style=\"border-collapse: collapse; width: 100%;\">\n<tbody>\n<tr>\n<td style=\"width: 50%;\"><img loading=\"lazy\" decoding=\"async\" class=\"aligncenter wp-image-298615\" src=\"https:\/\/images.hzpt.com\/2023\/02\/corn-header-gearbox-1.webp\" alt=\"Caixa de engrenagens do coletor de milho\" width=\"371\" height=\"371\" \/><\/td>\n<td style=\"width: 50%;\"><img loading=\"lazy\" decoding=\"async\" class=\"aligncenter wp-image-298616\" src=\"https:\/\/images.hzpt.com\/2023\/02\/L4FicJHP-corn-header-gearbox-3.webp\" alt=\"Caixa de engrenagens do coletor de milho\" width=\"406\" height=\"406\" \/><\/td>\n<\/tr>\n<\/tbody>\n<\/table>\n<p>&nbsp;<\/p>\n<table style=\"border-collapse: collapse; width: 100%;\">\n<tbody>\n<tr>\n<td style=\"width: 11.1588%;\">Tipo de eixo<\/td>\n<td style=\"width: 88.8412%;\"><img loading=\"lazy\" decoding=\"async\" class=\"size-full wp-image-298632 alignleft\" src=\"https:\/\/images.hzpt.com\/2023\/02\/eyEB4nwD-replacement-of-comer-L170B.webp\" alt=\"Tipo de eixo\" width=\"496\" height=\"337\" \/><\/td>\n<\/tr>\n<\/tbody>\n<\/table>\n<table style=\"border-collapse: collapse; width: 100%;\">\n<tbody>\n<tr>\n<td style=\"width: 11.0515%;\">Montagem:<\/td>\n<td style=\"width: 88.9485%;\"><img loading=\"lazy\" decoding=\"async\" class=\"size-full wp-image-298633 alignleft\" src=\"https:\/\/images.hzpt.com\/2023\/02\/mounting.webp\" alt=\"Montagem\" width=\"184\" height=\"132\" \/><\/td>\n<\/tr>\n<\/tbody>\n<\/table>\n<h2><em><strong>Por que escolher a caixa de engrenagens para cabe\u00e7ote de milho L170-B?<\/strong><\/em><\/h2>\n<p>Esta n\u00e3o \u00e9 uma caixa de engrenagens qualquer \u2014 \u00e9 um cavalo de batalha constru\u00eddo para as demandas da agricultura moderna. O L170-B foi projetado para suportar a moagem da colheita pesada, ignorando o clima severo, poeira e detritos com um design selado que protege suas entranhas. No interior, engrenagens de precis\u00e3o se encaixam perfeitamente para transferir pot\u00eancia do eixo de entrada (Tipo X) para a sa\u00edda, mantendo o atrito e o calor baixos com lubrifica\u00e7\u00e3o a \u00f3leo. Quer voc\u00ea esteja colhendo hectares de milho nos Pampas da Argentina ou lutando contra terrenos rochosos, esta caixa de engrenagens enfrenta o desafio.<\/p>\n<p><img loading=\"lazy\" decoding=\"async\" class=\"aligncenter size-full wp-image-298613\" src=\"https:\/\/images.hzpt.com\/2023\/02\/corn-header-gearbox-2.webp\" alt=\"Caixa de engrenagens do coletor de milho\" width=\"500\" height=\"500\" \/><\/p>\n<p>Versatilidade \u00e9 outra vantagem. O L170-B se encaixa em uma variedade de modelos de cabe\u00e7otes de milho como uma substitui\u00e7\u00e3o direta para o Comer Code L170-B, tornando-o uma escolha ideal para fazendeiros que est\u00e3o atualizando ou consertando seus equipamentos. Sua velocidade de entrada de 580 RPM e sa\u00edda de 11,0 kW garantem que suas l\u00e2minas cortem de forma limpa e r\u00e1pida, aumentando a efici\u00eancia quando cada minuto conta.<\/p>\n<h2><em><strong>Solu\u00e7\u00f5es de atacado para agricultores argentinos<\/strong><\/em><\/h2>\n<p>Na TEBSA, n\u00e3o vendemos apenas <a href=\"https:\/\/agricultural-gear-boxes.com\/pt\/product-category\/gearbox\/\">caixas de engrenagens<\/a>\u2014n\u00f3s fornecemos solu\u00e7\u00f5es. Nossas caixas de engrenagens de cabe\u00e7ote de milho no atacado, incluindo a L170-B, s\u00e3o fabricadas com materiais resistentes para anos de servi\u00e7o. Precisa de flexibilidade? Escolha entre mecanismos de sa\u00edda como pinh\u00f5es dentados, polias ou rodas dentadas e escolha op\u00e7\u00f5es como eixos de sa\u00edda duplos ou buchas montadas no eixo. Oferecemos v\u00e1rios tamanhos de eixo e furo \u2014 com ou sem chave \u2014 para combinar perfeitamente com sua configura\u00e7\u00e3o. Seja qual for a demanda do seu cabe\u00e7ote de milho, a TEBSA oferece o ajuste certo a pre\u00e7os de atacado que fazem sentido para sua opera\u00e7\u00e3o.<\/p>\n<p><img loading=\"lazy\" decoding=\"async\" class=\"wp-image-5646 aligncenter\" src=\"https:\/\/agricultural-gear-boxes.com\/wp-content\/uploads\/2024\/10\/ep_agricultural-gearboxes-2-300x181.webp\" alt=\"\" width=\"775\" height=\"468\" srcset=\"https:\/\/agricultural-gear-boxes.com\/wp-content\/uploads\/2024\/10\/ep_agricultural-gearboxes-2-300x181.webp 775w, https:\/\/agricultural-gear-boxes.com\/wp-content\/uploads\/2024\/10\/ep_agricultural-gearboxes-2-480x290.webp 480w\" sizes=\"(min-width: 0px) and (max-width: 480px) 480px, (min-width: 481px) 775px, 100vw\" \/><\/p>\n<p>Do prot\u00f3tipo aos pedidos em massa, nossas capacidades de produ\u00e7\u00e3o brilham. Com ra\u00edzes que remontam a 1997, a TEBSA (apoiada pela HZPT) traz d\u00e9cadas de experi\u00eancia em fabrica\u00e7\u00e3o para cada caixa de engrenagens que enviamos para a Argentina.<\/p>\n<h2><em><strong>Combine com os eixos de tomada de for\u00e7a da TEBSA<\/strong><\/em><\/h2>\n<p>Uma caixa de velocidades \u00e9 apenas metade da equa\u00e7\u00e3o - combine-a com uma <a href=\"https:\/\/agricultural-gear-boxes.com\/pt\/product-category\/pto-shaft\/\">Eixo de tomada de for\u00e7a<\/a>, e voc\u00ea tem uma dupla de pot\u00eancia. O L170-B trabalha lado a lado com eixos de tomada de for\u00e7a girando a 540 a 1.000 RPM, conectados por meio de jugos para transfer\u00eancia de pot\u00eancia perfeita. Na TEBSA, temos em estoque uma linha completa de eixos de tomada de for\u00e7a personalizados para caixas de engrenagens agr\u00edcolas, oferecendo classifica\u00e7\u00f5es de torque para atender \u00e0s suas necessidades de colheita. Quer voc\u00ea esteja operando um cabe\u00e7ote de milho ou outra m\u00e1quina, nossos eixos s\u00e3o constru\u00eddos para durar e se integrar sem esfor\u00e7o.<\/p>\n<p><img loading=\"lazy\" decoding=\"async\" class=\"aligncenter wp-image-5127\" src=\"https:\/\/agricultural-gear-boxes.com\/wp-content\/uploads\/2024\/09\/0_pto-shaft-factory-3-300x79.webp\" alt=\"fornecedores de eixo de tomada de for\u00e7a\" width=\"813\" height=\"214\" \/><\/p>\n<h2><em><strong>Benef\u00edcios estendidos: por que a TEBSA se destaca<\/strong><\/em><\/h2>\n<p>Al\u00e9m das especifica\u00e7\u00f5es, a caixa de engrenagens L170-B oferece vantagens reais. Sua constru\u00e7\u00e3o selada reduz os aborrecimentos de manuten\u00e7\u00e3o, mantendo o tempo de inatividade baixo durante a temporada de pico de colheita. O design dur\u00e1vel lida com os diversos climas da Argentina \u2014 de ver\u00f5es \u00famidos a invernos ventosos \u2014 sem perder o ritmo. Al\u00e9m disso, sua compatibilidade com o Comer Code L170-B significa que voc\u00ea n\u00e3o est\u00e1 preso a uma marca, dando a voc\u00ea flexibilidade para consertar ou atualizar o equipamento existente sem uma revis\u00e3o completa.<\/p>\n<p>Para fazendeiros que buscam escalar, nossas op\u00e7\u00f5es de atacado abrem a porta para atualiza\u00e7\u00f5es de frotas com boa rela\u00e7\u00e3o custo-benef\u00edcio. E se voc\u00ea precisar de um ajuste personalizado \u2014 digamos, uma configura\u00e7\u00e3o de montagem espec\u00edfica ou tipo de eixo \u2014 nossa equipe de engenharia est\u00e1 pronta para fazer isso acontecer, r\u00e1pido.<\/p>\n<h2><em><strong>Obtenha sua caixa de engrenagens L170-B da TEBSA hoje<\/strong><\/em><\/h2>\n<p>Ready to power up your corn harvest? TEBSA, HZPT\u2019s Argentine branch, is your trusted partner for the Corn Headers Gearbox &#8211; Replacement of Comer Code L170-B. Since 1997, we\u2019ve been a <em>fabricante profissional e experiente<\/em>, entregando <em>100% qualidade garantida<\/em> produtos com <em>variedade capacidade mec\u00e2nica<\/em>\u2014de prot\u00f3tipos r\u00e1pidos \u00e0 produ\u00e7\u00e3o em massa. Nosso <em>marketing estrat\u00e9gico competitivo<\/em> reduz custos em at\u00e9 50% em compara\u00e7\u00e3o com marcas de renome, enquanto nosso <em>coopera\u00e7\u00e3o suave e equipe inteligente<\/em> garanta o feedback dentro de 24 horas. Entre em contato conosco agora para pegar o L170-B ou um eixo de tomada de for\u00e7a correspondente \u2014 vamos manter sua fazenda funcionando!<\/p>\n<h2><em><strong>Perguntas frequentes<\/strong><\/em><\/h2>\n<div class=\"faq-section\">\n<h3>1. O que torna a caixa de engrenagens do coletor de milho L170-B uma boa substitui\u00e7\u00e3o para o Comer Code L170-B?<\/h3>\n<p>O L170-B da TEBSA foi projetado como uma troca direta para o Comer Code L170-B, combinando com sua constru\u00e7\u00e3o robusta e especifica\u00e7\u00f5es de pot\u00eancia \u2014 entrada de 580 RPM e sa\u00edda de 11,0 kW. \u00c9 resistente, vedado contra detritos e se encaixa perfeitamente na configura\u00e7\u00e3o do seu coletor de milho.<\/p>\n<h3>2. Qu\u00e3o dur\u00e1vel \u00e9 a caixa de engrenagens L170-B para as condi\u00e7\u00f5es agr\u00edcolas argentinas?<\/h3>\n<p>Feito para durar, o L170-B lida com uso pesado e clima severo \u2014 pense em campos empoeirados ou colheitas chuvosas \u2014 com um design selado e engrenagens lubrificadas a \u00f3leo. Ele \u00e9 feito para os climas dif\u00edceis da Argentina, apoiado pela garantia de qualidade 100% da TEBSA.<\/p>\n<h3>3. Posso emparelhar a caixa de c\u00e2mbio L170-B com qualquer eixo de tomada de for\u00e7a?<\/h3>\n<p>Sim, ele sincroniza com eixos de tomada de for\u00e7a que operam de 540 a 1.000 RPM. A TEBSA oferece uma gama de eixos de tomada de for\u00e7a com garfos em ambas as extremidades, personaliz\u00e1veis para necessidades de torque \u2014 perfeitos para seu coletor de milho ou outro equipamento.<\/p>\n<h3>4. Quais op\u00e7\u00f5es de sa\u00edda a caixa de engrenagens L170-B oferece?<\/h3>\n<p>Voc\u00ea tem op\u00e7\u00f5es: pinh\u00f5es dentados, polias ou rodas dentadas, al\u00e9m de eixos de sa\u00edda duplos ou buchas montadas no eixo. A TEBSA permite que voc\u00ea escolha eixos com ou sem chaveta e furos ocos para combinar com sua m\u00e1quina.<\/p>\n<h3>5. Com que rapidez a TEBSA pode entregar a caixa de c\u00e2mbio L170-B na Argentina?<\/h3>\n<p>Nossa equipe inteligente responde em 24 horas e, com capacidades de prot\u00f3tipo \u00e0 produ\u00e7\u00e3o em massa desde 97, enviamos r\u00e1pido. Entre em contato conosco hoje mesmo e enviaremos seu L170-B para voc\u00ea o mais r\u00e1pido poss\u00edvel!<\/p>\n<\/div>","protected":false},"excerpt":{"rendered":"<p>Corn Headers Gearbox &#8211; Replacement of Comer Code L170-B When it comes to harvesting corn efficiently, every piece of equipment counts\u2014and the corn header gearbox is no exception. At TEBSA, the Argentine arm of HZPT, we\u2019re proud to offer the Corn Headers Gearbox &#8211; Replacement of Comer Code L170-B, a rugged and reliable component designed [&hellip;]<\/p>","protected":false},"featured_media":7589,"template":"","meta":{"_et_pb_use_builder":"","_et_pb_old_content":"","_et_gb_content_width":""},"product_brand":[],"product_cat":[10402,11400],"product_tag":[11402,11401],"class_list":{"0":"post-7588","1":"product","2":"type-product","3":"status-publish","4":"has-post-thumbnail","6":"product_cat-agricultural-gearbox","7":"product_cat-corn-header-gearbox","8":"product_tag-agricultural-gearbox","9":"product_tag-corn-header-gearbox","11":"first","12":"instock","13":"shipping-taxable","14":"product-type-simple"},"_links":{"self":[{"href":"https:\/\/agricultural-gear-boxes.com\/pt\/wp-json\/wp\/v2\/product\/7588","targetHints":{"allow":["GET"]}}],"collection":[{"href":"https:\/\/agricultural-gear-boxes.com\/pt\/wp-json\/wp\/v2\/product"}],"about":[{"href":"https:\/\/agricultural-gear-boxes.com\/pt\/wp-json\/wp\/v2\/types\/product"}],"wp:featuredmedia":[{"embeddable":true,"href":"https:\/\/agricultural-gear-boxes.com\/pt\/wp-json\/wp\/v2\/media\/7589"}],"wp:attachment":[{"href":"https:\/\/agricultural-gear-boxes.com\/pt\/wp-json\/wp\/v2\/media?parent=7588"}],"wp:term":[{"taxonomy":"product_brand","embeddable":true,"href":"https:\/\/agricultural-gear-boxes.com\/pt\/wp-json\/wp\/v2\/product_brand?post=7588"},{"taxonomy":"product_cat","embeddable":true,"href":"https:\/\/agricultural-gear-boxes.com\/pt\/wp-json\/wp\/v2\/product_cat?post=7588"},{"taxonomy":"product_tag","embeddable":true,"href":"https:\/\/agricultural-gear-boxes.com\/pt\/wp-json\/wp\/v2\/product_tag?post=7588"}],"curies":[{"name":"wp","href":"https:\/\/api.w.org\/{rel}","templated":true}]}}