{"id":8115,"date":"2025-04-08T08:37:45","date_gmt":"2025-04-08T08:37:45","guid":{"rendered":"https:\/\/agricultural-gear-boxes.com\/?post_type=product&#038;p=8115"},"modified":"2025-04-08T08:37:45","modified_gmt":"2025-04-08T08:37:45","slug":"rotary-cutter-gearbox-replacement-of-omni-code-rc-27-gearbox","status":"publish","type":"product","link":"https:\/\/agricultural-gear-boxes.com\/pt\/product\/rotary-cutter-gearbox-replacement-of-omni-code-rc-27-gearbox\/","title":{"rendered":"Caixa de engrenagens do cortador rotativo \u2013 Substitui\u00e7\u00e3o da caixa de engrenagens Omni Code RC-27"},"content":{"rendered":"<div class=\"product-introduction\">\n<p>Conhe\u00e7a a Caixa de Engrenagens para Cortadores Rotativos EPT-RC27, um equipamento robusto e confi\u00e1vel, projetado para acionar cortadores rotativos, cortadores de grama e ro\u00e7adeiras. Ela foi projetada para substituir a caixa de engrenagens Omni Code RC-27 sem perder o ritmo, canalizando a pot\u00eancia da tomada de for\u00e7a (TDF) do seu trator diretamente para as l\u00e2minas do cortador. Com pot\u00eancia de 23 a 53 cv (17 a 40 kW) e torque de 303 a 698 Nm (2.683 a 6.183 lb-in), ela remove grama, arbustos e ervas daninhas dif\u00edceis com rapidez. Feita de materiais resistentes como a\u00e7o-liga, a\u00e7o inoxid\u00e1vel e ferro fundido, e equipada com tecnologia de engrenagens c\u00f4nicas inteligentes, esta caixa de engrenagens \u00e9 uma escolha s\u00f3lida para qualquer pessoa na agricultura ou paisagismo.<\/p>\n<\/div>\n<div class=\"product-introduction\">\n<p>O que diferencia esta caixa de engrenagens \u00e9 sua estrutura robusta e seu acabamento cuidadoso. Estamos falando de usinagem de alta precis\u00e3o \u2014 pense em forjamento, torneamento, fresamento de dentes, al\u00e9m de tratamentos t\u00e9rmicos como carbonitreta\u00e7\u00e3o e t\u00eampera a v\u00e1cuo para mant\u00ea-la resistente. Ela possui veda\u00e7\u00f5es de mola de l\u00e1bio duplo e capacidade para 0,59 L de \u00f3leo para manter tudo funcionando perfeitamente e refrigerado, protegendo as engrenagens e os rolamentos internos. Com 21,3 kg, ela \u00e9 robusta o suficiente para lidar com a tarefa, mas ainda assim f\u00e1cil de manusear, seja para limpar com um cortador de grama ou para realizar trabalhos pesados com um cortador rotativo.<\/p>\n<h2><strong>Especifica\u00e7\u00f5es da caixa de engrenagens do cortador rotativo RC27<\/strong><\/h2>\n<table style=\"height: 400px; width: 100%; border-collapse: collapse;\" border=\"1\" cellspacing=\"0\" cellpadding=\"0\">\n<tbody>\n<tr style=\"height: 23px;\">\n<td style=\"width: 50%; height: 23px; text-align: center;\">Modelo:<\/td>\n<td style=\"width: 50%; height: 23px; text-align: center;\">Caixa de engrenagens de corte rotativo EPT-RC27<\/td>\n<\/tr>\n<tr style=\"height: 47px;\">\n<td style=\"width: 50%; height: 47px; text-align: center;\">Poder:<\/td>\n<td style=\"width: 50%; height: 47px; text-align: center;\">23 &#8211; 53 hp<br \/>\n17 &#8211; 40 kW<\/td>\n<\/tr>\n<tr style=\"height: 47px;\">\n<td style=\"width: 50%; height: 47px; text-align: center;\">Torque<\/td>\n<td style=\"width: 50%; height: 47px; text-align: center;\">2,683 &#8211; 6,183 lb.-in.<br \/>\n(303 &#8211; 698 Nm.)<\/td>\n<\/tr>\n<tr style=\"height: 23px;\">\n<td style=\"width: 50%; height: 23px; text-align: center;\">Propor\u00e7\u00f5es<\/td>\n<td style=\"width: 50%; height: 23px; text-align: center;\">1:2.5, 1:2.83<\/td>\n<\/tr>\n<tr style=\"height: 23px;\">\n<td style=\"width: 50%; height: 23px; text-align: center;\">Tipo de engrenagem<\/td>\n<td style=\"width: 50%; height: 23px; text-align: center;\">Chanfro<\/td>\n<\/tr>\n<tr style=\"height: 23px;\">\n<td style=\"width: 50%; height: 23px; text-align: center;\">Tipo de veda\u00e7\u00e3o<\/td>\n<td style=\"width: 50%; height: 23px; text-align: center;\">Mola de l\u00e1bio duplo carregada<\/td>\n<\/tr>\n<tr style=\"height: 47px;\">\n<td style=\"width: 50%; height: 47px; text-align: center;\">Capacidade de \u00f3leo<\/td>\n<td style=\"width: 50%; height: 47px; text-align: center;\">20 on\u00e7as.<br \/>\n(0,59 L)<\/td>\n<\/tr>\n<tr style=\"height: 47px;\">\n<td style=\"width: 50%; height: 47px; text-align: center;\">Peso<\/td>\n<td style=\"width: 50%; height: 47px; text-align: center;\">47 libras.<br \/>\n(21,3 kg)<\/td>\n<\/tr>\n<tr>\n<td style=\"width: 50%; text-align: center;\">Aplica\u00e7\u00f5es:<\/td>\n<td style=\"width: 50%; text-align: center;\">Cortadores de acabamento<br \/>\nCortadores rotativos<br \/>\nCortadores rotativos<\/td>\n<\/tr>\n<\/tbody>\n<\/table>\n<h2><strong>Por que brilha e onde funciona<\/strong><\/h2>\n<p>A caixa de engrenagens do cortador rotativo RC27 n\u00e3o \u00e9 apenas uma ferramenta de uma s\u00f3 fun\u00e7\u00e3o \u2014 ela foi projetada para lidar com todos os tipos de trabalho, desde pequenos gramados at\u00e9 campos extensos. Se voc\u00ea est\u00e1 procurando uma caixa de engrenagens para cortador rotativo na Argentina ou precisa de um substituto confi\u00e1vel para o seu Omni RC-27, esta \u00e9 a solu\u00e7\u00e3o. Ela \u00e9 feita de materiais resistentes como alum\u00ednio, lat\u00e3o, liga de zinco, POM e pl\u00e1stico, e tratada com acabamentos como escurecimento ou fosforiza\u00e7\u00e3o para evitar ferrugem e desgaste. Imagine-a mantendo pastos limpos, limpando terrenos com vegeta\u00e7\u00e3o alta ou preparando o solo para planta\u00e7\u00f5es \u2014 agricultores e paisagistas em todos os lugares a elogiam.<\/p>\n<p><img loading=\"lazy\" decoding=\"async\" class=\"alignnone wp-image-8113\" src=\"https:\/\/agricultural-gear-boxes.com\/wp-content\/uploads\/2025\/04\/U3rtqK8m-Rotary-Cutter-Gearbox-Applications-300x166.webp\" alt=\"Aplica\u00e7\u00f5es de caixa de engrenagens de cortador rotativo\" width=\"501\" height=\"277\" \/><\/p>\n<p>Com rela\u00e7\u00f5es de transmiss\u00e3o de 1:2,5 ou 1:2,83, ele \u00e9 ajustado para fazer a sua engrenagem acionada pela tomada de for\u00e7a funcionar perfeitamente, fornecendo pot\u00eancia onde \u00e9 preciso. <a href=\"https:\/\/agricultural-gear-boxes.com\/pt\/product-category\/gear-rack-2\/bevel-gear\/\">engrenagens c\u00f4nicas<\/a> O interior \u00e9 uma parte importante disso, aliado a um trabalho minucioso como retifica\u00e7\u00e3o e polimento dos dentes para mant\u00ea-lo funcionando perfeitamente. Para quem digita &quot;caixa de engrenagens para cortador rotativo de alta resist\u00eancia&quot; ou &quot;caixa de engrenagens para manuten\u00e7\u00e3o de cortadores de grama&quot; na barra de pesquisa, esta \u00e9 uma pechincha \u2014 50% mais barato que o original, sem abrir m\u00e3o da qualidade. Veja como ele se encaixa em trabalhos pr\u00e1ticos abaixo:<\/p>\n<table style=\"width: 100%; border-collapse: collapse;\" border=\"1\" cellspacing=\"0\" cellpadding=\"5\">\n<thead>\n<tr style=\"background-color: #f2f2f2;\">\n<th>Tipo de trabalho<\/th>\n<th>Onde \u00e9 usado<\/th>\n<th>Por que funciona<\/th>\n<\/tr>\n<\/thead>\n<tbody>\n<tr>\n<td>Cortadores de acabamento<\/td>\n<td>Embelezar quintais ou terrenos comerciais<\/td>\n<td>Cortes limpos e firmes, sem trepida\u00e7\u00f5es<\/td>\n<\/tr>\n<tr>\n<td>Cortadores rotativos<\/td>\n<td>Domando arbustos densos em terras agr\u00edcolas<\/td>\n<td>Muito torque para coisas pesadas<\/td>\n<\/tr>\n<tr>\n<td>Cortadores rotativos<\/td>\n<td>Manter as estradas limpas ou recuperar terras<\/td>\n<td>Resistente o suficiente para momentos dif\u00edceis<\/td>\n<\/tr>\n<\/tbody>\n<\/table>\n<h2><strong>Tebsa &#8211; Your Go-To Gearbox Maker<\/strong><\/h2>\n<p>Eram <a href=\"http:\/\/agricultural-gear-boxes.com\/pt\/\">Tebsa<\/a>, uma empresa argentina que fabrica pe\u00e7as de transmiss\u00e3o desde 1997. Com anos de know-how, nos dedicamos a fabricar caixas de engrenagens de cortador rotativo de alta qualidade e muito mais. Mantemos nosso trabalho com uma promessa de qualidade de 100%, e nossa equipe de engenharia especializada responde em at\u00e9 um dia \u2014 sempre. Nossos pre\u00e7os s\u00e3o inteligentes, reduzindo custos em at\u00e9 50%, e temos a capacidade de lidar com tudo, desde prot\u00f3tipos r\u00e1pidos at\u00e9 grandes s\u00e9ries de produ\u00e7\u00e3o. Conte com a Tebsa para solu\u00e7\u00f5es s\u00f3lidas e inteligentes em a\u00e7o-liga, fundi\u00e7\u00e3o sob press\u00e3o e pe\u00e7as de precis\u00e3o.<\/p>\n<h2><img loading=\"lazy\" decoding=\"async\" class=\"alignnone wp-image-8119\" src=\"https:\/\/agricultural-gear-boxes.com\/wp-content\/uploads\/2025\/04\/Agricultural-Sprayer-Gearbox-Manufacturers-1-300x245.webp\" alt=\"Argentina-Fabricantes-de-Caixas-de-Redutores-Agr\u00edcolas\" width=\"500\" height=\"408\" \/><\/h2>\n<h2><strong>Perguntas comuns respondidas<\/strong><\/h2>\n<ol>\n<li><strong>Para que serve a caixa de c\u00e2mbio RC27?<\/strong><br \/>\nEle opera cortadores rotativos e cortadores de grama, enviando energia da tomada de for\u00e7a para as l\u00e2minas para cortar grama e arbustos.<\/li>\n<li><strong>Ele realmente substitui o Omni RC-27?<\/strong><br \/>\nPode apostar: \u00e9 uma troca direta que economiza dinheiro sem perder desempenho.<\/li>\n<li><strong>Como fa\u00e7o para mant\u00ea-lo em forma?<\/strong><br \/>\nVerifique o \u00f3leo regularmente, troque-o quando necess\u00e1rio e observe se h\u00e1 desgaste nas engrenagens e rolamentos.<\/li>\n<li><strong>Do que \u00e9 feito?<\/strong><br \/>\nPense em a\u00e7o-liga, a\u00e7o inoxid\u00e1vel, ferro fundido, al\u00e9m de op\u00e7\u00f5es como alum\u00ednio ou lat\u00e3o, se precisar.<\/li>\n<li><strong>Onde posso comprar um?<\/strong><br \/>\nEntre em contato conosco na Tebsa na Argentina \u2014 n\u00f3s resolveremos isso diretamente para voc\u00ea.<\/li>\n<\/ol>\n<\/div>","protected":false},"excerpt":{"rendered":"<p>Meet the EPT-RC27 Rotary Cutter Gearbox, a tough and dependable piece of equipment built to drive rotary cutters, mowers, and slashers. It\u2019s crafted to step in for the Omni Code RC-27 gearbox without missing a beat, channeling power from your tractor\u2019s PTO (power take-off) straight to the mower blades. Packing a punch with 23 to [&hellip;]<\/p>","protected":false},"featured_media":8116,"template":"","meta":{"_et_pb_use_builder":"","_et_pb_old_content":"","_et_gb_content_width":""},"product_brand":[],"product_cat":[11403,10402],"product_tag":[11402,11404],"class_list":{"0":"post-8115","1":"product","2":"type-product","3":"status-publish","4":"has-post-thumbnail","6":"product_cat-rotary-cutter-gearbox","7":"product_cat-agricultural-gearbox","8":"product_tag-agricultural-gearbox","9":"product_tag-rotary-cutter-gearbox","11":"first","12":"instock","13":"shipping-taxable","14":"product-type-simple"},"_links":{"self":[{"href":"https:\/\/agricultural-gear-boxes.com\/pt\/wp-json\/wp\/v2\/product\/8115","targetHints":{"allow":["GET"]}}],"collection":[{"href":"https:\/\/agricultural-gear-boxes.com\/pt\/wp-json\/wp\/v2\/product"}],"about":[{"href":"https:\/\/agricultural-gear-boxes.com\/pt\/wp-json\/wp\/v2\/types\/product"}],"wp:featuredmedia":[{"embeddable":true,"href":"https:\/\/agricultural-gear-boxes.com\/pt\/wp-json\/wp\/v2\/media\/8116"}],"wp:attachment":[{"href":"https:\/\/agricultural-gear-boxes.com\/pt\/wp-json\/wp\/v2\/media?parent=8115"}],"wp:term":[{"taxonomy":"product_brand","embeddable":true,"href":"https:\/\/agricultural-gear-boxes.com\/pt\/wp-json\/wp\/v2\/product_brand?post=8115"},{"taxonomy":"product_cat","embeddable":true,"href":"https:\/\/agricultural-gear-boxes.com\/pt\/wp-json\/wp\/v2\/product_cat?post=8115"},{"taxonomy":"product_tag","embeddable":true,"href":"https:\/\/agricultural-gear-boxes.com\/pt\/wp-json\/wp\/v2\/product_tag?post=8115"}],"curies":[{"name":"wp","href":"https:\/\/api.w.org\/{rel}","templated":true}]}}