{"id":8126,"date":"2025-04-08T09:12:58","date_gmt":"2025-04-08T09:12:58","guid":{"rendered":"https:\/\/agricultural-gear-boxes.com\/?post_type=product&#038;p=8126"},"modified":"2025-04-08T09:12:58","modified_gmt":"2025-04-08T09:12:58","slug":"rotary-cutter-gearboxes-replacement-of-omni-code-rc-51-gearbox","status":"publish","type":"product","link":"https:\/\/agricultural-gear-boxes.com\/pt\/product\/rotary-cutter-gearboxes-replacement-of-omni-code-rc-51-gearbox\/","title":{"rendered":"Caixas de engrenagens de cortador rotativo \u2013 Substitui\u00e7\u00e3o da caixa de engrenagens Omni Code RC-51"},"content":{"rendered":"<p><img loading=\"lazy\" decoding=\"async\" class=\"size-full wp-image-306093 aligncenter\" src=\"https:\/\/images.hzpt.com\/2023\/04\/0BL4NGf0-RC51-Rotary-Cutter-Gearbox-Specifications.webp\" alt=\"Especifica\u00e7\u00f5es da caixa de engrenagens do cortador rotativo RC51\" width=\"1135\" height=\"717\" \/><\/p>\n<p>Apresentando o <strong>Caixa de engrenagens do cortador rotativo RC51<\/strong>, uma solu\u00e7\u00e3o de ponta desenvolvida pela Tebsa, projetada para atender \u00e0s rigorosas demandas do manejo moderno da vegeta\u00e7\u00e3o agr\u00edcola e industrial. Projetada para cortadores rotativos e ro\u00e7adeiras, esta caixa de engrenagens se destaca no corte de grama espessa, ervas daninhas e arbustos com confiabilidade incompar\u00e1vel. Com uma carca\u00e7a robusta em ferro fundido, engrenagens c\u00f4nicas de alta resist\u00eancia e tecnologia avan\u00e7ada de veda\u00e7\u00e3o, a RC51 oferece durabilidade e desempenho excepcionais, tornando-a uma substitui\u00e7\u00e3o ideal para os modelos Omni Gearbox RC-51.<\/p>\n<h2>Principais caracter\u00edsticas da caixa de engrenagens do cortador rotativo RC51<\/h2>\n<p>A caixa de c\u00e2mbio RC51 foi projetada para suportar o alto torque e a pot\u00eancia dos tratores atuais, garantindo uma opera\u00e7\u00e3o perfeita em condi\u00e7\u00f5es dif\u00edceis. Seus recursos de destaque incluem:<\/p>\n<ul>\n<li>Constru\u00e7\u00e3o robusta: feita com ferro fundido premium para resili\u00eancia duradoura.<\/li>\n<li>Reservat\u00f3rio de \u00f3leo de alta capacidade: comporta 0,80 L (27 oz.) para lubrifica\u00e7\u00e3o e resfriamento ideais.<\/li>\n<li>Rolamentos superdimensionados: rolamentos de rolos c\u00f4nicos e rolamentos de esferas de sulco profundo aumentam a capacidade de carga.<\/li>\n<li>Veda\u00e7\u00f5es de mola de l\u00e1bio triplo: veda\u00e7\u00f5es de \u00f3leo de metal garantem desempenho \u00e0 prova de vazamentos.<\/li>\n<li>F\u00e1cil instala\u00e7\u00e3o e manuten\u00e7\u00e3o: design parafus\u00e1vel e desmontagem simples para limpeza e lubrifica\u00e7\u00e3o.<\/li>\n<\/ul>\n<p>&nbsp;<\/p>\n<h2>Especifica\u00e7\u00f5es da caixa de engrenagens do cortador rotativo RC51<\/h2>\n<table style=\"height: 400px; width: 100%; border-collapse: collapse;\" border=\"1\" cellspacing=\"0\" cellpadding=\"0\">\n<tbody>\n<tr>\n<td style=\"width: 25.6438%; text-align: center;\">Modelo<\/td>\n<td style=\"width: 74.3562%; text-align: center;\">Caixa de engrenagens de corte rotativo EPT-RC51<\/td>\n<\/tr>\n<tr>\n<td style=\"width: 25.6438%; text-align: center;\">Torque<\/td>\n<td style=\"width: 74.3562%; text-align: center;\">2,800 &#8211; 4,667 lb.-in. (316 &#8211; 527 Nm.)<\/td>\n<\/tr>\n<tr>\n<td style=\"width: 25.6438%; text-align: center;\">Propor\u00e7\u00f5es<\/td>\n<td style=\"width: 74.3562%; text-align: center;\">1:1.47, 1:1.71, 1:1.93<\/td>\n<\/tr>\n<tr>\n<td style=\"width: 25.6438%; text-align: center;\">Tipo de engrenagem<\/td>\n<td style=\"width: 74.3562%; text-align: center;\">Chanfro<\/td>\n<\/tr>\n<tr>\n<td style=\"width: 25.6438%; text-align: center;\">Tipo de veda\u00e7\u00e3o<\/td>\n<td style=\"width: 74.3562%; text-align: center;\">Mola de l\u00e1bio triplo carregada<\/td>\n<\/tr>\n<tr>\n<td style=\"width: 25.6438%; text-align: center;\">Tipo de rolamento<\/td>\n<td style=\"width: 74.3562%; text-align: center;\">Rolo c\u00f4nico, esfera de sulco profundo<\/td>\n<\/tr>\n<tr>\n<td style=\"width: 25.6438%; text-align: center;\">Capacidade de \u00f3leo<\/td>\n<td style=\"width: 74.3562%; text-align: center;\">27 on\u00e7as (0,80 L)<\/td>\n<\/tr>\n<tr>\n<td style=\"width: 25.6438%; text-align: center;\">Peso<\/td>\n<td style=\"width: 74.3562%; text-align: center;\">56 libras (25,4 kg)<\/td>\n<\/tr>\n<\/tbody>\n<\/table>\n<h2>Aplica\u00e7\u00f5es e Benef\u00edcios Estendidos<\/h2>\n<h3><img loading=\"lazy\" decoding=\"async\" class=\"alignnone  wp-image-8113\" src=\"https:\/\/agricultural-gear-boxes.com\/wp-content\/uploads\/2025\/04\/U3rtqK8m-Rotary-Cutter-Gearbox-Applications-300x166.webp\" alt=\"Aplica\u00e7\u00f5es de caixa de engrenagens de cortador rotativo\" width=\"600\" height=\"332\" \/><\/h3>\n<h3>1. Efici\u00eancia agr\u00edcola com caixa de engrenagens RC51<\/h3>\n<p>A caixa de engrenagens do cortador rotativo RC51 \u00e9 uma revolu\u00e7\u00e3o para agricultores e paisagistas na Argentina e em outros lugares. Sua compatibilidade com uma variedade de cortadores rotativos o torna perfeito para <strong>aplica\u00e7\u00f5es de caixas de engrenagens agr\u00edcolas<\/strong> como manuten\u00e7\u00e3o de pastagens, manejo de res\u00edduos agr\u00edcolas e limpeza de terrenos. A capacidade da caixa de engrenagens de suportar torques de at\u00e9 4.667 lb-in garante que ela possa atravessar vegeta\u00e7\u00e3o densa com facilidade. Por exemplo, em um cen\u00e1rio t\u00edpico, um agricultor que utiliza um cortador rotativo montado em trator pode contar com o RC51 para a manuten\u00e7\u00e3o de grandes \u00e1reas, reduzindo o tempo de inatividade e os custos de reparo.<\/p>\n<table style=\"width: 100%; border-collapse: collapse;\" border=\"1\" cellspacing=\"0\" cellpadding=\"5\">\n<thead>\n<tr>\n<th>Aplicativo<\/th>\n<th>Beneficiar<\/th>\n<\/tr>\n<\/thead>\n<tbody>\n<tr>\n<td>Manuten\u00e7\u00e3o de pastagens<\/td>\n<td>Limpeza r\u00e1pida de ervas daninhas e arbustos<\/td>\n<\/tr>\n<tr>\n<td>Gest\u00e3o de Res\u00edduos de Culturas<\/td>\n<td>Corte eficiente para prepara\u00e7\u00e3o do solo<\/td>\n<\/tr>\n<tr>\n<td>Limpeza de terrenos<\/td>\n<td>Lida com vegeta\u00e7\u00e3o densa com alto torque<\/td>\n<\/tr>\n<\/tbody>\n<\/table>\n<h3>2. Durabilidade industrial e versatilidade de materiais<\/h3>\n<p>Al\u00e9m da agricultura, o RC51 se destaca em aplica\u00e7\u00f5es industriais de cortadores rotativos. Sua constru\u00e7\u00e3o com materiais de alta qualidade, como ferro fundido, aliada a avan\u00e7ados processos de tratamento t\u00e9rmico (carbonitreta\u00e7\u00e3o, cementa\u00e7\u00e3o e t\u00eampera a v\u00e1cuo), garante sua resist\u00eancia a ambientes severos. Seja na limpeza de vegeta\u00e7\u00e3o \u00e0 beira de estradas ou na manuten\u00e7\u00e3o de lotes industriais, esta caixa de engrenagens oferece durabilidade e economia, proporcionando at\u00e9 50% de economia em compara\u00e7\u00e3o com os produtos originais. Sua versatilidade se estende a diversas rela\u00e7\u00f5es de montagem (1:1,47, 1:1,71, 1:1,93), tornando-a adapt\u00e1vel a diversas configura\u00e7\u00f5es de m\u00e1quinas.<\/p>\n<h2>About Tebsa &#8211; Your Trusted Gearbox Manufacturer<\/h2>\n<p>A Tebsa, com sede na Argentina, \u00e9 uma fabricante profissional e experiente desde 1997, especializada em componentes de transmiss\u00e3o como a caixa de engrenagens de corte rotativo RC51. Com o compromisso de garantir a qualidade 100%, oferecemos uma ampla gama de produtos, incluindo caixas de engrenagens, engrenagens e cremalheiras, rodas dentadas, correntes, polias, colares de eixo, eixos card\u00e3, acoplamentos e <a href=\"https:\/\/agricultural-gear-boxes.com\/pt\/product-category\/hydraulic-cylinder\/\">Cilindros Hidr\u00e1ulicos<\/a>Nossa talentosa equipe de engenharia fornece feedback em at\u00e9 24 horas, garantindo uma coopera\u00e7\u00e3o tranquila. Certificada pela ISO9001-2015, alavancamos marketing estrat\u00e9gico competitivo para fornecer solu\u00e7\u00f5es de alto desempenho a custos 50% mais baixos que os da concorr\u00eancia. Da prototipagem r\u00e1pida \u00e0 produ\u00e7\u00e3o em massa, a Tebsa \u00e9 sua parceira confi\u00e1vel para todas as necessidades de transmiss\u00e3o.<\/p>\n<h2><img loading=\"lazy\" decoding=\"async\" class=\"alignnone  wp-image-8119\" src=\"https:\/\/agricultural-gear-boxes.com\/wp-content\/uploads\/2025\/04\/Agricultural-Sprayer-Gearbox-Manufacturers-1-300x245.webp\" alt=\"Argentina-Fabricantes-de-Caixas-de-Redutores-Agr\u00edcolas\" width=\"600\" height=\"490\" \/><\/h2>\n<h2>Perguntas Frequentes (FAQs)<\/h2>\n<dl>\n<dt>1. Para que \u00e9 usada a caixa de engrenagens do cortador rotativo RC51?<\/dt>\n<dd>Ele foi projetado para cortadores rotativos de servi\u00e7o pesado para limpar vegeta\u00e7\u00e3o como arbustos, ervas daninhas e grama alta em ambientes agr\u00edcolas e industriais.<\/dd>\n<dt>2. Qual \u00e9 a durabilidade da caixa de c\u00e2mbio RC51?<\/dt>\n<dd>Feito com carca\u00e7a de ferro fundido, engrenagens de alta resist\u00eancia e retentores de l\u00e1bio triplo, ele foi criado para desempenho duradouro em condi\u00e7\u00f5es de alto torque.<\/dd>\n<dt>3. A caixa de engrenagens RC51 pode ser instalada em qualquer cortador rotativo?<\/dt>\n<dd>Sim, ele possui uma conex\u00e3o simples de parafuso compat\u00edvel com a maioria dos cortadores rotativos, incluindo substitui\u00e7\u00f5es para Omni Gearbox RC-51.<\/dd>\n<dt>4. Que manuten\u00e7\u00e3o o RC51 requer?<\/dt>\n<dd>\u00c9 f\u00e1cil de desmontar para limpeza e lubrifica\u00e7\u00e3o, com capacidade para 27 oz. de \u00f3leo, garantindo uma opera\u00e7\u00e3o suave.<\/dd>\n<dt>5. Por que escolher a Tebsa para caixas de engrenagens agr\u00edcolas?<\/dt>\n<dd>A Tebsa oferece mais de 25 anos de experi\u00eancia, qualidade com certifica\u00e7\u00e3o ISO e solu\u00e7\u00f5es econ\u00f4micas com suporte r\u00e1pido de engenharia.<\/dd>\n<\/dl>","protected":false},"excerpt":{"rendered":"<p>Introducing the RC51 Rotary Cutter Gearbox, a top-tier solution crafted by Tebsa, designed to meet the rigorous demands of modern agricultural and industrial vegetation management. Engineered for rotary cutters and brush cutters, this gearbox excels in cutting through thick grass, weeds, and brush with unmatched reliability. Featuring a robust cast iron housing, heavy-duty bevel gears, [&hellip;]<\/p>","protected":false},"featured_media":8127,"template":"","meta":{"_et_pb_use_builder":"","_et_pb_old_content":"","_et_gb_content_width":""},"product_brand":[],"product_cat":[10402,11403],"product_tag":[11402,11404],"class_list":{"0":"post-8126","1":"product","2":"type-product","3":"status-publish","4":"has-post-thumbnail","6":"product_cat-agricultural-gearbox","7":"product_cat-rotary-cutter-gearbox","8":"product_tag-agricultural-gearbox","9":"product_tag-rotary-cutter-gearbox","11":"first","12":"instock","13":"shipping-taxable","14":"product-type-simple"},"_links":{"self":[{"href":"https:\/\/agricultural-gear-boxes.com\/pt\/wp-json\/wp\/v2\/product\/8126","targetHints":{"allow":["GET"]}}],"collection":[{"href":"https:\/\/agricultural-gear-boxes.com\/pt\/wp-json\/wp\/v2\/product"}],"about":[{"href":"https:\/\/agricultural-gear-boxes.com\/pt\/wp-json\/wp\/v2\/types\/product"}],"wp:featuredmedia":[{"embeddable":true,"href":"https:\/\/agricultural-gear-boxes.com\/pt\/wp-json\/wp\/v2\/media\/8127"}],"wp:attachment":[{"href":"https:\/\/agricultural-gear-boxes.com\/pt\/wp-json\/wp\/v2\/media?parent=8126"}],"wp:term":[{"taxonomy":"product_brand","embeddable":true,"href":"https:\/\/agricultural-gear-boxes.com\/pt\/wp-json\/wp\/v2\/product_brand?post=8126"},{"taxonomy":"product_cat","embeddable":true,"href":"https:\/\/agricultural-gear-boxes.com\/pt\/wp-json\/wp\/v2\/product_cat?post=8126"},{"taxonomy":"product_tag","embeddable":true,"href":"https:\/\/agricultural-gear-boxes.com\/pt\/wp-json\/wp\/v2\/product_tag?post=8126"}],"curies":[{"name":"wp","href":"https:\/\/api.w.org\/{rel}","templated":true}]}}