{"id":8334,"date":"2025-04-10T07:34:41","date_gmt":"2025-04-10T07:34:41","guid":{"rendered":"https:\/\/agricultural-gear-boxes.com\/?post_type=product&#038;p=8334"},"modified":"2025-04-10T07:35:10","modified_gmt":"2025-04-10T07:35:10","slug":"mowers-gearboxes-replacement-of-comer-code-tl-311d","status":"publish","type":"product","link":"https:\/\/agricultural-gear-boxes.com\/pt\/product\/mowers-gearboxes-replacement-of-comer-code-tl-311d\/","title":{"rendered":"Caixas de engrenagens de cortadores de grama \u2013 Substitui\u00e7\u00e3o do Comer Code TL-311D"},"content":{"rendered":"<p>A TEBSA, sediada na Argentina desde 1997, orgulha-se de oferecer a caixa de engrenagens TL-311D para cortadores de grama como uma substitui\u00e7\u00e3o confi\u00e1vel para o modelo Comer Code TL-311D. Esta caixa de engrenagens foi projetada para equipamentos de corte de grama, proporcionando pot\u00eancia constante para corte de grama, manuten\u00e7\u00e3o de pastagens e gramados em diversas paisagens da Argentina, como os f\u00e9rteis Pampas ou os campos rurais acidentados. Com mais de duas d\u00e9cadas de experi\u00eancia em fabrica\u00e7\u00e3o, a TEBSA garante que cada unidade TL-311D venha com uma garantia de qualidade 100%, combinando durabilidade com uma vantagem de custo de 50% em rela\u00e7\u00e3o \u00e0s marcas originais. Seja voc\u00ea um agricultor em C\u00f3rdoba ou um paisagista em Buenos Aires, esta caixa de engrenagens foi projetada para atender \u00e0s suas necessidades.<\/p>\n<p>Made with high-strength alloy steel and precision forging, the TL-311D stands up to tough mowing jobs. It\u2019s a go-to choice for agricultural machinery, offering a smart balance of power and efficiency. At 23.5 kg, it\u2019s sturdy yet manageable, and its 1.2-liter oil capacity (using 80W-90 SAE viscosity) keeps it running smoothly when paired with proper upkeep. For anyone searching online for &#8220;mowers gearbox replacement&#8221; or &#8220;TL-311D gearbox Argentina,&#8221; <a href=\"https:\/\/agricultural-gear-boxes.com\/pt\/\">TEBSA<\/a> oferece um produto pr\u00e1tico e acess\u00edvel.<\/p>\n<h2>Tabela de especifica\u00e7\u00f5es originais<\/h2>\n<table class=\"kh-1xzm1su\" data-intent=\"lists-product-attributes\" data-test-id=\"attributes-list\">\n<tbody class=\"kh-1ago99h\">\n<tr id=\"attLongDescription\" class=\"kh-bwvum6\">\n<th class=\"kh-10oizfy\">Descri\u00e7\u00e3o<\/th>\n<td class=\"kh-1f5nhat\">\n<div class=\"kh-pkx4zo\">Caixas de engrenagens de cortadores de grama \u2013 Substitui\u00e7\u00e3o do Comer Code TL-311D<\/div>\n<\/td>\n<td class=\"kh-18pqzyd\"><\/td>\n<\/tr>\n<tr id=\"attApplicationRange\" class=\"kh-bwvum6\">\n<th class=\"kh-10oizfy\">Aplicativo<\/th>\n<td class=\"kh-1f5nhat\">\n<div class=\"kh-pkx4zo\">Cortadores de grama<\/div>\n<\/td>\n<td class=\"kh-18pqzyd\"><\/td>\n<\/tr>\n<tr id=\"attConsistsOf\" class=\"kh-bwvum6\">\n<th class=\"kh-10oizfy\">Consiste em<\/th>\n<td class=\"kh-1f5nhat\">\n<ul>\n<li class=\"kh-16zd49f\">Caixa de velocidades<\/li>\n<li class=\"kh-16zd49f\">Encomende \u00f3leo separadamente<\/li>\n<\/ul>\n<\/td>\n<td class=\"kh-18pqzyd\"><\/td>\n<\/tr>\n<tr id=\"attTechnicalInformation\" class=\"kh-bwvum6\">\n<th class=\"kh-10oizfy\">Informa\u00e7\u00f5es t\u00e9cnicas<\/th>\n<td class=\"kh-1f5nhat\">\n<div class=\"kh-pkx4zo\">Todos os dados t\u00e9cnicos correspondem \u00e0s normas ISO 6335 e ISO 281<\/div>\n<\/td>\n<td class=\"kh-18pqzyd\"><\/td>\n<\/tr>\n<tr id=\"taContainsOil\" class=\"kh-bwvum6\">\n<th class=\"kh-10oizfy\">Cont\u00e9m \u00f3leo<\/th>\n<td class=\"kh-1f5nhat\">\n<div class=\"kh-pkx4zo\">N\u00e3o<\/div>\n<\/td>\n<td class=\"kh-18pqzyd\"><\/td>\n<\/tr>\n<tr id=\"taMaxOilCapacityL\" class=\"kh-bwvum6\">\n<th class=\"kh-10oizfy\">Capacidade m\u00e1x. de \u00f3leo<\/th>\n<td class=\"kh-1f5nhat\">\n<div class=\"kh-pkx4zo\">1,2 l<\/div>\n<\/td>\n<td class=\"kh-18pqzyd\"><\/td>\n<\/tr>\n<tr id=\"taOilSAEViscosityGrade\" class=\"kh-bwvum6\">\n<th class=\"kh-10oizfy\">Grau de viscosidade SAE do \u00f3leo<\/th>\n<td class=\"kh-1f5nhat\">\n<div class=\"kh-pkx4zo\">80W-90<\/div>\n<\/td>\n<td class=\"kh-18pqzyd\"><\/td>\n<\/tr>\n<tr id=\"taWeightKg_75\" class=\"kh-bwvum6\">\n<th class=\"kh-10oizfy\">Peso<\/th>\n<td class=\"kh-1f5nhat\">\n<div class=\"kh-pkx4zo\">23,5 kg<\/div>\n<\/td>\n<td class=\"kh-18pqzyd\"><\/td>\n<\/tr>\n<tr id=\"taGearArrangementInc\" class=\"kh-bwvum6\">\n<th class=\"kh-10oizfy\">Arranjo de engrenagens Aumentando<\/th>\n<td class=\"kh-1f5nhat\">\n<div class=\"kh-pkx4zo\">27-28<\/div>\n<\/td>\n<td class=\"kh-18pqzyd\"><\/td>\n<\/tr>\n<tr id=\"taInputPowerKwHpInc\" class=\"kh-bwvum6\">\n<th class=\"kh-10oizfy\">Pot\u00eancia de entrada kW \/ HP Crescente<\/th>\n<td class=\"kh-1f5nhat\">\n<div class=\"kh-pkx4zo\">36,8 \/ 50 kW\/HP<\/div>\n<\/td>\n<td class=\"kh-18pqzyd\"><\/td>\n<\/tr>\n<tr id=\"taInputShaftIncreasi\" class=\"kh-bwvum6\">\n<th class=\"kh-10oizfy\">Eixo de entrada aumentando<\/th>\n<td class=\"kh-1f5nhat\">\n<div class=\"kh-pkx4zo\">X<\/div>\n<\/td>\n<td class=\"kh-18pqzyd\"><\/td>\n<\/tr>\n<tr id=\"taNSOutputTorqueDaNm_1\" class=\"kh-bwvum6\">\n<th class=\"kh-10oizfy\">Torque de sa\u00edda DaNm aumentando<\/th>\n<td class=\"kh-1f5nhat\">\n<div class=\"kh-pkx4zo\">21 daNm<\/div>\n<\/td>\n<td class=\"kh-18pqzyd\"><\/td>\n<\/tr>\n<tr id=\"taRatioIncreasing\" class=\"kh-bwvum6\">\n<th class=\"kh-10oizfy\">Propor\u00e7\u00e3o crescente<\/th>\n<td class=\"kh-1f5nhat\">\n<div class=\"kh-pkx4zo\">1 : 3<\/div>\n<\/td>\n<td class=\"kh-18pqzyd\"><\/td>\n<\/tr>\n<tr id=\"taRatioReducing\" class=\"kh-bwvum6\">\n<th class=\"kh-10oizfy\">Redu\u00e7\u00e3o de Propor\u00e7\u00e3o<\/th>\n<td class=\"kh-1f5nhat\">\n<div class=\"kh-pkx4zo\">3 : 1<\/div>\n<\/td>\n<td class=\"kh-18pqzyd\"><\/td>\n<\/tr>\n<tr id=\"taShaftX\" class=\"kh-bwvum6\">\n<th class=\"kh-10oizfy\">Eixo X<\/th>\n<td class=\"kh-1f5nhat\">\n<div class=\"kh-pkx4zo\">1 3\/8\u2033 (6) (A)<\/div>\n<\/td>\n<td class=\"kh-18pqzyd\"><\/td>\n<\/tr>\n<tr id=\"taShaftY\" class=\"kh-bwvum6\">\n<th class=\"kh-10oizfy\">Eixo Y<\/th>\n<td class=\"kh-1f5nhat\">\n<div class=\"kh-pkx4zo\">1 3\/8\u2033 (6) (A)<\/div>\n<\/td>\n<td class=\"kh-18pqzyd\"><\/td>\n<\/tr>\n<tr id=\"taShaftZ\" class=\"kh-bwvum6\">\n<th class=\"kh-10oizfy\">Eixo Z<\/th>\n<td class=\"kh-1f5nhat\">\n<div class=\"kh-pkx4zo\">33 (B)<\/div>\n<\/td>\n<\/tr>\n<\/tbody>\n<\/table>\n<h2>Benef\u00edcios e aplica\u00e7\u00f5es da caixa de engrenagens do cortador de grama TL-311D<\/h2>\n<p>A caixa de engrenagens dos cortadores de grama TL-311D se destaca no uso pr\u00e1tico, especialmente para as demandas agr\u00edcolas e paisag\u00edsticas da Argentina. Os agricultores confiam nela para cortar grama alta ou cuidar de restolhos de soja e trigo nas plan\u00edcies dos Pampas. Sua pot\u00eancia de entrada de 36,8 kW (50 HP) e torque de sa\u00edda de 21 daNm a tornam uma pot\u00eancia para cortadores de grama rotativos, enquanto a rela\u00e7\u00e3o de aumento de 1:3 aumenta a velocidade da l\u00e2mina para cortes mais precisos. Mude para a rela\u00e7\u00e3o de redu\u00e7\u00e3o de 3:1 e ela lida com cargas mais pesadas com facilidade \u2014 perfeita para vegeta\u00e7\u00e3o mais resistente.<\/p>\n<p><img loading=\"lazy\" decoding=\"async\" class=\"alignnone wp-image-8288\" src=\"https:\/\/agricultural-gear-boxes.com\/wp-content\/uploads\/2025\/04\/Agricultural-Lawn-Mower-Gearbox-Maintenance-300x225.webp\" alt=\"Caixa de engrenagens para cortador de grama agr\u00edcola\" width=\"600\" height=\"450\" srcset=\"https:\/\/agricultural-gear-boxes.com\/wp-content\/uploads\/2025\/04\/Agricultural-Lawn-Mower-Gearbox-Maintenance-300x225.webp 600w, https:\/\/agricultural-gear-boxes.com\/wp-content\/uploads\/2025\/04\/Agricultural-Lawn-Mower-Gearbox-Maintenance-480x360.webp 480w\" sizes=\"(min-width: 0px) and (max-width: 480px) 480px, (min-width: 481px) 600px, 100vw\" \/><\/p>\n<p>What sets this gearbox apart? First, its efficiency. The design cuts down on power loss, so your mower gets the job done faster\u2014saving time in fields near Rosario or Mendoza. Second, durability. TEBSA\u2019s advanced manufacturing, rooted in ISO 6335 and ISO 281 standards, uses alloy steel and heat treatments like carburization to resist wear. Third, versatility. With shaft options like 1 3\/8&#8243; (6) for X and Y, plus a 33 (B) Z shaft, it fits a range of mower setups.<\/p>\n<p>For local buyers, the TL-311D is a cost-effective win. At half the price of original Comer units, it\u2019s a top pick for &#8220;affordable mower gearbox replacement in Argentina.&#8221; Landscaping crews and industrial users also value its reliability for maintaining parks or clearing lots. Pair it with a PTO shaft, and you\u2019ve got a setup that\u2019s ready for anything\u2014backed by TEBSA\u2019s 24-hour engineering support.<\/p>\n<table style=\"width: 100%; border-collapse: collapse; margin: 20px 0;\" border=\"1\">\n<caption style=\"font-weight: bold; text-align: center; padding: 10px;\">Principais benef\u00edcios da caixa de engrenagens do cortador de grama TL-311D<\/caption>\n<thead>\n<tr style=\"background-color: #f2f2f2;\">\n<th style=\"padding: 10px; text-align: left;\">Recurso<\/th>\n<th style=\"padding: 10px; text-align: left;\">Vantagem<\/th>\n<\/tr>\n<\/thead>\n<tbody>\n<tr>\n<td style=\"padding: 10px;\">36,8 kW \/ 50 HP de entrada<\/td>\n<td style=\"padding: 10px;\">Passa por grama grossa e restolho<\/td>\n<\/tr>\n<tr>\n<td style=\"padding: 10px;\">Constru\u00e7\u00e3o em liga de a\u00e7o<\/td>\n<td style=\"padding: 10px;\">Lida com as dif\u00edceis condi\u00e7\u00f5es da Argentina<\/td>\n<\/tr>\n<tr>\n<td style=\"padding: 10px;\">Propor\u00e7\u00e3o 1:3 aumentando<\/td>\n<td style=\"padding: 10px;\">Aumenta a velocidade da l\u00e2mina para cortes de precis\u00e3o<\/td>\n<\/tr>\n<tr>\n<td style=\"padding: 10px;\">50% Economia de custos<\/td>\n<td style=\"padding: 10px;\">Acess\u00edvel sem comprometer a qualidade<\/td>\n<\/tr>\n<\/tbody>\n<\/table>\n<h2>Detalhes t\u00e9cnicos e manuten\u00e7\u00e3o da caixa de engrenagens TL-311D<\/h2>\n<p>Diving into the specs, the TL-311D is a precision piece of machinery. Its gear arrangement (27-28) supports both increasing and reducing ratios\u20141:3 and 3:1\u2014giving you flexibility for different mowing tasks. The input shaft (X) and output shafts (Y and Z) are sized at 1 3\/8&#8243; (6) and 33 (B), ensuring compatibility with standard mower attachments. Weighing 23.5 kg, it\u2019s hefty enough to stay stable but light enough for easy installation.<\/p>\n<p>O \u00f3leo \u00e9 essencial aqui. A caixa de c\u00e2mbio n\u00e3o vem pr\u00e9-abastecida, ent\u00e3o voc\u00ea precisar\u00e1 adicionar 1,2 litro de \u00f3leo SAE 80W-90 \u2014 comum e f\u00e1cil de encontrar na Argentina. Isso mant\u00e9m as engrenagens funcionando frias e silenciosas, especialmente sob o esfor\u00e7o de cortes pesados. Todas as especifica\u00e7\u00f5es t\u00e9cnicas est\u00e3o em conformidade com as normas ISO 6335 e ISO 281, o que significa que ela foi constru\u00edda de acordo com os padr\u00f5es globais de desempenho de rolamentos e caixas de c\u00e2mbio.<\/p>\n<p><img loading=\"lazy\" decoding=\"async\" class=\"alignnone wp-image-8293\" src=\"https:\/\/agricultural-gear-boxes.com\/wp-content\/uploads\/2025\/04\/XgNG9Dch-Agricultural-Lawnmower-Gearbox-Applications-1-300x234.webp\" alt=\"Cortador de grama agr\u00edcola - Caixa de engrenagens\" width=\"600\" height=\"468\" \/><\/p>\n<p>A manuten\u00e7\u00e3o \u00e9 simples, mas crucial. Verifique o n\u00edvel de \u00f3leo a cada poucos meses, especialmente ap\u00f3s longas sess\u00f5es de corte de pasto ou gramados. Procure vazamentos ao redor das veda\u00e7\u00f5es \u2014 as veda\u00e7\u00f5es de rolos c\u00f4nicos da TEBSA s\u00e3o resistentes, mas o desgaste acontece. Limpe os eixos e lubrifique-os levemente para manter a pot\u00eancia fluindo suavemente. O desalinhamento pode desgastar as engrenagens rapidamente, portanto, verifique a configura\u00e7\u00e3o do seu cortador de grama. Com cuidado, esta caixa de engrenagens dura anos, mesmo no clima \u00famido e empoeirado da Argentina.<\/p>\n<table style=\"width: 100%; border-collapse: collapse; margin: 20px 0;\" border=\"1\">\n<caption style=\"font-weight: bold; text-align: center; padding: 10px;\">Lista de verifica\u00e7\u00e3o de manuten\u00e7\u00e3o do TL-311D<\/caption>\n<thead>\n<tr style=\"background-color: #f2f2f2;\">\n<th style=\"padding: 10px; text-align: left;\">Tarefa<\/th>\n<th style=\"padding: 10px; text-align: left;\">Freq\u00fc\u00eancia<\/th>\n<th style=\"padding: 10px; text-align: left;\">Notas<\/th>\n<\/tr>\n<\/thead>\n<tbody>\n<tr>\n<td style=\"padding: 10px;\">Verifique o n\u00edvel do \u00f3leo<\/td>\n<td style=\"padding: 10px;\">A cada 50 horas<\/td>\n<td style=\"padding: 10px;\">Complete com 80W-90 se estiver baixo<\/td>\n<\/tr>\n<tr>\n<td style=\"padding: 10px;\">Inspecionar veda\u00e7\u00f5es<\/td>\n<td style=\"padding: 10px;\">Mensal<\/td>\n<td style=\"padding: 10px;\">Substituir se houver vazamento<\/td>\n<\/tr>\n<tr>\n<td style=\"padding: 10px;\">Eixos de graxa<\/td>\n<td style=\"padding: 10px;\">A cada 100 horas<\/td>\n<td style=\"padding: 10px;\">Use uma camada leve e uniforme<\/td>\n<\/tr>\n<tr>\n<td style=\"padding: 10px;\">Alinhar caixa de engrenagens<\/td>\n<td style=\"padding: 10px;\">Durante a configura\u00e7\u00e3o<\/td>\n<td style=\"padding: 10px;\">Evite vibra\u00e7\u00e3o ou desgaste<\/td>\n<\/tr>\n<\/tbody>\n<\/table>\n<h2>Sobre a TEBSA e nossa linha de caixas de engrenagens agr\u00edcolas<\/h2>\n<p>A TEBSA \u00e9 uma marca confi\u00e1vel na Argentina desde 1997, fabricando caixas de engrenagens agr\u00edcolas com habilidade e cuidado. De nossa base na Argentina, nos tornamos um parceiro confi\u00e1vel para agricultores e usu\u00e1rios industriais, oferecendo uma garantia de qualidade de 100% em todos os produtos. Nosso segredo? Uma equipe de engenharia talentosa que responde em at\u00e9 24 horas, al\u00e9m de um talento especial para manter os custos 50% abaixo das marcas originais. Lidamos com tudo, desde prot\u00f3tipos r\u00e1pidos at\u00e9 a produ\u00e7\u00e3o em larga escala, utilizando materiais como a\u00e7o-liga, a\u00e7o inoxid\u00e1vel e pe\u00e7as fundidas para atender \u00e0s suas demandas.<\/p>\n<p><img loading=\"lazy\" decoding=\"async\" class=\"alignnone wp-image-8122\" src=\"https:\/\/agricultural-gear-boxes.com\/wp-content\/uploads\/2025\/04\/TgBqbiVx-Square-Baler-Gearbox-Manufacturers-4-1-300x225.webp\" alt=\"Argentina-Fabricantes de Caixas de Velocidades\" width=\"600\" height=\"450\" \/><\/p>\n<p>Al\u00e9m da caixa de engrenagens para cortadores de grama TL-311D, produzimos uma linha completa de solu\u00e7\u00f5es agr\u00edcolas. Precisa de uma caixa de engrenagens para cortador rotativo como a RC-61? N\u00f3s temos. Procurando por caixas de engrenagens para distribuidores de fertilizantes, caixas de engrenagens para escavadeiras de postes ou caixas de engrenagens para cortadores de grama de martelo? Essas tamb\u00e9m est\u00e3o em nosso cat\u00e1logo. Nossa linha tamb\u00e9m inclui eixos de tomada de for\u00e7a, <a href=\"https:\/\/agricultural-gear-boxes.com\/pt\/product-category\/hydraulic-cylinder\/\">cilindros hidr\u00e1ulicos<\/a>, and couplings\u2014each built to the same high standards. For anyone searching &#8220;buy agricultural gearbox online in Argentina,&#8221; TEBSA is your one-stop shop. Drop us a line to <a href=\"#contacts\">saber mais<\/a>!<\/p>","protected":false},"excerpt":{"rendered":"<p>TEBSA, based in Argentina since 1997, proudly offers the TL-311D mowers gearbox as a reliable replacement for the Comer Code TL-311D. This gearbox is engineered for mower equipment, delivering steady power to tackle grass cutting, pasture upkeep, and lawn maintenance across Argentina\u2019s diverse landscapes\u2014like the fertile Pampas or rugged rural fields. With over two decades [&hellip;]<\/p>","protected":false},"featured_media":8335,"template":"","meta":{"_et_pb_use_builder":"","_et_pb_old_content":"","_et_gb_content_width":""},"product_brand":[],"product_cat":[10402,11406],"product_tag":[11402,11407],"class_list":{"0":"post-8334","1":"product","2":"type-product","3":"status-publish","4":"has-post-thumbnail","6":"product_cat-agricultural-gearbox","7":"product_cat-lawn-mower-gearbox-agricultural-gearbox","8":"product_tag-agricultural-gearbox","9":"product_tag-lawn-mower-gearbox","11":"first","12":"instock","13":"shipping-taxable","14":"product-type-simple"},"_links":{"self":[{"href":"https:\/\/agricultural-gear-boxes.com\/pt\/wp-json\/wp\/v2\/product\/8334","targetHints":{"allow":["GET"]}}],"collection":[{"href":"https:\/\/agricultural-gear-boxes.com\/pt\/wp-json\/wp\/v2\/product"}],"about":[{"href":"https:\/\/agricultural-gear-boxes.com\/pt\/wp-json\/wp\/v2\/types\/product"}],"wp:featuredmedia":[{"embeddable":true,"href":"https:\/\/agricultural-gear-boxes.com\/pt\/wp-json\/wp\/v2\/media\/8335"}],"wp:attachment":[{"href":"https:\/\/agricultural-gear-boxes.com\/pt\/wp-json\/wp\/v2\/media?parent=8334"}],"wp:term":[{"taxonomy":"product_brand","embeddable":true,"href":"https:\/\/agricultural-gear-boxes.com\/pt\/wp-json\/wp\/v2\/product_brand?post=8334"},{"taxonomy":"product_cat","embeddable":true,"href":"https:\/\/agricultural-gear-boxes.com\/pt\/wp-json\/wp\/v2\/product_cat?post=8334"},{"taxonomy":"product_tag","embeddable":true,"href":"https:\/\/agricultural-gear-boxes.com\/pt\/wp-json\/wp\/v2\/product_tag?post=8334"}],"curies":[{"name":"wp","href":"https:\/\/api.w.org\/{rel}","templated":true}]}}