{"id":8464,"date":"2025-04-11T09:05:20","date_gmt":"2025-04-11T09:05:20","guid":{"rendered":"https:\/\/agricultural-gear-boxes.com\/?post_type=product&#038;p=8464"},"modified":"2025-04-11T09:05:20","modified_gmt":"2025-04-11T09:05:20","slug":"agricultural-lawn-mower-gearbox-ep-rc30-193","status":"publish","type":"product","link":"https:\/\/agricultural-gear-boxes.com\/pt\/product\/agricultural-lawn-mower-gearbox-ep-rc30-193\/","title":{"rendered":"Caixa de engrenagens para cortador de grama agr\u00edcola EP-RC30-193"},"content":{"rendered":"<p>A caixa de engrenagens angulares RC-30 da S\u00e9rie EP da TEBSA Argentina foi projetada para cortadores de grama e cortadores rotativos, proporcionando transfer\u00eancia de pot\u00eancia confi\u00e1vel para tarefas leves a m\u00e9dias. Com uma rela\u00e7\u00e3o de transmiss\u00e3o de 1:1,93, esta caixa de engrenagens foi projetada para cortadores rotativos de 1,2 m ou mais, tornando-se a escolha ideal para a manuten\u00e7\u00e3o de gramados, pastagens e campos agr\u00edcolas nas diversas paisagens da Argentina, dos Pampas \u00e0s plan\u00edcies onduladas de C\u00f3rdoba. Desde 1997, a TEBSA desenvolve solu\u00e7\u00f5es dur\u00e1veis e econ\u00f4micas, oferecendo uma garantia de qualidade de 100% e uma vantagem de custo de 50% em rela\u00e7\u00e3o \u00e0s marcas originais.<\/p>\n<p>Featuring a horizontal input and vertical downward output, the RC-30 is built with a 1-3\/8&#8243; 6-spline input shaft, complete with a 1\/2&#8243; shear bolt hole and retaining ring groove, paired with a 1.47&#8243; 12-tapered spline output shaft. This setup ensures compatibility with most standard and medium-duty rotary cutters. High-speed ball bearings and heat-treated gears provide long-lasting performance, while a four-bolt mounting system aligns with industry standards. Each gearbox ships dry, requiring 16 ounces of 90W or 85W140 gear lube, and includes a blade carrier mounting nut and cotter pin for easy installation.<\/p>\n<h2><img loading=\"lazy\" decoding=\"async\" class=\"aligncenter wp-image-263307 size-full\" src=\"https:\/\/images.hzpt.com\/2022\/05\/BAoNDlGM-ep_agricultural-gearbox-HC-RC30-193-2.webp\" alt=\"Caixa de engrenagens RC-30 para cortadores rotativos na Argentina\" width=\"400\" height=\"537\" \/><\/h2>\n<h2><strong>Caracter\u00edsticas t\u00e9cnicas e desempenho da caixa de engrenagens RC-30<\/strong><\/h2>\n<p>A caixa de engrenagens RC-30 destaca-se por seu design cuidadoso e constru\u00e7\u00e3o robusta, adaptada para atender \u00e0s demandas de corte de grama e agricultura. Sua rela\u00e7\u00e3o de transmiss\u00e3o de 1:1,93 otimiza a velocidade da l\u00e2mina, tornando-a ideal para lidar com grama espessa, ervas daninhas e arbustos finos em fazendas ou propriedades rurais. As engrenagens e eixos de liga de a\u00e7o tratada termicamente passam por processos avan\u00e7ados como cementa\u00e7\u00e3o e t\u00eampera, garantindo resist\u00eancia ao desgaste mesmo nas dif\u00edceis condi\u00e7\u00f5es de campo da Argentina, onde as colheitas de soja e trigo exigem o m\u00e1ximo do equipamento.<\/p>\n<p>O design compacto e angular da caixa de engrenagens minimiza o estresse na transmiss\u00e3o do cortador, melhorando a efici\u00eancia e reduzindo a necessidade de manuten\u00e7\u00e3o. Rolamentos de esferas de alta velocidade proporcionam uma opera\u00e7\u00e3o suave a uma entrada nominal de 540 RPM, fornecendo at\u00e9 30 cavalos de pot\u00eancia para uma pot\u00eancia de corte confi\u00e1vel. O sistema de montagem com quatro parafusos garante um encaixe seguro, enquanto a porca e o contrapino inclu\u00eddos simplificam a instala\u00e7\u00e3o para agricultores em Buenos Aires ou Mendoza.<\/p>\n<p>Para maior clareza, aqui est\u00e3o as principais especifica\u00e7\u00f5es:<\/p>\n<table style=\"width: 100%; height: 184px;\" border=\"1\" cellspacing=\"0\" cellpadding=\"0\">\n<tbody>\n<tr style=\"height: 23px;\">\n<td style=\"width: 36.2483%; height: 23px;\"><strong>ITEM<\/strong><\/td>\n<td style=\"width: 81.9177%; height: 23px;\">Caixa de engrenagens do cortador de grama EP-RC30-193<\/td>\n<\/tr>\n<tr style=\"height: 23px;\">\n<td style=\"width: 36.2483%; height: 23px;\"><strong>Raz\u00e3o<\/strong><\/td>\n<td style=\"width: 81.9177%; height: 23px;\">1:1.93<\/td>\n<\/tr>\n<tr style=\"height: 23px;\">\n<td style=\"width: 36.2483%; height: 23px;\"><strong>Dentes<\/strong><\/td>\n<td style=\"width: 81.9177%; height: 23px;\">15\/29<\/td>\n<\/tr>\n<tr style=\"height: 23px;\">\n<td style=\"width: 36.2483%; height: 23px;\"><strong>M\u00f3dulo<\/strong><\/td>\n<td style=\"width: 81.9177%; height: 23px;\">4.0<\/td>\n<\/tr>\n<tr style=\"height: 23px;\">\n<td style=\"width: 36.2483%; height: 23px;\"><strong>Pot\u00eancia (HP)<\/strong><\/td>\n<td style=\"width: 81.9177%; height: 23px;\">30<\/td>\n<\/tr>\n<tr style=\"height: 23px;\">\n<td style=\"width: 36.2483%; height: 23px;\"><strong>Entrada classificada<\/strong><\/td>\n<td style=\"width: 81.9177%; height: 23px;\">540 rpm<\/td>\n<\/tr>\n<tr style=\"height: 23px;\">\n<td style=\"width: 36.2483%; height: 23px;\"><strong>Descri\u00e7\u00e3o de entrada\/sa\u00edda<\/strong><\/td>\n<td style=\"width: 81.9177%; height: 23px;\">1-3\/8 Z6 \u03c631,75 Eixo \u00f3ptico<\/td>\n<\/tr>\n<tr style=\"height: 23px;\">\n<td style=\"width: 36.2483%; height: 23px;\"><strong>Peso (NW)<\/strong><\/td>\n<td style=\"width: 81.9177%; height: 23px;\">24,5 kg<\/td>\n<\/tr>\n<\/tbody>\n<\/table>\n<h2><strong>Aplica\u00e7\u00f5es e Benef\u00edcios para Agricultores Argentinos<\/strong><\/h2>\n<p>A caixa de engrenagens RC-30 se destaca em uma variedade de aplica\u00e7\u00f5es, desde o cuidado de gramados residenciais at\u00e9 tarefas agr\u00edcolas de grande porte. \u00c9 perfeita para cortadores rotativos de 1,2 m ou mais, usados para limpar pastagens, aparar acostamentos ou cuidar de pomares em regi\u00f5es f\u00e9rteis da Argentina, como Santa F\u00e9. Sua versatilidade \u00e9 adequada para cortadores de grama leves para pequenas propriedades e cortadores m\u00e9dios para opera\u00e7\u00f5es maiores, manuseando tudo, desde grama at\u00e9 res\u00edduos leves de culturas, com facilidade.<\/p>\n<p>Os agricultores se beneficiam da durabilidade e efici\u00eancia do RC-30. As engrenagens tratadas termicamente, feitas de a\u00e7o-liga de alta resist\u00eancia, resistem ao desgaste durante longas horas de corte \u2014 um recurso essencial para as temporadas de pico de colheita na Argentina. <a href=\"https:\/\/agricultural-gear-boxes.com\/pt\/product-category\/gearbox\/\">caixa de velocidades<\/a>O design simplifica a manuten\u00e7\u00e3o, com rolamentos acess\u00edveis e uma capacidade padr\u00e3o de \u00f3leo de 473 ml, reduzindo o tempo de inatividade em fazendas em Ros\u00e1rio e arredores. Seu peso de 24,5 kg equilibra robustez e facilidade de instala\u00e7\u00e3o, enquanto o suporte de quatro parafusos garante uma conex\u00e3o firme, padr\u00e3o da ind\u00fastria.<\/p>\n<p><img loading=\"lazy\" decoding=\"async\" class=\"wp-image-8284 aligncenter\" src=\"https:\/\/agricultural-gear-boxes.com\/wp-content\/uploads\/2025\/04\/0_Gearbox-for-Lawn-Mower-300x177.webp\" alt=\"Caixa de engrenagens para cortador de grama.\" width=\"600\" height=\"354\" \/><\/p>\n<p>Veja por que o RC-30 \u00e9 uma escolha inteligente:<\/p>\n<p>Economia de custos: a vantagem de custo do 50% da TEBSA o torna uma atualiza\u00e7\u00e3o acess\u00edvel em compara\u00e7\u00e3o a outras marcas.<br \/>\nLonga vida \u00fatil: componentes tratados termicamente e rolamentos de alta velocidade significam menos substitui\u00e7\u00f5es.<br \/>\nF\u00e1cil instala\u00e7\u00e3o: eixos estriados padr\u00e3o s\u00e3o compat\u00edveis com a maioria dos cortadores rotativos, desde modelos leves a m\u00e9dios.<br \/>\nPot\u00eancia confi\u00e1vel: a propor\u00e7\u00e3o de 1:1,93 proporciona velocidade de l\u00e2mina consistente para cortes limpos.<br \/>\nSuporte local: a equipe da TEBSA na Argentina responde em 24 horas para manter voc\u00ea em movimento.<\/p>\n<p>Para tarefas espec\u00edficas, o RC-30 se destaca em cen\u00e1rios como:<\/p>\n<table style=\"width: 100%; border-collapse: collapse;\" border=\"1\" cellspacing=\"0\" cellpadding=\"5\">\n<tbody>\n<tr>\n<th style=\"text-align: center;\">Aplicativo<\/th>\n<th style=\"text-align: center;\">Beneficiar<\/th>\n<th style=\"text-align: center;\">Palavras-chave relevantes<\/th>\n<\/tr>\n<tr>\n<td>Manuten\u00e7\u00e3o de pastagens<\/td>\n<td>Limpa grama grossa e ervas daninhas com efici\u00eancia<\/td>\n<td>Caixa de engrenagens para cortador de pasto, cortador rotativo agr\u00edcola<\/td>\n<\/tr>\n<tr>\n<td>Poda de pomar<\/td>\n<td>Manuseia pinc\u00e9is leves com precis\u00e3o<\/td>\n<td>Caixa de engrenagens para cortador de grama para pomares, cortador rotativo Argentina<\/td>\n<\/tr>\n<tr>\n<td>Limpeza de estradas<\/td>\n<td>Resistente o suficiente para terrenos acidentados<\/td>\n<td>Caixa de engrenagens para cortadores de grama de m\u00e9dio porte, caixa de engrenagens para manuten\u00e7\u00e3o em estradas<\/td>\n<\/tr>\n<\/tbody>\n<\/table>\n<h2><strong>Dicas de manuten\u00e7\u00e3o e instala\u00e7\u00e3o para o RC-30<\/strong><\/h2>\n<p>To get the most out of your RC-30 gearbox, proper setup and care are key. Before installing, check the 1-3\/8&#8243; 6-spline input shaft and 1.47&#8243; tapered output shaft for any shipping damage. Secure the gearbox using the four-bolt mount, ensuring alignment with your rotary cutter\u2019s frame to avoid vibration. Use the included blade carrier nut and cotter pin to lock the blade assembly in place. Fill the gearbox with 16 ounces of 90W or 85W140 gear lube\u2014TEBSA recommends high-quality lubricants to protect the gears and bearings.<\/p>\n<p>A manuten\u00e7\u00e3o regular mant\u00e9m o RC-30 com o melhor desempenho:<\/p>\n<p>Inspecione mensalmente: procure por vazamentos de \u00f3leo, rolamentos desgastados ou parafusos soltos, especialmente ap\u00f3s uso pesado nos campos empoeirados da Argentina.<br \/>\nVerifique os n\u00edveis de \u00f3leo: complete ou substitua o lubrificante de engrenagens a cada temporada para manter uma opera\u00e7\u00e3o suave.<br \/>\nLimpe o eixo: remova os detritos do eixo de entrada para evitar desgaste na estria.<br \/>\nAlinhe corretamente: o desalinhamento pode causar tens\u00e3o nas engrenagens, portanto, verifique novamente durante a instala\u00e7\u00e3o.<br \/>\nArmazene com seguran\u00e7a: quando n\u00e3o estiver em uso, mantenha a caixa de engrenagens coberta para proteg\u00ea-la do clima \u00famido da Argentina.<\/p>\n<p><img loading=\"lazy\" decoding=\"async\" class=\"wp-image-8274 aligncenter\" src=\"https:\/\/agricultural-gear-boxes.com\/wp-content\/uploads\/2025\/04\/wHeGt7RQ-China-Rotary-Cutter-Gearbox-Manufacturers-e1744189741891-300x221.webp\" alt=\"Argentina-Fabricantes de Caixas de Velocidades\" width=\"600\" height=\"442\" \/><\/p>\n<p>Seguindo essas etapas, os agricultores podem prolongar a vida \u00fatil da caixa de engrenagens, seja cortando grama em Mendoza ou limpando campos em La Plata. O design do RC-30 facilita a manuten\u00e7\u00e3o, com pe\u00e7as de reposi\u00e7\u00e3o dispon\u00edveis atrav\u00e9s da equipe de suporte \u00e1gil da TEBSA.<\/p>\n<p>Para uma refer\u00eancia r\u00e1pida, aqui est\u00e1 uma lista de verifica\u00e7\u00e3o de manuten\u00e7\u00e3o:<\/p>\n<table style=\"width: 100%; border-collapse: collapse;\" border=\"1\" cellspacing=\"0\" cellpadding=\"5\">\n<tbody>\n<tr>\n<th style=\"text-align: center;\">Tarefa<\/th>\n<th style=\"text-align: center;\">Freq\u00fc\u00eancia<\/th>\n<th style=\"text-align: center;\">Ferramentas necess\u00e1rias<\/th>\n<\/tr>\n<tr>\n<td>Verifique o n\u00edvel do \u00f3leo<\/td>\n<td>A cada 50 horas<\/td>\n<td>Vareta de n\u00edvel de \u00f3leo, lubrificante de engrenagens 90W<\/td>\n<\/tr>\n<tr>\n<td>Inspecionar parafusos<\/td>\n<td>Mensal<\/td>\n<td>Conjunto de chaves<\/td>\n<\/tr>\n<tr>\n<td>Eixo de entrada limpo<\/td>\n<td>Ap\u00f3s cada uso<\/td>\n<td>Escova, pano<\/td>\n<\/tr>\n<\/tbody>\n<\/table>\n<h2><strong>Sobre a TEBSA e nossas solu\u00e7\u00f5es agr\u00edcolas<\/strong><\/h2>\n<p>Desde 1997, a TEBSA \u00e9 uma marca confi\u00e1vel na Argentina, fornecendo caixas de engrenagens agr\u00edcolas de alta qualidade com foco em confiabilidade e pre\u00e7o acess\u00edvel. Com sede no cora\u00e7\u00e3o da regi\u00e3o agr\u00edcola argentina, entendemos as necessidades dos agricultores locais, desde pequenos produtores at\u00e9 grandes empresas do agroneg\u00f3cio. Nossa certifica\u00e7\u00e3o ISO9001-2015 reflete nosso compromisso com a qualidade, enquanto a vantagem de custo do 50% e nossa equipe de resposta 24 horas nos tornam um parceiro confi\u00e1vel para suas necessidades de equipamentos. Seja colhendo soja em Santa F\u00e9 ou cuidando de pastagens em Buenos Aires, as solu\u00e7\u00f5es da TEBSA s\u00e3o feitas para durar.<\/p>\n<p>Al\u00e9m da caixa de engrenagens do cortador de grama RC-30, oferecemos uma ampla gama de produtos agr\u00edcolas para impulsionar sua fazenda:<\/p>\n<p>Caixas de engrenagens de corte rotativo: modelos como o RC-61 para tarefas de corte pesadas.<br \/>\nCaixas de engrenagens para espalhadores de fertilizantes: para aplica\u00e7\u00e3o precisa de nutrientes.<br \/>\nCaixas de engrenagens para escavadeiras de postes: ideais para cercas e plantio.<br \/>\nCaixas de engrenagens de cultivador rotativo: projetadas para prepara\u00e7\u00e3o do solo.<br \/>\n<a href=\"https:\/\/agricultural-gear-boxes.com\/pt\/product-category\/pto-shaft\/\">Eixos de tomada de for\u00e7a<\/a>: Transfer\u00eancia de energia dur\u00e1vel para v\u00e1rios implementos.<\/p>\n<p><img loading=\"lazy\" decoding=\"async\" class=\"wp-image-8454 aligncenter\" src=\"https:\/\/agricultural-gear-boxes.com\/wp-content\/uploads\/2025\/04\/8UPkoTk4-Agricultural-PTO-Shaft-Manufacturers-2-300x223.webp\" alt=\"Fabricantes de eixos de tomada de for\u00e7a agr\u00edcolas\" width=\"600\" height=\"446\" srcset=\"https:\/\/agricultural-gear-boxes.com\/wp-content\/uploads\/2025\/04\/8UPkoTk4-Agricultural-PTO-Shaft-Manufacturers-2-300x223.webp 600w, https:\/\/agricultural-gear-boxes.com\/wp-content\/uploads\/2025\/04\/8UPkoTk4-Agricultural-PTO-Shaft-Manufacturers-2-480x357.webp 480w\" sizes=\"(min-width: 0px) and (max-width: 480px) 480px, (min-width: 481px) 600px, 100vw\" \/><\/p>\n<p>Cada produto \u00e9 fabricado com o mesmo cuidado que o RC-30, utilizando materiais como a\u00e7o-liga, a\u00e7o inoxid\u00e1vel e componentes fundidos com precis\u00e3o. Nossa fabrica\u00e7\u00e3o avan\u00e7ada \u2014 com forjamento, cementa\u00e7\u00e3o e tratamentos de superf\u00edcie como escurecimento \u2014 garante durabilidade nas condi\u00e7\u00f5es exigentes da Argentina. Pronto para atualizar seu equipamento? <a href=\"#contacts\">Contato TEBSA<\/a> hoje para o RC-30 ou explore nosso cat\u00e1logo completo em <a href=\"https:\/\/agricultural-gear-boxes.com\/pt\/\">caixas-de-engrenagens-agr\u00edcolas.com<\/a>.<\/p>","protected":false},"excerpt":{"rendered":"<p>The EP Series RC-30 right angle gearbox from TEBSA Argentina is engineered for lawn mowers and rotary cutters, delivering reliable power transfer for light to medium-duty tasks. With a 1:1.93 speed-up gear ratio, this gearbox is designed for 4-foot and larger rotary cutters, making it a go-to choice for maintaining lawns, pastures, and agricultural fields [&hellip;]<\/p>","protected":false},"featured_media":8465,"template":"","meta":{"_et_pb_use_builder":"","_et_pb_old_content":"","_et_gb_content_width":""},"product_brand":[],"product_cat":[10402,11406],"product_tag":[11402,11407],"class_list":{"0":"post-8464","1":"product","2":"type-product","3":"status-publish","4":"has-post-thumbnail","6":"product_cat-agricultural-gearbox","7":"product_cat-lawn-mower-gearbox-agricultural-gearbox","8":"product_tag-agricultural-gearbox","9":"product_tag-lawn-mower-gearbox","11":"first","12":"instock","13":"shipping-taxable","14":"product-type-simple"},"_links":{"self":[{"href":"https:\/\/agricultural-gear-boxes.com\/pt\/wp-json\/wp\/v2\/product\/8464","targetHints":{"allow":["GET"]}}],"collection":[{"href":"https:\/\/agricultural-gear-boxes.com\/pt\/wp-json\/wp\/v2\/product"}],"about":[{"href":"https:\/\/agricultural-gear-boxes.com\/pt\/wp-json\/wp\/v2\/types\/product"}],"wp:featuredmedia":[{"embeddable":true,"href":"https:\/\/agricultural-gear-boxes.com\/pt\/wp-json\/wp\/v2\/media\/8465"}],"wp:attachment":[{"href":"https:\/\/agricultural-gear-boxes.com\/pt\/wp-json\/wp\/v2\/media?parent=8464"}],"wp:term":[{"taxonomy":"product_brand","embeddable":true,"href":"https:\/\/agricultural-gear-boxes.com\/pt\/wp-json\/wp\/v2\/product_brand?post=8464"},{"taxonomy":"product_cat","embeddable":true,"href":"https:\/\/agricultural-gear-boxes.com\/pt\/wp-json\/wp\/v2\/product_cat?post=8464"},{"taxonomy":"product_tag","embeddable":true,"href":"https:\/\/agricultural-gear-boxes.com\/pt\/wp-json\/wp\/v2\/product_tag?post=8464"}],"curies":[{"name":"wp","href":"https:\/\/api.w.org\/{rel}","templated":true}]}}