{"id":8766,"date":"2025-04-15T07:25:22","date_gmt":"2025-04-15T07:25:22","guid":{"rendered":"https:\/\/agricultural-gear-boxes.com\/?post_type=product&#038;p=8766"},"modified":"2025-04-15T07:25:23","modified_gmt":"2025-04-15T07:25:23","slug":"rotary-mower-gearbox-replacement-of-comer-code-t-305j","status":"publish","type":"product","link":"https:\/\/agricultural-gear-boxes.com\/pt\/product\/rotary-mower-gearbox-replacement-of-comer-code-t-305j\/","title":{"rendered":"Caixa de engrenagens do cortador rotativo \u2013 Substitui\u00e7\u00e3o do Comer Code T-305J"},"content":{"rendered":"<p>A caixa de engrenagens do cortador rotativo T-305J, fabricada por <a href=\"https:\/\/agricultural-gear-boxes.com\/pt\/\">TEBSA<\/a> na Argentina, \u00e9 uma solu\u00e7\u00e3o confi\u00e1vel e robusta para cortadores de grama utilizados em tarefas agr\u00edcolas e paisag\u00edsticas exigentes. Projetada para otimizar o desempenho da l\u00e2mina e, ao mesmo tempo, proteger o motor, esta caixa de engrenagens garante uma opera\u00e7\u00e3o suave nos diversos terrenos da Argentina, desde as plan\u00edcies dos Pampas at\u00e9 os gramados suburbanos de Buenos Aires. Desde 1997, a TEBSA \u00e9 um fabricante confi\u00e1vel, oferecendo uma garantia de qualidade de 100% e uma vantagem de custo de 50% em rela\u00e7\u00e3o \u00e0s marcas originais, tornando o T-305J a melhor escolha para agricultores e paisagistas.<\/p>\n<p>Constru\u00eddo para durar, o T-305J reduz a rota\u00e7\u00e3o do motor para atender \u00e0s necessidades da l\u00e2mina, ao mesmo tempo em que oferece alto torque para um corte eficiente. Seu arranjo de engrenagens planet\u00e1rias minimiza o ru\u00eddo e a vibra\u00e7\u00e3o, proporcionando uma experi\u00eancia de corte mais silenciosa e confort\u00e1vel. Seja para cuidar de pastagens para planta\u00e7\u00f5es de soja ou limpar um campo de golfe em C\u00f3rdoba, esta caixa de engrenagens lida com tarefas dif\u00edceis com facilidade, com o apoio da equipe de engenharia especializada da TEBSA, pronta para responder em at\u00e9 24 horas.<\/p>\n<h2><strong>Principais caracter\u00edsticas e especifica\u00e7\u00f5es t\u00e9cnicas da caixa de engrenagens T-305J<\/strong><\/h2>\n<p>A caixa de engrenagens do cortador rotativo T-305J destaca-se por sua durabilidade e engenharia de precis\u00e3o. Feita de a\u00e7o-liga de alta resist\u00eancia, com processos avan\u00e7ados de forjamento e tratamento t\u00e9rmico, como carbonitreta\u00e7\u00e3o, ela resiste ao desgaste mesmo sob uso intenso. Seu design compacto integra-se perfeitamente aos cortadores de grama, reduzindo o esfor\u00e7o do motor e prolongando a vida \u00fatil do equipamento. A configura\u00e7\u00e3o planet\u00e1ria da caixa de engrenagens garante uma transfer\u00eancia de pot\u00eancia suave, tornando-a ideal tanto para pequenos cortadores residenciais quanto para grandes m\u00e1quinas agr\u00edcolas.<\/p>\n<p>Abaixo est\u00e3o as especifica\u00e7\u00f5es detalhadas do T-305J, mostrando sua versatilidade em diferentes condi\u00e7\u00f5es operacionais:<\/p>\n<p><img loading=\"lazy\" decoding=\"async\" class=\"aligncenter size-full wp-image-299760\" src=\"https:\/\/images.hzpt.com\/2023\/02\/slhgBn7X-rotary-mower-gearbox-specifications-t305j.webp\" alt=\"Especifica\u00e7\u00f5es t\u00e9cnicas da caixa de engrenagens do cortador rotativo T-305J\" width=\"822\" height=\"692\" \/><\/p>\n<table style=\"width: 100%; height: 115px;\" border=\"1\">\n<tbody>\n<tr style=\"height: 23px;\">\n<td style=\"height: 46px; width: 6.54506%; text-align: center;\" rowspan=\"2\"><strong>Raz\u00e3o (i)<\/strong><\/td>\n<td style=\"height: 46px; width: 11.8026%; text-align: center;\" rowspan=\"2\"><strong>Velocidade de entrada N<sub>1<\/sub>[rota\u00e7\u00f5es por minuto]<\/strong><\/td>\n<td style=\"height: 46px; width: 10.515%; text-align: center;\" rowspan=\"2\"><strong>Pot\u00eancia P<sub>1<\/sub>[kW]<\/strong><\/td>\n<td style=\"height: 46px; width: 11.3734%; text-align: center;\" rowspan=\"2\"><strong>Torque M<sub>2<\/sub>[Nm]<\/strong><\/td>\n<td style=\"height: 23px; width: 50%; text-align: center;\" colspan=\"3\"><strong>Tipo de eixo<\/strong><\/td>\n<td style=\"height: 46px; width: 7.93991%; text-align: center;\" rowspan=\"2\"><strong>Entrada<\/strong><\/td>\n<\/tr>\n<tr style=\"height: 23px;\">\n<td style=\"height: 23px; width: 14.3777%; text-align: center;\"><strong>X<\/strong><\/td>\n<td style=\"height: 23px; width: 14.3777%; text-align: center;\"><strong>E<\/strong><\/td>\n<td style=\"height: 23px; width: 21.2446%; text-align: center;\"><strong>Z<\/strong><\/td>\n<\/tr>\n<tr style=\"height: 23px;\">\n<td style=\"height: 23px; width: 6.54506%; text-align: center;\">1.35<\/td>\n<td style=\"height: 23px; width: 11.8026%; text-align: center;\">540<\/td>\n<td style=\"height: 23px; width: 10.515%; text-align: center;\">183.8<\/td>\n<td style=\"height: 23px; width: 11.3734%; text-align: center;\">2335<\/td>\n<td style=\"height: 23px; width: 14.3777%; text-align: center;\">&#8221; 3\/4 Z20<\/td>\n<td style=\"height: 23px; width: 14 ARP3777%; text-align: center;\">1&#8221; 3\/4 Z20<\/td>\n<td style=\"height: 23px; width: 21.2446%; text-align: center;\">&#8221; 3\/4 Z20<\/td>\n<td style=\"height: 23px; width: 7.93991%; text-align: center;\">X<\/td>\n<\/tr>\n<tr style=\"height: 23px;\">\n<td style=\"height: 23px; width: 6.54506%; text-align: center;\">1.20<\/td>\n<td style=\"height: 23px; width: 11.8026%; text-align: center;\">1000<\/td>\n<td style=\"height: 23px; width: 10.515%; text-align: center;\">183.8<\/td>\n<td style=\"height: 23px; width: 11.3734%; text-align: center;\">2043<\/td>\n<td style=\"height: 23px; width: 14.3777%; text-align: center;\">&#8221; 3\/4 Z20<\/td>\n<td style=\"height: 23px; width: 14.3777%; text-align: center;\">&#8221; 3\/4 Z20<\/td>\n<td style=\"height: 23px; width: 21.2446%; text-align: center;\">&#8221; 3\/4 Z20<\/td>\n<td style=\"height: 23px; width: 7.93991%; text-align: center;\">X<\/td>\n<\/tr>\n<tr style=\"height: 23px;\">\n<td style=\"height: 23px; width: 6.54506%; text-align: center;\">1.35<\/td>\n<td style=\"height: 23px; width: 11.8026%; text-align: center;\">1000<\/td>\n<td style=\"height: 23px; width: 10.515%; text-align: center;\">183.8<\/td>\n<td style=\"height: 23px; width: 11.3734%; text-align: center;\">2298<\/td>\n<td style=\"height: 23px; width: 14.3777%; text-align: center;\">&#8221; 3\/4 Z20<\/td>\n<td style=\"height: 23px; width: 14.3777%; text-align: center;\">&#8221; 3\/4 Z20<\/td>\n<td style=\"height: 23px; width: 21.2446%; text-align: center;\">&#8221; 3\/4 Z20<\/td>\n<td style=\"height: 23px; width: 7.93991%; text-align: center;\">X<\/td>\n<\/tr>\n<\/tbody>\n<\/table>\n<p>Essas especifica\u00e7\u00f5es destacam a capacidade do T-305J de lidar com velocidades de entrada vari\u00e1veis (540 ou 1000 RPM) e fornecer torque consistente (at\u00e9 2335 Nm), tornando-o vers\u00e1til para diferentes tipos de cortadores de grama. O eixo padronizado 3\/4 Z20 garante compatibilidade com a maioria dos modelos de cortadores de grama, simplificando a instala\u00e7\u00e3o para usu\u00e1rios na Argentina e em outros lugares.<\/p>\n<h2><strong>Benef\u00edcios e aplica\u00e7\u00f5es da caixa de engrenagens do cortador rotativo T-305J<\/strong><\/h2>\n<p>A caixa de engrenagens T-305J oferece uma s\u00e9rie de vantagens que a tornam uma escolha de destaque para operadores de cortadores de grama em ambientes agr\u00edcolas e comerciais:<\/p>\n<p><img loading=\"lazy\" decoding=\"async\" class=\"wp-image-8767 aligncenter\" src=\"https:\/\/agricultural-gear-boxes.com\/wp-content\/uploads\/2025\/04\/rotary-mower-gearbox-t305j-e1744700295396.webp\" alt=\"caixa de engrenagens do cortador rotativo t305j\" width=\"500\" height=\"500\" srcset=\"https:\/\/agricultural-gear-boxes.com\/wp-content\/uploads\/2025\/04\/rotary-mower-gearbox-t305j-e1744700295396.webp 500w, https:\/\/agricultural-gear-boxes.com\/wp-content\/uploads\/2025\/04\/rotary-mower-gearbox-t305j-e1744700295396-300x270.webp 300w\" sizes=\"(min-width: 0px) and (max-width: 300px) 300px, (min-width: 301px) 500px, 100vw\" \/><\/p>\n<p>Maior durabilidade: constru\u00eddo com liga de a\u00e7o e tratado com processos como cementa\u00e7\u00e3o, o T-305J suporta os rigores do corte de grama alta, ervas daninhas ou pequenos arbustos nos campos de trigo e milho da Argentina.<br \/>\nOpera\u00e7\u00e3o silenciosa: o design da engrenagem planet\u00e1ria reduz o ru\u00eddo e a vibra\u00e7\u00e3o, melhorando o conforto do operador durante longas horas de corte em \u00e1reas rurais ou parques urbanos.<br \/>\nProte\u00e7\u00e3o do motor: ao gerenciar altas cargas de torque, evita danos ao motor, economizando em reparos caros e tempo de inatividade.<br \/>\nEconomia de custos: a fabrica\u00e7\u00e3o estrat\u00e9gica da TEBSA oferece uma vantagem de custo 50% em compara\u00e7\u00e3o ao equipamento original, oferecendo alto valor sem comprometer a qualidade.<br \/>\nAplica\u00e7\u00f5es vers\u00e1teis: desde a manuten\u00e7\u00e3o de pastagens para gado at\u00e9 a limpeza de campos esportivos em Ros\u00e1rio, o T-305J se adapta a diversas necessidades de corte.<br \/>\nF\u00e1cil manuten\u00e7\u00e3o: projetado para manuten\u00e7\u00e3o simples, com veda\u00e7\u00f5es e componentes acess\u00edveis, apoiado pela equipe t\u00e9cnica \u00e1gil da TEBSA.<\/p>\n<p>Esta caixa de engrenagens se destaca em aplica\u00e7\u00f5es como:<br \/>\nRo\u00e7ada agr\u00edcola: limpeza de res\u00edduos de culturas em campos de soja ou milho.<br \/>\nPaisagismo: Manter gramados impec\u00e1veis em sub\u00farbios de Buenos Aires ou em parques p\u00fablicos.<br \/>\nManuten\u00e7\u00e3o comercial de campos de golfe, campos esportivos ou grandes propriedades com precis\u00e3o.<\/p>\n<p><img loading=\"lazy\" decoding=\"async\" class=\"wp-image-8611 aligncenter\" src=\"https:\/\/agricultural-gear-boxes.com\/wp-content\/uploads\/2025\/04\/LGkyyKGu-How-to-Remove-the-Rotary-Mower-Gearbox-from-Rotary-Mower-1-300x200.webp\" alt=\"Caixa de engrenagens do cortador rotativo\" width=\"500\" height=\"333\" \/><\/p>\n<p>Para compradores on-line que buscam uma \u201ccaixa de engrenagens confi\u00e1vel para cortadores de grama rotativos na Argentina\u201d ou \u201ccaixa de engrenagens T-305J para cortadores de grama\u201d, o T-305J oferece desempenho e pre\u00e7o acess\u00edvel, respaldado pela certifica\u00e7\u00e3o ISO9001-2015 da TEBSA.<\/p>\n<h2><strong>Dicas de manuten\u00e7\u00e3o e instala\u00e7\u00e3o para a caixa de engrenagens T-305J<\/strong><\/h2>\n<p>Para garantir o melhor desempenho do T-305J, a manuten\u00e7\u00e3o regular \u00e9 fundamental. Veja como mant\u00ea-lo em \u00f3timas condi\u00e7\u00f5es para as exigentes condi\u00e7\u00f5es da Argentina:<\/p>\n<p>Inspecione regularmente: verifique se h\u00e1 vazamentos de \u00f3leo, desgaste nas engrenagens ou parafusos soltos, especialmente ap\u00f3s uso pesado em campos empoeirados de Pampas.<br \/>\nLubrifique corretamente: Use \u00f3leo de engrenagem de alta qualidade (conforme recomendado pela TEBSA) e verifique os n\u00edveis a cada 50 horas de opera\u00e7\u00e3o. Troque o \u00f3leo anualmente ou a cada 500 horas.<br \/>\nLimpe o eixo: remova os res\u00edduos do eixo 3\/4 Z20 e aplique graxa nova para evitar corros\u00e3o, essencial no clima \u00famido da Argentina.<br \/>\nAlinhe corretamente: certifique-se de que a caixa de engrenagens esteja alinhada corretamente com a tomada de for\u00e7a do cortador para evitar desgaste irregular ou vibra\u00e7\u00e3o.<br \/>\nArmazene com seguran\u00e7a: quando n\u00e3o estiver em uso, mantenha a caixa de engrenagens em uma \u00e1rea seca e coberta para proteg\u00ea-la da chuva ou de condi\u00e7\u00f5es clim\u00e1ticas extremas.<\/p>\n<p><img loading=\"lazy\" decoding=\"async\" class=\"wp-image-8119 aligncenter\" src=\"https:\/\/agricultural-gear-boxes.com\/wp-content\/uploads\/2025\/04\/Agricultural-Sprayer-Gearbox-Manufacturers-1-300x245.webp\" alt=\"Argentina-Fabricantes-de-Caixas-de-Redutores-Agr\u00edcolas\" width=\"500\" height=\"408\" \/><\/p>\n<p>Para a instala\u00e7\u00e3o, o design padronizado do eixo do T-305J simplifica a configura\u00e7\u00e3o. Conecte-o \u00e0 tomada de for\u00e7a do cortador, fixe todos os parafusos e verifique o alinhamento antes da opera\u00e7\u00e3o. A equipe da TEBSA est\u00e1 dispon\u00edvel 24 horas por dia para esclarecer quaisquer d\u00favidas, garantindo um in\u00edcio tranquilo.<\/p>\n<p>Abaixo est\u00e1 uma refer\u00eancia r\u00e1pida para intervalos de manuten\u00e7\u00e3o:<\/p>\n<table style=\"width: 100%; border-collapse: collapse;\" border=\"1\">\n<tbody>\n<tr>\n<td style=\"width: 50%; text-align: center;\"><strong>Tarefa<\/strong><\/td>\n<td style=\"width: 50%; text-align: center;\"><strong>Freq\u00fc\u00eancia<\/strong><\/td>\n<\/tr>\n<tr>\n<td style=\"width: 50%; text-align: center;\">Verifique o n\u00edvel do \u00f3leo<\/td>\n<td style=\"width: 50%; text-align: center;\">A cada 50 horas<\/td>\n<\/tr>\n<tr>\n<td style=\"width: 50%; text-align: center;\">Trocar \u00f3leo da engrenagem<\/td>\n<td style=\"width: 50%; text-align: center;\">Anualmente ou 500 horas<\/td>\n<\/tr>\n<tr>\n<td style=\"width: 50%; text-align: center;\">Inspecionar veda\u00e7\u00f5es e engrenagens<\/td>\n<td style=\"width: 50%; text-align: center;\">A cada 100 horas<\/td>\n<\/tr>\n<tr>\n<td style=\"width: 50%; text-align: center;\">Eixo limpo e lubrificado<\/td>\n<td style=\"width: 50%; text-align: center;\">A cada 50 horas<\/td>\n<\/tr>\n<\/tbody>\n<\/table>\n<p>Seguindo essas etapas, os usu\u00e1rios podem maximizar a vida \u00fatil do T-305J, mantendo as opera\u00e7\u00f5es de corte eficientes e econ\u00f4micas.<\/p>\n<h2><strong>Sobre a TEBSA e nossa linha de caixas de engrenagens agr\u00edcolas<\/strong><\/h2>\n<p>A TEBSA, sediada na Argentina desde 1997, \u00e9 uma fabricante l\u00edder de componentes para m\u00e1quinas agr\u00edcolas, reconhecida por sua confiabilidade, inova\u00e7\u00e3o e pre\u00e7os competitivos. Com uma vantagem de custo 50% e uma garantia de qualidade 100%, conquistamos a confian\u00e7a de todos na Argentina e em outros lugares, com o respaldo da certifica\u00e7\u00e3o ISO9001-2015. Nossa talentosa equipe de engenharia responde a consultas em at\u00e9 24 horas, garantindo suporte cont\u00ednuo para agricultores, paisagistas e operadores industriais.<\/p>\n<p>Al\u00e9m da caixa de engrenagens do cortador rotativo T-305J, a TEBSA oferece uma ampla gama de <a href=\"https:\/\/agricultural-gear-boxes.com\/pt\/product-category\/gearbox\/agricultural-gearbox\/\">caixas de engrenagens agr\u00edcolas<\/a> adaptado a diversas necessidades:<br \/>\nCaixas de engrenagens de cortador rotativo: Para cortes pesados em res\u00edduos de colheitas ou pastagens.<br \/>\nCaixas de engrenagens para espalhadores de fertilizantes: para distribui\u00e7\u00e3o precisa de nutrientes em campos de soja ou trigo.<br \/>\nCaixas de engrenagens para escavadeiras de postes: para cercas ou plantio em paisagens rurais da Argentina.<br \/>\nCaixas de engrenagens de cortador de grama: para triturar vegeta\u00e7\u00e3o resistente em pomares ou vinhedos.<br \/>\nCaixas de engrenagens para enfardadeiras redondas: para enfardamento eficiente de feno e palha.<\/p>\n<p><img loading=\"lazy\" decoding=\"async\" class=\"wp-image-8121 aligncenter\" src=\"https:\/\/agricultural-gear-boxes.com\/wp-content\/uploads\/2025\/04\/Square-Baler-Gearbox-Manufacturers-3-1-300x225.webp\" alt=\"Fabricantes de caixas de engrenagens\" width=\"500\" height=\"375\" \/><\/p>\n<p>Cada produto \u00e9 fabricado com materiais como a\u00e7o-liga, a\u00e7o inoxid\u00e1vel ou alum\u00ednio e processado usando t\u00e9cnicas como forjamento, retifica\u00e7\u00e3o e tratamentos de superf\u00edcie como escurecimento ou pintura a p\u00f3. Seja para encontrar um &quot;fornecedor de caixa de engrenagens para cortadores de grama na Argentina&quot; ou &quot;comprar caixa de engrenagens agr\u00edcolas online&quot;, a TEBSA oferece solu\u00e7\u00f5es que aumentam a produtividade e a seguran\u00e7a.<\/p>\n<p>Pronto para atualizar seu cortador de grama? <a href=\"https:\/\/agricultural-gear-boxes.com\/pt\/contact\/\">Contato<\/a> Entre em contato com a TEBSA hoje mesmo para saber mais sobre o T-305J ou explore nosso cat\u00e1logo completo de caixas de engrenagens agr\u00edcolas.<\/p>","protected":false},"excerpt":{"rendered":"<p>The Rotary Mower Gearbox T-305J, crafted by TEBSA in Argentina, is a reliable and robust solution for lawn mowers used in demanding agricultural and landscaping tasks. Designed to optimize blade performance while protecting the engine, this gearbox ensures smooth operation across Argentina\u2019s diverse terrains, from the Pampas plains to suburban lawns in Buenos Aires. Since [&hellip;]<\/p>","protected":false},"featured_media":8767,"template":"","meta":{"_et_pb_use_builder":"","_et_pb_old_content":"","_et_gb_content_width":""},"product_brand":[],"product_cat":[11413,10402],"product_tag":[11402,11414],"class_list":{"0":"post-8766","1":"product","2":"type-product","3":"status-publish","4":"has-post-thumbnail","6":"product_cat-rotary-mower-gearbox","7":"product_cat-agricultural-gearbox","8":"product_tag-agricultural-gearbox","9":"product_tag-rotary-mower-gearbox","11":"first","12":"instock","13":"shipping-taxable","14":"product-type-simple"},"_links":{"self":[{"href":"https:\/\/agricultural-gear-boxes.com\/pt\/wp-json\/wp\/v2\/product\/8766","targetHints":{"allow":["GET"]}}],"collection":[{"href":"https:\/\/agricultural-gear-boxes.com\/pt\/wp-json\/wp\/v2\/product"}],"about":[{"href":"https:\/\/agricultural-gear-boxes.com\/pt\/wp-json\/wp\/v2\/types\/product"}],"wp:featuredmedia":[{"embeddable":true,"href":"https:\/\/agricultural-gear-boxes.com\/pt\/wp-json\/wp\/v2\/media\/8767"}],"wp:attachment":[{"href":"https:\/\/agricultural-gear-boxes.com\/pt\/wp-json\/wp\/v2\/media?parent=8766"}],"wp:term":[{"taxonomy":"product_brand","embeddable":true,"href":"https:\/\/agricultural-gear-boxes.com\/pt\/wp-json\/wp\/v2\/product_brand?post=8766"},{"taxonomy":"product_cat","embeddable":true,"href":"https:\/\/agricultural-gear-boxes.com\/pt\/wp-json\/wp\/v2\/product_cat?post=8766"},{"taxonomy":"product_tag","embeddable":true,"href":"https:\/\/agricultural-gear-boxes.com\/pt\/wp-json\/wp\/v2\/product_tag?post=8766"}],"curies":[{"name":"wp","href":"https:\/\/api.w.org\/{rel}","templated":true}]}}