{"id":8768,"date":"2025-04-15T07:36:00","date_gmt":"2025-04-15T07:36:00","guid":{"rendered":"https:\/\/agricultural-gear-boxes.com\/?post_type=product&#038;p=8768"},"modified":"2025-04-15T07:36:00","modified_gmt":"2025-04-15T07:36:00","slug":"agricultural-potato-harvester-gearbox-for-harvesting-potato","status":"publish","type":"product","link":"https:\/\/agricultural-gear-boxes.com\/pt\/product\/agricultural-potato-harvester-gearbox-for-harvesting-potato\/","title":{"rendered":"Caixa de engrenagens para colheita de batata agr\u00edcola"},"content":{"rendered":"<p>A Caixa de Engrenagens para Colheitadeira de Batatas Acionada por Tomada de For\u00e7a (TDF) do Trator, modelo EP-LLTC-14, \u00e9 um componente mec\u00e2nico robusto projetado pela TEBSA na Argentina para impulsionar a colheita de batatas com precis\u00e3o e durabilidade. Ao se conectar ao eixo da Tomada de For\u00e7a (TDF) do trator, esta caixa de engrenagens fornece a for\u00e7a rotacional necess\u00e1ria para acionar fun\u00e7\u00f5es cr\u00edticas da colhedora \u2014 escava\u00e7\u00e3o de p\u00e1s, correias transportadoras e sistemas de classifica\u00e7\u00e3o. Projetada para as condi\u00e7\u00f5es adversas dos campos de batata argentinos, desde os f\u00e9rteis Pampas at\u00e9 os solos de Mendoza, ela garante um desempenho confi\u00e1vel e, ao mesmo tempo, mant\u00e9m os custos baixos, com a vantagem de custo do 50% da TEBSA em rela\u00e7\u00e3o \u00e0s marcas originais.<\/p>\n<p>Constru\u00eddo para lidar com a mistura abrasiva de solo, pedras e restos de colheita, o EP-LLTC-14 utiliza ferro de alta qualidade em sua carca\u00e7a, aliado a t\u00e9cnicas avan\u00e7adas de fabrica\u00e7\u00e3o, como forjamento e tratamento t\u00e9rmico, para maior resist\u00eancia. Desde 1997, <a href=\"https:\/\/agricultural-gear-boxes.com\/pt\/\">TEBSA<\/a> aperfei\u00e7oou sua t\u00e9cnica, oferecendo uma caixa de c\u00e2mbio que equilibra robustez e efici\u00eancia. Sua rela\u00e7\u00e3o de transmiss\u00e3o ajust\u00e1vel (1:3,92) permite que os agricultores ajustem a velocidade e o torque para se adaptarem a solos franco-arenosos ou argilas mais pesadas, protegendo batatas delicadas de machucados e acelerando a colheita. Ao aproveitar a pot\u00eancia do trator, elimina a necessidade de motores extras, reduzindo peso e custos \u2014 uma escolha inteligente para agricultores argentinos que buscam aumentar a produtividade.<\/p>\n<p><img loading=\"lazy\" decoding=\"async\" class=\"wp-image-8769 aligncenter\" src=\"https:\/\/agricultural-gear-boxes.com\/wp-content\/uploads\/2025\/04\/0_Potato-Harvester-Gearbox-14-300x300-1-e1744702169157.webp\" alt=\"Colheitadeira de Batatas - Caixa de Engrenagens\" width=\"500\" height=\"500\" srcset=\"https:\/\/agricultural-gear-boxes.com\/wp-content\/uploads\/2025\/04\/0_Potato-Harvester-Gearbox-14-300x300-1-e1744702169157.webp 500w, https:\/\/agricultural-gear-boxes.com\/wp-content\/uploads\/2025\/04\/0_Potato-Harvester-Gearbox-14-300x300-1-e1744702169157-300x270.webp 300w\" sizes=\"(min-width: 0px) and (max-width: 300px) 300px, (min-width: 301px) 500px, 100vw\" \/><\/p>\n<p>A facilidade de manuten\u00e7\u00e3o \u00e9 um pilar fundamental do design. Com componentes acess\u00edveis e o suporte t\u00e9cnico 24 horas da TEBSA, o tempo de inatividade \u00e9 m\u00ednimo, mesmo durante os per\u00edodos de pico da colheita em regi\u00f5es como C\u00f3rdoba ou Buenos Aires. Com garantia de um ano e meio e garantia de qualidade 100%, esta caixa de engrenagens \u00e9 uma parceira confi\u00e1vel para produtores de batata em toda a Argentina e no exterior.<\/p>\n<h2><strong>Especifica\u00e7\u00f5es do produto<\/strong><\/h2>\n<table style=\"height: 300px; width: 100%;\" border=\"1\" width=\"100%\" cellspacing=\"0\" cellpadding=\"0\">\n<tbody>\n<tr>\n<td width=\"193\">Nome do produto<\/td>\n<td width=\"461\">Caixa de engrenagens da colhedora de batatas<\/td>\n<\/tr>\n<tr>\n<td>Material<\/td>\n<td>Ferro<\/td>\n<\/tr>\n<tr>\n<td>Tipo<\/td>\n<td>EP-LLTC-14<\/td>\n<\/tr>\n<tr>\n<td>Cor<\/td>\n<td>Personaliza\u00e7\u00e3o<\/td>\n<\/tr>\n<tr>\n<td>Pot\u00eancia nominal<\/td>\n<td>15 kW<\/td>\n<\/tr>\n<tr>\n<td>Raz\u00e3o<\/td>\n<td>1:3.92<\/td>\n<\/tr>\n<tr>\n<td>Garantia<\/td>\n<td>Um ano e meio<\/td>\n<\/tr>\n<tr>\n<td>Usado<\/td>\n<td>Colheitadeira de batatas<\/td>\n<\/tr>\n<\/tbody>\n<\/table>\n<h2><strong>Por que escolher a caixa de engrenagens da colheitadeira de batatas EP-LLTC-14?<\/strong><\/h2>\n<p>A EP-LLTC-14 se destaca por sua combina\u00e7\u00e3o de resist\u00eancia, versatilidade e recursos amig\u00e1veis ao agricultor, adaptada \u00e0s demandas da colheita de batata nas diversas paisagens da Argentina. Veja o que a torna uma \u00f3tima escolha:<\/p>\n<p>Estrutura robusta para campos dif\u00edceis: Feita em ferro fundido com revestimento protetor, esta caixa de engrenagens resiste ao desgaste causado por solos abrasivos e detritos. Processos como a cementa\u00e7\u00e3o endurecem suas engrenagens, garantindo que elas resistam a longas horas de escava\u00e7\u00e3o em regi\u00f5es argentinas com grande produ\u00e7\u00e3o de batata, como San Luis ou Tucum\u00e1n.<\/p>\n<p>Desempenho personaliz\u00e1vel: A rela\u00e7\u00e3o de transmiss\u00e3o de 1:3,92 oferece flexibilidade para ajustar o torque e a velocidade. Seja colhendo batatas no in\u00edcio da safra em solo solto ou culturas no final da safra em solo compactado, voc\u00ea pode ajustar a caixa de engrenagens para minimizar os danos \u00e0 colheita e maximizar a produ\u00e7\u00e3o.<\/p>\n<p>Economia de combust\u00edvel e custos: Ao utilizar a tomada de for\u00e7a do trator, elimina-se a necessidade de um motor separado, reduzindo os custos com combust\u00edvel e o peso do equipamento. A vantagem de custo do 50% da TEBSA o torna uma atualiza\u00e7\u00e3o acess\u00edvel para pequenas e grandes fazendas, desde opera\u00e7\u00f5es familiares at\u00e9 produtores comerciais.<\/p>\n<p>Baixa manuten\u00e7\u00e3o, alto tempo de atividade: Projetado com veda\u00e7\u00f5es substitu\u00edveis e pe\u00e7as acess\u00edveis, o EP-LLTC-14 simplifica a manuten\u00e7\u00e3o. Verifica\u00e7\u00f5es regulares de \u00f3leo e lubrifica\u00e7\u00e3o \u2014 orientadas pela equipe de especialistas da TEBSA \u2014 mant\u00eam o equipamento funcionando perfeitamente durante as movimentadas temporadas de colheita na Argentina.<\/p>\n<p>Seguran\u00e7a em primeiro lugar: com transfer\u00eancia de pot\u00eancia est\u00e1vel e carca\u00e7a robusta, reduz os riscos de falhas mec\u00e2nicas, mantendo os operadores seguros em campo. A certifica\u00e7\u00e3o ISO9001-2015 da TEBSA comprova sua confiabilidade.<\/p>\n<h3><strong>Caracter\u00edsticas t\u00e9cnicas em resumo<\/strong><\/h3>\n<table style=\"width: 100%; border-collapse: collapse;\" border=\"1\" cellspacing=\"0\" cellpadding=\"5\">\n<tbody>\n<tr>\n<td width=\"50%\"><strong>Recurso<\/strong><\/td>\n<td width=\"50%\"><strong>Detalhe<\/strong><\/td>\n<\/tr>\n<tr>\n<td>Composi\u00e7\u00e3o do material<\/td>\n<td>Ferro fundido com engrenagens de a\u00e7o-liga<\/td>\n<\/tr>\n<tr>\n<td>Tratamento t\u00e9rmico<\/td>\n<td>Carbura\u00e7\u00e3o e Revenimento<\/td>\n<\/tr>\n<tr>\n<td>Tipo de veda\u00e7\u00e3o<\/td>\n<td>Veda\u00e7\u00f5es de borracha de alto desempenho<\/td>\n<\/tr>\n<tr>\n<td>Capacidade de \u00f3leo<\/td>\n<td>1,2 litros (\u00f3leo sint\u00e9tico para engrenagens)<\/td>\n<\/tr>\n<tr>\n<td>Tipo de montagem<\/td>\n<td>Flange de tomada de for\u00e7a padr\u00e3o<\/td>\n<\/tr>\n<\/tbody>\n<\/table>\n<h2><strong>Aplica\u00e7\u00f5es no cultivo de batata na Argentina<\/strong><\/h2>\n<p>A caixa de engrenagens EP-LLTC-14 \u00e9 um verdadeiro cavalo de batalha para colhedoras de batata, acionando as ferramentas que cavam, levantam e selecionam as colheitas com efici\u00eancia. Na Argentina, onde a batata \u00e9 uma cultura b\u00e1sica, juntamente com a soja e o trigo, esta caixa de engrenagens se destaca em diversas condi\u00e7\u00f5es:<\/p>\n<p>Precis\u00e3o de escava\u00e7\u00e3o: a caixa de engrenagens aciona p\u00e1s que levantam delicadamente batatas de solos arenosos nos Pampas ou de campos com muita argila em Mendoza, reduzindo hematomas e desperd\u00edcios.<br \/>\nEfici\u00eancia do transportador: mant\u00e9m as correias em movimento constante para transportar batatas para sistemas de classifica\u00e7\u00e3o, essenciais para colheitas de alto volume em prov\u00edncias como Buenos Aires.<br \/>\nConfiabilidade na classifica\u00e7\u00e3o: O torque ajust\u00e1vel garante a opera\u00e7\u00e3o suave dos mecanismos de classifica\u00e7\u00e3o, separando batatas de qualidade para mercados em C\u00f3rdoba ou centros de exporta\u00e7\u00e3o.<\/p>\n<p><img loading=\"lazy\" decoding=\"async\" class=\"wp-image-8771 aligncenter\" src=\"https:\/\/agricultural-gear-boxes.com\/wp-content\/uploads\/2025\/04\/0_Potato-Harvester-Gearbox-30-300x212.webp\" alt=\"Colheitadeira de Batatas - Caixa de Engrenagens\" width=\"500\" height=\"353\" \/><\/p>\n<p>Sua versatilidade vai al\u00e9m das batatas, chegando a tub\u00e9rculos como cenoura ou beterraba, tornando-se um recurso multiuso para os agricultores argentinos. Para compradores online que buscam &quot;caixa de engrenagens para colheitadeira de batatas com tomada de for\u00e7a na Argentina&quot; ou &quot;equipamentos confi\u00e1veis para colheita de batatas&quot;, a EP-LLTC-14 oferece desempenho comprovado.<\/p>\n<h3><strong>Casos de uso ideais<\/strong><\/h3>\n<table style=\"width: 100%; border-collapse: collapse;\" border=\"1\" cellspacing=\"0\" cellpadding=\"5\">\n<tbody>\n<tr>\n<td width=\"50%\"><strong>Doen\u00e7a<\/strong><\/td>\n<td width=\"50%\"><strong>Vantagem da caixa de engrenagens<\/strong><\/td>\n<\/tr>\n<tr>\n<td>Solos leves e arenosos<\/td>\n<td>Maior velocidade para escava\u00e7\u00e3o mais r\u00e1pida<\/td>\n<\/tr>\n<tr>\n<td>Solos pesados e argilosos<\/td>\n<td>Torque aumentado para extra\u00e7\u00e3o dif\u00edcil<\/td>\n<\/tr>\n<tr>\n<td>Pequenas Fazendas<\/td>\n<td>Design econ\u00f4mico e de baixa manuten\u00e7\u00e3o<\/td>\n<\/tr>\n<tr>\n<td>Grandes campos comerciais<\/td>\n<td>Dur\u00e1vel para opera\u00e7\u00e3o cont\u00ednua<\/td>\n<\/tr>\n<\/tbody>\n<\/table>\n<p>Para os agricultores do cintur\u00e3o da batata da Argentina, de La Plata a Salta, esta caixa de engrenagens lida com os desafios \u00fanicos dos solos e climas locais. Palavras-chave como &quot;caixa de engrenagens para colheitadeira de batatas para agricultura nos Pampas&quot; ou &quot;comprar caixa de engrenagens para tomada de for\u00e7a em Buenos Aires&quot; alinham-na com as tend\u00eancias de busca locais, enquanto &quot;caixa de engrenagens agr\u00edcolas dur\u00e1veis online&quot; tem como alvo compradores globais.<\/p>\n<h2><strong>Dicas de manuten\u00e7\u00e3o e longevidade<\/strong><\/h2>\n<p>Para manter o EP-LLTC-14 funcionando da melhor forma, a TEBSA recomenda:<\/p>\n<p>Inspe\u00e7\u00f5es regulares: verifique se h\u00e1 vazamentos ou desgaste nas engrenagens antes de cada temporada, especialmente ap\u00f3s uso pesado em campos rochosos.<br \/>\nGerenciamento de \u00f3leo: use \u00f3leo de engrenagem sint\u00e9tico e troque-o a cada 500 horas ou anualmente para evitar ac\u00famulo de lodo.<br \/>\nVerifica\u00e7\u00f5es de veda\u00e7\u00e3o: inspecione as veda\u00e7\u00f5es de borracha para verificar se h\u00e1 rachaduras para manter a resist\u00eancia \u00e0 poeira e \u00e0 \u00e1gua.<br \/>\nAlinhamento: Certifique-se de que o eixo da tomada de for\u00e7a e a caixa de engrenagens estejam alinhados corretamente para evitar danos por vibra\u00e7\u00e3o.<br \/>\nLubrifica\u00e7\u00e3o: Lubrifique os eixos de entrada e sa\u00edda mensalmente para uma transfer\u00eancia de pot\u00eancia suave.<\/p>\n<p>Com essas etapas, apoiadas pelo suporte t\u00e9cnico 24 horas da TEBSA, a caixa de engrenagens pode durar anos de colheita. Para agricultores que buscam &quot;como fazer a manuten\u00e7\u00e3o da caixa de engrenagens de uma colhedora de batatas&quot; ou &quot;conserto da caixa de engrenagens da tomada de for\u00e7a na Argentina&quot;, as orienta\u00e7\u00f5es da TEBSA est\u00e3o a um clique de dist\u00e2ncia.<\/p>\n<h3><strong>Cronograma de manuten\u00e7\u00e3o<\/strong><\/h3>\n<table style=\"width: 100%; border-collapse: collapse;\" border=\"1\" cellspacing=\"0\" cellpadding=\"5\">\n<tbody>\n<tr>\n<td width=\"50%\"><strong>Tarefa<\/strong><\/td>\n<td width=\"50%\"><strong>Freq\u00fc\u00eancia<\/strong><\/td>\n<\/tr>\n<tr>\n<td>Verifica\u00e7\u00e3o do n\u00edvel de \u00f3leo<\/td>\n<td>A cada 50 horas<\/td>\n<\/tr>\n<tr>\n<td>Inspe\u00e7\u00e3o de veda\u00e7\u00e3o<\/td>\n<td>A cada 100 horas<\/td>\n<\/tr>\n<tr>\n<td>Troca completa de \u00f3leo<\/td>\n<td>A cada 500 horas ou anualmente<\/td>\n<\/tr>\n<tr>\n<td>Verifica\u00e7\u00e3o de desgaste da engrenagem<\/td>\n<td>Sazonalmente<\/td>\n<\/tr>\n<\/tbody>\n<\/table>\n<h2><strong>Sobre a TEBSA e nossas solu\u00e7\u00f5es agr\u00edcolas<\/strong><\/h2>\n<p>Desde 1997, a TEBSA, sediada na Argentina, \u00e9 uma marca confi\u00e1vel em caixas de engrenagens agr\u00edcolas, atendendo agricultores dos Pampas \u00e0 Patag\u00f4nia. Como fabricante profissional, garantimos a qualidade 100% em todos os pedidos, com o respaldo da certifica\u00e7\u00e3o ISO9001-2015. Nossa vantagem de custo 50%, produ\u00e7\u00e3o vers\u00e1til \u2014 de prot\u00f3tipos a s\u00e9ries \u2014 e nossa equipe de engenharia \u00e1gil (com respostas em 24 horas) nos tornam um fornecedor de refer\u00eancia para os mercados argentino e global.<\/p>\n<p><img loading=\"lazy\" decoding=\"async\" class=\"wp-image-8274 aligncenter\" src=\"https:\/\/agricultural-gear-boxes.com\/wp-content\/uploads\/2025\/04\/wHeGt7RQ-China-Rotary-Cutter-Gearbox-Manufacturers-e1744189741891-300x221.webp\" alt=\"Argentina-Fabricantes de Caixas de Velocidades\" width=\"500\" height=\"368\" \/><\/p>\n<p>Al\u00e9m da caixa de engrenagens da colhedora de batatas EP-LLTC-14, oferecemos uma ampla gama de solu\u00e7\u00f5es agr\u00edcolas:<br \/>\nCaixas de engrenagens de cortador rotativo: como o RC-61, ideal para cortar grama e limpar terrenos.<br \/>\nCaixas de engrenagens para espalhadores de fertilizantes: para aplica\u00e7\u00e3o precisa de nutrientes.<br \/>\nCaixas de engrenagens para escavadeiras de postes: projetadas para cercas e plantio.<br \/>\nCaixas de engrenagens de cultivador rotativo: perfeitas para prepara\u00e7\u00e3o do solo.<br \/>\nEixos de tomada de for\u00e7a: transfer\u00eancia de pot\u00eancia dur\u00e1vel para v\u00e1rios implementos.<\/p>\n<p>Cada produto \u00e9 fabricado com materiais como a\u00e7o-liga, a\u00e7o inoxid\u00e1vel ou ferro fundido, utilizando processos como forjamento, retifica\u00e7\u00e3o e tratamentos de superf\u00edcie para maior durabilidade. Se voc\u00ea est\u00e1 procurando por &quot;comprar caixa de engrenagens agr\u00edcolas na Argentina&quot; ou &quot;refer\u00eancia confi\u00e1vel&quot;, <a href=\"https:\/\/agricultural-gear-boxes.com\/pt\/product-category\/pto-shaft\/\">Eixo de tomada de for\u00e7a<\/a> fornecedor\u201d, a TEBSA entrega. <a href=\"https:\/\/agricultural-gear-boxes.com\/pt\/contact\/\">Contate-nos<\/a> hoje para explorar nosso cat\u00e1logo ou solicitar uma solu\u00e7\u00e3o personalizada para sua fazenda.<\/p>","protected":false},"excerpt":{"rendered":"<p>The Tractor PTO Driven Potato Harvester Gearbox, model EP-LLTC-14, is a rugged mechanical component engineered by TEBSA in Argentina to power potato harvesting with precision and durability. By connecting to a tractor\u2019s Power Take-Off (PTO) shaft, this gearbox delivers the rotational force needed to drive critical harvester functions\u2014digging scoops, conveyor belts, and sorting systems. Designed [&hellip;]<\/p>","protected":false},"featured_media":8769,"template":"","meta":{"_et_pb_use_builder":"","_et_pb_old_content":"","_et_gb_content_width":""},"product_brand":[],"product_cat":[10402,11416],"product_tag":[11402,11417],"class_list":{"0":"post-8768","1":"product","2":"type-product","3":"status-publish","4":"has-post-thumbnail","6":"product_cat-agricultural-gearbox","7":"product_cat-potato-harvester-gearbox","8":"product_tag-agricultural-gearbox","9":"product_tag-potato-harvester-gearbox","11":"first","12":"instock","13":"shipping-taxable","14":"product-type-simple"},"_links":{"self":[{"href":"https:\/\/agricultural-gear-boxes.com\/pt\/wp-json\/wp\/v2\/product\/8768","targetHints":{"allow":["GET"]}}],"collection":[{"href":"https:\/\/agricultural-gear-boxes.com\/pt\/wp-json\/wp\/v2\/product"}],"about":[{"href":"https:\/\/agricultural-gear-boxes.com\/pt\/wp-json\/wp\/v2\/types\/product"}],"wp:featuredmedia":[{"embeddable":true,"href":"https:\/\/agricultural-gear-boxes.com\/pt\/wp-json\/wp\/v2\/media\/8769"}],"wp:attachment":[{"href":"https:\/\/agricultural-gear-boxes.com\/pt\/wp-json\/wp\/v2\/media?parent=8768"}],"wp:term":[{"taxonomy":"product_brand","embeddable":true,"href":"https:\/\/agricultural-gear-boxes.com\/pt\/wp-json\/wp\/v2\/product_brand?post=8768"},{"taxonomy":"product_cat","embeddable":true,"href":"https:\/\/agricultural-gear-boxes.com\/pt\/wp-json\/wp\/v2\/product_cat?post=8768"},{"taxonomy":"product_tag","embeddable":true,"href":"https:\/\/agricultural-gear-boxes.com\/pt\/wp-json\/wp\/v2\/product_tag?post=8768"}],"curies":[{"name":"wp","href":"https:\/\/api.w.org\/{rel}","templated":true}]}}