{"id":8772,"date":"2025-04-15T08:07:28","date_gmt":"2025-04-15T08:07:28","guid":{"rendered":"https:\/\/agricultural-gear-boxes.com\/?post_type=product&#038;p=8772"},"modified":"2025-04-15T08:07:28","modified_gmt":"2025-04-15T08:07:28","slug":"rotary-tiller-gearboxes-replacement-of-comer-code-t-281j","status":"publish","type":"product","link":"https:\/\/agricultural-gear-boxes.com\/pt\/product\/rotary-tiller-gearboxes-replacement-of-comer-code-t-281j\/","title":{"rendered":"Caixas de engrenagens de motocultivadores \u2013 Substitui\u00e7\u00e3o do C\u00f3digo Comer T-281J"},"content":{"rendered":"<p>A caixa de engrenagens para escarificador rotativo T-281J da TEBSA, projetada como substitui\u00e7\u00e3o direta do Comer Code T-281J, \u00e9 uma pot\u00eancia confi\u00e1vel para tarefas agr\u00edcolas e industriais em toda a Argentina. Desde 1997, a TEBSA desenvolve equipamentos de alto desempenho <a href=\"https:\/\/agricultural-gear-boxes.com\/pt\/product-category\/gearbox\/\">caixas de engrenagens<\/a> Com garantia de qualidade 100%, oferecendo aos agricultores e operadores uma solu\u00e7\u00e3o dur\u00e1vel com custo 50% menor que as marcas originais. Leve e resistente, esta caixa de engrenagens de alum\u00ednio proporciona efici\u00eancia para motocultivadores, cortadores de grama e muito mais, prosperando nos diversos campos da Argentina \u2014 desde fazendas de soja em C\u00f3rdoba at\u00e9 campos de trigo nos Pampas.<\/p>\n<p>Projetado para motocultivadores multifileiras, serras de fita e diversas aplica\u00e7\u00f5es agr\u00edcolas, o T-281J lida com trabalhos dif\u00edceis com facilidade. Seu design inteligente equilibra pot\u00eancia e precis\u00e3o, utilizando processos avan\u00e7ados de forjamento e usinagem, como retifica\u00e7\u00e3o dos dentes e tratamento t\u00e9rmico, para uma resist\u00eancia duradoura. Seja preparando o solo para o plantio ou cuidando de pastagens, esta caixa de engrenagens mant\u00e9m seu equipamento funcionando perfeitamente, com o suporte 24 horas da TEBSA.<\/p>\n<h2><strong>Principais recursos e especifica\u00e7\u00f5es t\u00e9cnicas<\/strong><\/h2>\n<p><img loading=\"lazy\" decoding=\"async\" class=\"wp-image-8773 aligncenter\" src=\"https:\/\/agricultural-gear-boxes.com\/wp-content\/uploads\/2025\/04\/yaFmk63X-ep_t-281j-gearbox-300x300-1.jpg\" alt=\"caixa de engrenagens t-281j\" width=\"500\" height=\"500\" srcset=\"https:\/\/agricultural-gear-boxes.com\/wp-content\/uploads\/2025\/04\/yaFmk63X-ep_t-281j-gearbox-300x300-1.jpg 300w, https:\/\/agricultural-gear-boxes.com\/wp-content\/uploads\/2025\/04\/yaFmk63X-ep_t-281j-gearbox-300x300-1-150x150.jpg 150w, https:\/\/agricultural-gear-boxes.com\/wp-content\/uploads\/2025\/04\/yaFmk63X-ep_t-281j-gearbox-300x300-1-12x12.jpg 12w, https:\/\/agricultural-gear-boxes.com\/wp-content\/uploads\/2025\/04\/yaFmk63X-ep_t-281j-gearbox-300x300-1-100x100.jpg 100w\" sizes=\"(max-width: 500px) 100vw, 500px\" \/><\/p>\n<p>A caixa de engrenagens da enxada rotativa T-281J combina versatilidade e robustez, tornando-a a escolha ideal para agricultores argentinos e de outros pa\u00edses. Sua carca\u00e7a de alum\u00ednio mant\u00e9m o peso baixo, com apenas 7 kg, enquanto entrega um torque m\u00e1ximo de 29,4 daNm \u2014 ideal para tarefas exigentes como preparo do solo ou corte de grama. Com rela\u00e7\u00f5es de transmiss\u00e3o de 1:1,46 (aumento) e 1,46:1 (redu\u00e7\u00e3o), ela se adapta \u00e0s diferentes necessidades do equipamento, garantindo desempenho ideal, seja com uma enxada rotativa ou uma serra de fita.<\/p>\n<p>This gearbox arrives without oil, giving you control to fill it with 80W-90 SAE viscosity oil (up to 0.5 liters). For first-time use, change the oil after 50 hours to keep it running like new, then every 500 hours thereafter. The input shaft (X) and output shaft (Z) both measure 1 3\/8&#8243; (6 splines), ensuring compatibility with standard PTO setups on tractors across Argentina.<\/p>\n<table class=\"kh-1xzm1su\" data-intent=\"lists-product-attributes\" data-test-id=\"attributes-list\">\n<tbody class=\"kh-1ago99h\">\n<tr id=\"attLongDescription\" class=\"kh-bwvum6\">\n<th class=\"kh-10oizfy\">Descri\u00e7\u00e3o<\/th>\n<td class=\"kh-1f5nhat\">\n<div class=\"kh-pkx4zo\">Caixas de engrenagens de motocultivadores \u2013 Substitui\u00e7\u00e3o do C\u00f3digo Comer T-281J<\/div>\n<\/td>\n<td class=\"kh-18pqzyd\"><\/td>\n<\/tr>\n<tr id=\"attApplicationRange\" class=\"kh-bwvum6\">\n<th class=\"kh-10oizfy\">Aplicativo<\/th>\n<td class=\"kh-1f5nhat\">\n<ul>\n<li class=\"kh-16zd49f\">V\u00e1rias aplica\u00e7\u00f5es (agr\u00edcolas)<\/li>\n<li class=\"kh-16zd49f\">Cortadores de grama<\/li>\n<li class=\"kh-16zd49f\">Cultivadores rotativos de v\u00e1rias fileiras<\/li>\n<li class=\"kh-16zd49f\">Serras de fita<\/li>\n<\/ul>\n<\/td>\n<td class=\"kh-18pqzyd\"><\/td>\n<\/tr>\n<tr id=\"attConsistsOf\" class=\"kh-bwvum6\">\n<th class=\"kh-10oizfy\">Consiste em<\/th>\n<td class=\"kh-1f5nhat\">\n<ul>\n<li class=\"kh-16zd49f\">Caixa de velocidades<\/li>\n<li class=\"kh-16zd49f\">Sem \u00f3leo<\/li>\n<\/ul>\n<\/td>\n<td class=\"kh-18pqzyd\"><\/td>\n<\/tr>\n<tr id=\"attTechnicalInformation\" class=\"kh-bwvum6\">\n<th class=\"kh-10oizfy\">Informa\u00e7\u00f5es t\u00e9cnicas<\/th>\n<td class=\"kh-1f5nhat\">\n<ul>\n<li class=\"kh-16zd49f\">Se voc\u00ea tiver alguma d\u00favida sobre o desempenho em diferentes velocidades, n\u00e3o hesite em nos contatar<\/li>\n<li class=\"kh-16zd49f\">Ao usar pela primeira vez, troque o \u00f3leo ap\u00f3s 50 horas de opera\u00e7\u00e3o<\/li>\n<\/ul>\n<\/td>\n<td class=\"kh-18pqzyd\"><\/td>\n<\/tr>\n<tr id=\"taMaxOutputTorqueDaNm\" class=\"kh-bwvum6\">\n<th class=\"kh-10oizfy\">Torque de sa\u00edda m\u00e1x.<\/th>\n<td class=\"kh-1f5nhat\">\n<div class=\"kh-pkx4zo\">29,4 daNm<\/div>\n<\/td>\n<td class=\"kh-18pqzyd\"><\/td>\n<\/tr>\n<tr id=\"taContainsOil\" class=\"kh-bwvum6\">\n<th class=\"kh-10oizfy\">Cont\u00e9m \u00f3leo<\/th>\n<td class=\"kh-1f5nhat\">\n<div class=\"kh-pkx4zo\">N\u00e3o<\/div>\n<\/td>\n<td class=\"kh-18pqzyd\"><\/td>\n<\/tr>\n<tr id=\"taMaxOilCapacityL\" class=\"kh-bwvum6\">\n<th class=\"kh-10oizfy\">Capacidade m\u00e1x. de \u00f3leo<\/th>\n<td class=\"kh-1f5nhat\">\n<div class=\"kh-pkx4zo\">0,5 l<\/div>\n<\/td>\n<td class=\"kh-18pqzyd\"><\/td>\n<\/tr>\n<tr id=\"taMaxOilChangeIntervalH\" class=\"kh-bwvum6\">\n<th class=\"kh-10oizfy\">Intervalo m\u00e1ximo de troca de \u00f3leo<\/th>\n<td class=\"kh-1f5nhat\">\n<div class=\"kh-pkx4zo\">500 horas<\/div>\n<\/td>\n<td class=\"kh-18pqzyd\"><\/td>\n<\/tr>\n<tr id=\"taOilSAEViscosityGrade\" class=\"kh-bwvum6\">\n<th class=\"kh-10oizfy\">Grau de viscosidade SAE do \u00f3leo<\/th>\n<td class=\"kh-1f5nhat\">\n<div class=\"kh-pkx4zo\">80W-90<\/div>\n<\/td>\n<td class=\"kh-18pqzyd\"><\/td>\n<\/tr>\n<tr id=\"taHousingMaterial_16\" class=\"kh-bwvum6\">\n<th class=\"kh-10oizfy\">Material da carca\u00e7a<\/th>\n<td class=\"kh-1f5nhat\">\n<div class=\"kh-pkx4zo\">Alum\u00ednio<\/div>\n<\/td>\n<td class=\"kh-18pqzyd\"><\/td>\n<\/tr>\n<tr id=\"taWeightKg_75\" class=\"kh-bwvum6\">\n<th class=\"kh-10oizfy\">Peso<\/th>\n<td class=\"kh-1f5nhat\">\n<div class=\"kh-pkx4zo\">7 kg<\/div>\n<\/td>\n<td class=\"kh-18pqzyd\"><\/td>\n<\/tr>\n<tr id=\"taGearArrangementInc\" class=\"kh-bwvum6\">\n<th class=\"kh-10oizfy\">Arranjo de engrenagens Aumentando<\/th>\n<td class=\"kh-1f5nhat\">\n<div class=\"kh-pkx4zo\">23 &#8211; 24<\/div>\n<\/td>\n<td class=\"kh-18pqzyd\"><\/td>\n<\/tr>\n<tr id=\"taGearArrangementRed\" class=\"kh-bwvum6\">\n<th class=\"kh-10oizfy\">Arranjo de engrenagens Redu\u00e7\u00e3o<\/th>\n<td class=\"kh-1f5nhat\">\n<div class=\"kh-pkx4zo\">3 &#8211; 4<\/div>\n<\/td>\n<td class=\"kh-18pqzyd\"><\/td>\n<\/tr>\n<tr id=\"taInputPowerKwHpInc\" class=\"kh-bwvum6\">\n<th class=\"kh-10oizfy\">Pot\u00eancia de entrada kW \/ HP Crescente<\/th>\n<td class=\"kh-1f5nhat\">\n<div class=\"kh-pkx4zo\">14,7 \/ 20 kW\/HP<\/div>\n<\/td>\n<td class=\"kh-18pqzyd\"><\/td>\n<\/tr>\n<tr id=\"taInputShaftIncreasi\" class=\"kh-bwvum6\">\n<th class=\"kh-10oizfy\">Eixo de entrada aumentando<\/th>\n<td class=\"kh-1f5nhat\">\n<div class=\"kh-pkx4zo\">X<\/div>\n<\/td>\n<td class=\"kh-18pqzyd\"><\/td>\n<\/tr>\n<tr id=\"taInputShaftReducing\" class=\"kh-bwvum6\">\n<th class=\"kh-10oizfy\">Eixo de entrada Redutor<\/th>\n<td class=\"kh-1f5nhat\">\n<div class=\"kh-pkx4zo\">Z<\/div>\n<\/td>\n<td class=\"kh-18pqzyd\"><\/td>\n<\/tr>\n<tr id=\"taNSInputpowerKW-HPR\" class=\"kh-bwvum6\">\n<th class=\"kh-10oizfy\">Pot\u00eancia de entrada KW \/ HP Redu\u00e7\u00e3o<\/th>\n<td class=\"kh-1f5nhat\">\n<div class=\"kh-pkx4zo\">11,8 \/ 16 kW\/HP<\/div>\n<\/td>\n<td class=\"kh-18pqzyd\"><\/td>\n<\/tr>\n<tr id=\"taNSOutputTorqueDaNm_1\" class=\"kh-bwvum6\">\n<th class=\"kh-10oizfy\">Torque de sa\u00edda DaNm aumentando<\/th>\n<td class=\"kh-1f5nhat\">\n<div class=\"kh-pkx4zo\">17,2 daNm<\/div>\n<\/td>\n<td class=\"kh-18pqzyd\"><\/td>\n<\/tr>\n<tr id=\"taRatioIncreasing\" class=\"kh-bwvum6\">\n<th class=\"kh-10oizfy\">Propor\u00e7\u00e3o crescente<\/th>\n<td class=\"kh-1f5nhat\">\n<div class=\"kh-pkx4zo\">1 : 1,46<\/div>\n<\/td>\n<td class=\"kh-18pqzyd\"><\/td>\n<\/tr>\n<tr id=\"taRatioReducing\" class=\"kh-bwvum6\">\n<th class=\"kh-10oizfy\">Redu\u00e7\u00e3o de Propor\u00e7\u00e3o<\/th>\n<td class=\"kh-1f5nhat\">\n<div class=\"kh-pkx4zo\">1,46 : 1<\/div>\n<\/td>\n<td class=\"kh-18pqzyd\"><\/td>\n<\/tr>\n<tr id=\"taShaftX\" class=\"kh-bwvum6\">\n<th class=\"kh-10oizfy\">Eixo X<\/th>\n<td class=\"kh-1f5nhat\">\n<div class=\"kh-pkx4zo\">1 3\/8&#8243; (6)<\/div>\n<\/td>\n<td class=\"kh-18pqzyd\"><\/td>\n<\/tr>\n<tr id=\"taShaftZ\" class=\"kh-bwvum6\">\n<th class=\"kh-10oizfy\">Eixo Z<\/th>\n<td class=\"kh-1f5nhat\">\n<div class=\"kh-pkx4zo\">1 3\/8&#8243; (6) (E)<\/div>\n<\/td>\n<\/tr>\n<\/tbody>\n<\/table>\n<p>Nossa equipe de engenharia em <a href=\"https:\/\/agricultural-gear-boxes.com\/pt\/\">TEBSA<\/a> Est\u00e1 pronto para responder a perguntas sobre desempenho em diferentes velocidades \u2014 especialmente \u00fatil para ajustar sua configura\u00e7\u00e3o para culturas como milho ou soja. Os arranjos de engrenagens da caixa de engrenagens (23-24 para aumentar, 3-4 para reduzir) proporcionam flexibilidade, com pot\u00eancias de entrada de 14,7 kW\/20 HP (aumentando) e 11,8 kW\/16 HP (reduzindo).<\/p>\n<h2><strong>Aplica\u00e7\u00f5es e Benef\u00edcios para a Agricultura Argentina<\/strong><\/h2>\n<p>A caixa de engrenagens da enxada rotativa T-281J \u00e9 uma m\u00e1quina vers\u00e1til, projetada para lidar com uma s\u00e9rie de tarefas que os agricultores argentinos enfrentam diariamente. Ela aciona enxadas rotativas de v\u00e1rias fileiras, cortando solo compactado para preparar canteiros para culturas como trigo, soja ou girassol em regi\u00f5es como Buenos Aires ou Santa F\u00e9. Para opera\u00e7\u00f5es menores, ela aciona cortadores de grama para manter as pastagens limpas, enquanto usu\u00e1rios industriais contam com ela para serras de fita que cortam materiais com precis\u00e3o.<\/p>\n<p>Por que escolher o T-281J da TEBSA? Primeiro, ele \u00e9 eficiente, fornecendo pot\u00eancia constante da tomada de for\u00e7a do seu trator para as l\u00e2minas do cultivador, economizando tempo em trabalhos pesados. Segundo, sua carca\u00e7a de alum\u00ednio resiste \u00e0 corros\u00e3o, essencial para os ver\u00f5es \u00famidos ou as esta\u00e7\u00f5es secas e poeirentas da Argentina. Com apenas 7 kg, ele n\u00e3o sobrecarrega seu equipamento, mas suporta at\u00e9 29,4 daNm de torque, o suficiente para solos argilosos e dif\u00edceis nos Pampas.<\/p>\n<p><img loading=\"lazy\" decoding=\"async\" class=\"wp-image-8777 aligncenter\" src=\"https:\/\/agricultural-gear-boxes.com\/wp-content\/uploads\/2025\/04\/Rotary-Tiller-Gearbox-50-300x155.webp\" alt=\"Caixa de engrenagens de cultivador rotativo\" width=\"501\" height=\"259\" \/><\/p>\n<p>A seguran\u00e7a tamb\u00e9m importa. A usinagem precisa do T-281J \u2014 como fresamento e retifica\u00e7\u00e3o dos dentes \u2014 garante uma opera\u00e7\u00e3o suave, reduzindo as vibra\u00e7\u00f5es que podem sobrecarregar o seu trator. Al\u00e9m disso, a manuten\u00e7\u00e3o \u00e9 f\u00e1cil. Basta abastecer com \u00f3leo 80W-90, troc\u00e1-lo ap\u00f3s 50 horas de uso inicial e verificar a cada 500 horas. Isso significa menos tempo de inatividade e mais trabalho de campo.<\/p>\n<p>Para os compradores argentinos, a vantagem de custo do 50% da TEBSA torna o T-281J uma escolha inteligente em rela\u00e7\u00e3o aos modelos originais mais caros. Voc\u00ea obt\u00e9m o mesmo desempenho \u2014 seja arando campos perto de Ros\u00e1rio ou cortando grama em Mendoza \u2014 sem gastar muito. Nossa garantia de qualidade 100% significa que todas as caixas de c\u00e2mbio s\u00e3o testadas de acordo com as normas ISO9001-2015, garantindo que voc\u00ea tenha cobertura para o longo prazo.<\/p>\n<table style=\"border-collapse: collapse; width: 100%;\">\n<tbody>\n<tr>\n<th style=\"text-align: center; padding: 10px; background-color: #f2f2f2;\">Beneficiar<\/th>\n<th style=\"text-align: center; padding: 10px; background-color: #f2f2f2;\">Detalhes<\/th>\n<\/tr>\n<tr>\n<td style=\"padding: 10px;\">Design leve<\/td>\n<td style=\"padding: 10px;\">Carca\u00e7a de alum\u00ednio de 7 kg reduz a tens\u00e3o do equipamento.<\/td>\n<\/tr>\n<tr>\n<td style=\"padding: 10px;\">Alto torque<\/td>\n<td style=\"padding: 10px;\">At\u00e9 29,4 daNm para preparo de solos dif\u00edceis.<\/td>\n<\/tr>\n<tr>\n<td style=\"padding: 10px;\">Propor\u00e7\u00f5es Flex\u00edveis<\/td>\n<td style=\"padding: 10px;\">1:1,46 (aumentando) e 1,46:1 (reduzindo) para tarefas variadas.<\/td>\n<\/tr>\n<tr>\n<td style=\"padding: 10px;\">Economia de custos<\/td>\n<td style=\"padding: 10px;\">50% mais barato que os modelos originais da Comer.<\/td>\n<\/tr>\n<tr>\n<td style=\"padding: 10px;\">F\u00e1cil manuten\u00e7\u00e3o<\/td>\n<td style=\"padding: 10px;\">Troca de \u00f3leo a cada 500 horas, manuten\u00e7\u00e3o simples.<\/td>\n<\/tr>\n<\/tbody>\n<\/table>\n<p>Looking for a rotary tiller gearbox for sale online? The T-281J fits the bill, whether you\u2019re upgrading a multi-row tiller or replacing a worn-out unit. Its compatibility with 1 3\/8&#8243; PTO shafts makes it a seamless fit for most tractors in Argentina, from small farms to large agribusinesses.<\/p>\n<h2><strong>Dicas de manuten\u00e7\u00e3o e pr\u00e1ticas recomendadas<\/strong><\/h2>\n<p>Manter a caixa de engrenagens da motoenxada T-281J em perfeitas condi\u00e7\u00f5es \u00e9 simples, garantindo sua durabilidade durante anos de plantio. Comece abastecendo-a com 0,5 litro de \u00f3leo 80W-90 antes do uso \u2014 como ela \u00e9 enviada seca, essa etapa \u00e9 sua. Ap\u00f3s as primeiras 50 horas, drene e reabaste\u00e7a para remover quaisquer res\u00edduos de amaciamento. A partir da\u00ed, verifique o \u00f3leo a cada 500 horas ou uma vez por safra, o que ocorrer primeiro.<\/p>\n<p>Verifica\u00e7\u00f5es regulares s\u00e3o essenciais. Procure por vazamentos ao redor das veda\u00e7\u00f5es, especialmente ap\u00f3s lavra pesada em solos \u00famidos como os pr\u00f3ximos ao Rio Paran\u00e1. Limpe o eixo de entrada (X) e o eixo de sa\u00edda (Z) para evitar o ac\u00famulo de sujeira, que pode desgastar as estrias com o tempo. Se voc\u00ea estiver operando a caixa de c\u00e2mbio em altas velocidades \u2014 por exemplo, para cortar a grama em vez de cultivar a terra \u2014 verifique o alinhamento duas vezes para evitar excesso de calor ou tens\u00e3o na engrenagem.<\/p>\n<p><img loading=\"lazy\" decoding=\"async\" class=\"wp-image-8775 aligncenter\" src=\"https:\/\/agricultural-gear-boxes.com\/wp-content\/uploads\/2025\/04\/oOh85Hos-Rotary-Tiller-Gearbox-44-300x300.webp\" alt=\"Caixa de engrenagens de cultivador rotativo\" width=\"500\" height=\"500\" \/><\/p>\n<p>Tem d\u00favidas sobre as configura\u00e7\u00f5es de RPM ou torque para culturas espec\u00edficas? A equipe da TEBSA responde em at\u00e9 24 horas, ajudando voc\u00ea a configurar o T-281J para tarefas como revolver restolho de girassol ou preparar milharais. Nossos processos de forjamento e tratamento t\u00e9rmico \u2014 como a cementa\u00e7\u00e3o \u2014 garantem que as engrenagens resistam \u00e0s condi\u00e7\u00f5es adversas da Argentina, mas com os devidos cuidados, elas giram suavemente.<\/p>\n<p>Para compradores que buscam &quot;caixa de engrenagens confi\u00e1vel para enxada rotativa na Argentina&quot;, a facilidade de manuten\u00e7\u00e3o \u00e9 um grande atrativo. Ao contr\u00e1rio dos modelos mais pesados de ferro fundido, o corpo de alum\u00ednio do T-281J resiste \u00e0 ferrugem, uma vantagem para \u00e1reas \u00famidas como Misiones. E com um torque m\u00e1ximo de 29,4 daNm, ele tem pot\u00eancia para lavoura profunda sem a necessidade de reparos constantes.<\/p>\n<table style=\"border-collapse: collapse; width: 100%;\">\n<tbody>\n<tr>\n<th style=\"text-align: center; padding: 10px; background-color: #f2f2f2;\">Tarefa de Manuten\u00e7\u00e3o<\/th>\n<th style=\"text-align: center; padding: 10px; background-color: #f2f2f2;\">Freq\u00fc\u00eancia<\/th>\n<th style=\"text-align: center; padding: 10px; background-color: #f2f2f2;\">Notas<\/th>\n<\/tr>\n<tr>\n<td style=\"padding: 10px;\">Encha com \u00f3leo 80W-90<\/td>\n<td style=\"padding: 10px;\">Antes do primeiro uso<\/td>\n<td style=\"padding: 10px;\">0,5 litros, enviado sem \u00f3leo.<\/td>\n<\/tr>\n<tr>\n<td style=\"padding: 10px;\">Primeira troca de \u00f3leo<\/td>\n<td style=\"padding: 10px;\">Depois de 50 horas<\/td>\n<td style=\"padding: 10px;\">Remove part\u00edculas de arrombamento.<\/td>\n<\/tr>\n<tr>\n<td style=\"padding: 10px;\">Troca regular de \u00f3leo<\/td>\n<td style=\"padding: 10px;\">A cada 500 horas<\/td>\n<td style=\"padding: 10px;\">Ou uma vez por temporada.<\/td>\n<\/tr>\n<tr>\n<td style=\"padding: 10px;\">Verifique as veda\u00e7\u00f5es<\/td>\n<td style=\"padding: 10px;\">Mensal<\/td>\n<td style=\"padding: 10px;\">Procure por vazamentos ap\u00f3s condi\u00e7\u00f5es \u00famidas.<\/td>\n<\/tr>\n<tr>\n<td style=\"padding: 10px;\">Eixos limpos<\/td>\n<td style=\"padding: 10px;\">Conforme necess\u00e1rio<\/td>\n<td style=\"padding: 10px;\">Evita desgaste das estrias.<\/td>\n<\/tr>\n<\/tbody>\n<\/table>\n<p>Seguindo essas etapas, voc\u00ea manter\u00e1 o T-281J funcionando perfeitamente, seja arando solos argilosos em La Pampa ou cortando grama no Chaco. \u00c9 uma caixa de c\u00e2mbio descomplicada, feita para a vida real na fazenda.<\/p>\n<h2><strong>Sobre a TEBSA e nossas solu\u00e7\u00f5es agr\u00edcolas<\/strong><\/h2>\n<p>A TEBSA, sediada na Argentina desde 1997, \u00e9 sua parceira de confian\u00e7a para caixas de engrenagens e componentes de m\u00e1quinas agr\u00edcolas. Com mais de duas d\u00e9cadas de experi\u00eancia, aprimoramos nossa arte para fornecer produtos que atendem aos padr\u00f5es ISO9001-2015, aliando durabilidade e pre\u00e7o acess\u00edvel. Nossa caixa de engrenagens para enxada rotativa T-281J \u00e9 apenas um exemplo \u2014 projetada para substituir os modelos Comer, oferecendo a vantagem de custo 50% e garantia total de qualidade.<\/p>\n<p>Nosso segredo? Uma equipe de engenharia qualificada que responde em 24 horas, al\u00e9m de fabrica\u00e7\u00e3o avan\u00e7ada \u2014 forjamento, fundi\u00e7\u00e3o e tratamentos t\u00e9rmicos como nitreta\u00e7\u00e3o \u2014 sob medida para as necessidades agr\u00edcolas da Argentina. Dos Pampas \u00e0 Patag\u00f4nia, apoiamos agricultores que cultivam soja, trigo, milho e muito mais, com caixas de engrenagens que resistem \u00e0 poeira, lama e longas jornadas de trabalho.<\/p>\n<p><img loading=\"lazy\" decoding=\"async\" class=\"wp-image-8778 aligncenter\" src=\"https:\/\/agricultural-gear-boxes.com\/wp-content\/uploads\/2025\/04\/vNn7VkQa-0_gearbox-factory2-300x90.webp\" alt=\"f\u00e1brica de caixas de engrenagens\" width=\"500\" height=\"150\" srcset=\"https:\/\/agricultural-gear-boxes.com\/wp-content\/uploads\/2025\/04\/vNn7VkQa-0_gearbox-factory2-300x90.webp 500w, https:\/\/agricultural-gear-boxes.com\/wp-content\/uploads\/2025\/04\/vNn7VkQa-0_gearbox-factory2-480x145.webp 480w\" sizes=\"(min-width: 0px) and (max-width: 480px) 480px, (min-width: 481px) 500px, 100vw\" \/><\/p>\n<p>Al\u00e9m das caixas de engrenagens para escarificadores rotativos, a TEBSA oferece uma linha completa: caixas de engrenagens para cortadores rotativos para ro\u00e7ada, caixas de engrenagens para distribuidores de fertilizantes para distribui\u00e7\u00e3o precisa de nutrientes, caixas de engrenagens para escavadeiras de postes para cercas e caixas de engrenagens para cortadores de grama de martelo para limpeza pesada. <a href=\"https:\/\/agricultural-gear-boxes.com\/pt\/product-category\/pto-shaft\/\">Eixos de tomada de for\u00e7a<\/a>, rodas dentadas ou cilindros hidr\u00e1ulicos? Tamb\u00e9m temos esses, todos constru\u00eddos com materiais como a\u00e7o-liga, lat\u00e3o ou POM para m\u00e1xima confiabilidade.<\/p>\n<p>Procurando comprar caixas de engrenagens agr\u00edcolas online na Argentina? A TEBSA oferece prototipagem r\u00e1pida e produ\u00e7\u00e3o em massa, garantindo que voc\u00ea receba a pe\u00e7a certa quando precisar. <a href=\"https:\/\/agricultural-gear-boxes.com\/pt\/contact\/\">Contate-nos<\/a> hoje para explorar nossa linha ou obter um or\u00e7amento para o T-281J \u2014 seus campos merecem equipamentos que trabalhem t\u00e3o duro quanto voc\u00ea.<\/p>","protected":false},"excerpt":{"rendered":"<p>TEBSA\u2019s T-281J rotary tiller gearbox, designed as a direct replacement for Comer Code T-281J, is a reliable powerhouse for agricultural and industrial tasks across Argentina. Since 1997, TEBSA has crafted high-performance gearboxes with a 100% quality guarantee, offering farmers and operators a durable solution at 50% less cost than original brands. Lightweight yet sturdy, this [&hellip;]<\/p>","protected":false},"featured_media":8773,"template":"","meta":{"_et_pb_use_builder":"","_et_pb_old_content":"","_et_gb_content_width":""},"product_brand":[],"product_cat":[11418,10402],"product_tag":[11402,11419],"class_list":{"0":"post-8772","1":"product","2":"type-product","3":"status-publish","4":"has-post-thumbnail","6":"product_cat-rotary-tiller-gearbox","7":"product_cat-agricultural-gearbox","8":"product_tag-agricultural-gearbox","9":"product_tag-rotary-tiller-gearbox","11":"first","12":"instock","13":"shipping-taxable","14":"product-type-simple"},"_links":{"self":[{"href":"https:\/\/agricultural-gear-boxes.com\/pt\/wp-json\/wp\/v2\/product\/8772","targetHints":{"allow":["GET"]}}],"collection":[{"href":"https:\/\/agricultural-gear-boxes.com\/pt\/wp-json\/wp\/v2\/product"}],"about":[{"href":"https:\/\/agricultural-gear-boxes.com\/pt\/wp-json\/wp\/v2\/types\/product"}],"wp:featuredmedia":[{"embeddable":true,"href":"https:\/\/agricultural-gear-boxes.com\/pt\/wp-json\/wp\/v2\/media\/8773"}],"wp:attachment":[{"href":"https:\/\/agricultural-gear-boxes.com\/pt\/wp-json\/wp\/v2\/media?parent=8772"}],"wp:term":[{"taxonomy":"product_brand","embeddable":true,"href":"https:\/\/agricultural-gear-boxes.com\/pt\/wp-json\/wp\/v2\/product_brand?post=8772"},{"taxonomy":"product_cat","embeddable":true,"href":"https:\/\/agricultural-gear-boxes.com\/pt\/wp-json\/wp\/v2\/product_cat?post=8772"},{"taxonomy":"product_tag","embeddable":true,"href":"https:\/\/agricultural-gear-boxes.com\/pt\/wp-json\/wp\/v2\/product_tag?post=8772"}],"curies":[{"name":"wp","href":"https:\/\/api.w.org\/{rel}","templated":true}]}}