{"id":8904,"date":"2025-04-16T08:08:05","date_gmt":"2025-04-16T08:08:05","guid":{"rendered":"https:\/\/agricultural-gear-boxes.com\/?post_type=product&#038;p=8904"},"modified":"2025-04-16T08:08:05","modified_gmt":"2025-04-16T08:08:05","slug":"flail-mower-gearboxes-replacement-of-comer-code-t-290a-11-86","status":"publish","type":"product","link":"https:\/\/agricultural-gear-boxes.com\/pt\/product\/flail-mower-gearboxes-replacement-of-comer-code-t-290a-11-86\/","title":{"rendered":"Caixas de engrenagens de cortadores de mangual \u2013 Substitui\u00e7\u00e3o do Comer Code T-290A 1:1.86"},"content":{"rendered":"<p>A caixa de engrenagens do cortador de grama T-290A, projetada pela TEBSA na Argentina, \u00e9 uma pot\u00eancia para tarefas de corte pesadas. Ela canaliza a pot\u00eancia da tomada de for\u00e7a do trator para as l\u00e2minas de corte do cortador, cortando grama alta, ervas daninhas e arbustos em terrenos acidentados como as plan\u00edcies dos Pampas argentinos. Desde 1997, a TEBSA fabrica caixas de engrenagens agr\u00edcolas confi\u00e1veis com a garantia de qualidade 100%, e a T-290A n\u00e3o \u00e9 exce\u00e7\u00e3o \u2014 projetada para alto torque e desempenho duradouro.<\/p>\n<p>Esta caixa de engrenagens possui uma carca\u00e7a robusta de ferro fundido GG25 que protege seus componentes internos das condi\u00e7\u00f5es adversas do campo. No interior, engrenagens de alta resist\u00eancia e rolamentos de precis\u00e3o garantem transfer\u00eancia de pot\u00eancia suave e durabilidade sob cargas intensas. Seja limpando pastagens em C\u00f3rdoba ou cuidando de pomares em Mendoza, o T-290A oferece efici\u00eancia e robustez com uma vantagem de custo de 50% em compara\u00e7\u00e3o com as marcas originais.<\/p>\n<p>O T-290A \u00e9 um substituto direto do Comer Code T-290A, tornando-o uma escolha ideal para agricultores e empreiteiros que buscam atualizar seus cortadores de grama. Seu design inteligente e estrutura robusta o tornam ideal para as diversas necessidades agr\u00edcolas da Argentina, de planta\u00e7\u00f5es de soja a vinhedos.<\/p>\n<h2><strong>Especifica\u00e7\u00f5es da caixa de engrenagens do cortador de mangual T-290A (1:1,86)<\/strong><\/h2>\n<p><img loading=\"lazy\" decoding=\"async\" class=\"size-full wp-image-305857 aligncenter\" src=\"https:\/\/images.hzpt.com\/2023\/04\/Flail-Mower-Gearbox-T-290A-Specifications-1.webp\" alt=\"Especifica\u00e7\u00f5es t\u00e9cnicas da caixa de engrenagens do cortador de mangual T-290A\" width=\"1335\" height=\"850\" \/><br \/>\n<img loading=\"lazy\" decoding=\"async\" class=\"size-full wp-image-305858 aligncenter\" src=\"https:\/\/images.hzpt.com\/2023\/04\/GGaEazVW-Flail-Mower-Gearbox-T-290A-Specifications-2.webp\" alt=\"Dimens\u00f5es da caixa de engrenagens do cortador de mangual T-290A\" width=\"1333\" height=\"443\" \/><\/p>\n<table class=\"kh-1xzm1su\" style=\"height: 900px; width: 100%;\" border=\"1\" cellspacing=\"0\" cellpadding=\"0\" data-intent=\"lists-product-attributes\" data-test-id=\"attributes-list\">\n<tbody class=\"kh-1ago99h\">\n<tr id=\"attLongDescription\" class=\"kh-bwvum6\">\n<th class=\"kh-10oizfy\" style=\"width: 23.4979%;\">Descri\u00e7\u00e3o<\/th>\n<td class=\"kh-1f5nhat\" style=\"width: 61.3734%;\">\n<div class=\"kh-pkx4zo\">Flail Mower Gearboxes &#8211; Replacement of Comer Gearbox T-290A 1:1.86<\/div>\n<\/td>\n<\/tr>\n<tr id=\"attApplicationRange\" class=\"kh-bwvum6\">\n<th class=\"kh-10oizfy\" style=\"width: 23.4979%;\">Aplicativo<\/th>\n<td class=\"kh-1f5nhat\" style=\"width: 61.3734%;\">\n<ul>\n<li class=\"kh-16zd49f\">V\u00e1rias aplica\u00e7\u00f5es (agr\u00edcolas)<\/li>\n<li class=\"kh-16zd49f\">Cortadores de grama<\/li>\n<\/ul>\n<\/td>\n<\/tr>\n<tr id=\"attConsistsOf\" class=\"kh-bwvum6\">\n<th class=\"kh-10oizfy\" style=\"width: 23.4979%;\">Consiste em<\/th>\n<td class=\"kh-1f5nhat\" style=\"width: 61.3734%;\">\n<ul>\n<li class=\"kh-16zd49f\">Caixa de velocidades<\/li>\n<li class=\"kh-16zd49f\">Sem \u00f3leo<\/li>\n<\/ul>\n<\/td>\n<\/tr>\n<tr id=\"attTechnicalInformation\" class=\"kh-bwvum6\">\n<th class=\"kh-10oizfy\" style=\"width: 23.4979%;\">Informa\u00e7\u00f5es t\u00e9cnicas<\/th>\n<td class=\"kh-1f5nhat\" style=\"width: 61.3734%;\">\n<ul>\n<li class=\"kh-16zd49f\">Caso tenha alguma d\u00favida sobre o desempenho em diferentes velocidades, n\u00e3o hesite em entrar em contato conosco.<\/li>\n<li class=\"kh-16zd49f\">Ao us\u00e1-lo pela primeira vez, troque o \u00f3leo ap\u00f3s 50 horas de opera\u00e7\u00e3o.<\/li>\n<\/ul>\n<\/td>\n<\/tr>\n<tr id=\"taMaxOutputTorqueDaNm\" class=\"kh-bwvum6\">\n<th class=\"kh-10oizfy\" style=\"width: 23.4979%;\">Torque de sa\u00edda m\u00e1x.<\/th>\n<td class=\"kh-1f5nhat\" style=\"width: 61.3734%;\">\n<div class=\"kh-pkx4zo\">175,9 daNm<\/div>\n<\/td>\n<\/tr>\n<tr id=\"taContainsOil\" class=\"kh-bwvum6\">\n<th class=\"kh-10oizfy\" style=\"width: 23.4979%;\">Cont\u00e9m \u00f3leo<\/th>\n<td class=\"kh-1f5nhat\" style=\"width: 61.3734%;\">\n<div class=\"kh-pkx4zo\">N\u00e3o<\/div>\n<\/td>\n<\/tr>\n<tr id=\"taMaxOilCapacityL\" class=\"kh-bwvum6\">\n<th class=\"kh-10oizfy\" style=\"width: 23.4979%;\">Capacidade m\u00e1x. de \u00f3leo<\/th>\n<td class=\"kh-1f5nhat\" style=\"width: 61.3734%;\">\n<div class=\"kh-pkx4zo\">2,3 litros<\/div>\n<\/td>\n<\/tr>\n<tr id=\"taMaxOilChangeIntervalH\" class=\"kh-bwvum6\">\n<th class=\"kh-10oizfy\" style=\"width: 23.4979%;\">Intervalo m\u00e1ximo de troca de \u00f3leo<\/th>\n<td class=\"kh-1f5nhat\" style=\"width: 61.3734%;\">\n<div class=\"kh-pkx4zo\">500 horas<\/div>\n<\/td>\n<\/tr>\n<tr id=\"taOilSAEViscosityGrade\" class=\"kh-bwvum6\">\n<th class=\"kh-10oizfy\" style=\"width: 23.4979%;\">Grau de viscosidade SAE do \u00f3leo<\/th>\n<td class=\"kh-1f5nhat\" style=\"width: 61.3734%;\">\n<div class=\"kh-pkx4zo\">80W-90<\/div>\n<\/td>\n<\/tr>\n<tr id=\"taHousingMaterial_16\" class=\"kh-bwvum6\">\n<th class=\"kh-10oizfy\" style=\"width: 23.4979%;\">Material da carca\u00e7a<\/th>\n<td class=\"kh-1f5nhat\" style=\"width: 61.3734%;\">\n<div class=\"kh-pkx4zo\">Ferro fundido GG25<\/div>\n<\/td>\n<\/tr>\n<tr id=\"taWeightKg_75\" class=\"kh-bwvum6\">\n<th class=\"kh-10oizfy\" style=\"width: 23.4979%;\">Peso<\/th>\n<td class=\"kh-1f5nhat\" style=\"width: 61.3734%;\">\n<div class=\"kh-pkx4zo\">30 kg<\/div>\n<\/td>\n<\/tr>\n<tr id=\"taGearArrangementInc\" class=\"kh-bwvum6\">\n<th class=\"kh-10oizfy\" style=\"width: 23.4979%;\">Arranjo de engrenagens Aumentando<\/th>\n<td class=\"kh-1f5nhat\" style=\"width: 61.3734%;\">\n<div class=\"kh-pkx4zo\">25 &#8211; 26<\/div>\n<\/td>\n<\/tr>\n<tr id=\"taGearArrangementRed\" class=\"kh-bwvum6\">\n<th class=\"kh-10oizfy\" style=\"width: 23.4979%;\">Arranjo de engrenagens Redu\u00e7\u00e3o<\/th>\n<td class=\"kh-1f5nhat\" style=\"width: 61.3734%;\">\n<div class=\"kh-pkx4zo\">5 &#8211; 6<\/div>\n<\/td>\n<\/tr>\n<tr id=\"taInputPowerKwHpInc\" class=\"kh-bwvum6\">\n<th class=\"kh-10oizfy\" style=\"width: 23.4979%;\">Pot\u00eancia de entrada kW \/ HP Crescente<\/th>\n<td class=\"kh-1f5nhat\" style=\"width: 61.3734%;\">\n<div class=\"kh-pkx4zo\">62,5 \/ 85 kW\/CV<\/div>\n<\/td>\n<\/tr>\n<tr id=\"taInputShaftIncreasi\" class=\"kh-bwvum6\">\n<th class=\"kh-10oizfy\" style=\"width: 23.4979%;\">Eixo de entrada aumentando<\/th>\n<td class=\"kh-1f5nhat\" style=\"width: 61.3734%;\">\n<div class=\"kh-pkx4zo\">X<\/div>\n<\/td>\n<\/tr>\n<tr id=\"taInputShaftReducing\" class=\"kh-bwvum6\">\n<th class=\"kh-10oizfy\" style=\"width: 23.4979%;\">Eixo de entrada Redutor<\/th>\n<td class=\"kh-1f5nhat\" style=\"width: 61.3734%;\">\n<div class=\"kh-pkx4zo\">Z<\/div>\n<\/td>\n<\/tr>\n<tr id=\"taNSInputpowerKW-HPR\" class=\"kh-bwvum6\">\n<th class=\"kh-10oizfy\" style=\"width: 23.4979%;\">Pot\u00eancia de entrada KW \/ HP Redu\u00e7\u00e3o<\/th>\n<td class=\"kh-1f5nhat\" style=\"width: 61.3734%;\">\n<div class=\"kh-pkx4zo\">55,1 \/ 75 kW\/HP<\/div>\n<\/td>\n<\/tr>\n<tr id=\"taNSOutputTorqueDaNm_1\" class=\"kh-bwvum6\">\n<th class=\"kh-10oizfy\" style=\"width: 23.4979%;\">Torque de sa\u00edda DaNm aumentando<\/th>\n<td class=\"kh-1f5nhat\" style=\"width: 61.3734%;\">\n<div class=\"kh-pkx4zo\">57,6 daNm<\/div>\n<\/td>\n<\/tr>\n<tr id=\"taRatioIncreasing\" class=\"kh-bwvum6\">\n<th class=\"kh-10oizfy\" style=\"width: 23.4979%;\">Propor\u00e7\u00e3o crescente<\/th>\n<td class=\"kh-1f5nhat\" style=\"width: 61.3734%;\">\n<div class=\"kh-pkx4zo\">1:1.86<\/div>\n<\/td>\n<\/tr>\n<tr id=\"taRatioReducing\" class=\"kh-bwvum6\">\n<th class=\"kh-10oizfy\" style=\"width: 23.4979%;\">Redu\u00e7\u00e3o de Propor\u00e7\u00e3o<\/th>\n<td class=\"kh-1f5nhat\" style=\"width: 61.3734%;\">\n<div class=\"kh-pkx4zo\">1.86:1<\/div>\n<\/td>\n<\/tr>\n<tr id=\"taShaftX\" class=\"kh-bwvum6\">\n<th class=\"kh-10oizfy\" style=\"width: 23.4979%;\">Eixo X<\/th>\n<td class=\"kh-1f5nhat\" style=\"width: 61.3734%;\">\n<div class=\"kh-pkx4zo\">1 3\/8\u2033 (6) (A)<\/div>\n<\/td>\n<\/tr>\n<tr id=\"taShaftY\" class=\"kh-bwvum6\">\n<th class=\"kh-10oizfy\" style=\"width: 23.4979%;\">Eixo Y<\/th>\n<td class=\"kh-1f5nhat\" style=\"width: 61.3734%;\">\n<div class=\"kh-pkx4zo\">1 3\/8\u2033 (6) (A)<\/div>\n<\/td>\n<\/tr>\n<tr id=\"taShaftZ\" class=\"kh-bwvum6\">\n<th class=\"kh-10oizfy\" style=\"width: 23.4979%;\">Eixo Z<\/th>\n<td class=\"kh-1f5nhat\" style=\"width: 61.3734%;\">\n<div class=\"kh-pkx4zo\">1 3\/8&#8243; (6) (B)<\/div>\n<\/td>\n<\/tr>\n<\/tbody>\n<\/table>\n<h2><strong>Por que escolher a caixa de engrenagens do cortador de grama T-290A?<\/strong><\/h2>\n<p><img loading=\"lazy\" decoding=\"async\" class=\"size-full wp-image-8905 aligncenter\" src=\"https:\/\/agricultural-gear-boxes.com\/wp-content\/uploads\/2025\/04\/VtJ0OcTp-Flail-Mower-Gearbox-Replacement-of-Comer-Code-T-290A-300x300-1-e1744790636505.webp\" alt=\"Substitui\u00e7\u00e3o da caixa de engrenagens do cortador de grama de mangual do c\u00f3digo Comer T-290A\" width=\"300\" height=\"300\" \/><\/p>\n<p>A caixa de engrenagens do cortador de grama T-290A se destaca entre os agricultores e empreiteiros argentinos que realizam trabalhos dif\u00edceis de corte. Veja por que \u00e9 uma escolha inteligente:<\/p>\n<p>Alto torque de manuseio: com um torque m\u00e1ximo de sa\u00edda de 175,9 daNm, ele corta vegeta\u00e7\u00e3o densa, como ervas daninhas ou arbustos, sendo perfeito para limpar terras para plantio de soja ou trigo.<br \/>\nEstrutura dur\u00e1vel: engrenagens forjadas e carca\u00e7a de ferro fundido GG25, tratadas com processos como cementa\u00e7\u00e3o, garantem sua resist\u00eancia nos campos acidentados da Argentina.<br \/>\nOpera\u00e7\u00e3o suave: rolamentos de precis\u00e3o reduzem o atrito, mantendo a caixa de engrenagens funcionando suavemente mesmo durante longas horas nos pastos de Buenos Aires.<br \/>\nEconomia de custos: <a href=\"https:\/\/agricultural-gear-boxes.com\/pt\/\">TEBSA<\/a>A vantagem de custo do 50% em rela\u00e7\u00e3o \u00e0s marcas originais significa que voc\u00ea obt\u00e9m o melhor desempenho sem gastar muito.<br \/>\nF\u00e1cil manuten\u00e7\u00e3o: projetado para trocas r\u00e1pidas de \u00f3leo (a cada 500 horas) e pe\u00e7as acess\u00edveis, com suporte 24 horas por dia.<br \/>\nPropor\u00e7\u00f5es vers\u00e1teis: oferece propor\u00e7\u00f5es de aumento de 1:1,86 e redu\u00e7\u00e3o de 1,86:1, permitindo que voc\u00ea ajuste o desempenho para diferentes culturas ou terrenos.<\/p>\n<p>Esta caixa de engrenagens \u00e9 compat\u00edvel com cortadores de grama de alta resist\u00eancia usados em pomares, vinhedos ou manuten\u00e7\u00e3o de estradas, o que a torna uma parceira confi\u00e1vel para o setor agr\u00edcola da Argentina.<\/p>\n<h2><strong>Aplica\u00e7\u00f5es do T-290A na Agricultura Argentina<\/strong><\/h2>\n<p>A caixa de engrenagens do cortador de grama T-290A foi projetada para atender \u00e0s diversas necessidades agr\u00edcolas da Argentina. Ela aciona cortadores de grama que trituram grama alta, limpam arbustos ou cobrem res\u00edduos de culturas em campos de soja, milho ou girassol. Em regi\u00f5es como os Pampas ou a regi\u00e3o vin\u00edcola de Mendoza, ele lida com terrenos irregulares com facilidade, garantindo cortes limpos e preparo eficiente do solo.<\/p>\n<table style=\"border-collapse: collapse; width: 100%;\" border=\"1\" cellspacing=\"0\" cellpadding=\"5\">\n<tbody>\n<tr style=\"background-color: #f2f2f2;\">\n<th style=\"text-align: center;\">Aplicativo<\/th>\n<th style=\"text-align: center;\">Caso de uso<\/th>\n<th style=\"text-align: center;\">Beneficiar<\/th>\n<\/tr>\n<tr>\n<td style=\"text-align: center;\">Manejo de Pastagens<\/td>\n<td>Cortando grama alta nas pastagens de C\u00f3rdoba<\/td>\n<td>Previne o crescimento excessivo e melhora o pastoreio do gado<\/td>\n<\/tr>\n<tr>\n<td style=\"text-align: center;\">Cobertura morta de res\u00edduos de culturas<\/td>\n<td>Tritura\u00e7\u00e3o de talos de soja em Santa F\u00e9<\/td>\n<td>Melhora a sa\u00fade do solo e acelera a decomposi\u00e7\u00e3o<\/td>\n<\/tr>\n<tr>\n<td style=\"text-align: center;\">Manuten\u00e7\u00e3o de Pomares<\/td>\n<td>Limpeza de ervas daninhas nos vinhedos de Mendoza<\/td>\n<td>Protege as planta\u00e7\u00f5es e reduz os habitats de pragas<\/td>\n<\/tr>\n<tr>\n<td style=\"text-align: center;\">Limpeza de estradas<\/td>\n<td>Cortando mato nas rodovias de Buenos Aires<\/td>\n<td>Melhora a visibilidade e garante a seguran\u00e7a<\/td>\n<\/tr>\n<\/tbody>\n<\/table>\n<p>Sua pot\u00eancia de entrada de 85 HP (aumentando) e 75 HP (reduzindo) o torna vers\u00e1til para tratores comumente usados na Argentina. Seja voc\u00ea um agricultor ou um empreiteiro comprando caixas de engrenagens para cortadores de grama online, o T-290A oferece desempenho confi\u00e1vel e adaptado \u00e0s condi\u00e7\u00f5es locais.<\/p>\n<h2><img loading=\"lazy\" decoding=\"async\" class=\"wp-image-8889 aligncenter\" src=\"https:\/\/agricultural-gear-boxes.com\/wp-content\/uploads\/2025\/04\/Flail-Mower-Gearbox-Applications-300x178.webp\" alt=\"Aplica\u00e7\u00f5es de caixa de engrenagens de cortador de mangual\" width=\"501\" height=\"297\" \/><\/h2>\n<h2><strong>Dicas de manuten\u00e7\u00e3o para desempenho duradouro<\/strong><\/h2>\n<p>Para manter a caixa de engrenagens do cortador de grama T-290A funcionando da melhor forma, siga estas etapas pr\u00e1ticas:<\/p>\n<p>Verifique o \u00f3leo regularmente: Use \u00f3leo 80W-90, com capacidade para 2,3 litros. Troque-o ap\u00f3s as primeiras 50 horas e, depois, a cada 500 horas.<br \/>\nInspecione quanto a desgaste: procure por vazamentos ou danos na carca\u00e7a de ferro fundido durante verifica\u00e7\u00f5es de rotina para detectar problemas precocemente.<br \/>\nLubricate Shafts: Keep the input and output shafts (1 3\/8&#8243; 6-spline) greased to ensure smooth power transfer.<br \/>\nAlinhe corretamente: o desalinhamento pode causar tens\u00e3o nas engrenagens, portanto, certifique-se de que a caixa de c\u00e2mbio e o cortador estejam configurados corretamente.<br \/>\nUse pe\u00e7as originais: utilize componentes aprovados pela TEBSA para reparos e mantenha nossa garantia de qualidade 100%.<\/p>\n<p>Essas etapas, combinadas com a experi\u00eancia em forjamento e tratamento t\u00e9rmico da TEBSA, garantem que sua caixa de engrenagens dure anos de uso pesado nos campos da Argentina.<\/p>\n<table style=\"border-collapse: collapse; width: 100%;\" border=\"1\" cellspacing=\"0\" cellpadding=\"5\">\n<tbody>\n<tr style=\"background-color: #f2f2f2;\">\n<th style=\"text-align: center;\">Tarefa de Manuten\u00e7\u00e3o<\/th>\n<th style=\"text-align: center;\">Freq\u00fc\u00eancia<\/th>\n<th style=\"text-align: center;\">Ferramentas necess\u00e1rias<\/th>\n<\/tr>\n<tr>\n<td style=\"text-align: center;\">Troca de \u00f3leo<\/td>\n<td>A cada 500 horas<\/td>\n<td>Chave inglesa, bandeja de drenagem de \u00f3leo<\/td>\n<\/tr>\n<tr>\n<td style=\"text-align: center;\">Lubrifica\u00e7\u00e3o do eixo<\/td>\n<td>Mensal<\/td>\n<td>Pistola de graxa<\/td>\n<\/tr>\n<tr>\n<td style=\"text-align: center;\">Inspe\u00e7\u00e3o visual<\/td>\n<td>Antes de cada utiliza\u00e7\u00e3o<\/td>\n<td>Lanterna, pano<\/td>\n<\/tr>\n<\/tbody>\n<\/table>\n<p>Para qualquer d\u00favida sobre desempenho ou configura\u00e7\u00e3o, nossa equipe de engenharia responder\u00e1 em at\u00e9 24 horas, garantindo que voc\u00ea aproveite ao m\u00e1ximo a caixa de engrenagens do seu cortador de grama na Argentina.<\/p>\n<h2><strong>Sobre a TEBSA e nossas solu\u00e7\u00f5es agr\u00edcolas<\/strong><\/h2>\n<p><img loading=\"lazy\" decoding=\"async\" class=\"wp-image-8122 aligncenter\" src=\"https:\/\/agricultural-gear-boxes.com\/wp-content\/uploads\/2025\/04\/TgBqbiVx-Square-Baler-Gearbox-Manufacturers-4-1-300x225.webp\" alt=\"Argentina-Fabricantes de Caixas de Velocidades\" width=\"500\" height=\"375\" \/><\/p>\n<p>Desde 1997, a TEBSA \u00e9 uma marca confi\u00e1vel no setor agr\u00edcola argentino, fornecendo caixas de engrenagens de alto desempenho com a vantagem de custo do 50% em rela\u00e7\u00e3o aos concorrentes. Com sede na Argentina, combinamos fabrica\u00e7\u00e3o avan\u00e7ada \u2014 forjamento, fundi\u00e7\u00e3o e tratamentos t\u00e9rmicos como carbonitreta\u00e7\u00e3o \u2014 com o compromisso com a qualidade do 100%. Certificados pela ISO9001-2015, atendemos agricultores e empreiteiros de Buenos Aires a Mendoza com solu\u00e7\u00f5es que aumentam a efici\u00eancia e a seguran\u00e7a.<\/p>\n<p>Al\u00e9m da caixa de engrenagens do cortador de grama T-290A, oferecemos uma ampla gama de caixas de engrenagens agr\u00edcolas, incluindo:<br \/>\nCaixas de engrenagens de cortador rotativo: como o RC-61, ideal para cortes pesados.<br \/>\nCaixas de engrenagens para espalhadores de fertilizantes: para distribui\u00e7\u00e3o precisa de nutrientes.<br \/>\nCaixas de engrenagens de cultivador rotativo: projetadas para prepara\u00e7\u00e3o do solo em campos de soja e milho.<br \/>\nCaixas de engrenagens para escavadeiras de postes: perfeitas para cercas em fazendas da Argentina.<br \/>\n<a href=\"https:\/\/agricultural-gear-boxes.com\/pt\/product-category\/pto-shaft\/\">Eixos de tomada de for\u00e7a<\/a>: Transfer\u00eancia de energia dur\u00e1vel para v\u00e1rios implementos agr\u00edcolas.<\/p>\n<p>Nossa talentosa equipe de engenharia, dispon\u00edvel 24 horas por dia, oferece suporte desde a prototipagem at\u00e9 a produ\u00e7\u00e3o em massa. Seja para vender uma caixa de engrenagens para cortador de grama de martelo ou para solu\u00e7\u00f5es personalizadas para culturas argentinas como soja ou girassol, a TEBSA \u00e9 sua parceira confi\u00e1vel. <a href=\"https:\/\/agricultural-gear-boxes.com\/pt\/contact\/\">Contate-nos<\/a> hoje para explorar nossa linha completa e atualizar seu equipamento!<\/p>","protected":false},"excerpt":{"rendered":"<p>A caixa de engrenagens do cortador de grama T-290A, projetada pela TEBSA na Argentina, \u00e9 uma pot\u00eancia para tarefas de corte pesadas. Ela canaliza a pot\u00eancia da tomada de for\u00e7a do trator para as l\u00e2minas de corte do cortador, cortando grama alta, ervas daninhas e arbustos em terrenos acidentados como as plan\u00edcies dos Pampas argentinos. Desde 1997, a TEBSA fabrica caixas de engrenagens agr\u00edcolas confi\u00e1veis com a garantia de qualidade 100%, e a T-290A n\u00e3o \u00e9 exce\u00e7\u00e3o \u2014 projetada para alto torque e desempenho duradouro.<\/p>\n<p>Esta caixa de engrenagens possui uma carca\u00e7a robusta de ferro fundido GG25 que protege seus componentes internos das condi\u00e7\u00f5es adversas do campo. No interior, engrenagens de alta resist\u00eancia e rolamentos de precis\u00e3o garantem transfer\u00eancia de pot\u00eancia suave e durabilidade sob cargas intensas. Seja limpando pastagens em C\u00f3rdoba ou cuidando de pomares em Mendoza, o T-290A oferece efici\u00eancia e robustez com uma vantagem de custo de 50% em compara\u00e7\u00e3o com as marcas originais.<\/p>","protected":false},"featured_media":8905,"template":"","meta":{"_et_pb_use_builder":"","_et_pb_old_content":"","_et_gb_content_width":""},"product_brand":[],"product_cat":[11426,10402],"product_tag":[11402,11427],"class_list":{"0":"post-8904","1":"product","2":"type-product","3":"status-publish","4":"has-post-thumbnail","6":"product_cat-flail-mower-gearbox","7":"product_cat-agricultural-gearbox","8":"product_tag-agricultural-gearbox","9":"product_tag-flail-mower-gearbox","11":"first","12":"instock","13":"shipping-taxable","14":"product-type-simple"},"_links":{"self":[{"href":"https:\/\/agricultural-gear-boxes.com\/pt\/wp-json\/wp\/v2\/product\/8904","targetHints":{"allow":["GET"]}}],"collection":[{"href":"https:\/\/agricultural-gear-boxes.com\/pt\/wp-json\/wp\/v2\/product"}],"about":[{"href":"https:\/\/agricultural-gear-boxes.com\/pt\/wp-json\/wp\/v2\/types\/product"}],"wp:featuredmedia":[{"embeddable":true,"href":"https:\/\/agricultural-gear-boxes.com\/pt\/wp-json\/wp\/v2\/media\/8905"}],"wp:attachment":[{"href":"https:\/\/agricultural-gear-boxes.com\/pt\/wp-json\/wp\/v2\/media?parent=8904"}],"wp:term":[{"taxonomy":"product_brand","embeddable":true,"href":"https:\/\/agricultural-gear-boxes.com\/pt\/wp-json\/wp\/v2\/product_brand?post=8904"},{"taxonomy":"product_cat","embeddable":true,"href":"https:\/\/agricultural-gear-boxes.com\/pt\/wp-json\/wp\/v2\/product_cat?post=8904"},{"taxonomy":"product_tag","embeddable":true,"href":"https:\/\/agricultural-gear-boxes.com\/pt\/wp-json\/wp\/v2\/product_tag?post=8904"}],"curies":[{"name":"wp","href":"https:\/\/api.w.org\/{rel}","templated":true}]}}