{"id":8908,"date":"2025-04-16T08:28:00","date_gmt":"2025-04-16T08:28:00","guid":{"rendered":"https:\/\/agricultural-gear-boxes.com\/?post_type=product&#038;p=8908"},"modified":"2025-04-16T08:28:00","modified_gmt":"2025-04-16T08:28:00","slug":"flail-mower-gearboxes-replacement-of-comer-code-t-292b-1-861","status":"publish","type":"product","link":"https:\/\/agricultural-gear-boxes.com\/pt\/product\/flail-mower-gearboxes-replacement-of-comer-code-t-292b-1-861\/","title":{"rendered":"Caixas de engrenagens de cortadores de mangual \u2013 Substitui\u00e7\u00e3o do Comer Code T-292B 1.86:1"},"content":{"rendered":"<p>A Caixa de Engrenagens T-292B para Cortadores de Grama, fabricada pela TEBSA na Argentina, \u00e9 um componente essencial para cortadores de grama, projetada para lidar com tarefas exigentes como cortar grama, arbustos e vegeta\u00e7\u00e3o densa. Desde 1997, a TEBSA \u00e9 uma marca confi\u00e1vel em m\u00e1quinas agr\u00edcolas, oferecendo uma garantia de qualidade de 100% e uma vantagem de custo de 50% em rela\u00e7\u00e3o \u00e0s marcas originais. Esta caixa de engrenagens de velocidade \u00fanica aciona cortadores de grama com larguras de corte de at\u00e9 1,6 metro, proporcionando desempenho confi\u00e1vel para as fazendas argentinas, das plan\u00edcies dos Pampas aos campos de C\u00f3rdoba.<\/p>\n<p>Constru\u00eddo para durar, o T-292B oferece at\u00e9 60 cavalos de pot\u00eancia e um torque m\u00e1ximo de 542 Nm, tornando-o ideal para tarefas agr\u00edcolas e paisag\u00edsticas pesadas. Suas engrenagens e rolamentos de alta qualidade suportam o estresse do corte de vegeta\u00e7\u00e3o densa, enquanto um sistema de lubrifica\u00e7\u00e3o por banho de \u00f3leo mant\u00e9m os componentes resfriados e reduz o desgaste, garantindo uma longa vida \u00fatil. Com a engenharia especializada da TEBSA e a equipe de resposta 24 horas, esta caixa de engrenagens \u00e9 uma escolha inteligente para agricultores e paisagistas que buscam efici\u00eancia e valor.<\/p>\n<h2><strong>Especifica\u00e7\u00f5es t\u00e9cnicas e caracter\u00edsticas de design<\/strong><\/h2>\n<p><img loading=\"lazy\" decoding=\"async\" class=\"wp-image-8909 aligncenter\" src=\"https:\/\/agricultural-gear-boxes.com\/wp-content\/uploads\/2025\/04\/xQxwzYbm-Flail-Mower-Gearboxes-Replacement-of-Comer-Code-T-292B-1-300x300-1-e1744791742214.webp\" alt=\"Substitui\u00e7\u00e3o de caixas de engrenagens de cortador de mangual de c\u00f3digo comercial T-292B\" width=\"298\" height=\"298\" \/><\/p>\n<p>A caixa de engrenagens do cortador de grama T-292B foi projetada para oferecer precis\u00e3o e robustez, adaptada para atender \u00e0s necessidades do setor agr\u00edcola argentino. Sua carca\u00e7a de ferro fundido GGG40 oferece resist\u00eancia excepcional, resistindo a impactos e vibra\u00e7\u00f5es em ambientes agressivos, como planta\u00e7\u00f5es de soja ou trigo. A rela\u00e7\u00e3o de transmiss\u00e3o de 1,86:1 da caixa de engrenagens otimiza a transfer\u00eancia de pot\u00eancia do <a href=\"https:\/\/agricultural-gear-boxes.com\/pt\/product-category\/pto-shaft\/\">Eixo de tomada de for\u00e7a<\/a> \u00e0s l\u00e2minas do mangual, garantindo uma opera\u00e7\u00e3o suave em velocidades variadas.<\/p>\n<p>Os principais detalhes t\u00e9cnicos incluem:<br \/>\nCapacidade de pot\u00eancia: at\u00e9 58,9 kW (80 HP), adequado para cortadores de grama de m\u00e9dio porte.<br \/>\nSa\u00edda de torque: 54,2 daNm (542 Nm), capaz de lidar com vegeta\u00e7\u00e3o densa.<br \/>\nSistema de \u00f3leo: requer 2,5 litros de \u00f3leo 80W-90, com troca de \u00f3leo recomendada inicialmente ap\u00f3s 50-70 horas e depois a cada 500-700 horas ou anualmente.<br \/>\nPeso: 33 kg, equilibrando durabilidade com facilidade de instala\u00e7\u00e3o.<\/p>\n<p>As engrenagens do T-292B, fabricadas em a\u00e7o-liga por meio de forjamento avan\u00e7ado e tratamento t\u00e9rmico (carbonitreta\u00e7\u00e3o), oferecem excelente resist\u00eancia ao desgaste. Seus rolamentos c\u00f4nicos garantem rota\u00e7\u00e3o suave sob cargas pesadas, enquanto o sistema de banho de \u00f3leo mant\u00e9m a lubrifica\u00e7\u00e3o ideal, reduzindo os custos de manuten\u00e7\u00e3o. Esta caixa de engrenagens \u00e9 uma substitui\u00e7\u00e3o direta do Comer Code T-292B, oferecendo compatibilidade perfeita para agricultores argentinos que desejam atualizar seus equipamentos.<\/p>\n<p><img loading=\"lazy\" decoding=\"async\" class=\"size-full wp-image-305953 aligncenter\" src=\"https:\/\/images.hzpt.com\/2023\/04\/Flail-Mower-Gearbox-T-292B-Specifications-1.webp\" alt=\"Especifica\u00e7\u00f5es da caixa de engrenagens do cortador de mangual T-292B\" width=\"600\" height=\"350\" \/><\/p>\n<p><img loading=\"lazy\" decoding=\"async\" class=\"size-full wp-image-305954 aligncenter\" src=\"https:\/\/images.hzpt.com\/2023\/04\/Flail-Mower-Gearbox-T-292B-Specifications-2.webp\" alt=\"Especifica\u00e7\u00f5es da caixa de engrenagens do cortador de mangual T-292B\" width=\"600\" height=\"354\" \/><\/p>\n<table class=\"kh-1xzm1su\" style=\"height: 900px; width: 100%;\" border=\"1\" cellspacing=\"0\" cellpadding=\"0\" data-intent=\"lists-product-attributes\" data-test-id=\"attributes-list\">\n<tbody class=\"kh-1ago99h\">\n<tr id=\"alexis#custom#item-id\" class=\"kh-bwvum6\" data-test-id=\"attribute-row\">\n<th class=\"kh-10oizfy\" style=\"width: 23.9869%;\">Descri\u00e7\u00e3o do produto<\/th>\n<td class=\"kh-1f5nhat\" style=\"width: 61.236%;\">\n<div class=\"kh-pkx4zo\">Caixas de engrenagens de cortadores de mangual \u2013 Substitui\u00e7\u00e3o do Comer Code T-292B 1.86:1<\/div>\n<\/td>\n<\/tr>\n<tr id=\"attProductDetails\" class=\"kh-bwvum6\" data-test-id=\"attribute-row\">\n<th class=\"kh-10oizfy\" style=\"width: 23.9869%;\">Detalhes do produto<\/th>\n<td class=\"kh-1f5nhat\" style=\"width: 61.236%;\">\n<ul>\n<li class=\"kh-16zd49f\">Todas as caixas de engrenagens s\u00e3o fornecidas sem \u00f3leo.<\/li>\n<li class=\"kh-16zd49f\">Primeiro, troque o \u00f3leo ap\u00f3s 50-70 horas de opera\u00e7\u00e3o, depois ap\u00f3s 500-700 horas de opera\u00e7\u00e3o ou pelo menos uma vez por ano.<\/li>\n<li class=\"kh-16zd49f\">Entre em contato conosco para obter pot\u00eancia em RPM diferente.<\/li>\n<\/ul>\n<\/td>\n<\/tr>\n<tr id=\"attApplicationRange\" class=\"kh-bwvum6\" data-test-id=\"attribute-row\">\n<th class=\"kh-10oizfy\" style=\"width: 23.9869%;\">Faixa de aplica\u00e7\u00e3o<\/th>\n<td class=\"kh-1f5nhat\" style=\"width: 61.236%;\">\n<ul>\n<li class=\"kh-16zd49f\">V\u00e1rias aplica\u00e7\u00f5es (agr\u00edcolas)<\/li>\n<li class=\"kh-16zd49f\">Cortadores de grama<\/li>\n<li class=\"kh-16zd49f\">Cultivadores rotativos<\/li>\n<\/ul>\n<\/td>\n<\/tr>\n<tr id=\"attConsistsOf\" class=\"kh-bwvum6\" data-test-id=\"attribute-row\">\n<th class=\"kh-10oizfy\" style=\"width: 23.9869%;\">Consiste em<\/th>\n<td class=\"kh-1f5nhat\" style=\"width: 61.236%;\">\n<ul>\n<li class=\"kh-16zd49f\">Caixa de velocidades<\/li>\n<li class=\"kh-16zd49f\">Sem \u00f3leo<\/li>\n<\/ul>\n<\/td>\n<\/tr>\n<tr id=\"taContainsOil\" class=\"kh-bwvum6\" data-test-id=\"attribute-row\">\n<th class=\"kh-10oizfy\" style=\"width: 23.9869%;\">Cont\u00e9m \u00f3leo<\/th>\n<td class=\"kh-1f5nhat\" style=\"width: 61.236%;\">\n<div class=\"kh-pkx4zo\">N\u00e3o<\/div>\n<\/td>\n<\/tr>\n<tr id=\"taMaxOilCapacityL\" class=\"kh-bwvum6\" data-test-id=\"attribute-row\">\n<th class=\"kh-10oizfy\" style=\"width: 23.9869%;\">Capacidade m\u00e1x. de \u00f3leo<\/th>\n<td class=\"kh-1f5nhat\" style=\"width: 61.236%;\">\n<div class=\"kh-pkx4zo\">2,5 l<\/div>\n<\/td>\n<\/tr>\n<tr id=\"taMaxOilChangeIntervalH\" class=\"kh-bwvum6\" data-test-id=\"attribute-row\">\n<th class=\"kh-10oizfy\" style=\"width: 23.9869%;\">Intervalo m\u00e1ximo de troca de \u00f3leo<\/th>\n<td class=\"kh-1f5nhat\" style=\"width: 61.236%;\">\n<div class=\"kh-pkx4zo\">500 horas<\/div>\n<\/td>\n<\/tr>\n<tr id=\"taOilSAEViscosityGrade\" class=\"kh-bwvum6\" data-test-id=\"attribute-row\">\n<th class=\"kh-10oizfy\" style=\"width: 23.9869%;\">Grau de viscosidade SAE do \u00f3leo<\/th>\n<td class=\"kh-1f5nhat\" style=\"width: 61.236%;\">\n<div class=\"kh-pkx4zo\">80W-90<\/div>\n<\/td>\n<\/tr>\n<tr id=\"taHousingMaterial_16\" class=\"kh-bwvum6\" data-test-id=\"attribute-row\">\n<th class=\"kh-10oizfy\" style=\"width: 23.9869%;\">Material da carca\u00e7a<\/th>\n<td class=\"kh-1f5nhat\" style=\"width: 61.236%;\">\n<div class=\"kh-pkx4zo\">Ferro fundido GGG40<\/div>\n<\/td>\n<\/tr>\n<tr id=\"taWeightKg_75\" class=\"kh-bwvum6\" data-test-id=\"attribute-row\">\n<th class=\"kh-10oizfy\" style=\"width: 23.9869%;\">Peso<\/th>\n<td class=\"kh-1f5nhat\" style=\"width: 61.236%;\">\n<div class=\"kh-pkx4zo\">33 kg<\/div>\n<\/td>\n<\/tr>\n<tr id=\"taGearArrangementInc\" class=\"kh-bwvum6\" data-test-id=\"attribute-row\">\n<th class=\"kh-10oizfy\" style=\"width: 23.9869%;\">Arranjo de engrenagens Aumentando<\/th>\n<td class=\"kh-1f5nhat\" style=\"width: 61.236%;\">\n<div class=\"kh-pkx4zo\">33 &#8211; 34<\/div>\n<\/td>\n<\/tr>\n<tr id=\"taInputPowerKwHpInc\" class=\"kh-bwvum6\" data-test-id=\"attribute-row\">\n<th class=\"kh-10oizfy\" style=\"width: 23.9869%;\">Pot\u00eancia de entrada kW \/ HP Crescente<\/th>\n<td class=\"kh-1f5nhat\" style=\"width: 61.236%;\">\n<div class=\"kh-pkx4zo\">58,9 \/ 80 kW\/HP<\/div>\n<\/td>\n<\/tr>\n<tr id=\"taInputShaftIncreasi\" class=\"kh-bwvum6\" data-test-id=\"attribute-row\">\n<th class=\"kh-10oizfy\" style=\"width: 23.9869%;\">Eixo de entrada aumentando<\/th>\n<td class=\"kh-1f5nhat\" style=\"width: 61.236%;\">\n<div class=\"kh-pkx4zo\">Z<\/div>\n<\/td>\n<\/tr>\n<tr id=\"taNSOutputTorqueDaNm_1\" class=\"kh-bwvum6\" data-test-id=\"attribute-row\">\n<th class=\"kh-10oizfy\" style=\"width: 23.9869%;\">Torque de sa\u00edda DaNm aumentando<\/th>\n<td class=\"kh-1f5nhat\" style=\"width: 61.236%;\">\n<div class=\"kh-pkx4zo\">54,2 daNm<\/div>\n<\/td>\n<\/tr>\n<tr id=\"taRatioIncreasing\" class=\"kh-bwvum6\" data-test-id=\"attribute-row\">\n<th class=\"kh-10oizfy\" style=\"width: 23.9869%;\">Propor\u00e7\u00e3o crescente<\/th>\n<td class=\"kh-1f5nhat\" style=\"width: 61.236%;\">\n<div class=\"kh-pkx4zo\">1: 1.86<\/div>\n<\/td>\n<\/tr>\n<tr id=\"taRatioReducing\" class=\"kh-bwvum6\" data-test-id=\"attribute-row\">\n<th class=\"kh-10oizfy\" style=\"width: 23.9869%;\">Redu\u00e7\u00e3o de Propor\u00e7\u00e3o<\/th>\n<td class=\"kh-1f5nhat\" style=\"width: 61.236%;\">\n<div class=\"kh-pkx4zo\">1.86: 1<\/div>\n<\/td>\n<\/tr>\n<tr id=\"taShaftX\" class=\"kh-bwvum6\" data-test-id=\"attribute-row\">\n<th class=\"kh-10oizfy\" style=\"width: 23.9869%;\">Eixo X<\/th>\n<td class=\"kh-1f5nhat\" style=\"width: 61.236%;\">\n<div class=\"kh-pkx4zo\">35h7<\/div>\n<\/td>\n<\/tr>\n<tr id=\"taShaftZ\" class=\"kh-bwvum6\" data-test-id=\"attribute-row\">\n<th class=\"kh-10oizfy\" style=\"width: 23.9869%;\">Eixo Z<\/th>\n<td class=\"kh-1f5nhat\" style=\"width: 61.236%;\">\n<div class=\"kh-pkx4zo\">1 3\/8\u2033 (6) (A)<\/div>\n<\/td>\n<\/tr>\n<\/tbody>\n<\/table>\n<h2><strong>Aplica\u00e7\u00f5es e Benef\u00edcios na Agricultura Argentina<\/strong><\/h2>\n<p>A caixa de engrenagens do cortador de grama T-292B se destaca em uma variedade de tarefas agr\u00edcolas e paisag\u00edsticas, tornando-se a escolha ideal para agricultores e empreiteiros argentinos. Ela aciona cortadores de grama usados para limpar grama, ervas daninhas e pequenos arbustos, bem como para cuidar de pastagens, pomares e vegeta\u00e7\u00e3o \u00e0 beira de estradas. Sua versatilidade se estende a escarificadores rotativos, ampliando sua utilidade no preparo do solo para culturas como soja, milho e trigo \u2014 produtos b\u00e1sicos da economia agr\u00edcola argentina.<\/p>\n<p><img loading=\"lazy\" decoding=\"async\" class=\"wp-image-8888 aligncenter\" src=\"https:\/\/agricultural-gear-boxes.com\/wp-content\/uploads\/2025\/04\/Flail-Mower-Gearbox-28-300x300.webp\" alt=\"Caixa de engrenagens do cortador de mangual\" width=\"500\" height=\"500\" \/><\/p>\n<p>Em regi\u00f5es como Buenos Aires ou Santa F\u00e9, onde vegeta\u00e7\u00e3o densa e terrenos irregulares s\u00e3o comuns, o design robusto do T-292B se destaca. Sua rela\u00e7\u00e3o de transmiss\u00e3o de 1,86:1 garante uma entrega de pot\u00eancia eficiente, permitindo que os cortadores de grama cortem materiais dif\u00edceis sem atolar. A capacidade da caixa de engrenagens de lidar com larguras de corte de at\u00e9 1,6 metro a torna adequada para fazendas de m\u00e9dio porte e projetos de paisagismo municipal.<\/p>\n<p>Os principais benef\u00edcios incluem:<br \/>\nDurabilidade: A carca\u00e7a de ferro fundido e as engrenagens de a\u00e7o-liga, tratadas com cementa\u00e7\u00e3o, suportam os rigores dos diversos climas da Argentina, desde os pampas \u00famidos at\u00e9 as terras altas secas.<br \/>\nEfici\u00eancia: O sistema de lubrifica\u00e7\u00e3o por banho de \u00f3leo minimiza o atrito, aumentando o desempenho do cortador e reduzindo os custos de combust\u00edvel.<br \/>\nEconomia de custos: a vantagem de custo do 50% da TEBSA sobre marcas originais como a Comer torna o T-292B uma atualiza\u00e7\u00e3o acess\u00edvel.<br \/>\nSeguran\u00e7a: Uma transfer\u00eancia de pot\u00eancia est\u00e1vel reduz a tens\u00e3o do equipamento, aumentando a seguran\u00e7a do operador nas fazendas.<br \/>\nBaixa manuten\u00e7\u00e3o: trocas de \u00f3leo simples e pe\u00e7as acess\u00edveis reduzem o tempo de inatividade, com o suporte 24 horas da TEBSA.<\/p>\n<p>The T-292B\u2019s compatibility with standard PTO shafts (1 3\/8&#8243; 6-spline) ensures easy integration with tractors commonly used in Argentina. For farmers managing soybean fields or maintaining vineyards in Mendoza, this gearbox delivers reliable performance season after season.<\/p>\n<table style=\"border-collapse: collapse; width: 100%;\">\n<tbody>\n<tr>\n<th style=\"width: 30%; text-align: center;\">Aplicativo<\/th>\n<th style=\"width: 70%; text-align: center;\">Caso de uso na Argentina<\/th>\n<\/tr>\n<tr>\n<td style=\"text-align: center;\">Manuten\u00e7\u00e3o de pastagens<\/td>\n<td>Corte de grama e ervas daninhas em \u00e1reas de pastagem de gado, por exemplo, plan\u00edcies dos Pampas.<\/td>\n<\/tr>\n<tr>\n<td style=\"text-align: center;\">Limpeza de pomar<\/td>\n<td>Corte da vegeta\u00e7\u00e3o ao redor de \u00e1rvores frut\u00edferas em vinhedos de Mendoza.<\/td>\n<\/tr>\n<tr>\n<td style=\"text-align: center;\">Paisagismo \u00e0 beira da estrada<\/td>\n<td>Manuten\u00e7\u00e3o de acostamentos de rodovias na prov\u00edncia de Buenos Aires.<\/td>\n<\/tr>\n<tr>\n<td style=\"text-align: center;\">Prepara\u00e7\u00e3o do solo<\/td>\n<td>Suporte a cultivadores rotativos para plantio de trigo ou milho em Santa F\u00e9.<\/td>\n<\/tr>\n<\/tbody>\n<\/table>\n<h2><strong>Dicas de manuten\u00e7\u00e3o e instala\u00e7\u00e3o para maior durabilidade<\/strong><\/h2>\n<p>Para manter a caixa de engrenagens do cortador de grama T-292B com o melhor desempenho, a manuten\u00e7\u00e3o regular \u00e9 essencial. A TEBSA projeta suas caixas de engrenagens para facilitar a manuten\u00e7\u00e3o, garantindo que os agricultores na Argentina possam maximizar o tempo de atividade durante as temporadas de pico. Aqui est\u00e3o algumas dicas pr\u00e1ticas para instala\u00e7\u00e3o e cuidados:<\/p>\n<p>Initial Setup: The gearbox ships without oil. Fill it with 2.5 liters of 80W-90 oil before use, checking for proper levels via the dipstick. Ensure the PTO shaft (Shaft Z: 1 3\/8&#8243; 6-spline) is correctly aligned to avoid vibration.<br \/>\nTrocas de \u00f3leo: Realize a primeira troca de \u00f3leo ap\u00f3s 50 a 70 horas de opera\u00e7\u00e3o e, em seguida, a cada 500 a 700 horas ou anualmente. Use \u00f3leo 80W-90 de alta qualidade para manter a lubrifica\u00e7\u00e3o das engrenagens.<br \/>\nInspe\u00e7\u00f5es: Verifique regularmente se h\u00e1 vazamentos, desgaste nas engrenagens ou ru\u00eddo nos rolamentos. Resolva os problemas imediatamente para evitar reparos dispendiosos.<br \/>\nLimpeza: Mantenha o eixo de entrada (Eixo X: 35h7) livre de detritos e aplique graxa para evitar corros\u00e3o, especialmente em regi\u00f5es \u00famidas como Entre R\u00edos.<br \/>\nAlinhamento: Verifique se a caixa de engrenagens e o cortador est\u00e3o alinhados corretamente para reduzir o estresse nos rolamentos e engrenagens.<\/p>\n<p>Para os agricultores argentinos, essas etapas s\u00e3o simples e econ\u00f4micas, especialmente com a equipe de suporte \u00e1gil da TEBSA dispon\u00edvel em at\u00e9 24 horas. O design do T-292B minimiza as necessidades de manuten\u00e7\u00e3o, permitindo que voc\u00ea se concentre no trabalho de campo em vez de reparos.<\/p>\n<table style=\"border-collapse: collapse; width: 100%;\">\n<tbody>\n<tr>\n<th style=\"width: 30%; text-align: center;\">Tarefa de Manuten\u00e7\u00e3o<\/th>\n<th style=\"width: 40%; text-align: center;\">Freq\u00fc\u00eancia<\/th>\n<th style=\"width: 30%; text-align: center;\">Ferramentas necess\u00e1rias<\/th>\n<\/tr>\n<tr>\n<td style=\"text-align: center;\">Verifica\u00e7\u00e3o do n\u00edvel de \u00f3leo<\/td>\n<td>A cada 50 horas<\/td>\n<td>Vareta medidora de n\u00edvel, \u00f3leo 80W-90<\/td>\n<\/tr>\n<tr>\n<td style=\"text-align: center;\">Troca de \u00f3leo<\/td>\n<td>50-70 horas, depois 500-700 horas<\/td>\n<td>Chave inglesa, bandeja de drenagem de \u00f3leo<\/td>\n<\/tr>\n<tr>\n<td style=\"text-align: center;\">Lubrifica\u00e7\u00e3o de eixos<\/td>\n<td>A cada 100 horas<\/td>\n<td>Pistola de graxa<\/td>\n<\/tr>\n<tr>\n<td style=\"text-align: center;\">Inspe\u00e7\u00e3o de engrenagens\/rolamentos<\/td>\n<td>A cada 200 horas<\/td>\n<td>Lanterna, chave inglesa<\/td>\n<\/tr>\n<\/tbody>\n<\/table>\n<h2><strong>Sobre a TEBSA e nossas solu\u00e7\u00f5es agr\u00edcolas<\/strong><\/h2>\n<p><img loading=\"lazy\" decoding=\"async\" class=\"wp-image-8274 aligncenter\" src=\"https:\/\/agricultural-gear-boxes.com\/wp-content\/uploads\/2025\/04\/wHeGt7RQ-China-Rotary-Cutter-Gearbox-Manufacturers-e1744189741891-300x221.webp\" alt=\"Argentina-Fabricantes de Caixas de Velocidades\" width=\"500\" height=\"368\" \/><\/p>\n<p>Desde 1997, a TEBSA \u00e9 um fabricante l\u00edder de <a href=\"https:\/\/agricultural-gear-boxes.com\/pt\/product-category\/gearbox\/agricultural-gearbox\/\">caixas de engrenagens agr\u00edcolas<\/a> na Argentina, comprometida em fornecer produtos confi\u00e1veis e de alta qualidade com uma vantagem de custo de 50%. Com sede na Argentina, possu\u00edmos a certifica\u00e7\u00e3o ISO9001-2015 e garantimos a qualidade 100% para cada pedido. Nossa talentosa equipe de engenharia responde em at\u00e9 24 horas, garantindo uma colabora\u00e7\u00e3o tranquila para agricultores e empreiteiros em Buenos Aires, C\u00f3rdoba e outras cidades.<\/p>\n<p>Al\u00e9m da caixa de engrenagens do cortador de grama T-292B, a TEBSA oferece uma ampla gama de caixas de engrenagens agr\u00edcolas, incluindo:<br \/>\nCaixas de engrenagens de cortador rotativo: como o RC-61, ideal para cortes pesados.<br \/>\nCaixas de engrenagens para espalhadores de fertilizantes: para distribui\u00e7\u00e3o precisa de nutrientes em campos de soja.<br \/>\nCaixas de engrenagens de cultivador rotativo: auxiliam na prepara\u00e7\u00e3o do solo para trigo e milho.<br \/>\nCaixas de engrenagens para escavadeiras de postes: para cercas e plantio em \u00e1reas rurais da Argentina.<br \/>\nCaixas de engrenagens para cortadores de grama: perfeitas para paisagismo municipal e privado.<\/p>\n<p>Tamb\u00e9m fornecemos eixos de tomada de for\u00e7a e outros componentes, todos fabricados com materiais como a\u00e7o-liga, a\u00e7o inoxid\u00e1vel e ferro fundido, utilizando processos avan\u00e7ados como forjamento, cementa\u00e7\u00e3o e eletroforese. Seja voc\u00ea um vinhedo em Mendoza ou uma fazenda de gado nos Pampas, a TEBSA tem as solu\u00e7\u00f5es para aumentar sua produtividade. Entre em contato conosco hoje mesmo para explorar nossa linha completa ou <a href=\"#contacts\">solicitar um or\u00e7amento<\/a> para a caixa de engrenagens do cortador de grama T-292B!<\/p>","protected":false},"excerpt":{"rendered":"<p>The Flail Mower Gearbox T-292B, crafted by TEBSA in Argentina, is a vital component for flail mowers, designed to tackle demanding tasks like cutting grass, shrubs, and dense vegetation. Since 1997, TEBSA has been a trusted name in agricultural machinery, offering a 100% quality guarantee and a 50% cost advantage over original brands. This single-speed [&hellip;]<\/p>","protected":false},"featured_media":8909,"template":"","meta":{"_et_pb_use_builder":"","_et_pb_old_content":"","_et_gb_content_width":""},"product_brand":[],"product_cat":[11426,10402],"product_tag":[11402,11427],"class_list":{"0":"post-8908","1":"product","2":"type-product","3":"status-publish","4":"has-post-thumbnail","6":"product_cat-flail-mower-gearbox","7":"product_cat-agricultural-gearbox","8":"product_tag-agricultural-gearbox","9":"product_tag-flail-mower-gearbox","11":"first","12":"instock","13":"shipping-taxable","14":"product-type-simple"},"_links":{"self":[{"href":"https:\/\/agricultural-gear-boxes.com\/pt\/wp-json\/wp\/v2\/product\/8908","targetHints":{"allow":["GET"]}}],"collection":[{"href":"https:\/\/agricultural-gear-boxes.com\/pt\/wp-json\/wp\/v2\/product"}],"about":[{"href":"https:\/\/agricultural-gear-boxes.com\/pt\/wp-json\/wp\/v2\/types\/product"}],"wp:featuredmedia":[{"embeddable":true,"href":"https:\/\/agricultural-gear-boxes.com\/pt\/wp-json\/wp\/v2\/media\/8909"}],"wp:attachment":[{"href":"https:\/\/agricultural-gear-boxes.com\/pt\/wp-json\/wp\/v2\/media?parent=8908"}],"wp:term":[{"taxonomy":"product_brand","embeddable":true,"href":"https:\/\/agricultural-gear-boxes.com\/pt\/wp-json\/wp\/v2\/product_brand?post=8908"},{"taxonomy":"product_cat","embeddable":true,"href":"https:\/\/agricultural-gear-boxes.com\/pt\/wp-json\/wp\/v2\/product_cat?post=8908"},{"taxonomy":"product_tag","embeddable":true,"href":"https:\/\/agricultural-gear-boxes.com\/pt\/wp-json\/wp\/v2\/product_tag?post=8908"}],"curies":[{"name":"wp","href":"https:\/\/api.w.org\/{rel}","templated":true}]}}