{"id":9082,"date":"2025-04-18T06:59:26","date_gmt":"2025-04-18T06:59:26","guid":{"rendered":"https:\/\/agricultural-gear-boxes.com\/?post_type=product&#038;p=9082"},"modified":"2025-04-18T06:59:26","modified_gmt":"2025-04-18T06:59:26","slug":"post-hole-diggers-gearboxes-replacement-of-comer-code-t-278a-11","status":"publish","type":"product","link":"https:\/\/agricultural-gear-boxes.com\/pt\/product\/post-hole-diggers-gearboxes-replacement-of-comer-code-t-278a-11\/","title":{"rendered":"Caixas de engrenagens de escavadeiras de postes \u2013 Substitui\u00e7\u00e3o do c\u00f3digo Comer T-278A 1:1"},"content":{"rendered":"<p>A caixa de engrenagens para escavadeiras de postes T-278A, fabricada pela TEBSA na Argentina, \u00e9 uma solu\u00e7\u00e3o robusta e confi\u00e1vel para tarefas agr\u00edcolas e paisag\u00edsticas que exigem escava\u00e7\u00f5es precisas e potentes. Projetada como substituta direta da escavadeira Comer Code T-278A com rela\u00e7\u00e3o de transmiss\u00e3o 1:1, esta caixa de engrenagens oferece desempenho excepcional para escavadeiras de postes utilizadas em cercas, plantio de \u00e1rvores e trabalhos de funda\u00e7\u00e3o nos diversos terrenos da Argentina, desde os f\u00e9rteis Pampas at\u00e9 os campos acidentados da Patag\u00f4nia. Desde 1997, <a href=\"https:\/\/agricultural-gear-boxes.com\/pt\/\">TEBSA<\/a> construiu um legado de excel\u00eancia em fabrica\u00e7\u00e3o, oferecendo uma garantia de qualidade de 100% e uma vantagem de custo de 50% em compara\u00e7\u00e3o \u00e0s marcas originais.<\/p>\n<p>Built with cast iron GG25 housing, the T-278A ensures durability under heavy loads, making it ideal for demanding applications like soybean farm fencing or vineyard post installation. Its compact design, weighing just 23.5 kg, supports easy integration into various agricultural setups. The gearbox features a splined input shaft (Z) and dual 1 3\/8&#8243; (6) output shafts (X and Z), ensuring seamless power transfer from the tractor\u2019s PTO to the auger. With a maximum input power of 40.5 kW and an output torque of 693 Nm, it handles tough soils with ease, delivering consistent results for farmers and contractors.<\/p>\n<p><img loading=\"lazy\" decoding=\"async\" class=\"size-full wp-image-9083 aligncenter\" src=\"https:\/\/agricultural-gear-boxes.com\/wp-content\/uploads\/2025\/04\/6cShay9m-ep_t-278a-1-1-gearbox-300x300-1-e1744959396456.jpg\" alt=\"t-278a-1-1-caixa de engrenagens\" width=\"300\" height=\"300\" \/><\/p>\n<p>Os avan\u00e7ados processos de fabrica\u00e7\u00e3o da TEBSA, incluindo forjamento e retifica\u00e7\u00e3o de precis\u00e3o, aumentam a resist\u00eancia e a longevidade da caixa de engrenagens. O T-278A \u00e9 entregue sem \u00f3leo, permitindo que os usu\u00e1rios o abaste\u00e7am com \u00f3leo de viscosidade 80W-90 (at\u00e9 1,7 litro) sob medida para suas condi\u00e7\u00f5es de opera\u00e7\u00e3o. Essa flexibilidade, combinada com o suporte de engenharia 24 horas da TEBSA, torna o T-278A a melhor escolha para profissionais agr\u00edcolas que buscam caixas de engrenagens confi\u00e1veis para escavadeiras de postes na Argentina.<\/p>\n<h3>Especifica\u00e7\u00f5es t\u00e9cnicas<\/h3>\n<table class=\"kh-1xzm1su\" style=\"width: 100%; border-collapse: collapse;\" border=\"1\" cellspacing=\"0\" cellpadding=\"5\" data-intent=\"lists-product-attributes\" data-test-id=\"attributes-list\">\n<tbody class=\"kh-1ago99h\">\n<tr id=\"attLongDescription\" class=\"kh-bwvum6\">\n<th class=\"kh-10oizfy\">Descri\u00e7\u00e3o<\/th>\n<td class=\"kh-1f5nhat\">\n<div class=\"kh-pkx4zo\">Caixas de engrenagens de escavadeiras de postes \u2013 Substitui\u00e7\u00e3o do c\u00f3digo Comer T-278A 1:1<\/div>\n<\/td>\n<td class=\"kh-18pqzyd\"><\/td>\n<\/tr>\n<tr id=\"attApplicationRange\" class=\"kh-bwvum6\">\n<th class=\"kh-10oizfy\">Aplicativo<\/th>\n<td class=\"kh-1f5nhat\">\n<div class=\"kh-pkx4zo\">V\u00e1rias aplica\u00e7\u00f5es (agr\u00edcolas)<\/div>\n<\/td>\n<td class=\"kh-18pqzyd\"><\/td>\n<\/tr>\n<tr id=\"attConsistsOf\" class=\"kh-bwvum6\">\n<th class=\"kh-10oizfy\">Consiste em<\/th>\n<td class=\"kh-1f5nhat\">\n<ul>\n<li class=\"kh-16zd49f\">Caixa de velocidades<\/li>\n<li class=\"kh-16zd49f\">Sem \u00f3leo<\/li>\n<\/ul>\n<\/td>\n<td class=\"kh-18pqzyd\"><\/td>\n<\/tr>\n<tr id=\"attTechnicalInformation\" class=\"kh-bwvum6\">\n<th class=\"kh-10oizfy\">Informa\u00e7\u00f5es t\u00e9cnicas<\/th>\n<td class=\"kh-1f5nhat\">\n<ul>\n<li class=\"kh-16zd49f\">Se voc\u00ea tiver alguma d\u00favida sobre o desempenho em diferentes velocidades, n\u00e3o hesite em nos contatar<\/li>\n<li class=\"kh-16zd49f\">Ao usar pela primeira vez, troque o \u00f3leo ap\u00f3s 50 horas de opera\u00e7\u00e3o<\/li>\n<\/ul>\n<\/td>\n<td class=\"kh-18pqzyd\"><\/td>\n<\/tr>\n<tr id=\"taMaxInputPowerKw\" class=\"kh-bwvum6\">\n<th class=\"kh-10oizfy\">Pot\u00eancia m\u00e1xima de entrada<\/th>\n<td class=\"kh-1f5nhat\">\n<div class=\"kh-pkx4zo\">40,5 kW<\/div>\n<\/td>\n<td class=\"kh-18pqzyd\"><\/td>\n<\/tr>\n<tr id=\"taMaxOutputTorqueNm_\" class=\"kh-bwvum6\">\n<th class=\"kh-10oizfy\">Torque de sa\u00edda m\u00e1x.<\/th>\n<td class=\"kh-1f5nhat\">\n<div class=\"kh-pkx4zo\">693 nm<\/div>\n<\/td>\n<td class=\"kh-18pqzyd\"><\/td>\n<\/tr>\n<tr id=\"taContainsOil\" class=\"kh-bwvum6\">\n<th class=\"kh-10oizfy\">Cont\u00e9m \u00f3leo<\/th>\n<td class=\"kh-1f5nhat\">\n<div class=\"kh-pkx4zo\">N\u00e3o<\/div>\n<\/td>\n<td class=\"kh-18pqzyd\"><\/td>\n<\/tr>\n<tr id=\"taMaxOilCapacityL\" class=\"kh-bwvum6\">\n<th class=\"kh-10oizfy\">Capacidade m\u00e1x. de \u00f3leo<\/th>\n<td class=\"kh-1f5nhat\">\n<div class=\"kh-pkx4zo\">1,7 l<\/div>\n<\/td>\n<td class=\"kh-18pqzyd\"><\/td>\n<\/tr>\n<tr id=\"taMaxOilChangeIntervalH\" class=\"kh-bwvum6\">\n<th class=\"kh-10oizfy\">Intervalo m\u00e1ximo de troca de \u00f3leo<\/th>\n<td class=\"kh-1f5nhat\">\n<div class=\"kh-pkx4zo\">500 horas<\/div>\n<\/td>\n<td class=\"kh-18pqzyd\"><\/td>\n<\/tr>\n<tr id=\"taOilSAEViscosityGrade\" class=\"kh-bwvum6\">\n<th class=\"kh-10oizfy\">Grau de viscosidade SAE do \u00f3leo<\/th>\n<td class=\"kh-1f5nhat\">\n<div class=\"kh-pkx4zo\">80W-90<\/div>\n<\/td>\n<td class=\"kh-18pqzyd\"><\/td>\n<\/tr>\n<tr id=\"taHousingMaterial_16\" class=\"kh-bwvum6\">\n<th class=\"kh-10oizfy\">Material da carca\u00e7a<\/th>\n<td class=\"kh-1f5nhat\">\n<div class=\"kh-pkx4zo\">Ferro fundido GG25<\/div>\n<\/td>\n<td class=\"kh-18pqzyd\"><\/td>\n<\/tr>\n<tr id=\"taWeightKg_75\" class=\"kh-bwvum6\">\n<th class=\"kh-10oizfy\">Peso<\/th>\n<td class=\"kh-1f5nhat\">\n<div class=\"kh-pkx4zo\">23,5 kg<\/div>\n<\/td>\n<td class=\"kh-18pqzyd\"><\/td>\n<\/tr>\n<tr id=\"taGearArrangement\" class=\"kh-bwvum6\">\n<th class=\"kh-10oizfy\">Arranjo de engrenagens<\/th>\n<td class=\"kh-1f5nhat\">\n<div class=\"kh-pkx4zo\">1 &#8211; 2<\/div>\n<\/td>\n<td class=\"kh-18pqzyd\"><\/td>\n<\/tr>\n<tr id=\"taRatio\" class=\"kh-bwvum6\">\n<th class=\"kh-10oizfy\">Raz\u00e3o<\/th>\n<td class=\"kh-1f5nhat\">\n<div class=\"kh-pkx4zo\">1 : 1<\/div>\n<\/td>\n<td class=\"kh-18pqzyd\"><\/td>\n<\/tr>\n<tr id=\"taSPLITInputShaft\" class=\"kh-bwvum6\">\n<th class=\"kh-10oizfy\">Eixo de entrada<\/th>\n<td class=\"kh-1f5nhat\">\n<div class=\"kh-pkx4zo\">Z<\/div>\n<\/td>\n<td class=\"kh-18pqzyd\"><\/td>\n<\/tr>\n<tr id=\"taShaftX\" class=\"kh-bwvum6\">\n<th class=\"kh-10oizfy\">Eixo X<\/th>\n<td class=\"kh-1f5nhat\">\n<div class=\"kh-pkx4zo\">1 3\/8\u2033 (6) (A)<\/div>\n<\/td>\n<td class=\"kh-18pqzyd\"><\/td>\n<\/tr>\n<tr id=\"taShaftZ\" class=\"kh-bwvum6\">\n<th class=\"kh-10oizfy\">Eixo Z<\/th>\n<td class=\"kh-1f5nhat\">\n<div class=\"kh-pkx4zo\">1 3\/8&#8243; (6) (B)<\/div>\n<\/td>\n<\/tr>\n<\/tbody>\n<\/table>\n<h2>Benef\u00edcios e aplica\u00e7\u00f5es da caixa de engrenagens da escavadeira de postes T-278A<\/h2>\n<p><img loading=\"lazy\" decoding=\"async\" class=\"wp-image-9078 aligncenter\" src=\"https:\/\/agricultural-gear-boxes.com\/wp-content\/uploads\/2025\/04\/Heavy-Duty-Post-Hole-Digger-Gearbox-Manufacturers-1-300x300.webp\" alt=\"Fabricante de caixa de engrenagens para escavadeira de postes\" width=\"501\" height=\"501\" srcset=\"https:\/\/agricultural-gear-boxes.com\/wp-content\/uploads\/2025\/04\/Heavy-Duty-Post-Hole-Digger-Gearbox-Manufacturers-1-300x300.webp 501w, https:\/\/agricultural-gear-boxes.com\/wp-content\/uploads\/2025\/04\/Heavy-Duty-Post-Hole-Digger-Gearbox-Manufacturers-1-480x480.webp 480w\" sizes=\"(min-width: 0px) and (max-width: 480px) 480px, (min-width: 481px) 501px, 100vw\" \/><\/p>\n<p>A caixa de engrenagens T-278A oferece uma s\u00e9rie de vantagens adaptadas \u00e0s necessidades agr\u00edcolas e paisag\u00edsticas da Argentina, tornando-a uma escolha de destaque para agricultores, empreiteiros e empresas rurais.<\/p>\n<p><strong>Alto desempenho:<\/strong> Com uma pot\u00eancia m\u00e1xima de 40,5 kW e 693 Nm de torque, o T-278A aciona brocas em solos dif\u00edceis, desde os campos argilosos de Buenos Aires at\u00e9 os terrenos rochosos de Mendoza. Sua rela\u00e7\u00e3o de transmiss\u00e3o 1:1 garante uma transfer\u00eancia de pot\u00eancia eficiente, reduzindo o esfor\u00e7o do seu trator.<\/p>\n<p><strong>Constru\u00e7\u00e3o dur\u00e1vel:<\/strong> A carca\u00e7a de ferro fundido GG25, combinada com os processos de forjamento de precis\u00e3o e tratamento t\u00e9rmico da TEBSA, como a cementa\u00e7\u00e3o, resiste ao desgaste. Essa durabilidade \u00e9 crucial para os climas variados da Argentina, desde zonas subtropicais \u00famidas at\u00e9 regi\u00f5es \u00e1ridas.<\/p>\n<p><strong>Aplica\u00e7\u00f5es vers\u00e1teis:<\/strong> The T-278A powers post hole diggers for tasks like installing fences for cattle ranches, planting trees in orchards, or setting up vineyard trellises. Its compatibility with 1 3\/8&#8243; (6) PTO shafts makes it a flexible fit for tractors used in soybean, wheat, or corn farming.<\/p>\n<p><strong>Economia de custos:<\/strong> Oferecendo uma vantagem de custo do 50% em rela\u00e7\u00e3o aos modelos originais da Comer, o T-278A oferece desempenho premium a um pre\u00e7o acess\u00edvel. Isso o torna ideal para pequenas e m\u00e9dias fazendas na Argentina que buscam maximizar o valor.<\/p>\n<p><strong>F\u00e1cil integra\u00e7\u00e3o:<\/strong> Pesando apenas 23,5 kg e apresentando um eixo de entrada estriado, a caixa de engrenagens \u00e9 instalada rapidamente na maioria das escavadeiras de postes, minimizando o tempo de inatividade durante temporadas movimentadas de plantio ou cercas.<\/p>\n<p><strong>Suporte confi\u00e1vel:<\/strong> A equipe de engenharia da TEBSA responde em 24 horas a quaisquer d\u00favidas sobre desempenho ou configura\u00e7\u00e3o, garantindo uma opera\u00e7\u00e3o tranquila para usu\u00e1rios em toda a Argentina.<\/p>\n<h3>Aplica\u00e7\u00f5es comuns na Argentina<\/h3>\n<table style=\"width: 100%; border-collapse: collapse;\" border=\"1\" cellspacing=\"0\" cellpadding=\"5\">\n<thead>\n<tr>\n<th style=\"text-align: left;\">Aplicativo<\/th>\n<th style=\"text-align: left;\">Descri\u00e7\u00e3o<\/th>\n<\/tr>\n<\/thead>\n<tbody>\n<tr>\n<td>Cercas para Gado<\/td>\n<td>Conduz brocas para instalar postes para cercados de gado ou ovelhas nos Pampas ou na Patag\u00f4nia.<\/td>\n<\/tr>\n<tr>\n<td>Plantio de \u00e1rvores<\/td>\n<td>Apoia projetos de pomares e reflorestamento, cavando covas precisas para \u00e1rvores frut\u00edferas ou esp\u00e9cies nativas.<\/td>\n<\/tr>\n<tr>\n<td>Configura\u00e7\u00e3o do vinhedo<\/td>\n<td>Instala postes de treli\u00e7a para videiras na regi\u00e3o vin\u00edcola de Mendoza.<\/td>\n<\/tr>\n<tr>\n<td>Funda\u00e7\u00f5es de constru\u00e7\u00e3o<\/td>\n<td>Auxilia em trabalhos de funda\u00e7\u00e3o de pequena escala para edif\u00edcios rurais ou sistemas de irriga\u00e7\u00e3o.<\/td>\n<\/tr>\n<\/tbody>\n<\/table>\n<h2>Manuten\u00e7\u00e3o e Detalhes T\u00e9cnicos<\/h2>\n<p><img loading=\"lazy\" decoding=\"async\" class=\"wp-image-9079 aligncenter\" src=\"https:\/\/agricultural-gear-boxes.com\/wp-content\/uploads\/2025\/04\/Post-Hole-Digger-Gearbox-17-300x225.webp\" alt=\"Caixa de engrenagens para escavadeira de postes\" width=\"500\" height=\"375\" srcset=\"https:\/\/agricultural-gear-boxes.com\/wp-content\/uploads\/2025\/04\/Post-Hole-Digger-Gearbox-17-300x225.webp 500w, https:\/\/agricultural-gear-boxes.com\/wp-content\/uploads\/2025\/04\/Post-Hole-Digger-Gearbox-17-480x360.webp 480w\" sizes=\"(min-width: 0px) and (max-width: 480px) 480px, (min-width: 481px) 500px, 100vw\" \/><\/p>\n<p>O cuidado adequado garante que a caixa de engrenagens do T-278A funcione de forma confi\u00e1vel por anos. Veja como mant\u00ea-la em perfeitas condi\u00e7\u00f5es:<\/p>\n<p><strong>Configura\u00e7\u00e3o inicial do \u00f3leo:<\/strong> A caixa de engrenagens \u00e9 enviada sem \u00f3leo. Encha-a com 1,7 litro de \u00f3leo de viscosidade 80W-90 antes do uso. Troque o \u00f3leo ap\u00f3s as primeiras 50 horas de opera\u00e7\u00e3o para remover os res\u00edduos iniciais.<\/p>\n<p><strong>Verifica\u00e7\u00f5es regulares de \u00f3leo:<\/strong> Troque o \u00f3leo a cada 500 horas ou anualmente, o que ocorrer primeiro. Verifique regularmente se h\u00e1 contaminantes para manter o bom desempenho das engrenagens.<\/p>\n<p><strong>Rotina de inspe\u00e7\u00e3o:<\/strong> Antes de cada utiliza\u00e7\u00e3o, inspecione a caixa de engrenagens quanto a vazamentos, rachaduras ou desgaste na carca\u00e7a de ferro fundido. Certifique-se de que o eixo de entrada estriado (Z) e os eixos de sa\u00edda (X e Z) estejam livres de detritos.<\/p>\n<p><strong>Alinhamento e Lubrifica\u00e7\u00e3o:<\/strong> Verifique se a caixa de engrenagens est\u00e1 corretamente alinhada com o eixo da tomada de for\u00e7a para evitar vibra\u00e7\u00f5es ou danos \u00e0 engrenagem. Lubrifique o eixo de entrada periodicamente para garantir uma transfer\u00eancia de pot\u00eancia eficiente.<\/p>\n<p><strong>Dicas de armazenamento:<\/strong> Quando n\u00e3o estiver em uso, guarde a caixa de c\u00e2mbio em um local seco e coberto para proteg\u00ea-la das esta\u00e7\u00f5es \u00famidas ou chuvosas da Argentina, especialmente em regi\u00f5es como Entre R\u00edos.<\/p>\n<h3>Cronograma de manuten\u00e7\u00e3o<\/h3>\n<table style=\"width: 100%; border-collapse: collapse;\" border=\"1\" cellspacing=\"0\" cellpadding=\"5\">\n<thead>\n<tr>\n<th style=\"text-align: left;\">Tarefa<\/th>\n<th style=\"text-align: left;\">Freq\u00fc\u00eancia<\/th>\n<\/tr>\n<\/thead>\n<tbody>\n<tr>\n<td>Encha com \u00f3leo 80W-90<\/td>\n<td>Antes do primeiro uso<\/td>\n<\/tr>\n<tr>\n<td>Substituir \u00f3leo<\/td>\n<td>Ap\u00f3s 50 horas, depois a cada 500 horas<\/td>\n<\/tr>\n<tr>\n<td>Inspecione se h\u00e1 vazamentos ou danos<\/td>\n<td>Antes de cada utiliza\u00e7\u00e3o<\/td>\n<\/tr>\n<tr>\n<td>Lubrifique o eixo de entrada<\/td>\n<td>A cada 100 horas<\/td>\n<\/tr>\n<\/tbody>\n<\/table>\n<p>Para quest\u00f5es t\u00e9cnicas, como desempenho em diferentes velocidades da tomada de for\u00e7a ou compatibilidade com sem-fins espec\u00edficos, a equipe da TEBSA est\u00e1 pronta para ajudar. O arranjo de engrenagens (1-2) e a rela\u00e7\u00e3o de transmiss\u00e3o 1:1 desta caixa de engrenagens a tornam vers\u00e1til para tarefas agr\u00edcolas padr\u00e3o, mas configura\u00e7\u00f5es personalizadas podem exigir orienta\u00e7\u00e3o especializada.<\/p>\n<h2>Sobre a TEBSA e nossas solu\u00e7\u00f5es agr\u00edcolas<\/h2>\n<p><img loading=\"lazy\" decoding=\"async\" class=\"wp-image-8778 aligncenter\" src=\"https:\/\/agricultural-gear-boxes.com\/wp-content\/uploads\/2025\/04\/vNn7VkQa-0_gearbox-factory2-300x90.webp\" alt=\"f\u00e1brica de caixas de engrenagens\" width=\"500\" height=\"150\" srcset=\"https:\/\/agricultural-gear-boxes.com\/wp-content\/uploads\/2025\/04\/vNn7VkQa-0_gearbox-factory2-300x90.webp 500w, https:\/\/agricultural-gear-boxes.com\/wp-content\/uploads\/2025\/04\/vNn7VkQa-0_gearbox-factory2-480x145.webp 480w\" sizes=\"(min-width: 0px) and (max-width: 480px) 480px, (min-width: 481px) 500px, 100vw\" \/><\/p>\n<p>Desde 1997, a TEBSA \u00e9 uma marca confi\u00e1vel no setor de m\u00e1quinas agr\u00edcolas da Argentina, fornecendo caixas de engrenagens e componentes de alta qualidade com garantia de qualidade 100%. Com sede na Argentina, combinamos expertise global com know-how local, atendendo agricultores e empreiteiros de Buenos Aires a Mendoza. Nossa vantagem de custo 50% em rela\u00e7\u00e3o \u00e0s marcas originais, aliada a uma equipe de engenharia \u00e1gil que responde a perguntas em at\u00e9 24 horas, nos torna um parceiro ideal para solu\u00e7\u00f5es confi\u00e1veis e econ\u00f4micas.<\/p>\n<p>Al\u00e9m da caixa de engrenagens para escavadeira de postes T-278A, a TEBSA oferece uma ampla gama de caixas de engrenagens agr\u00edcolas, incluindo:<br \/>\n&#8211; <strong>Caixas de engrenagens de cortador rotativo:<\/strong> Para corte e gerenciamento de res\u00edduos de colheitas, como nosso modelo RC-61.<br \/>\n&#8211; <strong>Caixas de engrenagens para espalhadores de fertilizantes:<\/strong> Para distribui\u00e7\u00e3o precisa de nutrientes em campos de soja e trigo.<br \/>\n&#8211; <strong>Caixas de engrenagens de escarificador rotativo:<\/strong> Para prepara\u00e7\u00e3o do solo nas diversas terras agr\u00edcolas da Argentina.<br \/>\n&#8211; <strong>Eixos de tomada de for\u00e7a:<\/strong> Para transfer\u00eancia eficiente de pot\u00eancia em tratores e implementos.<\/p>\n<p>Cada produto \u00e9 fabricado com materiais como a\u00e7o-liga ou ferro fundido e processos como forjamento, retifica\u00e7\u00e3o e tratamento t\u00e9rmico para garantir durabilidade. Seja para cercar uma fazenda de gado, plantar um pomar ou instalar sistemas de irriga\u00e7\u00e3o, a TEBSA tem a solu\u00e7\u00e3o certa. <a href=\"https:\/\/agricultural-gear-boxes.com\/pt\/product-category\/gearbox\/\">caixa de velocidades<\/a> para o trabalho. <a href=\"https:\/\/agricultural-gear-boxes.com\/pt\/contact\/\">Contate-nos<\/a> hoje para explorar nossa linha completa ou obter um or\u00e7amento para a caixa de engrenagens da escavadeira de postes T-278A!<\/p>","protected":false},"excerpt":{"rendered":"<p>The T-278A post hole digger gearbox, crafted by TEBSA in Argentina, is a robust and reliable solution for agricultural and landscaping tasks requiring precise, powerful digging. Designed as a direct replacement for the Comer Code T-278A with a 1:1 gear ratio, this gearbox delivers exceptional performance for post hole diggers used in fencing, tree planting, [&hellip;]<\/p>","protected":false},"featured_media":9083,"template":"","meta":{"_et_pb_use_builder":"","_et_pb_old_content":"","_et_gb_content_width":""},"product_brand":[],"product_cat":[11431,10402],"product_tag":[11402,11432],"class_list":{"0":"post-9082","1":"product","2":"type-product","3":"status-publish","4":"has-post-thumbnail","6":"product_cat-post-hole-digger-gearbox","7":"product_cat-agricultural-gearbox","8":"product_tag-agricultural-gearbox","9":"product_tag-post-hole-digger-gearbox","11":"first","12":"instock","13":"shipping-taxable","14":"product-type-simple"},"_links":{"self":[{"href":"https:\/\/agricultural-gear-boxes.com\/pt\/wp-json\/wp\/v2\/product\/9082","targetHints":{"allow":["GET"]}}],"collection":[{"href":"https:\/\/agricultural-gear-boxes.com\/pt\/wp-json\/wp\/v2\/product"}],"about":[{"href":"https:\/\/agricultural-gear-boxes.com\/pt\/wp-json\/wp\/v2\/types\/product"}],"wp:featuredmedia":[{"embeddable":true,"href":"https:\/\/agricultural-gear-boxes.com\/pt\/wp-json\/wp\/v2\/media\/9083"}],"wp:attachment":[{"href":"https:\/\/agricultural-gear-boxes.com\/pt\/wp-json\/wp\/v2\/media?parent=9082"}],"wp:term":[{"taxonomy":"product_brand","embeddable":true,"href":"https:\/\/agricultural-gear-boxes.com\/pt\/wp-json\/wp\/v2\/product_brand?post=9082"},{"taxonomy":"product_cat","embeddable":true,"href":"https:\/\/agricultural-gear-boxes.com\/pt\/wp-json\/wp\/v2\/product_cat?post=9082"},{"taxonomy":"product_tag","embeddable":true,"href":"https:\/\/agricultural-gear-boxes.com\/pt\/wp-json\/wp\/v2\/product_tag?post=9082"}],"curies":[{"name":"wp","href":"https:\/\/api.w.org\/{rel}","templated":true}]}}