{"id":9207,"date":"2025-04-21T08:56:41","date_gmt":"2025-04-21T08:56:41","guid":{"rendered":"https:\/\/agricultural-gear-boxes.com\/?post_type=product&#038;p=9207"},"modified":"2025-04-21T08:56:41","modified_gmt":"2025-04-21T08:56:41","slug":"ep-nrv075-shaft-input-small-worm-gearbox-gear-speed-reducer","status":"publish","type":"product","link":"https:\/\/agricultural-gear-boxes.com\/pt\/product\/ep-nrv075-shaft-input-small-worm-gearbox-gear-speed-reducer\/","title":{"rendered":"EP-NRV075 Caixa de engrenagens de parafuso sem-fim pequeno com entrada de eixo\/redutor de velocidade"},"content":{"rendered":"<p>O Redutor de Rosca Sem-fim com Entrada de Eixo EP-NRV075, oferecido com orgulho pela TEBSA na Argentina, \u00e9 um redutor de velocidade vers\u00e1til e de alto desempenho, projetado para atender \u00e0s demandas de diversos setores. Desde 1997, a TEBSA \u00e9 um fabricante confi\u00e1vel, oferecendo solu\u00e7\u00f5es com garantia de qualidade 100% e uma vantagem de custo 50% em rela\u00e7\u00e3o \u00e0s marcas originais. Este redutor compacto, dur\u00e1vel e eficiente \u00e9 ideal para aplica\u00e7\u00f5es em processamento de alimentos, embalagens, t\u00eaxteis, impress\u00e3o, ind\u00fastria leve, metalurgia, minera\u00e7\u00e3o, constru\u00e7\u00e3o civil, petroqu\u00edmica, prote\u00e7\u00e3o ambiental, equipamentos m\u00e9dicos e sistemas de automa\u00e7\u00e3o. Seja operando nas planta\u00e7\u00f5es de soja de C\u00f3rdoba ou nos polos industriais de Buenos Aires, o EP-NRV075 oferece desempenho confi\u00e1vel e adaptado \u00e0s necessidades \u00fanicas da Argentina.<\/p>\n<p>Constru\u00edda com precis\u00e3o, esta caixa de engrenagens helicoidais combina uma carca\u00e7a leve de liga de alum\u00ednio com engenharia avan\u00e7ada para garantir resist\u00eancia \u00e0 ferrugem, opera\u00e7\u00e3o suave e durabilidade a longo prazo. Seu alto torque e rela\u00e7\u00f5es de transmiss\u00e3o flex\u00edveis a tornam a escolha ideal para empresas que buscam solu\u00e7\u00f5es econ\u00f4micas e de alta efici\u00eancia. <a href=\"https:\/\/agricultural-gear-boxes.com\/pt\/\">TEBSA<\/a>Com a equipe de especialistas da &#039;s respondendo em 24 horas, voc\u00ea conta com o apoio de um parceiro comprometido com seu sucesso.<\/p>\n<h2>Principais caracter\u00edsticas e benef\u00edcios da caixa de engrenagens sem-fim EP-NRV075<\/h2>\n<p><img loading=\"lazy\" decoding=\"async\" class=\"size-full wp-image-9203 aligncenter\" src=\"https:\/\/agricultural-gear-boxes.com\/wp-content\/uploads\/2025\/04\/NRV-Worm-Gearbox-3-300x300-2-e1745222983708.webp\" alt=\"NRV-Worm-Gearbox\" width=\"300\" height=\"300\" \/><\/p>\n<p>O EP-NRV075 se destaca por seu design robusto e vantagens pr\u00e1ticas, tornando-o uma das principais escolhas para ind\u00fastrias na Argentina e no exterior. Veja o que o diferencia:<\/p>\n<ul>\n<li><strong>Materiais Premium:<\/strong> Feita de liga de alum\u00ednio de alta qualidade, a caixa de engrenagens \u00e9 leve, resistente \u00e0 corros\u00e3o e constru\u00edda para suportar ambientes adversos, como os \u00famidos Pampas da Argentina ou locais industriais empoeirados.<\/li>\n<li><strong>Sa\u00edda de alto torque:<\/strong> Oferece torque impressionante (10 N.M a 2210 N.M), garantindo desempenho potente para tarefas exigentes como processamento de alimentos ou produ\u00e7\u00e3o t\u00eaxtil.<\/li>\n<li><strong>Compacto e silencioso:<\/strong> Seu design compacto e opera\u00e7\u00e3o suave e silenciosa o tornam ideal para sistemas de automa\u00e7\u00e3o e espa\u00e7os de trabalho confinados.<\/li>\n<li><strong>Preparado para ambientes adversos:<\/strong> Projetado para opera\u00e7\u00e3o cont\u00ednua em condi\u00e7\u00f5es dif\u00edceis, desde locais de minera\u00e7\u00e3o at\u00e9 plantas petroqu\u00edmicas.<\/li>\n<li><strong>Dissipa\u00e7\u00e3o de calor eficiente:<\/strong> O gerenciamento avan\u00e7ado de calor mant\u00e9m a caixa de engrenagens fria durante uso prolongado, prolongando sua vida \u00fatil.<\/li>\n<li><strong>Baixa manuten\u00e7\u00e3o:<\/strong> Projetado para f\u00e1cil manuten\u00e7\u00e3o com componentes dur\u00e1veis, reduzindo o tempo de inatividade e os custos de reparo.<\/li>\n<li><strong>Instala\u00e7\u00e3o flex\u00edvel:<\/strong> Suporta montagem em \u00e2ngulo total, adaptando-se a diversas configura\u00e7\u00f5es de equipamentos em setores como embalagens ou fabrica\u00e7\u00e3o de dispositivos m\u00e9dicos.<\/li>\n<\/ul>\n<h2>Especifica\u00e7\u00f5es t\u00e9cnicas<\/h2>\n<p>O EP-NRV075 foi projetado para versatilidade e desempenho. Abaixo est\u00e3o seus principais par\u00e2metros t\u00e9cnicos:<\/p>\n<table style=\"width: 55.87%; height: 155px; border-collapse: collapse;\" border=\"1\">\n<tbody>\n<tr>\n<td><strong>Modelo<\/strong><\/td>\n<td>EP-NRV075 Caixa de engrenagens sem-fim<\/td>\n<\/tr>\n<tr>\n<td><strong>Pot\u00eancia de entrada<\/strong><\/td>\n<td>0,37 kW-11 kW<\/td>\n<\/tr>\n<tr>\n<td><strong>Torque de sa\u00edda<\/strong><\/td>\n<td>10N.M-2210N.M<\/td>\n<\/tr>\n<tr>\n<td><strong>Taxa de transmiss\u00e3o<\/strong><\/td>\n<td>7.5-100<\/td>\n<\/tr>\n<\/tbody>\n<\/table>\n<p><img loading=\"lazy\" decoding=\"async\" class=\"size-full wp-image aligncenter\" src=\"https:\/\/hzpt.com\/wp-content\/uploads\/2024\/02\/EP-NRV-dimension.webp\" alt=\"Dimens\u00f5es da caixa de engrenagens sem-fim EP-NRV075 da TEBSA\" width=\"800\" height=\"600\" \/><\/p>\n<h2>Aplica\u00e7\u00f5es e uso industrial<\/h2>\n<p>A caixa de engrenagens sem-fim EP-NRV075 \u00e9 uma m\u00e1quina de trabalho em diversos setores, proporcionando transmiss\u00e3o de pot\u00eancia confi\u00e1vel para uma variedade de equipamentos. Seu tamanho compacto e alta efici\u00eancia a tornam perfeita para ind\u00fastrias na Argentina e no mundo todo. Abaixo, apresentamos as principais aplica\u00e7\u00f5es e seus benef\u00edcios:<\/p>\n<table style=\"width: 100%; border-collapse: collapse;\" border=\"1\">\n<tbody>\n<tr style=\"background-color: #f2f2f2;\">\n<th>Ind\u00fastria<\/th>\n<th>Aplicativo<\/th>\n<th>Benef\u00edcio principal<\/th>\n<\/tr>\n<tr>\n<td><strong>Processamento de alimentos<\/strong><\/td>\n<td>Transportadores, misturadores, m\u00e1quinas de embalagem<\/td>\n<td>Opera\u00e7\u00e3o silenciosa e liga de alum\u00ednio antiferrugem garantem higiene e efici\u00eancia no processamento de soja ou latic\u00ednios.<\/td>\n<\/tr>\n<tr>\n<td><strong>M\u00e1quinas T\u00eaxteis<\/strong><\/td>\n<td>M\u00e1quinas de fiar, teares<\/td>\n<td>Alto torque e transmiss\u00e3o suave garantem opera\u00e7\u00e3o cont\u00ednua nos centros t\u00eaxteis da Argentina.<\/td>\n<\/tr>\n<tr>\n<td><strong>Sistemas de Automa\u00e7\u00e3o<\/strong><\/td>\n<td>Bra\u00e7os rob\u00f3ticos, linhas de montagem<\/td>\n<td>O design compacto se adapta a espa\u00e7os apertados, aumentando a precis\u00e3o no setor de automa\u00e7\u00e3o de Buenos Aires.<\/td>\n<\/tr>\n<tr>\n<td><strong>Minera\u00e7\u00e3o<\/strong><\/td>\n<td>Correias transportadoras, trituradores<\/td>\n<td>Durabilidade em ambientes hostis e empoeirados, como os locais de minera\u00e7\u00e3o da Patag\u00f4nia.<\/td>\n<\/tr>\n<tr>\n<td><strong>Prote\u00e7\u00e3o Ambiental<\/strong><\/td>\n<td>Equipamentos de reciclagem, tratamento de \u00e1gua<\/td>\n<td>O design com efici\u00eancia energ\u00e9tica d\u00e1 suporte a opera\u00e7\u00f5es sustent\u00e1veis nas ind\u00fastrias com foco ecol\u00f3gico da Argentina.<\/td>\n<\/tr>\n<\/tbody>\n<\/table>\n<p>Na Argentina, o EP-NRV075 se destaca em ambientes agr\u00edcolas, impulsionando m\u00e1quinas para a produ\u00e7\u00e3o de soja, trigo e milho em regi\u00f5es como os Pampas. Sua capacidade de opera\u00e7\u00e3o cont\u00ednua atende \u00e0s exigentes rotinas dos agricultores locais. Para usu\u00e1rios industriais em cidades como Ros\u00e1rio ou Mendoza, a f\u00e1cil instala\u00e7\u00e3o e a baixa manuten\u00e7\u00e3o da caixa de engrenagens reduzem os custos operacionais, em linha com a promessa de economia de custos do 50% da TEBSA.<\/p>\n<h3><img loading=\"lazy\" decoding=\"async\" class=\"wp-image-9195 aligncenter\" src=\"https:\/\/agricultural-gear-boxes.com\/wp-content\/uploads\/2025\/04\/7nlJLpq5-ep_ep_Application-of-worm-gearbox-300x206.webp\" alt=\"Aplica\u00e7\u00e3o de caixa de engrenagens sem-fim\" width=\"500\" height=\"343\" srcset=\"https:\/\/agricultural-gear-boxes.com\/wp-content\/uploads\/2025\/04\/7nlJLpq5-ep_ep_Application-of-worm-gearbox-300x206.webp 500w, https:\/\/agricultural-gear-boxes.com\/wp-content\/uploads\/2025\/04\/7nlJLpq5-ep_ep_Application-of-worm-gearbox-480x329.webp 480w\" sizes=\"(min-width: 0px) and (max-width: 480px) 480px, (min-width: 481px) 500px, 100vw\" \/><\/h3>\n<h3>Por que escolher o EP-NRV075 para o seu neg\u00f3cio?<\/h3>\n<p>&#8211; <strong>Versatilidade:<\/strong> Com rela\u00e7\u00f5es de transmiss\u00e3o de 7,5 a 100, ele se adapta a tarefas que v\u00e3o desde impress\u00e3o leve at\u00e9 trabalho metal\u00fargico pesado.<br \/>\n&#8211; <strong>Relev\u00e2ncia local:<\/strong> Projetado para funcionar nos diversos climas da Argentina, desde plan\u00edcies \u00famidas at\u00e9 zonas \u00e1ridas de minera\u00e7\u00e3o.<br \/>\n&#8211; <strong>Acessibilidade online:<\/strong> Pesquise \u201ccomprar pequena caixa de engrenagens sem-fim Argentina\u201d ou \u201cfornecedor de redutor de velocidade de engrenagem sem-fim\u201d para encontrar as ofertas competitivas da TEBSA.<br \/>\n&#8211; <strong>Precis\u00e3o t\u00e9cnica:<\/strong> Recursos como engrenagens cementadas e veda\u00e7\u00f5es de rolos c\u00f4nicos garantem desempenho duradouro.<\/p>\n<h2>Dicas de manuten\u00e7\u00e3o e instala\u00e7\u00e3o<\/h2>\n<p>Para maximizar a vida \u00fatil do EP-NRV075, siga estas etapas pr\u00e1ticas:<\/p>\n<ol>\n<li><strong>Inspe\u00e7\u00f5es regulares:<\/strong> Verifique se h\u00e1 vazamentos de \u00f3leo ou desgaste a cada 3-6 meses, especialmente em ambientes com muita poeira, como minera\u00e7\u00e3o.<\/li>\n<li><strong>Lubrifica\u00e7\u00e3o:<\/strong> Utilize \u00f3leo de alta viscosidade aprovado pelo fabricante e substitua-o conforme o manual para manter uma opera\u00e7\u00e3o suave.<\/li>\n<li><strong>Alinhamento:<\/strong> Garanta o alinhamento correto do eixo durante a instala\u00e7\u00e3o para evitar vibra\u00e7\u00e3o ou danos \u00e0s engrenagens.<\/li>\n<li><strong>Limpeza:<\/strong> Limpe a estrutura de alum\u00ednio para evitar o ac\u00famulo de res\u00edduos, principalmente em ambientes de processamento de alimentos.<\/li>\n<li><strong>Armazenar:<\/strong> Guarde em local seco e coberto quando n\u00e3o estiver em uso para proteger contra as condi\u00e7\u00f5es \u00famidas da Argentina.<\/li>\n<\/ol>\n<p>A TEBSA fornece manuais detalhados e suporte t\u00e9cnico 24 horas para orient\u00e1-lo durante a instala\u00e7\u00e3o e manuten\u00e7\u00e3o, garantindo que seu equipamento funcione sem problemas.<\/p>\n<h2>Sobre a TEBSA e nossa linha de produtos<\/h2>\n<p>Desde 1997, a TEBSA \u00e9 l\u00edder na Argentina, especializada em componentes mec\u00e2nicos de alta qualidade para aplica\u00e7\u00f5es agr\u00edcolas e industriais. Com sede na Argentina, combinamos processos avan\u00e7ados de fabrica\u00e7\u00e3o \u2014 como forjamento, tratamento t\u00e9rmico e usinagem de precis\u00e3o \u2014 com o compromisso com a garantia de qualidade 100%. Nossa vantagem de custo 50% e nossa equipe de engenharia de resposta r\u00e1pida nos tornam um parceiro confi\u00e1vel para empresas nas Am\u00e9ricas.<\/p>\n<p>Al\u00e9m da caixa de engrenagens helicoidais EP-NRV075, a TEBSA oferece uma ampla gama de produtos adaptados \u00e0s suas necessidades:<br \/>\n&#8211; <strong>Caixas de engrenagens agr\u00edcolas:<\/strong> Incluindo caixas de engrenagens de cortadores rotativos, caixas de engrenagens de distribuidores de fertilizantes e caixas de engrenagens de cortadores de martelo para fazendas de soja e trigo da Argentina.<br \/>\n&#8211; <strong>Eixos de tomada de for\u00e7a:<\/strong> Eixos de tomada de for\u00e7a dur\u00e1veis para tratores e implementos, garantindo transfer\u00eancia de pot\u00eancia eficiente.<br \/>\n&#8211; <strong>Cilindros Hidr\u00e1ulicos:<\/strong> Solu\u00e7\u00f5es robustas para equipamentos de constru\u00e7\u00e3o e minera\u00e7\u00e3o.<br \/>\n&#8211; <strong>Rodas dentadas e correntes:<\/strong> Projetado com precis\u00e3o para m\u00e1quinas de embalagem e t\u00eaxteis.<br \/>\n&#8211; <strong>Polias e Acoplamentos:<\/strong> Componentes vers\u00e1teis para automa\u00e7\u00e3o e aplica\u00e7\u00f5es na ind\u00fastria leve.<\/p>\n<p><img loading=\"lazy\" decoding=\"async\" class=\"wp-image-9199 aligncenter\" src=\"https:\/\/agricultural-gear-boxes.com\/wp-content\/uploads\/2025\/04\/worm-gearbox-factory-1-300x212.webp\" alt=\"f\u00e1brica de engrenagens helicoidais\" width=\"500\" height=\"353\" srcset=\"https:\/\/agricultural-gear-boxes.com\/wp-content\/uploads\/2025\/04\/worm-gearbox-factory-1-300x212.webp 500w, https:\/\/agricultural-gear-boxes.com\/wp-content\/uploads\/2025\/04\/worm-gearbox-factory-1-480x339.webp 480w\" sizes=\"(min-width: 0px) and (max-width: 480px) 480px, (min-width: 481px) 500px, 100vw\" \/><\/p>\n<p>Nossos produtos s\u00e3o fabricados com materiais como a\u00e7o-liga, a\u00e7o inoxid\u00e1vel e alum\u00ednio, com processos como cementa\u00e7\u00e3o e eletroforese para maior durabilidade. Seja na ind\u00fastria de Buenos Aires ou na regi\u00e3o rural dos Pampas, a TEBSA oferece solu\u00e7\u00f5es confi\u00e1veis e econ\u00f4micas. Entre em contato conosco hoje mesmo para explorar nosso cat\u00e1logo ou solicitar um or\u00e7amento!<\/p>\n<h2>Contato TEBSA Argentina<\/h2>\n<p>Pronto para atualizar seu equipamento com a caixa de engrenagens sem-fim EP-NRV075? <a href=\"#contacts\">Estenda a m\u00e3o<\/a> \u00e0 equipe da TEBSA na Argentina para aconselhamento especializado e entrega r\u00e1pida. Visite <a href=\"https:\/\/agricultural-gear-boxes.com\/pt\/\">caixas-de-engrenagens-agr\u00edcolas.com<\/a> ou envie-nos um e-mail para receber uma resposta em at\u00e9 24 horas. Deixe a TEBSA impulsionar seu sucesso com qualidade confi\u00e1vel.<\/p>","protected":false},"excerpt":{"rendered":"<p>O Redutor de Rosca Sem-fim com Entrada de Eixo EP-NRV075, oferecido com orgulho pela TEBSA na Argentina, \u00e9 um redutor de velocidade vers\u00e1til e de alto desempenho, projetado para atender \u00e0s demandas de diversos setores. Desde 1997, a TEBSA \u00e9 um fabricante confi\u00e1vel, oferecendo solu\u00e7\u00f5es com garantia de qualidade 100% e uma vantagem de custo 50% em rela\u00e7\u00e3o \u00e0s marcas originais. Este redutor compacto, dur\u00e1vel e eficiente \u00e9 ideal para aplica\u00e7\u00f5es em processamento de alimentos, embalagens, t\u00eaxteis, impress\u00e3o, ind\u00fastria leve, metalurgia, minera\u00e7\u00e3o, constru\u00e7\u00e3o civil, petroqu\u00edmica, prote\u00e7\u00e3o ambiental, equipamentos m\u00e9dicos e sistemas de automa\u00e7\u00e3o. Seja operando nas planta\u00e7\u00f5es de soja de C\u00f3rdoba ou nos polos industriais de Buenos Aires, o EP-NRV075 oferece desempenho confi\u00e1vel e adaptado \u00e0s necessidades \u00fanicas da Argentina.<\/p>\n<p>Constru\u00edda com precis\u00e3o, esta caixa de engrenagens helicoidais combina uma carca\u00e7a leve de liga de alum\u00ednio com engenharia avan\u00e7ada para garantir resist\u00eancia \u00e0 ferrugem, opera\u00e7\u00e3o suave e durabilidade a longo prazo. Seu alto torque e rela\u00e7\u00f5es de transmiss\u00e3o flex\u00edveis a tornam a escolha ideal para empresas que buscam solu\u00e7\u00f5es econ\u00f4micas e de alta efici\u00eancia. <a href=\"https:\/\/agricultural-gear-boxes.com\/pt\/\">TEBSA<\/a>Com a equipe de especialistas da &#039;s respondendo em 24 horas, voc\u00ea conta com o apoio de um parceiro comprometido com seu sucesso.<\/p>","protected":false},"featured_media":9203,"template":"","meta":{"_et_pb_use_builder":"","_et_pb_old_content":"","_et_gb_content_width":""},"product_brand":[],"product_cat":[11442,11281],"product_tag":[11444,11445],"class_list":{"0":"post-9207","1":"product","2":"type-product","3":"status-publish","4":"has-post-thumbnail","6":"product_cat-ep-nrv-shaft-input-small-worm-gearbox","7":"product_cat-worm-gearbox","8":"product_tag-ep-nrv-shaft-input-small-worm-gearbox","9":"product_tag-worm-gearbox","11":"first","12":"instock","13":"shipping-taxable","14":"product-type-simple"},"_links":{"self":[{"href":"https:\/\/agricultural-gear-boxes.com\/pt\/wp-json\/wp\/v2\/product\/9207","targetHints":{"allow":["GET"]}}],"collection":[{"href":"https:\/\/agricultural-gear-boxes.com\/pt\/wp-json\/wp\/v2\/product"}],"about":[{"href":"https:\/\/agricultural-gear-boxes.com\/pt\/wp-json\/wp\/v2\/types\/product"}],"wp:featuredmedia":[{"embeddable":true,"href":"https:\/\/agricultural-gear-boxes.com\/pt\/wp-json\/wp\/v2\/media\/9203"}],"wp:attachment":[{"href":"https:\/\/agricultural-gear-boxes.com\/pt\/wp-json\/wp\/v2\/media?parent=9207"}],"wp:term":[{"taxonomy":"product_brand","embeddable":true,"href":"https:\/\/agricultural-gear-boxes.com\/pt\/wp-json\/wp\/v2\/product_brand?post=9207"},{"taxonomy":"product_cat","embeddable":true,"href":"https:\/\/agricultural-gear-boxes.com\/pt\/wp-json\/wp\/v2\/product_cat?post=9207"},{"taxonomy":"product_tag","embeddable":true,"href":"https:\/\/agricultural-gear-boxes.com\/pt\/wp-json\/wp\/v2\/product_tag?post=9207"}],"curies":[{"name":"wp","href":"https:\/\/api.w.org\/{rel}","templated":true}]}}